{"id":203393,"date":"2022-03-09T08:50:38","date_gmt":"2022-03-09T05:50:38","guid":{"rendered":"https:\/\/royalestate.bg\/zasady-ochrany-osobnych-udajov\/"},"modified":"2026-02-27T15:19:31","modified_gmt":"2026-02-27T12:19:31","slug":"zasady-ochrany-osobnych-udajov","status":"publish","type":"page","link":"https:\/\/royalestate.bg\/sk\/zasady-ochrany-osobnych-udajov\/","title":{"rendered":"Z\u00e1sady ochrany osobn\u00fdch \u00fadajov"},"content":{"rendered":"\n<h3 class=\"wp-block-heading\">Z\u00e1sady ochrany osobn\u00fdch \u00fadajov<\/h3>\n\n<p>Spolo\u010dnos\u0165 Royal Estate BG zaru\u010duje, \u017ee v\u0161etky osobn\u00e9 \u00fadaje zhroma\u017eden\u00e9 v r\u00e1mci jej \u010dinnosti bud\u00fa d\u00f4vern\u00e9, nebud\u00fa pou\u017eit\u00e9 na in\u00e9 \u00fa\u010dely, ne\u017e na ktor\u00e9 boli zhroma\u017eden\u00e9, a nebud\u00fa poskytnut\u00e9 tret\u00edm stran\u00e1m bez s\u00fahlasu ich vlastn\u00edka, s v\u00fdnimkou pr\u00edpadov stanoven\u00fdch z\u00e1konom.<\/p>\n\n<h3 class=\"wp-block-heading\">D\u00f4vern\u00e9 inform\u00e1cie<\/h3>\n\n<p>V s\u00favislosti s v\u00fdkonom svojej hlavnej \u010dinnosti spolo\u010dnos\u0165 Royal Estate BG zhroma\u017e\u010fuje a sprac\u00fava inform\u00e1cie t\u00fdkaj\u00face sa ponuky a dopytu po nehnute\u013enostiach na svojich webov\u00fdch str\u00e1nkach a na tento \u00fa\u010del realitn\u00ed makl\u00e9ri a spr\u00e1vcovia kancel\u00e1ri\u00ed poskytuj\u00fa inform\u00e1cie zaslan\u00e9 osobami, ktor\u00e9 s\u00fa potenci\u00e1lnymi z\u00e1kazn\u00edkmi, do podnikovej datab\u00e1zy. Pri vyh\u013ead\u00e1van\u00ed nehnute\u013enost\u00ed s\u00fa to meno, telef\u00f3n, e-mail, rozpo\u010det (pribli\u017en\u00e1 \u010das\u0165 transakcie), charakteristika h\u013eadanej nehnute\u013enosti. Pri ponuke nehnute\u013enosti s\u00fa to meno, telef\u00f3n, e-mail vlastn\u00edka, adresa nehnute\u013enosti, predajn\u00e1 cena alebo mesa\u010dn\u00fd n\u00e1jom, charakteristika nehnute\u013enosti, a to pod\u013ea firemn\u00fdch po\u017eiadaviek na zasielanie konkr\u00e9tnych inform\u00e1ci\u00ed do datab\u00e1zy. Pri preh\u013ead\u00e1van\u00ed \u017eiadost\u00ed o zamestnanie s\u00fa to: meno, telef\u00f3n, e-mail a \u017eivotopisn\u00e9 \u00fadaje uch\u00e1dza\u010dov.   <\/p>\n\n<h3 class=\"wp-block-heading\">Pou\u017e\u00edvanie zozbieran\u00fdch inform\u00e1ci\u00ed<\/h3>\n\n<p>Agent\u00fara Royal Estate BG pou\u017e\u00edva inform\u00e1cie len na \u00fa\u010dely realiz\u00e1cie svojej \u010dinnosti a vykon\u00e1vania realitn\u00fdch transakci\u00ed na \u017eiados\u0165 pou\u017e\u00edvate\u013eov a klientov a prij\u00edmania nov\u00fdch zamestn\u00e1vate\u013eov.<\/p>\n\n<h3 class=\"wp-block-heading\">Sp\u00f4sob poskytovania inform\u00e1ci\u00ed<\/h3>\n\n<p>Spolo\u010dnos\u0165 Royal Estate BG neposkytuje inform\u00e1cie o osobn\u00fdch \u00fadajoch pou\u017e\u00edvate\u013eov tret\u00edm stran\u00e1m na \u017eiadnom z\u00e1klade, okrem pr\u00edpadov, ke\u010f s t\u00fdm s\u00fahlasia, a pr\u00edpadov stanoven\u00fdch z\u00e1konom.<\/p>\n\n<p>S cie\u013eom umo\u017eni\u0165 realiz\u00e1ciu transakci\u00ed s nehnute\u013enos\u0165ami pou\u017e\u00edvate\u013eom, ktor\u00ed predlo\u017eili ponuku na webov\u00fdch str\u00e1nkach spolo\u010dnosti Royal Estate BG, je spolo\u010dnos\u0165 Royal Estate BG opr\u00e1vnen\u00e1 poskytn\u00fa\u0165 tret\u00edm stran\u00e1m len opis vlastnost\u00ed nehnute\u013enosti, ktor\u00fd podlieha pravidl\u00e1m firemnej praxe spolo\u010dnosti Royal Estate BG a je uveden\u00fd vo verejnej \u010dasti jej datab\u00e1zy v s\u00falade s podmienkami pou\u017e\u00edvania webov\u00fdch str\u00e1nok spolo\u010dnosti Royal Estate BG.<\/p>\n\n<h3 class=\"wp-block-heading\">Konzistentnos\u0165 \u010dinnost\u00ed v oblasti ochrany s\u00fakromia a \u00fadajov<\/h3>\n\n<p>Spolo\u010dnos\u0165 Royal Estate BG sa zav\u00e4zuje, \u017ee v r\u00e1mci svojej \u010dinnosti bude v\u017edy dodr\u017eiava\u0165 a uplat\u0148ova\u0165 opatrenia na ochranu s\u00fakromia a \u00fadajov.<\/p>\n\n<p>Spolo\u010dnos\u0165 Royal Estate BG m\u00e1 pr\u00e1vo zmeni\u0165 svoju koncepciu d\u00f4vernosti s oh\u013eadom na v\u00fdvoj svojich \u010dinnost\u00ed a zmeny, ktor\u00e9 nastan\u00fa vo vz\u0165ahoch s pou\u017e\u00edvate\u013emi.<\/p>\n\n<p>V\u0161etky zmeny podmienok ochrany s\u00fakromia a \u00fadajov sa preto premietnu do tohto dokumentu.<\/p>\n\n<p>\n          <em>Royal Estate BG<\/em>\n        <\/p>\n","protected":false},"excerpt":{"rendered":"<p>Z\u00e1sady ochrany osobn\u00fdch \u00fadajov Spolo\u010dnos\u0165 Royal Estate BG zaru\u010duje, \u017ee v\u0161etky osobn\u00e9 \u00fadaje zhroma\u017eden\u00e9 v r\u00e1mci jej \u010dinnosti bud\u00fa d\u00f4vern\u00e9, nebud\u00fa pou\u017eit\u00e9 na in\u00e9 \u00fa\u010dely, ne\u017e na ktor\u00e9 boli zhroma\u017eden\u00e9, a nebud\u00fa poskytnut\u00e9 tret\u00edm stran\u00e1m bez s\u00fahlasu ich vlastn\u00edka, s v\u00fdnimkou pr\u00edpadov stanoven\u00fdch z\u00e1konom. D\u00f4vern\u00e9 inform\u00e1cie V s\u00favislosti s v\u00fdkonom svojej hlavnej \u010dinnosti spolo\u010dnos\u0165 Royal&#8230;<\/p>\n","protected":false},"author":1,"featured_media":0,"parent":0,"menu_order":239,"comment_status":"closed","ping_status":"open","template":"","meta":{"_acf_changed":false,"footnotes":""},"class_list":["post-203393","page","type-page","status-publish","hentry"],"acf":[],"yoast_head":"<!-- This site is optimized with the Yoast SEO plugin v27.4 - https:\/\/yoast.com\/product\/yoast-seo-wordpress\/ -->\n<title>Z\u00e1sady ochrany osobn\u00fdch \u00fadajov - Real Estate Agency in Sunny Beach<\/title>\n<meta name=\"robots\" content=\"index, follow, max-snippet:-1, max-image-preview:large, max-video-preview:-1\" \/>\n<link rel=\"canonical\" href=\"https:\/\/royalestate.bg\/sk\/zasady-ochrany-osobnych-udajov\/\" \/>\n<meta property=\"og:locale\" content=\"sk_SK\" \/>\n<meta property=\"og:type\" content=\"article\" \/>\n<meta property=\"og:title\" content=\"Z\u00e1sady ochrany osobn\u00fdch \u00fadajov - Real Estate Agency in Sunny Beach\" \/>\n<meta property=\"og:description\" content=\"Z\u00e1sady ochrany osobn\u00fdch \u00fadajov Spolo\u010dnos\u0165 Royal Estate BG zaru\u010duje, \u017ee v\u0161etky osobn\u00e9 \u00fadaje zhroma\u017eden\u00e9 v r\u00e1mci jej \u010dinnosti bud\u00fa d\u00f4vern\u00e9, nebud\u00fa pou\u017eit\u00e9 na in\u00e9 \u00fa\u010dely, ne\u017e na ktor\u00e9 boli zhroma\u017eden\u00e9, a nebud\u00fa poskytnut\u00e9 tret\u00edm stran\u00e1m bez s\u00fahlasu ich vlastn\u00edka, s v\u00fdnimkou pr\u00edpadov stanoven\u00fdch z\u00e1konom. D\u00f4vern\u00e9 inform\u00e1cie V s\u00favislosti s v\u00fdkonom svojej hlavnej \u010dinnosti spolo\u010dnos\u0165 Royal...\" \/>\n<meta property=\"og:url\" content=\"https:\/\/royalestate.bg\/sk\/zasady-ochrany-osobnych-udajov\/\" \/>\n<meta property=\"og:site_name\" content=\"Real Estate Agency in Sunny Beach\" \/>\n<meta property=\"article:modified_time\" content=\"2026-02-27T12:19:31+00:00\" \/>\n<meta name=\"twitter:card\" content=\"summary_large_image\" \/>\n<meta name=\"twitter:label1\" content=\"Predpokladan\u00fd \u010das \u010d\u00edtania\" \/>\n\t<meta name=\"twitter:data1\" content=\"2 min\u00faty\" \/>\n<script type=\"application\/ld+json\" class=\"yoast-schema-graph\">{\"@context\":\"https:\\\/\\\/schema.org\",\"@graph\":[{\"@type\":\"WebPage\",\"@id\":\"https:\\\/\\\/royalestate.bg\\\/sk\\\/zasady-ochrany-osobnych-udajov\\\/\",\"url\":\"https:\\\/\\\/royalestate.bg\\\/sk\\\/zasady-ochrany-osobnych-udajov\\\/\",\"name\":\"Z\u00e1sady ochrany osobn\u00fdch \u00fadajov - Real Estate Agency in Sunny Beach\",\"isPartOf\":{\"@id\":\"https:\\\/\\\/royalestate.bg\\\/sk\\\/#website\"},\"datePublished\":\"2022-03-09T05:50:38+00:00\",\"dateModified\":\"2026-02-27T12:19:31+00:00\",\"breadcrumb\":{\"@id\":\"https:\\\/\\\/royalestate.bg\\\/sk\\\/zasady-ochrany-osobnych-udajov\\\/#breadcrumb\"},\"inLanguage\":\"sk-SK\",\"potentialAction\":[{\"@type\":\"ReadAction\",\"target\":[\"https:\\\/\\\/royalestate.bg\\\/sk\\\/zasady-ochrany-osobnych-udajov\\\/\"]}]},{\"@type\":\"BreadcrumbList\",\"@id\":\"https:\\\/\\\/royalestate.bg\\\/sk\\\/zasady-ochrany-osobnych-udajov\\\/#breadcrumb\",\"itemListElement\":[{\"@type\":\"ListItem\",\"position\":1,\"name\":\"Home\",\"item\":\"https:\\\/\\\/royalestate.bg\\\/sk\\\/\"},{\"@type\":\"ListItem\",\"position\":2,\"name\":\"Z\u00e1sady ochrany osobn\u00fdch \u00fadajov\"}]},{\"@type\":\"WebSite\",\"@id\":\"https:\\\/\\\/royalestate.bg\\\/sk\\\/#website\",\"url\":\"https:\\\/\\\/royalestate.bg\\\/sk\\\/\",\"name\":\"Real Estate Agency in Sunny Beach\",\"description\":\"Apartments and Houses For Sale\",\"publisher\":{\"@id\":\"https:\\\/\\\/royalestate.bg\\\/sk\\\/#organization\"},\"potentialAction\":[{\"@type\":\"SearchAction\",\"target\":{\"@type\":\"EntryPoint\",\"urlTemplate\":\"https:\\\/\\\/royalestate.bg\\\/sk\\\/?s={search_term_string}\"},\"query-input\":{\"@type\":\"PropertyValueSpecification\",\"valueRequired\":true,\"valueName\":\"search_term_string\"}}],\"inLanguage\":\"sk-SK\"},{\"@type\":\"Organization\",\"@id\":\"https:\\\/\\\/royalestate.bg\\\/sk\\\/#organization\",\"name\":\"Real Estate Agency in Sunny Beach\",\"url\":\"https:\\\/\\\/royalestate.bg\\\/sk\\\/\",\"logo\":{\"@type\":\"ImageObject\",\"inLanguage\":\"sk-SK\",\"@id\":\"https:\\\/\\\/royalestate.bg\\\/sk\\\/#\\\/schema\\\/logo\\\/image\\\/\",\"url\":\"https:\\\/\\\/royalestate.bg\\\/wp-content\\\/uploads\\\/properties\\\/logo\\\/logo_royal_estate_bg.png\",\"contentUrl\":\"https:\\\/\\\/royalestate.bg\\\/wp-content\\\/uploads\\\/properties\\\/logo\\\/logo_royal_estate_bg.png\",\"width\":177,\"height\":115,\"caption\":\"Real Estate Agency in Sunny Beach\"},\"image\":{\"@id\":\"https:\\\/\\\/royalestate.bg\\\/sk\\\/#\\\/schema\\\/logo\\\/image\\\/\"}}]}<\/script>\n<!-- \/ Yoast SEO plugin. -->","yoast_head_json":{"title":"Z\u00e1sady ochrany osobn\u00fdch \u00fadajov - Real Estate Agency in Sunny Beach","robots":{"index":"index","follow":"follow","max-snippet":"max-snippet:-1","max-image-preview":"max-image-preview:large","max-video-preview":"max-video-preview:-1"},"canonical":"https:\/\/royalestate.bg\/sk\/zasady-ochrany-osobnych-udajov\/","og_locale":"sk_SK","og_type":"article","og_title":"Z\u00e1sady ochrany osobn\u00fdch \u00fadajov - Real Estate Agency in Sunny Beach","og_description":"Z\u00e1sady ochrany osobn\u00fdch \u00fadajov Spolo\u010dnos\u0165 Royal Estate BG zaru\u010duje, \u017ee v\u0161etky osobn\u00e9 \u00fadaje zhroma\u017eden\u00e9 v r\u00e1mci jej \u010dinnosti bud\u00fa d\u00f4vern\u00e9, nebud\u00fa pou\u017eit\u00e9 na in\u00e9 \u00fa\u010dely, ne\u017e na ktor\u00e9 boli zhroma\u017eden\u00e9, a nebud\u00fa poskytnut\u00e9 tret\u00edm stran\u00e1m bez s\u00fahlasu ich vlastn\u00edka, s v\u00fdnimkou pr\u00edpadov stanoven\u00fdch z\u00e1konom. D\u00f4vern\u00e9 inform\u00e1cie V s\u00favislosti s v\u00fdkonom svojej hlavnej \u010dinnosti spolo\u010dnos\u0165 Royal...","og_url":"https:\/\/royalestate.bg\/sk\/zasady-ochrany-osobnych-udajov\/","og_site_name":"Real Estate Agency in Sunny Beach","article_modified_time":"2026-02-27T12:19:31+00:00","twitter_card":"summary_large_image","twitter_misc":{"Predpokladan\u00fd \u010das \u010d\u00edtania":"2 min\u00faty"},"schema":{"@context":"https:\/\/schema.org","@graph":[{"@type":"WebPage","@id":"https:\/\/royalestate.bg\/sk\/zasady-ochrany-osobnych-udajov\/","url":"https:\/\/royalestate.bg\/sk\/zasady-ochrany-osobnych-udajov\/","name":"Z\u00e1sady ochrany osobn\u00fdch \u00fadajov - Real Estate Agency in Sunny Beach","isPartOf":{"@id":"https:\/\/royalestate.bg\/sk\/#website"},"datePublished":"2022-03-09T05:50:38+00:00","dateModified":"2026-02-27T12:19:31+00:00","breadcrumb":{"@id":"https:\/\/royalestate.bg\/sk\/zasady-ochrany-osobnych-udajov\/#breadcrumb"},"inLanguage":"sk-SK","potentialAction":[{"@type":"ReadAction","target":["https:\/\/royalestate.bg\/sk\/zasady-ochrany-osobnych-udajov\/"]}]},{"@type":"BreadcrumbList","@id":"https:\/\/royalestate.bg\/sk\/zasady-ochrany-osobnych-udajov\/#breadcrumb","itemListElement":[{"@type":"ListItem","position":1,"name":"Home","item":"https:\/\/royalestate.bg\/sk\/"},{"@type":"ListItem","position":2,"name":"Z\u00e1sady ochrany osobn\u00fdch \u00fadajov"}]},{"@type":"WebSite","@id":"https:\/\/royalestate.bg\/sk\/#website","url":"https:\/\/royalestate.bg\/sk\/","name":"Real Estate Agency in Sunny Beach","description":"Apartments and Houses For Sale","publisher":{"@id":"https:\/\/royalestate.bg\/sk\/#organization"},"potentialAction":[{"@type":"SearchAction","target":{"@type":"EntryPoint","urlTemplate":"https:\/\/royalestate.bg\/sk\/?s={search_term_string}"},"query-input":{"@type":"PropertyValueSpecification","valueRequired":true,"valueName":"search_term_string"}}],"inLanguage":"sk-SK"},{"@type":"Organization","@id":"https:\/\/royalestate.bg\/sk\/#organization","name":"Real Estate Agency in Sunny Beach","url":"https:\/\/royalestate.bg\/sk\/","logo":{"@type":"ImageObject","inLanguage":"sk-SK","@id":"https:\/\/royalestate.bg\/sk\/#\/schema\/logo\/image\/","url":"https:\/\/royalestate.bg\/wp-content\/uploads\/properties\/logo\/logo_royal_estate_bg.png","contentUrl":"https:\/\/royalestate.bg\/wp-content\/uploads\/properties\/logo\/logo_royal_estate_bg.png","width":177,"height":115,"caption":"Real Estate Agency in Sunny Beach"},"image":{"@id":"https:\/\/royalestate.bg\/sk\/#\/schema\/logo\/image\/"}}]}},"_links":{"self":[{"href":"https:\/\/royalestate.bg\/sk\/wp-json\/wp\/v2\/pages\/203393","targetHints":{"allow":["GET"]}}],"collection":[{"href":"https:\/\/royalestate.bg\/sk\/wp-json\/wp\/v2\/pages"}],"about":[{"href":"https:\/\/royalestate.bg\/sk\/wp-json\/wp\/v2\/types\/page"}],"author":[{"embeddable":true,"href":"https:\/\/royalestate.bg\/sk\/wp-json\/wp\/v2\/users\/1"}],"replies":[{"embeddable":true,"href":"https:\/\/royalestate.bg\/sk\/wp-json\/wp\/v2\/comments?post=203393"}],"version-history":[{"count":1,"href":"https:\/\/royalestate.bg\/sk\/wp-json\/wp\/v2\/pages\/203393\/revisions"}],"predecessor-version":[{"id":203394,"href":"https:\/\/royalestate.bg\/sk\/wp-json\/wp\/v2\/pages\/203393\/revisions\/203394"}],"wp:attachment":[{"href":"https:\/\/royalestate.bg\/sk\/wp-json\/wp\/v2\/media?parent=203393"}],"curies":[{"name":"wp","href":"https:\/\/api.w.org\/{rel}","templated":true}]}}