{"id":203329,"date":"2017-06-25T13:45:01","date_gmt":"2017-06-25T10:45:01","guid":{"rendered":"https:\/\/royalestate.bg\/vlastnictvo\/"},"modified":"2026-03-13T15:44:36","modified_gmt":"2026-03-13T12:44:36","slug":"nehnutelnosti-v-bulharsku-na-predaj","status":"publish","type":"page","link":"https:\/\/royalestate.bg\/sk\/nehnutelnosti-v-bulharsku-na-predaj\/","title":{"rendered":"Nehnute\u013enosti"},"content":{"rendered":"","protected":false},"excerpt":{"rendered":"","protected":false},"author":1,"featured_media":0,"parent":0,"menu_order":222,"comment_status":"open","ping_status":"closed","template":"templates\/properties.php","meta":{"_acf_changed":false,"content-type":"","footnotes":""},"class_list":["post-203329","page","type-page","status-publish","hentry"],"acf":[],"yoast_head":"<!-- This site is optimized with the Yoast SEO plugin v27.5 - https:\/\/yoast.com\/product\/yoast-seo-wordpress\/ -->\n<title>Apartm\u00e1ny, \u0161t\u00fadi\u00e1 a domy pri mori v Bulharsku na predaj<\/title>\n<meta name=\"description\" content=\"Nehnute\u013enosti v Bulharsku na predaj. Objavte apartm\u00e1ny, \u0161t\u00fadi\u00e1 a domy pri mori na Slne\u010dnom pobre\u017e\u00ed s Royal Estate.\" \/>\n<meta name=\"robots\" content=\"index, follow, max-snippet:-1, max-image-preview:large, max-video-preview:-1\" \/>\n<link rel=\"canonical\" href=\"https:\/\/royalestate.bg\/sk\/nehnutelnosti-v-bulharsku-na-predaj\/\" \/>\n<meta property=\"og:locale\" content=\"sk_SK\" \/>\n<meta property=\"og:type\" content=\"article\" \/>\n<meta property=\"og:title\" content=\"Apartm\u00e1ny, \u0161t\u00fadi\u00e1 a domy pri mori v Bulharsku na predaj\" \/>\n<meta property=\"og:description\" content=\"Nehnute\u013enosti v Bulharsku na predaj. Objavte apartm\u00e1ny, \u0161t\u00fadi\u00e1 a domy pri mori na Slne\u010dnom pobre\u017e\u00ed s Royal Estate.\" \/>\n<meta property=\"og:url\" content=\"https:\/\/royalestate.bg\/sk\/nehnutelnosti-v-bulharsku-na-predaj\/\" \/>\n<meta property=\"og:site_name\" content=\"Real Estate Agency in Sunny Beach\" \/>\n<meta property=\"article:modified_time\" content=\"2026-03-13T12:44:36+00:00\" \/>\n<meta name=\"twitter:card\" content=\"summary_large_image\" \/>\n<script type=\"application\/ld+json\" class=\"yoast-schema-graph\">{\"@context\":\"https:\\\/\\\/schema.org\",\"@graph\":[{\"@type\":\"WebPage\",\"@id\":\"https:\\\/\\\/royalestate.bg\\\/sk\\\/nehnutelnosti-v-bulharsku-na-predaj\\\/\",\"url\":\"https:\\\/\\\/royalestate.bg\\\/sk\\\/nehnutelnosti-v-bulharsku-na-predaj\\\/\",\"name\":\"Apartm\u00e1ny, \u0161t\u00fadi\u00e1 a domy pri mori v Bulharsku na predaj\",\"isPartOf\":{\"@id\":\"https:\\\/\\\/royalestate.bg\\\/sk\\\/#website\"},\"datePublished\":\"2017-06-25T10:45:01+00:00\",\"dateModified\":\"2026-03-13T12:44:36+00:00\",\"description\":\"Nehnute\u013enosti v Bulharsku na predaj. Objavte apartm\u00e1ny, \u0161t\u00fadi\u00e1 a domy pri mori na Slne\u010dnom pobre\u017e\u00ed s Royal Estate.\",\"breadcrumb\":{\"@id\":\"https:\\\/\\\/royalestate.bg\\\/sk\\\/nehnutelnosti-v-bulharsku-na-predaj\\\/#breadcrumb\"},\"inLanguage\":\"sk-SK\",\"potentialAction\":[{\"@type\":\"ReadAction\",\"target\":[\"https:\\\/\\\/royalestate.bg\\\/sk\\\/nehnutelnosti-v-bulharsku-na-predaj\\\/\"]}]},{\"@type\":\"BreadcrumbList\",\"@id\":\"https:\\\/\\\/royalestate.bg\\\/sk\\\/nehnutelnosti-v-bulharsku-na-predaj\\\/#breadcrumb\",\"itemListElement\":[{\"@type\":\"ListItem\",\"position\":1,\"name\":\"Home\",\"item\":\"https:\\\/\\\/royalestate.bg\\\/sk\\\/\"},{\"@type\":\"ListItem\",\"position\":2,\"name\":\"Nehnute\u013enosti\"}]},{\"@type\":\"WebSite\",\"@id\":\"https:\\\/\\\/royalestate.bg\\\/sk\\\/#website\",\"url\":\"https:\\\/\\\/royalestate.bg\\\/sk\\\/\",\"name\":\"Real Estate Agency in Sunny Beach\",\"description\":\"Apartments and Houses For Sale\",\"publisher\":{\"@id\":\"https:\\\/\\\/royalestate.bg\\\/sk\\\/#organization\"},\"potentialAction\":[{\"@type\":\"SearchAction\",\"target\":{\"@type\":\"EntryPoint\",\"urlTemplate\":\"https:\\\/\\\/royalestate.bg\\\/sk\\\/?s={search_term_string}\"},\"query-input\":{\"@type\":\"PropertyValueSpecification\",\"valueRequired\":true,\"valueName\":\"search_term_string\"}}],\"inLanguage\":\"sk-SK\"},{\"@type\":\"Organization\",\"@id\":\"https:\\\/\\\/royalestate.bg\\\/sk\\\/#organization\",\"name\":\"Real Estate Agency in Sunny Beach\",\"url\":\"https:\\\/\\\/royalestate.bg\\\/sk\\\/\",\"logo\":{\"@type\":\"ImageObject\",\"inLanguage\":\"sk-SK\",\"@id\":\"https:\\\/\\\/royalestate.bg\\\/sk\\\/#\\\/schema\\\/logo\\\/image\\\/\",\"url\":\"https:\\\/\\\/royalestate.bg\\\/wp-content\\\/uploads\\\/properties\\\/logo\\\/logo_royal_estate_bg.png\",\"contentUrl\":\"https:\\\/\\\/royalestate.bg\\\/wp-content\\\/uploads\\\/properties\\\/logo\\\/logo_royal_estate_bg.png\",\"width\":177,\"height\":115,\"caption\":\"Real Estate Agency in Sunny Beach\"},\"image\":{\"@id\":\"https:\\\/\\\/royalestate.bg\\\/sk\\\/#\\\/schema\\\/logo\\\/image\\\/\"}}]}<\/script>\n<!-- \/ Yoast SEO plugin. -->","yoast_head_json":{"title":"Apartm\u00e1ny, \u0161t\u00fadi\u00e1 a domy pri mori v Bulharsku na predaj","description":"Nehnute\u013enosti v Bulharsku na predaj. Objavte apartm\u00e1ny, \u0161t\u00fadi\u00e1 a domy pri mori na Slne\u010dnom pobre\u017e\u00ed s Royal Estate.","robots":{"index":"index","follow":"follow","max-snippet":"max-snippet:-1","max-image-preview":"max-image-preview:large","max-video-preview":"max-video-preview:-1"},"canonical":"https:\/\/royalestate.bg\/sk\/nehnutelnosti-v-bulharsku-na-predaj\/","og_locale":"sk_SK","og_type":"article","og_title":"Apartm\u00e1ny, \u0161t\u00fadi\u00e1 a domy pri mori v Bulharsku na predaj","og_description":"Nehnute\u013enosti v Bulharsku na predaj. Objavte apartm\u00e1ny, \u0161t\u00fadi\u00e1 a domy pri mori na Slne\u010dnom pobre\u017e\u00ed s Royal Estate.","og_url":"https:\/\/royalestate.bg\/sk\/nehnutelnosti-v-bulharsku-na-predaj\/","og_site_name":"Real Estate Agency in Sunny Beach","article_modified_time":"2026-03-13T12:44:36+00:00","twitter_card":"summary_large_image","schema":{"@context":"https:\/\/schema.org","@graph":[{"@type":"WebPage","@id":"https:\/\/royalestate.bg\/sk\/nehnutelnosti-v-bulharsku-na-predaj\/","url":"https:\/\/royalestate.bg\/sk\/nehnutelnosti-v-bulharsku-na-predaj\/","name":"Apartm\u00e1ny, \u0161t\u00fadi\u00e1 a domy pri mori v Bulharsku na predaj","isPartOf":{"@id":"https:\/\/royalestate.bg\/sk\/#website"},"datePublished":"2017-06-25T10:45:01+00:00","dateModified":"2026-03-13T12:44:36+00:00","description":"Nehnute\u013enosti v Bulharsku na predaj. Objavte apartm\u00e1ny, \u0161t\u00fadi\u00e1 a domy pri mori na Slne\u010dnom pobre\u017e\u00ed s Royal Estate.","breadcrumb":{"@id":"https:\/\/royalestate.bg\/sk\/nehnutelnosti-v-bulharsku-na-predaj\/#breadcrumb"},"inLanguage":"sk-SK","potentialAction":[{"@type":"ReadAction","target":["https:\/\/royalestate.bg\/sk\/nehnutelnosti-v-bulharsku-na-predaj\/"]}]},{"@type":"BreadcrumbList","@id":"https:\/\/royalestate.bg\/sk\/nehnutelnosti-v-bulharsku-na-predaj\/#breadcrumb","itemListElement":[{"@type":"ListItem","position":1,"name":"Home","item":"https:\/\/royalestate.bg\/sk\/"},{"@type":"ListItem","position":2,"name":"Nehnute\u013enosti"}]},{"@type":"WebSite","@id":"https:\/\/royalestate.bg\/sk\/#website","url":"https:\/\/royalestate.bg\/sk\/","name":"Real Estate Agency in Sunny Beach","description":"Apartments and Houses For Sale","publisher":{"@id":"https:\/\/royalestate.bg\/sk\/#organization"},"potentialAction":[{"@type":"SearchAction","target":{"@type":"EntryPoint","urlTemplate":"https:\/\/royalestate.bg\/sk\/?s={search_term_string}"},"query-input":{"@type":"PropertyValueSpecification","valueRequired":true,"valueName":"search_term_string"}}],"inLanguage":"sk-SK"},{"@type":"Organization","@id":"https:\/\/royalestate.bg\/sk\/#organization","name":"Real Estate Agency in Sunny Beach","url":"https:\/\/royalestate.bg\/sk\/","logo":{"@type":"ImageObject","inLanguage":"sk-SK","@id":"https:\/\/royalestate.bg\/sk\/#\/schema\/logo\/image\/","url":"https:\/\/royalestate.bg\/wp-content\/uploads\/properties\/logo\/logo_royal_estate_bg.png","contentUrl":"https:\/\/royalestate.bg\/wp-content\/uploads\/properties\/logo\/logo_royal_estate_bg.png","width":177,"height":115,"caption":"Real Estate Agency in Sunny Beach"},"image":{"@id":"https:\/\/royalestate.bg\/sk\/#\/schema\/logo\/image\/"}}]}},"_links":{"self":[{"href":"https:\/\/royalestate.bg\/sk\/wp-json\/wp\/v2\/pages\/203329","targetHints":{"allow":["GET"]}}],"collection":[{"href":"https:\/\/royalestate.bg\/sk\/wp-json\/wp\/v2\/pages"}],"about":[{"href":"https:\/\/royalestate.bg\/sk\/wp-json\/wp\/v2\/types\/page"}],"author":[{"embeddable":true,"href":"https:\/\/royalestate.bg\/sk\/wp-json\/wp\/v2\/users\/1"}],"replies":[{"embeddable":true,"href":"https:\/\/royalestate.bg\/sk\/wp-json\/wp\/v2\/comments?post=203329"}],"version-history":[{"count":2,"href":"https:\/\/royalestate.bg\/sk\/wp-json\/wp\/v2\/pages\/203329\/revisions"}],"predecessor-version":[{"id":208654,"href":"https:\/\/royalestate.bg\/sk\/wp-json\/wp\/v2\/pages\/203329\/revisions\/208654"}],"wp:attachment":[{"href":"https:\/\/royalestate.bg\/sk\/wp-json\/wp\/v2\/media?parent=203329"}],"curies":[{"name":"wp","href":"https:\/\/api.w.org\/{rel}","templated":true}]}}