{"id":203220,"date":"2022-05-16T17:32:39","date_gmt":"2022-05-16T14:32:39","guid":{"rendered":"https:\/\/royalestate.bg\/o-bulharsku\/"},"modified":"2026-02-27T13:30:15","modified_gmt":"2026-02-27T10:30:15","slug":"o-bulharsku","status":"publish","type":"page","link":"https:\/\/royalestate.bg\/sk\/o-bulharsku\/","title":{"rendered":"O Bulharsku"},"content":{"rendered":"\n<p>Ak ste britsk\u00fd alebo \u00edrsky majite\u013e nehnute\u013enosti, ktor\u00fd chce preda\u0165 nehnute\u013enos\u0165 v Bulharsku, potrebujete viac ne\u017e len agenta &#8211; potrebujete d\u00f4veryhodn\u00e9ho miestneho partnera, ktor\u00fd rozumie bulharsk\u00e9mu trhu aj obav\u00e1m zahrani\u010dn\u00fdch predajcov.<\/p>\n\n<p>V spolo\u010dnosti Royal Estate Bulgaria sa \u0161pecializujeme na pomoc majite\u013eom z Ve\u013ekej Brit\u00e1nie a \u00cdrska pri \u00faspe\u0161nom predaji apartm\u00e1nov, rekrea\u010dn\u00fdch domov, domov a investi\u010dn\u00fdch nehnute\u013enost\u00ed na bulharskom pobre\u017e\u00ed \u010cierneho mora. Cel\u00fd proces od presn\u00e9ho stanovenia ceny a\u017e po kone\u010dn\u00fa platbu riadime na mieste &#8211; profesion\u00e1lne, bezpe\u010dne a efekt\u00edvne. <\/p>\n\n<p>Bez oh\u013eadu na to, \u010di sa va\u0161a nehnute\u013enos\u0165 nach\u00e1dza na Slne\u010dnom pobre\u017e\u00ed, v Sv\u00e4tom Vlase, Nesebare, Ravde, Pomor\u00ed, Ko\u0161arisk\u00e1ch alebo v okolit\u00fdch oblastiach, sme tu, aby sme v\u00e1m pomohli s d\u00f4verou preda\u0165.<\/p>\n\n<h2 class=\"wp-block-heading\">Pre\u010do sa britsk\u00ed a \u00edrski majitelia rozhodli preda\u0165 nehnute\u013enos\u0165 v Bulharsku<\/h2>\n\n<p>V uplynulom desa\u0165ro\u010d\u00ed investovalo do bulharsk\u00fdch nehnute\u013enost\u00ed &#8211; najm\u00e4 na pobre\u017e\u00ed &#8211; mnoho kupuj\u00facich zo Spojen\u00e9ho kr\u00e1\u013eovstva a \u00cdrska. Dnes mnoh\u00ed majitelia zva\u017euj\u00fa predaj z praktick\u00fdch alebo finan\u010dn\u00fdch d\u00f4vodov: <\/p>\n\n<p>&#8211; Nehnute\u013enos\u0165 u\u017e nevyu\u017e\u00edvate<br\/>&#8211; Spr\u00e1va pren\u00e1jmu sa stala n\u00e1ro\u010dnou<br\/>&#8211; Chcete uvo\u013eni\u0165 kapit\u00e1l<br\/>&#8211; Re\u0161trukturalizujete svoje invest\u00edcie<br\/>&#8211; Zmenili sa rodinn\u00e9 pomery<br\/>&#8211; Zmenili sa cestovn\u00e9 zvyklosti<\/p>\n\n<p>Ak v\u00e1m to znie povedome, mo\u017eno je teraz ten spr\u00e1vny \u010das na predaj nehnute\u013enost\u00ed v Bulharsku, k\u00fdm je medzin\u00e1rodn\u00fd dopyt siln\u00fd.<\/p>\n\n<h2 class=\"wp-block-heading\">Bulharsk\u00fd trh s nehnute\u013enos\u0165ami &#8211; pre\u010do je teraz vhodn\u00fd \u010das na predaj<\/h2>\n\n<p>Bulharsk\u00fd trh s nehnute\u013enos\u0165ami na pobre\u017e\u00ed \u010cierneho mora na\u010falej pri\u0165ahuje medzin\u00e1rodn\u00fdch kupuj\u00facich. Dopyt poch\u00e1dza z: <\/p>\n\n<p>&#8211; Po\u013esko (kupuj\u00faci na dovolenky a invest\u00edcie do pren\u00e1jmu)<br\/>&#8211; \u010cesk\u00e1 republika a Slovensko (kupuj\u00faci na dovolenky a invest\u00edcie)<br\/>&#8211; Nemecko (kupuj\u00faci zameran\u00ed na invest\u00edcie)<br\/>&#8211; Izrael (kupuj\u00faci na dovolenky a invest\u00edcie)<br\/>&#8211; Bulharsko (letn\u00e9 dovolenkov\u00e9 domy)<br\/>&#8211; Ukrajina (kupuj\u00faci, ktor\u00ed sa pres\u0165ahuj\u00fa natrvalo)<\/p>\n\n<p>Tento stabiln\u00fd dopyt vytv\u00e1ra pre pred\u00e1vaj\u00facich skuto\u010dn\u00e9 pr\u00edle\u017eitosti, najm\u00e4 ak je nehnute\u013enos\u0165 spr\u00e1vne ocenen\u00e1 a pred\u00e1van\u00e1 na medzin\u00e1rodnom trhu.<\/p>\n\n<p>Dobre prezentovan\u00e9 apartm\u00e1ny na Slne\u010dnom pobre\u017e\u00ed, v letovisk\u00e1ch Sveti Vlas a Nesebar sa na\u010falej pred\u00e1vaj\u00fa za v\u00fdhodn\u00e9 ceny &#8211; najm\u00e4 \u0161t\u00fadi\u00e1 a jednoizbov\u00e9 rekrea\u010dn\u00e9 nehnute\u013enosti.<\/p>\n\n<p>Hlavn\u00fd rozdiel medzi nehnute\u013enos\u0165ou, ktor\u00e1 sa pred\u00e1va, a nehnute\u013enos\u0165ou, ktor\u00e1 zost\u00e1va na trhu? Spr\u00e1vna cena a profesion\u00e1lny marketing. <\/p>\n\n<h2 class=\"wp-block-heading\">V \u010dom je predaj ako zahrani\u010dn\u00fd vlastn\u00edk odli\u0161n\u00fd?<\/h2>\n\n<p>Predaj nehnute\u013enosti v Bulharsku ako cudzinec si vy\u017eaduje miestnu koordin\u00e1ciu. Mnoho britsk\u00fdch a \u00edrskych vlastn\u00edkov: <\/p>\n\n<p>&#8211; \u017dij\u00fa mimo Bulharska<br\/>&#8211; Nem\u00f4\u017eu \u013eahko cestova\u0165<br\/>&#8211; Nie s\u00fa si ist\u00ed dokument\u00e1ciou<br\/>&#8211; Ob\u00e1vaj\u00fa sa pr\u00e1vnych postupov<br\/>&#8211; Nepoznaj\u00fa aktu\u00e1lnu trhov\u00fa hodnotu<\/p>\n\n<p>Pr\u00e1ve v tomto pr\u00edpade vstupuje do hry spolo\u010dnos\u0165 Royal Estate Bulgaria.<\/p>\n\n<p>Proces vybavujeme na mieste, tak\u017ee ho nemus\u00edte vybavova\u0165 zo zahrani\u010dia.<\/p>\n\n<h2 class=\"wp-block-heading\">Pre\u010do pracova\u0165 s Royal Estate Bulgaria<\/h2>\n\n<p>Ak si vyberiete Royal Estate Bulgaria, budete pracova\u0165 s t\u00edmom, ktor\u00fd rozumie obom stran\u00e1m transakcie &#8211; miestnemu trhu aj zahrani\u010dn\u00e9mu pred\u00e1vaj\u00facemu.<\/p>\n\n<p>Tu je to, \u010do n\u00e1s odli\u0161uje:<\/p>\n\n<h3 class=\"wp-block-heading\">Presn\u00e9 ocenenie trhu<\/h3>\n\n<p>Predra\u017eovanie je hlavn\u00fdm d\u00f4vodom ne\u00faspe\u0161n\u00e9ho predaja nehnute\u013enost\u00ed.<\/p>\n\n<p>Poskytujeme realistick\u00e9 cenov\u00e9 strat\u00e9gie zalo\u017een\u00e9 na \u00fadajoch:<\/p>\n\n<p>&#8211; Aktu\u00e1lny dopyt<br\/>&#8211; Porovnate\u013en\u00e9 predan\u00e9 nehnute\u013enosti<br\/>&#8211; Trendy kupuj\u00facich<br\/>&#8211; Stav nehnute\u013enosti<br\/>&#8211; \u017diadanos\u0165 lokality<\/p>\n\n<p><em><a href=\"https:\/\/royalestate.bg\/sk\/predaj-nehnutelnosti\/\">Vy\u017eiadajte si bezplatn\u00e9 online ocenenie nehnute\u013enosti od spolo\u010dnosti Royal Estate Bulgaria!<\/a><\/em><\/p>\n\n<h3 class=\"wp-block-heading\">Cielen\u00fd medzin\u00e1rodn\u00fd marketing<\/h3>\n\n<p>Va\u0161u nehnute\u013enos\u0165 nezverej\u0148ujeme len na miestnej \u00farovni.<\/p>\n\n<p>Pred\u00e1vame naprie\u010d:<\/p>\n\n<p>&#8211; Medzin\u00e1rodn\u00e9 siete kupuj\u00facich<br\/>&#8211; V\u00fdchodoeur\u00f3pske trhy<br\/>&#8211; Izraelsk\u00ed investori<br\/>&#8211; Bulharsk\u00ed kupuj\u00faci na dovolenke<\/p>\n\n<p>Toto vystavenie v\u00fdrazne zvy\u0161uje \u0161ance na \u00faspe\u0161n\u00fd predaj.<\/p>\n\n<h3 class=\"wp-block-heading\">\u00dapln\u00e9 riadenie procesov<\/h3>\n\n<p>Pri predaji s nami si nemus\u00edte naj\u00edma\u0165 samostatn\u00fdch pr\u00e1vnikov.<\/p>\n\n<p>Spolupracujeme len s osved\u010den\u00fdmi pr\u00e1vnymi expertmi a koordinujeme:<\/p>\n\n<p>&#8211; Pr\u00edprava dokumentov<br\/>&#8211; Kontrola vlastn\u00edckych pr\u00e1v<br\/>&#8211; Menovanie not\u00e1ra<br\/>&#8211; Spracovanie platieb<br\/>&#8211; Kone\u010dn\u00fd prevod vlastn\u00edctva<\/p>\n\n<p>V\u0161etko je spravovan\u00e9 bezpe\u010dne a transparentne.<\/p>\n\n<h3 class=\"wp-block-heading\">Sk\u00fasenosti s britsk\u00fdmi a \u00edrskymi predajcami<\/h3>\n\n<p>Ch\u00e1peme:<\/p>\n\n<p>&#8211; Da\u0148ov\u00e9 ot\u00e1zky v Spojenom kr\u00e1\u013eovstve a \u00cdrsku<br\/>&#8211; Postupy predaja na dia\u013eku<br\/>&#8211; Mo\u017enosti splnomocnenia<br\/>&#8211; O\u010dak\u00e1vania v oblasti komunik\u00e1cie<\/p>\n\n<p>Krok za krokom v\u00e1s prevedieme zrozumite\u013enou angli\u010dtinou &#8211; bez zm\u00e4tkov.<\/p>\n\n<h2 class=\"wp-block-heading\">Be\u017en\u00e9 chyby zahrani\u010dn\u00fdch predajcov<\/h2>\n\n<p>Ak sa sna\u017e\u00edte preda\u0165 byt v Bulharsku bez n\u00e1le\u017eitej miestnej podpory, tieto chyby v\u00e1s m\u00f4\u017eu st\u00e1\u0165 \u010das a peniaze:<\/p>\n\n<h3 class=\"wp-block-heading\">1. Predra\u017eenie nehnute\u013enosti<\/h3>\n\n<p>Mnoh\u00ed majitelia uv\u00e1dzaj\u00fa zoznam na z\u00e1klade emocion\u00e1lnej hodnoty alebo star\u00fdch n\u00e1kupn\u00fdch cien. Trh sa zmenil &#8211; a ceny musia odr\u00e1\u017ea\u0165 s\u00fa\u010dasn\u00fd dopyt. <\/p>\n\n<h3 class=\"wp-block-heading\">2. Pou\u017e\u00edvanie nelok\u00e1lnych alebo neakt\u00edvnych l\u00e1tok<\/h3>\n\n<p>Agent mimo oblasti va\u0161ej nehnute\u013enosti nem\u00f4\u017ee spr\u00e1vne riadi\u0165 prehliadky alebo komunik\u00e1ciu s kupuj\u00facim.<\/p>\n\n<h3 class=\"wp-block-heading\">3. Zl\u00e1 prezent\u00e1cia<\/h3>\n\n<p>Nekvalitn\u00e9 fotografie, nepreh\u013eadn\u00fd interi\u00e9r alebo nedostato\u010dn\u00e1 pr\u00edprava m\u00f4\u017eu okam\u017eite zn\u00ed\u017ei\u0165 z\u00e1ujem kupuj\u00facich.<\/p>\n\n<h3 class=\"wp-block-heading\">4. Obmedzen\u00e1 marketingov\u00e1 expoz\u00edcia<\/h3>\n\n<p>Samotn\u00e9 uvedenie na jednej webovej str\u00e1nke nesta\u010d\u00ed. Medzin\u00e1rodn\u00fd dopyt si vy\u017eaduje akt\u00edvnu propag\u00e1ciu. <\/p>\n\n<h3 class=\"wp-block-heading\">5. Nespr\u00e1vna alebo ch\u00fdbaj\u00faca dokument\u00e1cia<\/h3>\n\n<p>Listy vlastn\u00edctva, da\u0148ov\u00e9 priznania, v\u00fdkazy poplatkov za \u00fadr\u017ebu &#8211; tie musia by\u0165 pred uveden\u00edm na trh riadne pripraven\u00e9.<\/p>\n\n<p>Ak sa vyhnete t\u00fdmto chyb\u00e1m, m\u00f4\u017eete v\u00fdrazne skr\u00e1ti\u0165 \u010das predaja.<\/p>\n\n<h2 class=\"wp-block-heading\">Pr\u00e1vny proces predaja nehnute\u013enosti v Bulharsku<\/h2>\n\n<p>Predaj nehnute\u013enost\u00ed v Bulharsku je pri spr\u00e1vnom postupe jednoduch\u00fd.<\/p>\n\n<p>Tu je zjednodu\u0161en\u00fd preh\u013ead:<\/p>\n\n<h3 class=\"wp-block-heading\">1. Overenie vlastn\u00edctva<\/h3>\n\n<p>Mus\u00edte poskytn\u00fa\u0165:<\/p>\n\n<p>&#8211; List vlastn\u00edctva (not\u00e1rsky z\u00e1pis)<br\/>&#8211; Potvrdenie o vyruben\u00ed dane<br\/>&#8211; Doklad o nezaplaten\u00ed miestnych dan\u00ed<br\/>&#8211; Potvrdenie o zaplaten\u00ed udr\u017eiavacieho poplatku (ak sa uplat\u0148uje)<\/p>\n\n<h3 class=\"wp-block-heading\">2. Pln\u00e1 moc (nepovinn\u00e9)<\/h3>\n\n<p>Ak nem\u00f4\u017eete vycestova\u0165 do Bulharska, m\u00f4\u017eete vystavi\u0165 not\u00e1rsky overen\u00fa pln\u00fa moc v Spojenom kr\u00e1\u013eovstve alebo \u00cdrsku. T\u00fdmto procesom v\u00e1s prevedieme krok za krokom. <\/p>\n\n<h3 class=\"wp-block-heading\">3. Zmluva o predaji a vymenovanie not\u00e1ra<\/h3>\n\n<p>Kone\u010dn\u00fd predaj sa uskuto\u010dn\u00ed pred bulharsk\u00fdm not\u00e1rom. Kupuj\u00faci zaplat\u00ed dohodnut\u00fa sumu a vlastn\u00edctvo sa ofici\u00e1lne prevedie. <\/p>\n\n<h3 class=\"wp-block-heading\">4. Dane a poplatky<\/h3>\n\n<p>Pred\u00e1vaj\u00faci zvy\u010dajne platia:<\/p>\n\n<p>&#8211; Miestna da\u0148 z nehnute\u013enosti (ak sa uplat\u0148uje)<br\/>&#8211; Mo\u017en\u00e1 da\u0148 z kapit\u00e1lov\u00fdch v\u00fdnosov (v z\u00e1vislosti od doby vlastn\u00edctva)<\/p>\n\n<p>Ofici\u00e1lne inform\u00e1cie z\u00edskate na bulharskom N\u00e1rodnom da\u0148ovom \u00farade.<\/p>\n\n<p>V\u017edy v\u0161ak odpor\u00fa\u010dame individu\u00e1lne da\u0148ov\u00e9 poradenstvo na z\u00e1klade va\u0161ej situ\u00e1cie.<\/p>\n\n<p>V\u0161etko koordinujeme na mieste, aby transakcia prebehla hladko a bezpe\u010dne.<\/p>\n\n<p>V z\u00e1vislosti od situ\u00e1cie sa na v\u00e1s m\u00f4\u017ee vz\u0165ahova\u0165 da\u0148 z kapit\u00e1lov\u00fdch v\u00fdnosov. Odpor\u00fa\u010dame konzult\u00e1ciu s odborn\u00fdm poradcom alebo <em><a href=\"https:\/\/old.nra.bg\/en\/\">Bulharskou n\u00e1rodnou da\u0148ovou agent\u00farou<\/a><\/em> pre ofici\u00e1lne inform\u00e1cie. <\/p>\n\n<p><em><a href=\"https:\/\/royalestate.bg\/sk\/predaj-nehnutelnosti\/\">Kontaktujte Royal Estate Bulharsko!<\/a><\/em><\/p>\n\n<h2 class=\"wp-block-heading\">Ako v\u00e1m zjednodu\u0161\u00edme predaj<\/h2>\n\n<p>Ke\u010f kontaktujete spolo\u010dnos\u0165 Royal Estate Bulgaria, postup je nasledovn\u00fd:<\/p>\n\n<ol class=\"wp-block-list\">\n<li>Bezplatn\u00e1 konzult\u00e1cia a ocenenie<\/li>\n\n\n\n<li>Strat\u00e9gia umiestnenia na trhu<\/li>\n\n\n\n<li>Spustenie profesion\u00e1lneho marketingu<\/li>\n\n\n\n<li>Prehliadky kupuj\u00facich a vyjedn\u00e1vanie<\/li>\n\n\n\n<li>Pr\u00e1vna koordin\u00e1cia<\/li>\n\n\n\n<li>Bezpe\u010dn\u00e1 platba a dokon\u010denie<\/li>\n<\/ol>\n\n<p>Na ka\u017edom kroku ste informovan\u00ed &#8211; bez stresu.<\/p>\n\n<p>Na\u0161\u00edm cie\u013eom nie je len inzerova\u0165 va\u0161u nehnute\u013enos\u0165.<br\/>Na\u0161\u00edm cie\u013eom je ju preda\u0165.<\/p>\n\n<h2 class=\"wp-block-heading\">Ste pripraven\u00ed preda\u0165 nehnute\u013enos\u0165 v Bulharsku?<\/h2>\n\n<p>Ak ste britsk\u00fdm alebo \u00edrskym majite\u013eom a uva\u017eujete o predaji, teraz je \u010das na rozhovor s miestnym odborn\u00edkom, ktor\u00fd rozumie va\u0161ej situ\u00e1cii.<\/p>\n\n<p>V spolo\u010dnosti Royal Estate Bulgaria kombinujeme:<\/p>\n\n<p>&#8211; Odbornos\u0165 na miestnom trhu<br\/>&#8211; Medzin\u00e1rodn\u00fd dosah na kupuj\u00faceho<br\/>&#8211; Pr\u00e1vna koordin\u00e1cia<br\/>&#8211; Transparentn\u00e1 komunik\u00e1cia<br\/>&#8211; Osved\u010den\u00e9 v\u00fdsledky<\/p>\n\n<p>Nenechajte svoj predaj na n\u00e1hodu.<\/p>\n\n<p>Vy\u017eiadajte si profesion\u00e1lne ocenenie a jasn\u00fa strat\u00e9giu predaja e\u0161te dnes.<\/p>\n\n<p>Prediskutujme va\u0161u nehnute\u013enos\u0165 a pom\u00f4\u017eme v\u00e1m s d\u00f4verou napredova\u0165.<\/p>\n\n<h2 class=\"wp-block-heading\">\u010casto kladen\u00e9 ot\u00e1zky<\/h2>\n\n<h3 class=\"wp-block-heading\">Ako dlho trv\u00e1 predaj nehnute\u013enosti v Bulharsku?<\/h3>\n\n<p>Spr\u00e1vne ocenen\u00e9 nehnute\u013enosti sa v priemere pred\u00e1vaj\u00fa do nieko\u013ek\u00fdch mesiacov. Lokality s vysok\u00fdm dopytom sa m\u00f4\u017eu pred\u00e1va\u0165 r\u00fdchlej\u0161ie. <\/p>\n\n<h3 class=\"wp-block-heading\">Mus\u00edm by\u0165 v Bulharsku, aby som mohol pred\u00e1va\u0165?<\/h3>\n\n<p>Nie. Predaj na dia\u013eku m\u00f4\u017eete uskuto\u010dni\u0165 na z\u00e1klade not\u00e1rsky overen\u00e9ho splnomocnenia. <\/p>\n\n<h3 class=\"wp-block-heading\">Platia britsk\u00ed majitelia pri predaji da\u0148?<\/h3>\n\n<p>Z\u00e1vis\u00ed to od d\u013a\u017eky vlastn\u00edctva a individu\u00e1lnych okolnost\u00ed. Vysvetl\u00edme v\u00e1m v\u0161eobecn\u00fd r\u00e1mec a v pr\u00edpade potreby v\u00e1m odporu\u010d\u00edme osobn\u00e9 da\u0148ov\u00e9 poradenstvo. <\/p>\n\n<h3 class=\"wp-block-heading\">Ako sa ur\u010duje hodnota mojej nehnute\u013enosti?<\/h3>\n\n<p>Analyzujeme aktu\u00e1lne \u00fadaje o trhu, porovnate\u013en\u00e9 predaje, dopyt po lokalite a stav nehnute\u013enosti, aby sme ur\u010dili realistick\u00fa predajn\u00fa cenu.<\/p>\n\n<h3 class=\"wp-block-heading\">Pre\u010do vyu\u017e\u00edva\u0165 slu\u017eby miestneho realitn\u00e9ho agenta v Bulharsku?<\/h3>\n\n<p>Miestny agent rozumie akt\u00edvnym kupuj\u00facim, priamo sa star\u00e1 o obhliadky, koordinuje pr\u00e1vne postupy a zabezpe\u010duje spr\u00e1vne riadenie transakcie na mieste.<\/p>\n\n<p><em><a href=\"https:\/\/royalestate.bg\/sk\/predaj-nehnutelnosti\/\">Predajte svoju nehnute\u013enos\u0165 s Royal Estate Bulgaria<\/a><\/em><\/p>\n","protected":false},"excerpt":{"rendered":"<p>Ak ste britsk\u00fd alebo \u00edrsky majite\u013e nehnute\u013enosti, ktor\u00fd chce preda\u0165 nehnute\u013enos\u0165 v Bulharsku, potrebujete viac ne\u017e len agenta &#8211; potrebujete d\u00f4veryhodn\u00e9ho miestneho partnera, ktor\u00fd rozumie bulharsk\u00e9mu trhu aj obav\u00e1m zahrani\u010dn\u00fdch predajcov. V spolo\u010dnosti Royal Estate Bulgaria sa \u0161pecializujeme na pomoc majite\u013eom z Ve\u013ekej Brit\u00e1nie a \u00cdrska pri \u00faspe\u0161nom predaji apartm\u00e1nov, rekrea\u010dn\u00fdch domov, domov a investi\u010dn\u00fdch&#8230;<\/p>\n","protected":false},"author":1,"featured_media":200250,"parent":0,"menu_order":43,"comment_status":"closed","ping_status":"closed","template":"","meta":{"_acf_changed":false,"footnotes":""},"class_list":["post-203220","page","type-page","status-publish","has-post-thumbnail","hentry"],"acf":[],"yoast_head":"<!-- This site is optimized with the Yoast SEO plugin v27.4 - https:\/\/yoast.com\/product\/yoast-seo-wordpress\/ -->\n<title>O Bulharsku - Real Estate Agency in Sunny Beach<\/title>\n<meta name=\"robots\" content=\"index, follow, max-snippet:-1, max-image-preview:large, max-video-preview:-1\" \/>\n<link rel=\"canonical\" href=\"https:\/\/royalestate.bg\/sk\/o-bulharsku\/\" \/>\n<meta property=\"og:locale\" content=\"sk_SK\" \/>\n<meta property=\"og:type\" content=\"article\" \/>\n<meta property=\"og:title\" content=\"O Bulharsku - Real Estate Agency in Sunny Beach\" \/>\n<meta property=\"og:description\" content=\"Ak ste britsk\u00fd alebo \u00edrsky majite\u013e nehnute\u013enosti, ktor\u00fd chce preda\u0165 nehnute\u013enos\u0165 v Bulharsku, potrebujete viac ne\u017e len agenta &#8211; potrebujete d\u00f4veryhodn\u00e9ho miestneho partnera, ktor\u00fd rozumie bulharsk\u00e9mu trhu aj obav\u00e1m zahrani\u010dn\u00fdch predajcov. V spolo\u010dnosti Royal Estate Bulgaria sa \u0161pecializujeme na pomoc majite\u013eom z Ve\u013ekej Brit\u00e1nie a \u00cdrska pri \u00faspe\u0161nom predaji apartm\u00e1nov, rekrea\u010dn\u00fdch domov, domov a investi\u010dn\u00fdch...\" \/>\n<meta property=\"og:url\" content=\"https:\/\/royalestate.bg\/sk\/o-bulharsku\/\" \/>\n<meta property=\"og:site_name\" content=\"Real Estate Agency in Sunny Beach\" \/>\n<meta property=\"article:modified_time\" content=\"2026-02-27T10:30:15+00:00\" \/>\n<meta property=\"og:image\" content=\"https:\/\/royalestate.bg\/wp-content\/uploads\/properties\/sell-property-in-bulgaria-fast-easy-with-royal-estate-bulgaria-1024x683.png\" \/>\n\t<meta property=\"og:image:width\" content=\"1024\" \/>\n\t<meta property=\"og:image:height\" content=\"683\" \/>\n\t<meta property=\"og:image:type\" content=\"image\/png\" \/>\n<meta name=\"twitter:card\" content=\"summary_large_image\" \/>\n<meta name=\"twitter:label1\" content=\"Predpokladan\u00fd \u010das \u010d\u00edtania\" \/>\n\t<meta name=\"twitter:data1\" content=\"8 min\u00fat\" \/>\n<script type=\"application\/ld+json\" class=\"yoast-schema-graph\">{\"@context\":\"https:\\\/\\\/schema.org\",\"@graph\":[{\"@type\":\"WebPage\",\"@id\":\"https:\\\/\\\/royalestate.bg\\\/sk\\\/o-bulharsku\\\/\",\"url\":\"https:\\\/\\\/royalestate.bg\\\/sk\\\/o-bulharsku\\\/\",\"name\":\"O Bulharsku - Real Estate Agency in Sunny Beach\",\"isPartOf\":{\"@id\":\"https:\\\/\\\/royalestate.bg\\\/sk\\\/#website\"},\"primaryImageOfPage\":{\"@id\":\"https:\\\/\\\/royalestate.bg\\\/sk\\\/o-bulharsku\\\/#primaryimage\"},\"image\":{\"@id\":\"https:\\\/\\\/royalestate.bg\\\/sk\\\/o-bulharsku\\\/#primaryimage\"},\"thumbnailUrl\":\"https:\\\/\\\/royalestate.bg\\\/wp-content\\\/uploads\\\/properties\\\/\\\/sell-property-in-bulgaria-fast-easy-with-royal-estate-bulgaria.png\",\"datePublished\":\"2022-05-16T14:32:39+00:00\",\"dateModified\":\"2026-02-27T10:30:15+00:00\",\"breadcrumb\":{\"@id\":\"https:\\\/\\\/royalestate.bg\\\/sk\\\/o-bulharsku\\\/#breadcrumb\"},\"inLanguage\":\"sk-SK\",\"potentialAction\":[{\"@type\":\"ReadAction\",\"target\":[\"https:\\\/\\\/royalestate.bg\\\/sk\\\/o-bulharsku\\\/\"]}]},{\"@type\":\"ImageObject\",\"inLanguage\":\"sk-SK\",\"@id\":\"https:\\\/\\\/royalestate.bg\\\/sk\\\/o-bulharsku\\\/#primaryimage\",\"url\":\"https:\\\/\\\/royalestate.bg\\\/wp-content\\\/uploads\\\/properties\\\/\\\/sell-property-in-bulgaria-fast-easy-with-royal-estate-bulgaria.png\",\"contentUrl\":\"https:\\\/\\\/royalestate.bg\\\/wp-content\\\/uploads\\\/properties\\\/\\\/sell-property-in-bulgaria-fast-easy-with-royal-estate-bulgaria.png\",\"width\":1536,\"height\":1024},{\"@type\":\"BreadcrumbList\",\"@id\":\"https:\\\/\\\/royalestate.bg\\\/sk\\\/o-bulharsku\\\/#breadcrumb\",\"itemListElement\":[{\"@type\":\"ListItem\",\"position\":1,\"name\":\"Home\",\"item\":\"https:\\\/\\\/royalestate.bg\\\/sk\\\/\"},{\"@type\":\"ListItem\",\"position\":2,\"name\":\"O Bulharsku\"}]},{\"@type\":\"WebSite\",\"@id\":\"https:\\\/\\\/royalestate.bg\\\/sk\\\/#website\",\"url\":\"https:\\\/\\\/royalestate.bg\\\/sk\\\/\",\"name\":\"Real Estate Agency in Sunny Beach\",\"description\":\"Apartments and Houses For Sale\",\"publisher\":{\"@id\":\"https:\\\/\\\/royalestate.bg\\\/sk\\\/#organization\"},\"potentialAction\":[{\"@type\":\"SearchAction\",\"target\":{\"@type\":\"EntryPoint\",\"urlTemplate\":\"https:\\\/\\\/royalestate.bg\\\/sk\\\/?s={search_term_string}\"},\"query-input\":{\"@type\":\"PropertyValueSpecification\",\"valueRequired\":true,\"valueName\":\"search_term_string\"}}],\"inLanguage\":\"sk-SK\"},{\"@type\":\"Organization\",\"@id\":\"https:\\\/\\\/royalestate.bg\\\/sk\\\/#organization\",\"name\":\"Real Estate Agency in Sunny Beach\",\"url\":\"https:\\\/\\\/royalestate.bg\\\/sk\\\/\",\"logo\":{\"@type\":\"ImageObject\",\"inLanguage\":\"sk-SK\",\"@id\":\"https:\\\/\\\/royalestate.bg\\\/sk\\\/#\\\/schema\\\/logo\\\/image\\\/\",\"url\":\"https:\\\/\\\/royalestate.bg\\\/wp-content\\\/uploads\\\/properties\\\/logo\\\/logo_royal_estate_bg.png\",\"contentUrl\":\"https:\\\/\\\/royalestate.bg\\\/wp-content\\\/uploads\\\/properties\\\/logo\\\/logo_royal_estate_bg.png\",\"width\":177,\"height\":115,\"caption\":\"Real Estate Agency in Sunny Beach\"},\"image\":{\"@id\":\"https:\\\/\\\/royalestate.bg\\\/sk\\\/#\\\/schema\\\/logo\\\/image\\\/\"}}]}<\/script>\n<!-- \/ Yoast SEO plugin. -->","yoast_head_json":{"title":"O Bulharsku - Real Estate Agency in Sunny Beach","robots":{"index":"index","follow":"follow","max-snippet":"max-snippet:-1","max-image-preview":"max-image-preview:large","max-video-preview":"max-video-preview:-1"},"canonical":"https:\/\/royalestate.bg\/sk\/o-bulharsku\/","og_locale":"sk_SK","og_type":"article","og_title":"O Bulharsku - Real Estate Agency in Sunny Beach","og_description":"Ak ste britsk\u00fd alebo \u00edrsky majite\u013e nehnute\u013enosti, ktor\u00fd chce preda\u0165 nehnute\u013enos\u0165 v Bulharsku, potrebujete viac ne\u017e len agenta &#8211; potrebujete d\u00f4veryhodn\u00e9ho miestneho partnera, ktor\u00fd rozumie bulharsk\u00e9mu trhu aj obav\u00e1m zahrani\u010dn\u00fdch predajcov. V spolo\u010dnosti Royal Estate Bulgaria sa \u0161pecializujeme na pomoc majite\u013eom z Ve\u013ekej Brit\u00e1nie a \u00cdrska pri \u00faspe\u0161nom predaji apartm\u00e1nov, rekrea\u010dn\u00fdch domov, domov a investi\u010dn\u00fdch...","og_url":"https:\/\/royalestate.bg\/sk\/o-bulharsku\/","og_site_name":"Real Estate Agency in Sunny Beach","article_modified_time":"2026-02-27T10:30:15+00:00","og_image":[{"width":1024,"height":683,"url":"https:\/\/royalestate.bg\/wp-content\/uploads\/properties\/sell-property-in-bulgaria-fast-easy-with-royal-estate-bulgaria-1024x683.png","type":"image\/png"}],"twitter_card":"summary_large_image","twitter_misc":{"Predpokladan\u00fd \u010das \u010d\u00edtania":"8 min\u00fat"},"schema":{"@context":"https:\/\/schema.org","@graph":[{"@type":"WebPage","@id":"https:\/\/royalestate.bg\/sk\/o-bulharsku\/","url":"https:\/\/royalestate.bg\/sk\/o-bulharsku\/","name":"O Bulharsku - Real Estate Agency in Sunny Beach","isPartOf":{"@id":"https:\/\/royalestate.bg\/sk\/#website"},"primaryImageOfPage":{"@id":"https:\/\/royalestate.bg\/sk\/o-bulharsku\/#primaryimage"},"image":{"@id":"https:\/\/royalestate.bg\/sk\/o-bulharsku\/#primaryimage"},"thumbnailUrl":"https:\/\/royalestate.bg\/wp-content\/uploads\/properties\/\/sell-property-in-bulgaria-fast-easy-with-royal-estate-bulgaria.png","datePublished":"2022-05-16T14:32:39+00:00","dateModified":"2026-02-27T10:30:15+00:00","breadcrumb":{"@id":"https:\/\/royalestate.bg\/sk\/o-bulharsku\/#breadcrumb"},"inLanguage":"sk-SK","potentialAction":[{"@type":"ReadAction","target":["https:\/\/royalestate.bg\/sk\/o-bulharsku\/"]}]},{"@type":"ImageObject","inLanguage":"sk-SK","@id":"https:\/\/royalestate.bg\/sk\/o-bulharsku\/#primaryimage","url":"https:\/\/royalestate.bg\/wp-content\/uploads\/properties\/\/sell-property-in-bulgaria-fast-easy-with-royal-estate-bulgaria.png","contentUrl":"https:\/\/royalestate.bg\/wp-content\/uploads\/properties\/\/sell-property-in-bulgaria-fast-easy-with-royal-estate-bulgaria.png","width":1536,"height":1024},{"@type":"BreadcrumbList","@id":"https:\/\/royalestate.bg\/sk\/o-bulharsku\/#breadcrumb","itemListElement":[{"@type":"ListItem","position":1,"name":"Home","item":"https:\/\/royalestate.bg\/sk\/"},{"@type":"ListItem","position":2,"name":"O Bulharsku"}]},{"@type":"WebSite","@id":"https:\/\/royalestate.bg\/sk\/#website","url":"https:\/\/royalestate.bg\/sk\/","name":"Real Estate Agency in Sunny Beach","description":"Apartments and Houses For Sale","publisher":{"@id":"https:\/\/royalestate.bg\/sk\/#organization"},"potentialAction":[{"@type":"SearchAction","target":{"@type":"EntryPoint","urlTemplate":"https:\/\/royalestate.bg\/sk\/?s={search_term_string}"},"query-input":{"@type":"PropertyValueSpecification","valueRequired":true,"valueName":"search_term_string"}}],"inLanguage":"sk-SK"},{"@type":"Organization","@id":"https:\/\/royalestate.bg\/sk\/#organization","name":"Real Estate Agency in Sunny Beach","url":"https:\/\/royalestate.bg\/sk\/","logo":{"@type":"ImageObject","inLanguage":"sk-SK","@id":"https:\/\/royalestate.bg\/sk\/#\/schema\/logo\/image\/","url":"https:\/\/royalestate.bg\/wp-content\/uploads\/properties\/logo\/logo_royal_estate_bg.png","contentUrl":"https:\/\/royalestate.bg\/wp-content\/uploads\/properties\/logo\/logo_royal_estate_bg.png","width":177,"height":115,"caption":"Real Estate Agency in Sunny Beach"},"image":{"@id":"https:\/\/royalestate.bg\/sk\/#\/schema\/logo\/image\/"}}]}},"_links":{"self":[{"href":"https:\/\/royalestate.bg\/sk\/wp-json\/wp\/v2\/pages\/203220","targetHints":{"allow":["GET"]}}],"collection":[{"href":"https:\/\/royalestate.bg\/sk\/wp-json\/wp\/v2\/pages"}],"about":[{"href":"https:\/\/royalestate.bg\/sk\/wp-json\/wp\/v2\/types\/page"}],"author":[{"embeddable":true,"href":"https:\/\/royalestate.bg\/sk\/wp-json\/wp\/v2\/users\/1"}],"replies":[{"embeddable":true,"href":"https:\/\/royalestate.bg\/sk\/wp-json\/wp\/v2\/comments?post=203220"}],"version-history":[{"count":1,"href":"https:\/\/royalestate.bg\/sk\/wp-json\/wp\/v2\/pages\/203220\/revisions"}],"predecessor-version":[{"id":203221,"href":"https:\/\/royalestate.bg\/sk\/wp-json\/wp\/v2\/pages\/203220\/revisions\/203221"}],"wp:featuredmedia":[{"embeddable":true,"href":"https:\/\/royalestate.bg\/sk\/wp-json\/wp\/v2\/media\/200250"}],"wp:attachment":[{"href":"https:\/\/royalestate.bg\/sk\/wp-json\/wp\/v2\/media?parent=203220"}],"curies":[{"name":"wp","href":"https:\/\/api.w.org\/{rel}","templated":true}]}}