{"id":96251,"date":"2017-06-25T13:45:01","date_gmt":"2017-06-25T10:45:01","guid":{"rendered":"http:\/\/staging.royalestate.bg\/nieruchomosci\/"},"modified":"2026-02-24T11:10:09","modified_gmt":"2026-02-24T08:10:09","slug":"nieruchomosci-nad-morzem-bulgarii","status":"publish","type":"page","link":"https:\/\/royalestate.bg\/pl\/nieruchomosci-nad-morzem-bulgarii\/","title":{"rendered":"Nieruchomo\u015bci"},"content":{"rendered":"","protected":false},"excerpt":{"rendered":"","protected":false},"author":1,"featured_media":0,"parent":0,"menu_order":217,"comment_status":"open","ping_status":"closed","template":"templates\/properties.php","meta":{"_acf_changed":false,"footnotes":""},"class_list":["post-96251","page","type-page","status-publish","hentry"],"acf":[],"yoast_head":"<!-- This site is optimized with the Yoast SEO plugin v27.4 - https:\/\/yoast.com\/product\/yoast-seo-wordpress\/ -->\n<title>Nieruchomo\u015bci w Bu\u0142garii nad morzem na sprzeda\u017c | Mieszkania<\/title>\n<meta name=\"description\" content=\"Nieruchomo\u015bci w Bu\u0142garii na sprzeda\u017c nad morzem - mieszkania, apartamenty, domy i dzia\u0142ki w atrakcyjnych cenach. Sprawd\u017a oferty!\" \/>\n<meta name=\"robots\" content=\"index, follow, max-snippet:-1, max-image-preview:large, max-video-preview:-1\" \/>\n<link rel=\"canonical\" href=\"https:\/\/royalestate.bg\/pl\/nieruchomosci-nad-morzem-bulgarii\/\" \/>\n<meta property=\"og:locale\" content=\"pl_PL\" \/>\n<meta property=\"og:type\" content=\"article\" \/>\n<meta property=\"og:title\" content=\"Nieruchomo\u015bci w Bu\u0142garii nad morzem na sprzeda\u017c | Mieszkania\" \/>\n<meta property=\"og:description\" content=\"Nieruchomo\u015bci w Bu\u0142garii na sprzeda\u017c nad morzem - mieszkania, apartamenty, domy i dzia\u0142ki w atrakcyjnych cenach. Sprawd\u017a oferty!\" \/>\n<meta property=\"og:url\" content=\"https:\/\/royalestate.bg\/pl\/nieruchomosci-nad-morzem-bulgarii\/\" \/>\n<meta property=\"og:site_name\" content=\"Real Estate Agency in Sunny Beach\" \/>\n<meta property=\"article:modified_time\" content=\"2026-02-24T08:10:09+00:00\" \/>\n<meta name=\"twitter:card\" content=\"summary_large_image\" \/>\n<script type=\"application\/ld+json\" class=\"yoast-schema-graph\">{\"@context\":\"https:\\\/\\\/schema.org\",\"@graph\":[{\"@type\":\"WebPage\",\"@id\":\"https:\\\/\\\/royalestate.bg\\\/pl\\\/nieruchomosci-nad-morzem-bulgarii\\\/\",\"url\":\"https:\\\/\\\/royalestate.bg\\\/pl\\\/nieruchomosci-nad-morzem-bulgarii\\\/\",\"name\":\"Nieruchomo\u015bci w Bu\u0142garii nad morzem na sprzeda\u017c | Mieszkania\",\"isPartOf\":{\"@id\":\"https:\\\/\\\/royalestate.bg\\\/pl\\\/#website\"},\"datePublished\":\"2017-06-25T10:45:01+00:00\",\"dateModified\":\"2026-02-24T08:10:09+00:00\",\"description\":\"Nieruchomo\u015bci w Bu\u0142garii na sprzeda\u017c nad morzem - mieszkania, apartamenty, domy i dzia\u0142ki w atrakcyjnych cenach. Sprawd\u017a oferty!\",\"breadcrumb\":{\"@id\":\"https:\\\/\\\/royalestate.bg\\\/pl\\\/nieruchomosci-nad-morzem-bulgarii\\\/#breadcrumb\"},\"inLanguage\":\"pl-PL\",\"potentialAction\":[{\"@type\":\"ReadAction\",\"target\":[\"https:\\\/\\\/royalestate.bg\\\/pl\\\/nieruchomosci-nad-morzem-bulgarii\\\/\"]}]},{\"@type\":\"BreadcrumbList\",\"@id\":\"https:\\\/\\\/royalestate.bg\\\/pl\\\/nieruchomosci-nad-morzem-bulgarii\\\/#breadcrumb\",\"itemListElement\":[{\"@type\":\"ListItem\",\"position\":1,\"name\":\"Home\",\"item\":\"https:\\\/\\\/royalestate.bg\\\/pl\\\/dom\\\/\"},{\"@type\":\"ListItem\",\"position\":2,\"name\":\"Nieruchomo\u015bci\"}]},{\"@type\":\"WebSite\",\"@id\":\"https:\\\/\\\/royalestate.bg\\\/pl\\\/#website\",\"url\":\"https:\\\/\\\/royalestate.bg\\\/pl\\\/\",\"name\":\"Real Estate Agency in Sunny Beach\",\"description\":\"Apartments and Houses For Sale\",\"publisher\":{\"@id\":\"https:\\\/\\\/royalestate.bg\\\/pl\\\/#organization\"},\"potentialAction\":[{\"@type\":\"SearchAction\",\"target\":{\"@type\":\"EntryPoint\",\"urlTemplate\":\"https:\\\/\\\/royalestate.bg\\\/pl\\\/?s={search_term_string}\"},\"query-input\":{\"@type\":\"PropertyValueSpecification\",\"valueRequired\":true,\"valueName\":\"search_term_string\"}}],\"inLanguage\":\"pl-PL\"},{\"@type\":\"Organization\",\"@id\":\"https:\\\/\\\/royalestate.bg\\\/pl\\\/#organization\",\"name\":\"Real Estate Agency in Sunny Beach\",\"url\":\"https:\\\/\\\/royalestate.bg\\\/pl\\\/\",\"logo\":{\"@type\":\"ImageObject\",\"inLanguage\":\"pl-PL\",\"@id\":\"https:\\\/\\\/royalestate.bg\\\/pl\\\/#\\\/schema\\\/logo\\\/image\\\/\",\"url\":\"https:\\\/\\\/royalestate.bg\\\/wp-content\\\/uploads\\\/properties\\\/logo\\\/logo_royal_estate_bg.png\",\"contentUrl\":\"https:\\\/\\\/royalestate.bg\\\/wp-content\\\/uploads\\\/properties\\\/logo\\\/logo_royal_estate_bg.png\",\"width\":177,\"height\":115,\"caption\":\"Real Estate Agency in Sunny Beach\"},\"image\":{\"@id\":\"https:\\\/\\\/royalestate.bg\\\/pl\\\/#\\\/schema\\\/logo\\\/image\\\/\"}}]}<\/script>\n<!-- \/ Yoast SEO plugin. -->","yoast_head_json":{"title":"Nieruchomo\u015bci w Bu\u0142garii nad morzem na sprzeda\u017c | Mieszkania","description":"Nieruchomo\u015bci w Bu\u0142garii na sprzeda\u017c nad morzem - mieszkania, apartamenty, domy i dzia\u0142ki w atrakcyjnych cenach. Sprawd\u017a oferty!","robots":{"index":"index","follow":"follow","max-snippet":"max-snippet:-1","max-image-preview":"max-image-preview:large","max-video-preview":"max-video-preview:-1"},"canonical":"https:\/\/royalestate.bg\/pl\/nieruchomosci-nad-morzem-bulgarii\/","og_locale":"pl_PL","og_type":"article","og_title":"Nieruchomo\u015bci w Bu\u0142garii nad morzem na sprzeda\u017c | Mieszkania","og_description":"Nieruchomo\u015bci w Bu\u0142garii na sprzeda\u017c nad morzem - mieszkania, apartamenty, domy i dzia\u0142ki w atrakcyjnych cenach. Sprawd\u017a oferty!","og_url":"https:\/\/royalestate.bg\/pl\/nieruchomosci-nad-morzem-bulgarii\/","og_site_name":"Real Estate Agency in Sunny Beach","article_modified_time":"2026-02-24T08:10:09+00:00","twitter_card":"summary_large_image","schema":{"@context":"https:\/\/schema.org","@graph":[{"@type":"WebPage","@id":"https:\/\/royalestate.bg\/pl\/nieruchomosci-nad-morzem-bulgarii\/","url":"https:\/\/royalestate.bg\/pl\/nieruchomosci-nad-morzem-bulgarii\/","name":"Nieruchomo\u015bci w Bu\u0142garii nad morzem na sprzeda\u017c | Mieszkania","isPartOf":{"@id":"https:\/\/royalestate.bg\/pl\/#website"},"datePublished":"2017-06-25T10:45:01+00:00","dateModified":"2026-02-24T08:10:09+00:00","description":"Nieruchomo\u015bci w Bu\u0142garii na sprzeda\u017c nad morzem - mieszkania, apartamenty, domy i dzia\u0142ki w atrakcyjnych cenach. Sprawd\u017a oferty!","breadcrumb":{"@id":"https:\/\/royalestate.bg\/pl\/nieruchomosci-nad-morzem-bulgarii\/#breadcrumb"},"inLanguage":"pl-PL","potentialAction":[{"@type":"ReadAction","target":["https:\/\/royalestate.bg\/pl\/nieruchomosci-nad-morzem-bulgarii\/"]}]},{"@type":"BreadcrumbList","@id":"https:\/\/royalestate.bg\/pl\/nieruchomosci-nad-morzem-bulgarii\/#breadcrumb","itemListElement":[{"@type":"ListItem","position":1,"name":"Home","item":"https:\/\/royalestate.bg\/pl\/dom\/"},{"@type":"ListItem","position":2,"name":"Nieruchomo\u015bci"}]},{"@type":"WebSite","@id":"https:\/\/royalestate.bg\/pl\/#website","url":"https:\/\/royalestate.bg\/pl\/","name":"Real Estate Agency in Sunny Beach","description":"Apartments and Houses For Sale","publisher":{"@id":"https:\/\/royalestate.bg\/pl\/#organization"},"potentialAction":[{"@type":"SearchAction","target":{"@type":"EntryPoint","urlTemplate":"https:\/\/royalestate.bg\/pl\/?s={search_term_string}"},"query-input":{"@type":"PropertyValueSpecification","valueRequired":true,"valueName":"search_term_string"}}],"inLanguage":"pl-PL"},{"@type":"Organization","@id":"https:\/\/royalestate.bg\/pl\/#organization","name":"Real Estate Agency in Sunny Beach","url":"https:\/\/royalestate.bg\/pl\/","logo":{"@type":"ImageObject","inLanguage":"pl-PL","@id":"https:\/\/royalestate.bg\/pl\/#\/schema\/logo\/image\/","url":"https:\/\/royalestate.bg\/wp-content\/uploads\/properties\/logo\/logo_royal_estate_bg.png","contentUrl":"https:\/\/royalestate.bg\/wp-content\/uploads\/properties\/logo\/logo_royal_estate_bg.png","width":177,"height":115,"caption":"Real Estate Agency in Sunny Beach"},"image":{"@id":"https:\/\/royalestate.bg\/pl\/#\/schema\/logo\/image\/"}}]}},"_links":{"self":[{"href":"https:\/\/royalestate.bg\/pl\/wp-json\/wp\/v2\/pages\/96251","targetHints":{"allow":["GET"]}}],"collection":[{"href":"https:\/\/royalestate.bg\/pl\/wp-json\/wp\/v2\/pages"}],"about":[{"href":"https:\/\/royalestate.bg\/pl\/wp-json\/wp\/v2\/types\/page"}],"author":[{"embeddable":true,"href":"https:\/\/royalestate.bg\/pl\/wp-json\/wp\/v2\/users\/1"}],"replies":[{"embeddable":true,"href":"https:\/\/royalestate.bg\/pl\/wp-json\/wp\/v2\/comments?post=96251"}],"version-history":[{"count":20,"href":"https:\/\/royalestate.bg\/pl\/wp-json\/wp\/v2\/pages\/96251\/revisions"}],"predecessor-version":[{"id":200545,"href":"https:\/\/royalestate.bg\/pl\/wp-json\/wp\/v2\/pages\/96251\/revisions\/200545"}],"wp:attachment":[{"href":"https:\/\/royalestate.bg\/pl\/wp-json\/wp\/v2\/media?parent=96251"}],"curies":[{"name":"wp","href":"https:\/\/api.w.org\/{rel}","templated":true}]}}