{"id":135229,"date":"2022-05-17T10:48:39","date_gmt":"2022-05-17T07:48:39","guid":{"rendered":"http:\/\/staging.royalestate.bg\/o-bulgarii\/koszarica\/"},"modified":"2022-05-17T10:53:11","modified_gmt":"2022-05-17T07:53:11","slug":"koszarica","status":"publish","type":"page","link":"https:\/\/royalestate.bg\/pl\/o-bulgarii\/koszarica\/","title":{"rendered":"Koszarica"},"content":{"rendered":"\n<figure class=\"wp-block-image size-full\"><img fetchpriority=\"high\" decoding=\"async\" width=\"1080\" height=\"679\" src=\"http:\/\/staging.royalestate.bg\/wp-content\/uploads\/properties\/bulgaria\/bulgaria_kosharitsa.jpg\" alt=\"\" class=\"wp-image-135211\" srcset=\"https:\/\/royalestate.bg\/wp-content\/uploads\/properties\/bulgaria\/bulgaria_kosharitsa.jpg?v=1652773759 1080w, https:\/\/royalestate.bg\/wp-content\/uploads\/properties\/bulgaria\/bulgaria_kosharitsa-150x94.jpg?v=1652773759 150w\" sizes=\"(max-width: 1080px) 100vw, 1080px\" \/><\/figure>\n\n<h3 class=\"wp-block-heading\">INFORMACJE O WIOSCE<\/h3>\n\n<p>Kosharitsa to ma\u0142a wioska po\u0142o\u017cona w gminie Nesebyr. Znajduje si\u0119 35 km na p\u00f3\u0142nocny wsch\u00f3d od Burgas. Po\u0142o\u017cona na wschodnich zboczach Starej Planiny i tylko 6 km od pla\u017cy, Kosharitsa oferuje niesamowite po\u0142\u0105czenie g\u00f3r i morza.  <\/p>\n\n<p>Wioska ods\u0142ania niesamowity widok. Je\u015bli spojrzysz na wsch\u00f3d, zobaczysz Stary Nesebyr, nieco dalej Pomorie, a na zach\u00f3d wznosi si\u0119 szczyt Biberna, z kt\u00f3rego rozci\u0105ga si\u0119 widok na S\u0142oneczny Brzeg. <\/p>\n\n<p>W pobli\u017cu wsi znajduje si\u0119 rezerwat przyrody \u201eKalinata\u201d, w kt\u00f3rym mo\u017cna zobaczy\u0107 naturalne stanowisko przebi\u015bnieg\u00f3w bagiennych, a tak\u017ce unikalny las rezerwatu. Obszar Kosharitsa obj\u0119ty jest obszarem Natura 2000, poniewa\u017c stamt\u0105d przebiega g\u0142\u00f3wna trasa lotnicza ptak\u00f3w w\u0119drownych \u2013 Via Pontica. <\/p>\n\n<p>Je\u015bli jeste\u015b fanem kolarstwa g\u00f3rskiego, Kosharitsa oferuje bardzo odpowiednie warunki do tego sportu.<\/p>\n\n<p>Wok\u00f3\u0142 wsi znajduje si\u0119 kilka ma\u0142ych staw\u00f3w, w kt\u00f3rych mo\u017cna \u0142owi\u0107 ryby. Rybo\u0142\u00f3wstwo mo\u017ce odbywa\u0107 si\u0119 r\u00f3wnie\u017c na morzu ze wzgl\u0119du na blisko\u015b\u0107 wioski do morza. <\/p>\n\n<p>Lasy w pobli\u017cu Kosharitsy zamieszkuj\u0105 kr\u00f3liki, jelenie, jelenie, dziki, co czyni je atrakcyjnym miejscem dla zapalonych my\u015bliwych.<\/p>\n\n<p>Je\u015bli lubisz chodzi\u0107 po g\u00f3rach, wiele eko-szlak\u00f3w zaczyna si\u0119 w Kosharitsa, co sprawi ci przyjemno\u015b\u0107 \u0142atw\u0105 tras\u0105 spacerow\u0105 i niesamowit\u0105 przyrod\u0105, kt\u00f3r\u0105 b\u0119dziesz cieszy\u0107.<\/p>\n\n<p>Kosharitsa to odpowiednie miejsce zar\u00f3wno dla mi\u0142o\u015bnik\u00f3w nocy, jak i dla tych, kt\u00f3rzy t\u0119skni\u0105 za spokojem. Blisko\u015b\u0107 S\u0142onecznego Brzegu, gdzie \u017cycie nocne nie ustaje, zaspokoi g\u0142\u00f3d nawet najbardziej zagorza\u0142ych imprezowicz\u00f3w. <\/p>\n\n<p>Przy wje\u017adzie do wsi znajduje si\u0119 ca\u0142oroczny supermarket Lidl.<\/p>\n","protected":false},"excerpt":{"rendered":"<p>INFORMACJE O WIOSCE Kosharitsa to ma\u0142a wioska po\u0142o\u017cona w gminie Nesebyr. Znajduje si\u0119 35 km na p\u00f3\u0142nocny wsch\u00f3d od Burgas. Po\u0142o\u017cona na wschodnich zboczach Starej Planiny i tylko 6 km od pla\u017cy, Kosharitsa oferuje niesamowite po\u0142\u0105czenie g\u00f3r i morza. Wioska ods\u0142ania niesamowity widok. Je\u015bli spojrzysz na wsch\u00f3d, zobaczysz Stary Nesebyr, nieco dalej Pomorie, a na&#8230;<\/p>\n","protected":false},"author":1,"featured_media":0,"parent":134957,"menu_order":145,"comment_status":"closed","ping_status":"closed","template":"","meta":{"_acf_changed":false,"footnotes":""},"class_list":["post-135229","page","type-page","status-publish","hentry"],"acf":[],"yoast_head":"<!-- This site is optimized with the Yoast SEO plugin v27.3 - https:\/\/yoast.com\/product\/yoast-seo-wordpress\/ -->\n<title>Koszarica - Real Estate Agency in Sunny Beach<\/title>\n<meta name=\"robots\" content=\"index, follow, max-snippet:-1, max-image-preview:large, max-video-preview:-1\" \/>\n<link rel=\"canonical\" href=\"https:\/\/royalestate.bg\/pl\/o-bulgarii\/koszarica\/\" \/>\n<meta property=\"og:locale\" content=\"pl_PL\" \/>\n<meta property=\"og:type\" content=\"article\" \/>\n<meta property=\"og:title\" content=\"Koszarica - Real Estate Agency in Sunny Beach\" \/>\n<meta property=\"og:description\" content=\"INFORMACJE O WIOSCE Kosharitsa to ma\u0142a wioska po\u0142o\u017cona w gminie Nesebyr. Znajduje si\u0119 35 km na p\u00f3\u0142nocny wsch\u00f3d od Burgas. Po\u0142o\u017cona na wschodnich zboczach Starej Planiny i tylko 6 km od pla\u017cy, Kosharitsa oferuje niesamowite po\u0142\u0105czenie g\u00f3r i morza. Wioska ods\u0142ania niesamowity widok. Je\u015bli spojrzysz na wsch\u00f3d, zobaczysz Stary Nesebyr, nieco dalej Pomorie, a na...\" \/>\n<meta property=\"og:url\" content=\"https:\/\/royalestate.bg\/pl\/o-bulgarii\/koszarica\/\" \/>\n<meta property=\"og:site_name\" content=\"Real Estate Agency in Sunny Beach\" \/>\n<meta property=\"article:modified_time\" content=\"2022-05-17T07:53:11+00:00\" \/>\n<meta property=\"og:image\" content=\"https:\/\/royalestate.bg\/wp-content\/uploads\/properties\/bulgaria\/bulgaria_kosharitsa.jpg?v=1652773759\" \/>\n\t<meta property=\"og:image:width\" content=\"1080\" \/>\n\t<meta property=\"og:image:height\" content=\"679\" \/>\n\t<meta property=\"og:image:type\" content=\"image\/jpeg\" \/>\n<meta name=\"twitter:card\" content=\"summary_large_image\" \/>\n<meta name=\"twitter:label1\" content=\"Szacowany czas czytania\" \/>\n\t<meta name=\"twitter:data1\" content=\"1 minuta\" \/>\n<script type=\"application\/ld+json\" class=\"yoast-schema-graph\">{\"@context\":\"https:\\\/\\\/schema.org\",\"@graph\":[{\"@type\":\"WebPage\",\"@id\":\"https:\\\/\\\/royalestate.bg\\\/pl\\\/o-bulgarii\\\/koszarica\\\/\",\"url\":\"https:\\\/\\\/royalestate.bg\\\/pl\\\/o-bulgarii\\\/koszarica\\\/\",\"name\":\"Koszarica - Real Estate Agency in Sunny Beach\",\"isPartOf\":{\"@id\":\"https:\\\/\\\/royalestate.bg\\\/pl\\\/#website\"},\"primaryImageOfPage\":{\"@id\":\"https:\\\/\\\/royalestate.bg\\\/pl\\\/o-bulgarii\\\/koszarica\\\/#primaryimage\"},\"image\":{\"@id\":\"https:\\\/\\\/royalestate.bg\\\/pl\\\/o-bulgarii\\\/koszarica\\\/#primaryimage\"},\"thumbnailUrl\":\"http:\\\/\\\/staging.royalestate.bg\\\/wp-content\\\/uploads\\\/properties\\\/bulgaria\\\/bulgaria_kosharitsa.jpg\",\"datePublished\":\"2022-05-17T07:48:39+00:00\",\"dateModified\":\"2022-05-17T07:53:11+00:00\",\"breadcrumb\":{\"@id\":\"https:\\\/\\\/royalestate.bg\\\/pl\\\/o-bulgarii\\\/koszarica\\\/#breadcrumb\"},\"inLanguage\":\"pl-PL\",\"potentialAction\":[{\"@type\":\"ReadAction\",\"target\":[\"https:\\\/\\\/royalestate.bg\\\/pl\\\/o-bulgarii\\\/koszarica\\\/\"]}]},{\"@type\":\"ImageObject\",\"inLanguage\":\"pl-PL\",\"@id\":\"https:\\\/\\\/royalestate.bg\\\/pl\\\/o-bulgarii\\\/koszarica\\\/#primaryimage\",\"url\":\"http:\\\/\\\/staging.royalestate.bg\\\/wp-content\\\/uploads\\\/properties\\\/bulgaria\\\/bulgaria_kosharitsa.jpg\",\"contentUrl\":\"http:\\\/\\\/staging.royalestate.bg\\\/wp-content\\\/uploads\\\/properties\\\/bulgaria\\\/bulgaria_kosharitsa.jpg\"},{\"@type\":\"BreadcrumbList\",\"@id\":\"https:\\\/\\\/royalestate.bg\\\/pl\\\/o-bulgarii\\\/koszarica\\\/#breadcrumb\",\"itemListElement\":[{\"@type\":\"ListItem\",\"position\":1,\"name\":\"Home\",\"item\":\"https:\\\/\\\/royalestate.bg\\\/pl\\\/dom\\\/\"},{\"@type\":\"ListItem\",\"position\":2,\"name\":\"O Bu\u0142garii\",\"item\":\"https:\\\/\\\/royalestate.bg\\\/pl\\\/o-bulgarii\\\/\"},{\"@type\":\"ListItem\",\"position\":3,\"name\":\"Koszarica\"}]},{\"@type\":\"WebSite\",\"@id\":\"https:\\\/\\\/royalestate.bg\\\/pl\\\/#website\",\"url\":\"https:\\\/\\\/royalestate.bg\\\/pl\\\/\",\"name\":\"Real Estate Agency in Sunny Beach\",\"description\":\"Apartments and Houses For Sale\",\"publisher\":{\"@id\":\"https:\\\/\\\/royalestate.bg\\\/pl\\\/#organization\"},\"potentialAction\":[{\"@type\":\"SearchAction\",\"target\":{\"@type\":\"EntryPoint\",\"urlTemplate\":\"https:\\\/\\\/royalestate.bg\\\/pl\\\/?s={search_term_string}\"},\"query-input\":{\"@type\":\"PropertyValueSpecification\",\"valueRequired\":true,\"valueName\":\"search_term_string\"}}],\"inLanguage\":\"pl-PL\"},{\"@type\":\"Organization\",\"@id\":\"https:\\\/\\\/royalestate.bg\\\/pl\\\/#organization\",\"name\":\"Real Estate Agency in Sunny Beach\",\"url\":\"https:\\\/\\\/royalestate.bg\\\/pl\\\/\",\"logo\":{\"@type\":\"ImageObject\",\"inLanguage\":\"pl-PL\",\"@id\":\"https:\\\/\\\/royalestate.bg\\\/pl\\\/#\\\/schema\\\/logo\\\/image\\\/\",\"url\":\"https:\\\/\\\/royalestate.bg\\\/wp-content\\\/uploads\\\/properties\\\/logo\\\/logo_royal_estate_bg.png\",\"contentUrl\":\"https:\\\/\\\/royalestate.bg\\\/wp-content\\\/uploads\\\/properties\\\/logo\\\/logo_royal_estate_bg.png\",\"width\":177,\"height\":115,\"caption\":\"Real Estate Agency in Sunny Beach\"},\"image\":{\"@id\":\"https:\\\/\\\/royalestate.bg\\\/pl\\\/#\\\/schema\\\/logo\\\/image\\\/\"}}]}<\/script>\n<!-- \/ Yoast SEO plugin. -->","yoast_head_json":{"title":"Koszarica - Real Estate Agency in Sunny Beach","robots":{"index":"index","follow":"follow","max-snippet":"max-snippet:-1","max-image-preview":"max-image-preview:large","max-video-preview":"max-video-preview:-1"},"canonical":"https:\/\/royalestate.bg\/pl\/o-bulgarii\/koszarica\/","og_locale":"pl_PL","og_type":"article","og_title":"Koszarica - Real Estate Agency in Sunny Beach","og_description":"INFORMACJE O WIOSCE Kosharitsa to ma\u0142a wioska po\u0142o\u017cona w gminie Nesebyr. Znajduje si\u0119 35 km na p\u00f3\u0142nocny wsch\u00f3d od Burgas. Po\u0142o\u017cona na wschodnich zboczach Starej Planiny i tylko 6 km od pla\u017cy, Kosharitsa oferuje niesamowite po\u0142\u0105czenie g\u00f3r i morza. Wioska ods\u0142ania niesamowity widok. Je\u015bli spojrzysz na wsch\u00f3d, zobaczysz Stary Nesebyr, nieco dalej Pomorie, a na...","og_url":"https:\/\/royalestate.bg\/pl\/o-bulgarii\/koszarica\/","og_site_name":"Real Estate Agency in Sunny Beach","article_modified_time":"2022-05-17T07:53:11+00:00","og_image":[{"width":1080,"height":679,"url":"https:\/\/royalestate.bg\/wp-content\/uploads\/properties\/bulgaria\/bulgaria_kosharitsa.jpg?v=1652773759","type":"image\/jpeg"}],"twitter_card":"summary_large_image","twitter_misc":{"Szacowany czas czytania":"1 minuta"},"schema":{"@context":"https:\/\/schema.org","@graph":[{"@type":"WebPage","@id":"https:\/\/royalestate.bg\/pl\/o-bulgarii\/koszarica\/","url":"https:\/\/royalestate.bg\/pl\/o-bulgarii\/koszarica\/","name":"Koszarica - Real Estate Agency in Sunny Beach","isPartOf":{"@id":"https:\/\/royalestate.bg\/pl\/#website"},"primaryImageOfPage":{"@id":"https:\/\/royalestate.bg\/pl\/o-bulgarii\/koszarica\/#primaryimage"},"image":{"@id":"https:\/\/royalestate.bg\/pl\/o-bulgarii\/koszarica\/#primaryimage"},"thumbnailUrl":"http:\/\/staging.royalestate.bg\/wp-content\/uploads\/properties\/bulgaria\/bulgaria_kosharitsa.jpg","datePublished":"2022-05-17T07:48:39+00:00","dateModified":"2022-05-17T07:53:11+00:00","breadcrumb":{"@id":"https:\/\/royalestate.bg\/pl\/o-bulgarii\/koszarica\/#breadcrumb"},"inLanguage":"pl-PL","potentialAction":[{"@type":"ReadAction","target":["https:\/\/royalestate.bg\/pl\/o-bulgarii\/koszarica\/"]}]},{"@type":"ImageObject","inLanguage":"pl-PL","@id":"https:\/\/royalestate.bg\/pl\/o-bulgarii\/koszarica\/#primaryimage","url":"http:\/\/staging.royalestate.bg\/wp-content\/uploads\/properties\/bulgaria\/bulgaria_kosharitsa.jpg","contentUrl":"http:\/\/staging.royalestate.bg\/wp-content\/uploads\/properties\/bulgaria\/bulgaria_kosharitsa.jpg"},{"@type":"BreadcrumbList","@id":"https:\/\/royalestate.bg\/pl\/o-bulgarii\/koszarica\/#breadcrumb","itemListElement":[{"@type":"ListItem","position":1,"name":"Home","item":"https:\/\/royalestate.bg\/pl\/dom\/"},{"@type":"ListItem","position":2,"name":"O Bu\u0142garii","item":"https:\/\/royalestate.bg\/pl\/o-bulgarii\/"},{"@type":"ListItem","position":3,"name":"Koszarica"}]},{"@type":"WebSite","@id":"https:\/\/royalestate.bg\/pl\/#website","url":"https:\/\/royalestate.bg\/pl\/","name":"Real Estate Agency in Sunny Beach","description":"Apartments and Houses For Sale","publisher":{"@id":"https:\/\/royalestate.bg\/pl\/#organization"},"potentialAction":[{"@type":"SearchAction","target":{"@type":"EntryPoint","urlTemplate":"https:\/\/royalestate.bg\/pl\/?s={search_term_string}"},"query-input":{"@type":"PropertyValueSpecification","valueRequired":true,"valueName":"search_term_string"}}],"inLanguage":"pl-PL"},{"@type":"Organization","@id":"https:\/\/royalestate.bg\/pl\/#organization","name":"Real Estate Agency in Sunny Beach","url":"https:\/\/royalestate.bg\/pl\/","logo":{"@type":"ImageObject","inLanguage":"pl-PL","@id":"https:\/\/royalestate.bg\/pl\/#\/schema\/logo\/image\/","url":"https:\/\/royalestate.bg\/wp-content\/uploads\/properties\/logo\/logo_royal_estate_bg.png","contentUrl":"https:\/\/royalestate.bg\/wp-content\/uploads\/properties\/logo\/logo_royal_estate_bg.png","width":177,"height":115,"caption":"Real Estate Agency in Sunny Beach"},"image":{"@id":"https:\/\/royalestate.bg\/pl\/#\/schema\/logo\/image\/"}}]}},"_links":{"self":[{"href":"https:\/\/royalestate.bg\/pl\/wp-json\/wp\/v2\/pages\/135229","targetHints":{"allow":["GET"]}}],"collection":[{"href":"https:\/\/royalestate.bg\/pl\/wp-json\/wp\/v2\/pages"}],"about":[{"href":"https:\/\/royalestate.bg\/pl\/wp-json\/wp\/v2\/types\/page"}],"author":[{"embeddable":true,"href":"https:\/\/royalestate.bg\/pl\/wp-json\/wp\/v2\/users\/1"}],"replies":[{"embeddable":true,"href":"https:\/\/royalestate.bg\/pl\/wp-json\/wp\/v2\/comments?post=135229"}],"version-history":[{"count":0,"href":"https:\/\/royalestate.bg\/pl\/wp-json\/wp\/v2\/pages\/135229\/revisions"}],"up":[{"embeddable":true,"href":"https:\/\/royalestate.bg\/pl\/wp-json\/wp\/v2\/pages\/134957"}],"wp:attachment":[{"href":"https:\/\/royalestate.bg\/pl\/wp-json\/wp\/v2\/media?parent=135229"}],"curies":[{"name":"wp","href":"https:\/\/api.w.org\/{rel}","templated":true}]}}