{"id":135196,"date":"2022-05-17T10:36:19","date_gmt":"2022-05-17T07:36:19","guid":{"rendered":"http:\/\/staging.royalestate.bg\/o-bulgarii\/burgas\/"},"modified":"2022-05-17T10:42:06","modified_gmt":"2022-05-17T07:42:06","slug":"burgas","status":"publish","type":"page","link":"https:\/\/royalestate.bg\/pl\/o-bulgarii\/burgas\/","title":{"rendered":"Burgas"},"content":{"rendered":"\n<figure class=\"wp-block-image size-full\"><img fetchpriority=\"high\" decoding=\"async\" width=\"1200\" height=\"656\" src=\"http:\/\/staging.royalestate.bg\/wp-content\/uploads\/properties\/bulgaria\/bulgaria_burgas.jpg\" alt=\"\" class=\"wp-image-135178\" srcset=\"https:\/\/royalestate.bg\/wp-content\/uploads\/properties\/bulgaria\/bulgaria_burgas.jpg?v=1652773048 1200w, https:\/\/royalestate.bg\/wp-content\/uploads\/properties\/bulgaria\/bulgaria_burgas-150x82.jpg?v=1652773048 150w\" sizes=\"(max-width: 1200px) 100vw, 1200px\" \/><\/figure>\n\n<h3 class=\"wp-block-heading\">INFORMACJE O MIE\u015aCIE<\/h3>\n\n<p>Burgas to pi\u0105te co do wielko\u015bci miasto w Bu\u0142garii i drugi co do wielko\u015bci kurort nadmorski na bu\u0142garskim wybrze\u017cu. Jest to tak\u017ce najwi\u0119kszy port na po\u0142udniowym wybrze\u017cu Morza Czarnego. Miasto po\u0142o\u017cone jest pomi\u0119dzy trzema jeziorami: Burgas, Atanasov i Mandre, a od p\u00f3\u0142nocy chroni\u0105 je wzg\u00f3rza Starej Planiny. Populacja liczy niespe\u0142na dwie\u015bcie tysi\u0119cy i mo\u017cna j\u0105 znale\u017a\u0107 na mapie na po\u0142udnie od Warny w Zatoce Burgas. Miasto do\u015bwiadczy\u0142o w ostatnich latach bezprecedensowego rozwoju turystyki i sta\u0142o si\u0119 bardzo popularnym kierunkiem turystycznym.    <\/p>\n\n<p>Dzisiejsze raczej przemys\u0142owe centrum zosta\u0142o za\u0142o\u017cone przez staro\u017cytnych Grek\u00f3w. W tym czasie jednak nazywa\u0142 si\u0119 Pyrgos. Powodem jego powstania jest miejsce o znaczeniu strategicznym, dlatego w tym czasie stacjonowa\u0142a tu jednostka wojskowa. Ponadto zbudowano tu du\u017cy port na wybrze\u017cu Morza Czarnego. W XIV wieku Turcy za\u0142o\u017cyli tu fortec\u0119 wojskow\u0105, a trzy wieki p\u00f3\u017aniej w okolicy mieszka\u0142o trzy tysi\u0105ce ludzi. W tym okresie miasto otrzyma\u0142o swoj\u0105 obecn\u0105 nazw\u0119. Jego rozkwit nast\u0105pi\u0142 na pocz\u0105tku XIX wieku, kiedy zbudowano tu nowoczesny port, dzi\u0119ki czemu Burgas sta\u0142o si\u0119 centrum handlowym ca\u0142ego regionu. Wraz z wprowadzeniem kolei gospodarka miasta wzbogaca si\u0119 o dochody przedsi\u0119biorstw przemys\u0142owych przetwarzaj\u0105cych rop\u0119 i chemikalia. Dzisiejsze Burgas mo\u017ce poszczyci\u0107 si\u0119 du\u017cym mi\u0119dzynarodowym lotniskiem, kt\u00f3re co roku przyci\u0105ga tysi\u0105ce turyst\u00f3w z ca\u0142ego \u015bwiata.        <\/p>\n\n<p>Centrum Burgas wok\u00f3\u0142 starego miasta jest bardzo atrakcyjne i turystyczne. Sk\u0142ada si\u0119 z du\u017cej liczby kawiarni, restauracji i wielu bulwar\u00f3w. G\u0142\u00f3wn\u0105 arteri\u0105 miasta jest Aleja Aleksandrowska, prowadz\u0105ca przez dwa du\u017ce place. Na pierwszym z nich konsulat czeski mie\u015bci si\u0119 w pi\u0119trowym budynku, co nieco podwa\u017ca dobre wra\u017cenie otaczaj\u0105cej zabudowy. Ale znajdziesz te\u017c ciekawe fontanny, kt\u00f3re cz\u0119sto s\u0105 uwieczniane przez turyst\u00f3w. Drugi plac wci\u0105\u017c nosi nieomylne \u015blady czas\u00f3w komunizmu. Znajduje si\u0119 tam pomnik prawicowego \u017co\u0142nierza radzieckiego, kt\u00f3rego ludzie nazywaj\u0105 \u201eAlosza\u201d. W pobli\u017cu znajduje si\u0119 Helicon &#8211; bu\u0142garska ksi\u0119garnia, w kt\u00f3rej mo\u017cna kupi\u0107 karty niedost\u0119pne nigdzie indziej. Centrum miasta oferuje r\u00f3wnie\u017c wizyt\u0119 w kilku z pewno\u015bci\u0105 interesuj\u0105cych muzeach. Tutaj mo\u017cesz dowiedzie\u0107 si\u0119 czego\u015b o historii miasta, ale tak\u017ce ca\u0142ego regionu. Muzeum Archeologiczne mo\u017ce zaskoczy\u0107 swoimi g\u0142\u00f3wnymi atrakcjami, kt\u00f3rymi s\u0105 akwaria i terraria z egzotycznymi zwierz\u0119tami. Ciekawy jest r\u00f3wnie\u017c niezwyk\u0142y ko\u015bci\u00f3\u0142 ormia\u0144ski z tablic\u0105 pami\u0105tkow\u0105 ku czci ludob\u00f3jstwa Ormian w 1915 roku (Bu\u0142garia jest cz\u0119stym celem ormia\u0144skich uchod\u017ac\u00f3w z Turcji). Jednak wielokulturowy region Burgas mo\u017ce zaoferowa\u0107 r\u00f3wnie\u017c nowoczesny ko\u015bci\u00f3\u0142 \u015bw. Cyryla i Metodego, ko\u015bci\u00f3\u0142 rzymskokatolicki czy synagog\u0119.            <\/p>\n\n<p>Miasteczko ma pi\u0119kn\u0105 i szerok\u0105 pla\u017c\u0119, otoczon\u0105 zieleni\u0105 i usian\u0105 straganami z fast foodami. Istniej\u0105 r\u00f3wnie\u017c toalety publiczne i prysznice. Pla\u017ca jest bardzo \u0142adnym i zadbanym parkiem morskim. Odwiedzaj\u0105c go, poczujesz, \u017ce jest to kompletna zielona oaza, pe\u0142na rzadkich drzew, klomb\u00f3w, pos\u0105g\u00f3w i fontann. Mo\u017cna tu po prostu usi\u0105\u015b\u0107 w cieniu kawiarni i cieszy\u0107 si\u0119 przyjemnym widokiem na morze. Niekt\u00f3re parasole s\u0105 bezp\u0142atne, inne s\u0105 takie same jak le\u017caki za op\u0142at\u0105. Razem zap\u0142acicie za nie maksymalnie siedem lw\u00f3w. Z mostu prowadz\u0105cego z pla\u017cy do morza statki wycieczkowe p\u0142yn\u0105 na wysp\u0119 St. Anastasia. Pla\u017ca miasta, kt\u00f3ra jest obmywana przez Morze Czarne, jest niezwyk\u0142a z ciemnoszarym piaskiem, kt\u00f3ry zawiera magnetyt i dzi\u0119ki temu ma dzia\u0142anie lecznicze.        <\/p>\n\n<p>Je\u015bli interesuj\u0105 Ci\u0119 ceny \u017cywno\u015bci, towar\u00f3w i restauracji, to s\u0105 one najni\u017csze na wybrze\u017cu. Ponadto mo\u017cna odwiedzi\u0107 galerie \u015bwiatowych sieci handlowych, takich jak Bila, Kaufland, Lidl i inne. <\/p>\n","protected":false},"excerpt":{"rendered":"<p>INFORMACJE O MIE\u015aCIE Burgas to pi\u0105te co do wielko\u015bci miasto w Bu\u0142garii i drugi co do wielko\u015bci kurort nadmorski na bu\u0142garskim wybrze\u017cu. Jest to tak\u017ce najwi\u0119kszy port na po\u0142udniowym wybrze\u017cu Morza Czarnego. Miasto po\u0142o\u017cone jest pomi\u0119dzy trzema jeziorami: Burgas, Atanasov i Mandre, a od p\u00f3\u0142nocy chroni\u0105 je wzg\u00f3rza Starej Planiny. Populacja liczy niespe\u0142na dwie\u015bcie tysi\u0119cy&#8230;<\/p>\n","protected":false},"author":1,"featured_media":0,"parent":134957,"menu_order":87,"comment_status":"closed","ping_status":"closed","template":"","meta":{"_acf_changed":false,"footnotes":""},"class_list":["post-135196","page","type-page","status-publish","hentry"],"acf":[],"yoast_head":"<!-- This site is optimized with the Yoast SEO plugin v27.3 - https:\/\/yoast.com\/product\/yoast-seo-wordpress\/ -->\n<title>Burgas - Real Estate Agency in Sunny Beach<\/title>\n<meta name=\"robots\" content=\"index, follow, max-snippet:-1, max-image-preview:large, max-video-preview:-1\" \/>\n<link rel=\"canonical\" href=\"https:\/\/royalestate.bg\/pl\/o-bulgarii\/burgas\/\" \/>\n<meta property=\"og:locale\" content=\"pl_PL\" \/>\n<meta property=\"og:type\" content=\"article\" \/>\n<meta property=\"og:title\" content=\"Burgas - Real Estate Agency in Sunny Beach\" \/>\n<meta property=\"og:description\" content=\"INFORMACJE O MIE\u015aCIE Burgas to pi\u0105te co do wielko\u015bci miasto w Bu\u0142garii i drugi co do wielko\u015bci kurort nadmorski na bu\u0142garskim wybrze\u017cu. Jest to tak\u017ce najwi\u0119kszy port na po\u0142udniowym wybrze\u017cu Morza Czarnego. Miasto po\u0142o\u017cone jest pomi\u0119dzy trzema jeziorami: Burgas, Atanasov i Mandre, a od p\u00f3\u0142nocy chroni\u0105 je wzg\u00f3rza Starej Planiny. Populacja liczy niespe\u0142na dwie\u015bcie tysi\u0119cy...\" \/>\n<meta property=\"og:url\" content=\"https:\/\/royalestate.bg\/pl\/o-bulgarii\/burgas\/\" \/>\n<meta property=\"og:site_name\" content=\"Real Estate Agency in Sunny Beach\" \/>\n<meta property=\"article:modified_time\" content=\"2022-05-17T07:42:06+00:00\" \/>\n<meta property=\"og:image\" content=\"https:\/\/royalestate.bg\/wp-content\/uploads\/properties\/bulgaria\/bulgaria_burgas.jpg?v=1652773048\" \/>\n\t<meta property=\"og:image:width\" content=\"1200\" \/>\n\t<meta property=\"og:image:height\" content=\"656\" \/>\n\t<meta property=\"og:image:type\" content=\"image\/jpeg\" \/>\n<meta name=\"twitter:card\" content=\"summary_large_image\" \/>\n<meta name=\"twitter:label1\" content=\"Szacowany czas czytania\" \/>\n\t<meta name=\"twitter:data1\" content=\"3 minuty\" \/>\n<script type=\"application\/ld+json\" class=\"yoast-schema-graph\">{\"@context\":\"https:\\\/\\\/schema.org\",\"@graph\":[{\"@type\":\"WebPage\",\"@id\":\"https:\\\/\\\/royalestate.bg\\\/pl\\\/o-bulgarii\\\/burgas\\\/\",\"url\":\"https:\\\/\\\/royalestate.bg\\\/pl\\\/o-bulgarii\\\/burgas\\\/\",\"name\":\"Burgas - Real Estate Agency in Sunny Beach\",\"isPartOf\":{\"@id\":\"https:\\\/\\\/royalestate.bg\\\/pl\\\/#website\"},\"primaryImageOfPage\":{\"@id\":\"https:\\\/\\\/royalestate.bg\\\/pl\\\/o-bulgarii\\\/burgas\\\/#primaryimage\"},\"image\":{\"@id\":\"https:\\\/\\\/royalestate.bg\\\/pl\\\/o-bulgarii\\\/burgas\\\/#primaryimage\"},\"thumbnailUrl\":\"http:\\\/\\\/staging.royalestate.bg\\\/wp-content\\\/uploads\\\/properties\\\/bulgaria\\\/bulgaria_burgas.jpg\",\"datePublished\":\"2022-05-17T07:36:19+00:00\",\"dateModified\":\"2022-05-17T07:42:06+00:00\",\"breadcrumb\":{\"@id\":\"https:\\\/\\\/royalestate.bg\\\/pl\\\/o-bulgarii\\\/burgas\\\/#breadcrumb\"},\"inLanguage\":\"pl-PL\",\"potentialAction\":[{\"@type\":\"ReadAction\",\"target\":[\"https:\\\/\\\/royalestate.bg\\\/pl\\\/o-bulgarii\\\/burgas\\\/\"]}]},{\"@type\":\"ImageObject\",\"inLanguage\":\"pl-PL\",\"@id\":\"https:\\\/\\\/royalestate.bg\\\/pl\\\/o-bulgarii\\\/burgas\\\/#primaryimage\",\"url\":\"http:\\\/\\\/staging.royalestate.bg\\\/wp-content\\\/uploads\\\/properties\\\/bulgaria\\\/bulgaria_burgas.jpg\",\"contentUrl\":\"http:\\\/\\\/staging.royalestate.bg\\\/wp-content\\\/uploads\\\/properties\\\/bulgaria\\\/bulgaria_burgas.jpg\"},{\"@type\":\"BreadcrumbList\",\"@id\":\"https:\\\/\\\/royalestate.bg\\\/pl\\\/o-bulgarii\\\/burgas\\\/#breadcrumb\",\"itemListElement\":[{\"@type\":\"ListItem\",\"position\":1,\"name\":\"Home\",\"item\":\"https:\\\/\\\/royalestate.bg\\\/pl\\\/dom\\\/\"},{\"@type\":\"ListItem\",\"position\":2,\"name\":\"O Bu\u0142garii\",\"item\":\"https:\\\/\\\/royalestate.bg\\\/pl\\\/o-bulgarii\\\/\"},{\"@type\":\"ListItem\",\"position\":3,\"name\":\"Burgas\"}]},{\"@type\":\"WebSite\",\"@id\":\"https:\\\/\\\/royalestate.bg\\\/pl\\\/#website\",\"url\":\"https:\\\/\\\/royalestate.bg\\\/pl\\\/\",\"name\":\"Real Estate Agency in Sunny Beach\",\"description\":\"Apartments and Houses For Sale\",\"publisher\":{\"@id\":\"https:\\\/\\\/royalestate.bg\\\/pl\\\/#organization\"},\"potentialAction\":[{\"@type\":\"SearchAction\",\"target\":{\"@type\":\"EntryPoint\",\"urlTemplate\":\"https:\\\/\\\/royalestate.bg\\\/pl\\\/?s={search_term_string}\"},\"query-input\":{\"@type\":\"PropertyValueSpecification\",\"valueRequired\":true,\"valueName\":\"search_term_string\"}}],\"inLanguage\":\"pl-PL\"},{\"@type\":\"Organization\",\"@id\":\"https:\\\/\\\/royalestate.bg\\\/pl\\\/#organization\",\"name\":\"Real Estate Agency in Sunny Beach\",\"url\":\"https:\\\/\\\/royalestate.bg\\\/pl\\\/\",\"logo\":{\"@type\":\"ImageObject\",\"inLanguage\":\"pl-PL\",\"@id\":\"https:\\\/\\\/royalestate.bg\\\/pl\\\/#\\\/schema\\\/logo\\\/image\\\/\",\"url\":\"https:\\\/\\\/royalestate.bg\\\/wp-content\\\/uploads\\\/properties\\\/logo\\\/logo_royal_estate_bg.png\",\"contentUrl\":\"https:\\\/\\\/royalestate.bg\\\/wp-content\\\/uploads\\\/properties\\\/logo\\\/logo_royal_estate_bg.png\",\"width\":177,\"height\":115,\"caption\":\"Real Estate Agency in Sunny Beach\"},\"image\":{\"@id\":\"https:\\\/\\\/royalestate.bg\\\/pl\\\/#\\\/schema\\\/logo\\\/image\\\/\"}}]}<\/script>\n<!-- \/ Yoast SEO plugin. -->","yoast_head_json":{"title":"Burgas - Real Estate Agency in Sunny Beach","robots":{"index":"index","follow":"follow","max-snippet":"max-snippet:-1","max-image-preview":"max-image-preview:large","max-video-preview":"max-video-preview:-1"},"canonical":"https:\/\/royalestate.bg\/pl\/o-bulgarii\/burgas\/","og_locale":"pl_PL","og_type":"article","og_title":"Burgas - Real Estate Agency in Sunny Beach","og_description":"INFORMACJE O MIE\u015aCIE Burgas to pi\u0105te co do wielko\u015bci miasto w Bu\u0142garii i drugi co do wielko\u015bci kurort nadmorski na bu\u0142garskim wybrze\u017cu. Jest to tak\u017ce najwi\u0119kszy port na po\u0142udniowym wybrze\u017cu Morza Czarnego. Miasto po\u0142o\u017cone jest pomi\u0119dzy trzema jeziorami: Burgas, Atanasov i Mandre, a od p\u00f3\u0142nocy chroni\u0105 je wzg\u00f3rza Starej Planiny. Populacja liczy niespe\u0142na dwie\u015bcie tysi\u0119cy...","og_url":"https:\/\/royalestate.bg\/pl\/o-bulgarii\/burgas\/","og_site_name":"Real Estate Agency in Sunny Beach","article_modified_time":"2022-05-17T07:42:06+00:00","og_image":[{"width":1200,"height":656,"url":"https:\/\/royalestate.bg\/wp-content\/uploads\/properties\/bulgaria\/bulgaria_burgas.jpg?v=1652773048","type":"image\/jpeg"}],"twitter_card":"summary_large_image","twitter_misc":{"Szacowany czas czytania":"3 minuty"},"schema":{"@context":"https:\/\/schema.org","@graph":[{"@type":"WebPage","@id":"https:\/\/royalestate.bg\/pl\/o-bulgarii\/burgas\/","url":"https:\/\/royalestate.bg\/pl\/o-bulgarii\/burgas\/","name":"Burgas - Real Estate Agency in Sunny Beach","isPartOf":{"@id":"https:\/\/royalestate.bg\/pl\/#website"},"primaryImageOfPage":{"@id":"https:\/\/royalestate.bg\/pl\/o-bulgarii\/burgas\/#primaryimage"},"image":{"@id":"https:\/\/royalestate.bg\/pl\/o-bulgarii\/burgas\/#primaryimage"},"thumbnailUrl":"http:\/\/staging.royalestate.bg\/wp-content\/uploads\/properties\/bulgaria\/bulgaria_burgas.jpg","datePublished":"2022-05-17T07:36:19+00:00","dateModified":"2022-05-17T07:42:06+00:00","breadcrumb":{"@id":"https:\/\/royalestate.bg\/pl\/o-bulgarii\/burgas\/#breadcrumb"},"inLanguage":"pl-PL","potentialAction":[{"@type":"ReadAction","target":["https:\/\/royalestate.bg\/pl\/o-bulgarii\/burgas\/"]}]},{"@type":"ImageObject","inLanguage":"pl-PL","@id":"https:\/\/royalestate.bg\/pl\/o-bulgarii\/burgas\/#primaryimage","url":"http:\/\/staging.royalestate.bg\/wp-content\/uploads\/properties\/bulgaria\/bulgaria_burgas.jpg","contentUrl":"http:\/\/staging.royalestate.bg\/wp-content\/uploads\/properties\/bulgaria\/bulgaria_burgas.jpg"},{"@type":"BreadcrumbList","@id":"https:\/\/royalestate.bg\/pl\/o-bulgarii\/burgas\/#breadcrumb","itemListElement":[{"@type":"ListItem","position":1,"name":"Home","item":"https:\/\/royalestate.bg\/pl\/dom\/"},{"@type":"ListItem","position":2,"name":"O Bu\u0142garii","item":"https:\/\/royalestate.bg\/pl\/o-bulgarii\/"},{"@type":"ListItem","position":3,"name":"Burgas"}]},{"@type":"WebSite","@id":"https:\/\/royalestate.bg\/pl\/#website","url":"https:\/\/royalestate.bg\/pl\/","name":"Real Estate Agency in Sunny Beach","description":"Apartments and Houses For Sale","publisher":{"@id":"https:\/\/royalestate.bg\/pl\/#organization"},"potentialAction":[{"@type":"SearchAction","target":{"@type":"EntryPoint","urlTemplate":"https:\/\/royalestate.bg\/pl\/?s={search_term_string}"},"query-input":{"@type":"PropertyValueSpecification","valueRequired":true,"valueName":"search_term_string"}}],"inLanguage":"pl-PL"},{"@type":"Organization","@id":"https:\/\/royalestate.bg\/pl\/#organization","name":"Real Estate Agency in Sunny Beach","url":"https:\/\/royalestate.bg\/pl\/","logo":{"@type":"ImageObject","inLanguage":"pl-PL","@id":"https:\/\/royalestate.bg\/pl\/#\/schema\/logo\/image\/","url":"https:\/\/royalestate.bg\/wp-content\/uploads\/properties\/logo\/logo_royal_estate_bg.png","contentUrl":"https:\/\/royalestate.bg\/wp-content\/uploads\/properties\/logo\/logo_royal_estate_bg.png","width":177,"height":115,"caption":"Real Estate Agency in Sunny Beach"},"image":{"@id":"https:\/\/royalestate.bg\/pl\/#\/schema\/logo\/image\/"}}]}},"_links":{"self":[{"href":"https:\/\/royalestate.bg\/pl\/wp-json\/wp\/v2\/pages\/135196","targetHints":{"allow":["GET"]}}],"collection":[{"href":"https:\/\/royalestate.bg\/pl\/wp-json\/wp\/v2\/pages"}],"about":[{"href":"https:\/\/royalestate.bg\/pl\/wp-json\/wp\/v2\/types\/page"}],"author":[{"embeddable":true,"href":"https:\/\/royalestate.bg\/pl\/wp-json\/wp\/v2\/users\/1"}],"replies":[{"embeddable":true,"href":"https:\/\/royalestate.bg\/pl\/wp-json\/wp\/v2\/comments?post=135196"}],"version-history":[{"count":0,"href":"https:\/\/royalestate.bg\/pl\/wp-json\/wp\/v2\/pages\/135196\/revisions"}],"up":[{"embeddable":true,"href":"https:\/\/royalestate.bg\/pl\/wp-json\/wp\/v2\/pages\/134957"}],"wp:attachment":[{"href":"https:\/\/royalestate.bg\/pl\/wp-json\/wp\/v2\/media?parent=135196"}],"curies":[{"name":"wp","href":"https:\/\/api.w.org\/{rel}","templated":true}]}}