{"id":135164,"date":"2022-05-17T10:25:08","date_gmt":"2022-05-17T07:25:08","guid":{"rendered":"http:\/\/staging.royalestate.bg\/o-bulgarii\/elenite\/"},"modified":"2022-05-17T10:31:56","modified_gmt":"2022-05-17T07:31:56","slug":"elenite","status":"publish","type":"page","link":"https:\/\/royalestate.bg\/pl\/o-bulgarii\/elenite\/","title":{"rendered":"Elenite"},"content":{"rendered":"\n<figure class=\"wp-block-image size-full\"><img fetchpriority=\"high\" decoding=\"async\" width=\"1200\" height=\"499\" src=\"http:\/\/staging.royalestate.bg\/wp-content\/uploads\/properties\/bulgaria\/bulgaria_elenite.jpg\" alt=\"\" class=\"wp-image-135144\" srcset=\"https:\/\/royalestate.bg\/wp-content\/uploads\/properties\/bulgaria\/bulgaria_elenite.jpg?v=1652772362 1200w, https:\/\/royalestate.bg\/wp-content\/uploads\/properties\/bulgaria\/bulgaria_elenite-150x62.jpg?v=1652772362 150w\" sizes=\"(max-width: 1200px) 100vw, 1200px\" \/><\/figure>\n\n<h3 class=\"wp-block-heading\">INFORMACJE O O\u015aRODKU<\/h3>\n\n<p>Oko\u0142o 50 km na p\u00f3\u0142noc od Burgas, na najbardziej wysuni\u0119tym na po\u0142udnie kra\u0144cu Ba\u0142kan\u00f3w, znajduje si\u0119 nowoczesny nadmorski kurort Elenite. Znajduje si\u0119 w pobli\u017cu innych atrakcyjnych kurort\u00f3w S\u0142oneczny Brzeg, \u015awi\u0119ty W\u0142as, Nesebyr i Rawda. Ten kompleks wakacyjny oferuje r\u00f3\u017cnorodne luksusowe hotele i domy oraz kompleksy mieszkalne, otoczone z jednej strony g\u00f3rami, az drugiej morzem.  <\/p>\n\n<p>Pocz\u0105tkowo teren dzisiejszej Eleni by\u0142 niezamieszkanym pustkowiem, jednak w latach 80. ubieg\u0142ego wieku, po wybudowaniu tytu\u0142owego klubu hotelowego, zacz\u0119\u0142a si\u0119 tu rozwija\u0107 turystyka. Dzi\u015b Elenite jest popularnym miejscem wypoczynku, gdzie ludzie wybieraj\u0105 si\u0119, aby cieszy\u0107 si\u0119 morzem, s\u0142o\u0144cem, pi\u0119knymi pla\u017cami i luksusowymi kompleksami hotelowymi. Elenite znajduje si\u0119 w pi\u0119knej zatoce, otoczonej 800-metrow\u0105 piaszczyst\u0105 pla\u017c\u0105 u podn\u00f3\u017ca Starej Planiny.  <\/p>\n\n<p>Elenite to stosunkowo cichy ma\u0142y kurort, w kt\u00f3rym opr\u00f3cz hoteli znajdziesz kilka znanych restauracji oferuj\u0105cych zar\u00f3wno mi\u0119dzynarodowe, jak i regionalne specja\u0142y, bary, dyskoteki, obiekty sportowe, plac zabaw, park wodny i mini golf. Jest otoczona w\u0142asn\u0105 prywatn\u0105 pla\u017c\u0105, kt\u00f3ra ma stopniowe wej\u015bcie do morza, dzi\u0119ki czemu jest idealna dla ma\u0142ych dzieci i os\u00f3b nie umiej\u0105cych p\u0142ywa\u0107. W jednym z wielu obiekt\u00f3w mo\u017cna r\u00f3wnie\u017c skorzysta\u0107 z atrakcji wodnych lub wypo\u017cyczy\u0107 sprz\u0119t wodny. Otoczone g\u00f3rami, kt\u00f3re tworz\u0105 pi\u0119kn\u0105 przyrod\u0119, miasto oferuje idealne warunki na niezapomniane, relaksuj\u0105ce wakacje.   <\/p>\n\n<p>Z Elenite mo\u017cna odby\u0107 wiele ciekawych wycieczek turystycznych, na pewno nie mo\u017cna przegapi\u0107 wizyty w staro\u017cytnym mie\u015bcie Nesebyr, oko\u0142o 15 km, kt\u00f3re jest jednym z najpi\u0119kniejszych miejsc na wybrze\u017cu Morza Czarnego. S\u0142oneczny Brzeg oddalony jest o 7 km, a \u015awi\u0119ty W\u0142as o 4 km, do kt\u00f3rego mo\u017cna doj\u015b\u0107 z Elenite. Je\u015bli nie chcesz chodzi\u0107, mo\u017cesz skorzysta\u0107 z lokalnych autobus\u00f3w, wezwa\u0107 taks\u00f3wk\u0119 lub wynaj\u0105\u0107 samoch\u00f3d. Na p\u00f3\u0142noc od Elenite znajduje si\u0119 przyl\u0105dek Emine, kt\u00f3ry jest r\u00f3wnie\u017c bardzo popularny w\u015br\u00f3d turyst\u00f3w.   <\/p>\n","protected":false},"excerpt":{"rendered":"<p>INFORMACJE O O\u015aRODKU Oko\u0142o 50 km na p\u00f3\u0142noc od Burgas, na najbardziej wysuni\u0119tym na po\u0142udnie kra\u0144cu Ba\u0142kan\u00f3w, znajduje si\u0119 nowoczesny nadmorski kurort Elenite. Znajduje si\u0119 w pobli\u017cu innych atrakcyjnych kurort\u00f3w S\u0142oneczny Brzeg, \u015awi\u0119ty W\u0142as, Nesebyr i Rawda. Ten kompleks wakacyjny oferuje r\u00f3\u017cnorodne luksusowe hotele i domy oraz kompleksy mieszkalne, otoczone z jednej strony g\u00f3rami, az&#8230;<\/p>\n","protected":false},"author":1,"featured_media":0,"parent":134957,"menu_order":137,"comment_status":"closed","ping_status":"closed","template":"","meta":{"_acf_changed":false,"footnotes":""},"class_list":["post-135164","page","type-page","status-publish","hentry"],"acf":[],"yoast_head":"<!-- This site is optimized with the Yoast SEO plugin v27.3 - https:\/\/yoast.com\/product\/yoast-seo-wordpress\/ -->\n<title>Elenite - Real Estate Agency in Sunny Beach<\/title>\n<meta name=\"robots\" content=\"index, follow, max-snippet:-1, max-image-preview:large, max-video-preview:-1\" \/>\n<link rel=\"canonical\" href=\"https:\/\/royalestate.bg\/pl\/o-bulgarii\/elenite\/\" \/>\n<meta property=\"og:locale\" content=\"pl_PL\" \/>\n<meta property=\"og:type\" content=\"article\" \/>\n<meta property=\"og:title\" content=\"Elenite - Real Estate Agency in Sunny Beach\" \/>\n<meta property=\"og:description\" content=\"INFORMACJE O O\u015aRODKU Oko\u0142o 50 km na p\u00f3\u0142noc od Burgas, na najbardziej wysuni\u0119tym na po\u0142udnie kra\u0144cu Ba\u0142kan\u00f3w, znajduje si\u0119 nowoczesny nadmorski kurort Elenite. Znajduje si\u0119 w pobli\u017cu innych atrakcyjnych kurort\u00f3w S\u0142oneczny Brzeg, \u015awi\u0119ty W\u0142as, Nesebyr i Rawda. Ten kompleks wakacyjny oferuje r\u00f3\u017cnorodne luksusowe hotele i domy oraz kompleksy mieszkalne, otoczone z jednej strony g\u00f3rami, az...\" \/>\n<meta property=\"og:url\" content=\"https:\/\/royalestate.bg\/pl\/o-bulgarii\/elenite\/\" \/>\n<meta property=\"og:site_name\" content=\"Real Estate Agency in Sunny Beach\" \/>\n<meta property=\"article:modified_time\" content=\"2022-05-17T07:31:56+00:00\" \/>\n<meta property=\"og:image\" content=\"https:\/\/royalestate.bg\/wp-content\/uploads\/properties\/bulgaria\/bulgaria_elenite.jpg?v=1652772362\" \/>\n\t<meta property=\"og:image:width\" content=\"1200\" \/>\n\t<meta property=\"og:image:height\" content=\"499\" \/>\n\t<meta property=\"og:image:type\" content=\"image\/jpeg\" \/>\n<meta name=\"twitter:card\" content=\"summary_large_image\" \/>\n<meta name=\"twitter:label1\" content=\"Szacowany czas czytania\" \/>\n\t<meta name=\"twitter:data1\" content=\"2 minuty\" \/>\n<script type=\"application\/ld+json\" class=\"yoast-schema-graph\">{\"@context\":\"https:\\\/\\\/schema.org\",\"@graph\":[{\"@type\":\"WebPage\",\"@id\":\"https:\\\/\\\/royalestate.bg\\\/pl\\\/o-bulgarii\\\/elenite\\\/\",\"url\":\"https:\\\/\\\/royalestate.bg\\\/pl\\\/o-bulgarii\\\/elenite\\\/\",\"name\":\"Elenite - Real Estate Agency in Sunny Beach\",\"isPartOf\":{\"@id\":\"https:\\\/\\\/royalestate.bg\\\/pl\\\/#website\"},\"primaryImageOfPage\":{\"@id\":\"https:\\\/\\\/royalestate.bg\\\/pl\\\/o-bulgarii\\\/elenite\\\/#primaryimage\"},\"image\":{\"@id\":\"https:\\\/\\\/royalestate.bg\\\/pl\\\/o-bulgarii\\\/elenite\\\/#primaryimage\"},\"thumbnailUrl\":\"http:\\\/\\\/staging.royalestate.bg\\\/wp-content\\\/uploads\\\/properties\\\/bulgaria\\\/bulgaria_elenite.jpg\",\"datePublished\":\"2022-05-17T07:25:08+00:00\",\"dateModified\":\"2022-05-17T07:31:56+00:00\",\"breadcrumb\":{\"@id\":\"https:\\\/\\\/royalestate.bg\\\/pl\\\/o-bulgarii\\\/elenite\\\/#breadcrumb\"},\"inLanguage\":\"pl-PL\",\"potentialAction\":[{\"@type\":\"ReadAction\",\"target\":[\"https:\\\/\\\/royalestate.bg\\\/pl\\\/o-bulgarii\\\/elenite\\\/\"]}]},{\"@type\":\"ImageObject\",\"inLanguage\":\"pl-PL\",\"@id\":\"https:\\\/\\\/royalestate.bg\\\/pl\\\/o-bulgarii\\\/elenite\\\/#primaryimage\",\"url\":\"http:\\\/\\\/staging.royalestate.bg\\\/wp-content\\\/uploads\\\/properties\\\/bulgaria\\\/bulgaria_elenite.jpg\",\"contentUrl\":\"http:\\\/\\\/staging.royalestate.bg\\\/wp-content\\\/uploads\\\/properties\\\/bulgaria\\\/bulgaria_elenite.jpg\"},{\"@type\":\"BreadcrumbList\",\"@id\":\"https:\\\/\\\/royalestate.bg\\\/pl\\\/o-bulgarii\\\/elenite\\\/#breadcrumb\",\"itemListElement\":[{\"@type\":\"ListItem\",\"position\":1,\"name\":\"Home\",\"item\":\"https:\\\/\\\/royalestate.bg\\\/pl\\\/dom\\\/\"},{\"@type\":\"ListItem\",\"position\":2,\"name\":\"O Bu\u0142garii\",\"item\":\"https:\\\/\\\/royalestate.bg\\\/pl\\\/o-bulgarii\\\/\"},{\"@type\":\"ListItem\",\"position\":3,\"name\":\"Elenite\"}]},{\"@type\":\"WebSite\",\"@id\":\"https:\\\/\\\/royalestate.bg\\\/pl\\\/#website\",\"url\":\"https:\\\/\\\/royalestate.bg\\\/pl\\\/\",\"name\":\"Real Estate Agency in Sunny Beach\",\"description\":\"Apartments and Houses For Sale\",\"publisher\":{\"@id\":\"https:\\\/\\\/royalestate.bg\\\/pl\\\/#organization\"},\"potentialAction\":[{\"@type\":\"SearchAction\",\"target\":{\"@type\":\"EntryPoint\",\"urlTemplate\":\"https:\\\/\\\/royalestate.bg\\\/pl\\\/?s={search_term_string}\"},\"query-input\":{\"@type\":\"PropertyValueSpecification\",\"valueRequired\":true,\"valueName\":\"search_term_string\"}}],\"inLanguage\":\"pl-PL\"},{\"@type\":\"Organization\",\"@id\":\"https:\\\/\\\/royalestate.bg\\\/pl\\\/#organization\",\"name\":\"Real Estate Agency in Sunny Beach\",\"url\":\"https:\\\/\\\/royalestate.bg\\\/pl\\\/\",\"logo\":{\"@type\":\"ImageObject\",\"inLanguage\":\"pl-PL\",\"@id\":\"https:\\\/\\\/royalestate.bg\\\/pl\\\/#\\\/schema\\\/logo\\\/image\\\/\",\"url\":\"https:\\\/\\\/royalestate.bg\\\/wp-content\\\/uploads\\\/properties\\\/logo\\\/logo_royal_estate_bg.png\",\"contentUrl\":\"https:\\\/\\\/royalestate.bg\\\/wp-content\\\/uploads\\\/properties\\\/logo\\\/logo_royal_estate_bg.png\",\"width\":177,\"height\":115,\"caption\":\"Real Estate Agency in Sunny Beach\"},\"image\":{\"@id\":\"https:\\\/\\\/royalestate.bg\\\/pl\\\/#\\\/schema\\\/logo\\\/image\\\/\"}}]}<\/script>\n<!-- \/ Yoast SEO plugin. -->","yoast_head_json":{"title":"Elenite - Real Estate Agency in Sunny Beach","robots":{"index":"index","follow":"follow","max-snippet":"max-snippet:-1","max-image-preview":"max-image-preview:large","max-video-preview":"max-video-preview:-1"},"canonical":"https:\/\/royalestate.bg\/pl\/o-bulgarii\/elenite\/","og_locale":"pl_PL","og_type":"article","og_title":"Elenite - Real Estate Agency in Sunny Beach","og_description":"INFORMACJE O O\u015aRODKU Oko\u0142o 50 km na p\u00f3\u0142noc od Burgas, na najbardziej wysuni\u0119tym na po\u0142udnie kra\u0144cu Ba\u0142kan\u00f3w, znajduje si\u0119 nowoczesny nadmorski kurort Elenite. Znajduje si\u0119 w pobli\u017cu innych atrakcyjnych kurort\u00f3w S\u0142oneczny Brzeg, \u015awi\u0119ty W\u0142as, Nesebyr i Rawda. Ten kompleks wakacyjny oferuje r\u00f3\u017cnorodne luksusowe hotele i domy oraz kompleksy mieszkalne, otoczone z jednej strony g\u00f3rami, az...","og_url":"https:\/\/royalestate.bg\/pl\/o-bulgarii\/elenite\/","og_site_name":"Real Estate Agency in Sunny Beach","article_modified_time":"2022-05-17T07:31:56+00:00","og_image":[{"width":1200,"height":499,"url":"https:\/\/royalestate.bg\/wp-content\/uploads\/properties\/bulgaria\/bulgaria_elenite.jpg?v=1652772362","type":"image\/jpeg"}],"twitter_card":"summary_large_image","twitter_misc":{"Szacowany czas czytania":"2 minuty"},"schema":{"@context":"https:\/\/schema.org","@graph":[{"@type":"WebPage","@id":"https:\/\/royalestate.bg\/pl\/o-bulgarii\/elenite\/","url":"https:\/\/royalestate.bg\/pl\/o-bulgarii\/elenite\/","name":"Elenite - Real Estate Agency in Sunny Beach","isPartOf":{"@id":"https:\/\/royalestate.bg\/pl\/#website"},"primaryImageOfPage":{"@id":"https:\/\/royalestate.bg\/pl\/o-bulgarii\/elenite\/#primaryimage"},"image":{"@id":"https:\/\/royalestate.bg\/pl\/o-bulgarii\/elenite\/#primaryimage"},"thumbnailUrl":"http:\/\/staging.royalestate.bg\/wp-content\/uploads\/properties\/bulgaria\/bulgaria_elenite.jpg","datePublished":"2022-05-17T07:25:08+00:00","dateModified":"2022-05-17T07:31:56+00:00","breadcrumb":{"@id":"https:\/\/royalestate.bg\/pl\/o-bulgarii\/elenite\/#breadcrumb"},"inLanguage":"pl-PL","potentialAction":[{"@type":"ReadAction","target":["https:\/\/royalestate.bg\/pl\/o-bulgarii\/elenite\/"]}]},{"@type":"ImageObject","inLanguage":"pl-PL","@id":"https:\/\/royalestate.bg\/pl\/o-bulgarii\/elenite\/#primaryimage","url":"http:\/\/staging.royalestate.bg\/wp-content\/uploads\/properties\/bulgaria\/bulgaria_elenite.jpg","contentUrl":"http:\/\/staging.royalestate.bg\/wp-content\/uploads\/properties\/bulgaria\/bulgaria_elenite.jpg"},{"@type":"BreadcrumbList","@id":"https:\/\/royalestate.bg\/pl\/o-bulgarii\/elenite\/#breadcrumb","itemListElement":[{"@type":"ListItem","position":1,"name":"Home","item":"https:\/\/royalestate.bg\/pl\/dom\/"},{"@type":"ListItem","position":2,"name":"O Bu\u0142garii","item":"https:\/\/royalestate.bg\/pl\/o-bulgarii\/"},{"@type":"ListItem","position":3,"name":"Elenite"}]},{"@type":"WebSite","@id":"https:\/\/royalestate.bg\/pl\/#website","url":"https:\/\/royalestate.bg\/pl\/","name":"Real Estate Agency in Sunny Beach","description":"Apartments and Houses For Sale","publisher":{"@id":"https:\/\/royalestate.bg\/pl\/#organization"},"potentialAction":[{"@type":"SearchAction","target":{"@type":"EntryPoint","urlTemplate":"https:\/\/royalestate.bg\/pl\/?s={search_term_string}"},"query-input":{"@type":"PropertyValueSpecification","valueRequired":true,"valueName":"search_term_string"}}],"inLanguage":"pl-PL"},{"@type":"Organization","@id":"https:\/\/royalestate.bg\/pl\/#organization","name":"Real Estate Agency in Sunny Beach","url":"https:\/\/royalestate.bg\/pl\/","logo":{"@type":"ImageObject","inLanguage":"pl-PL","@id":"https:\/\/royalestate.bg\/pl\/#\/schema\/logo\/image\/","url":"https:\/\/royalestate.bg\/wp-content\/uploads\/properties\/logo\/logo_royal_estate_bg.png","contentUrl":"https:\/\/royalestate.bg\/wp-content\/uploads\/properties\/logo\/logo_royal_estate_bg.png","width":177,"height":115,"caption":"Real Estate Agency in Sunny Beach"},"image":{"@id":"https:\/\/royalestate.bg\/pl\/#\/schema\/logo\/image\/"}}]}},"_links":{"self":[{"href":"https:\/\/royalestate.bg\/pl\/wp-json\/wp\/v2\/pages\/135164","targetHints":{"allow":["GET"]}}],"collection":[{"href":"https:\/\/royalestate.bg\/pl\/wp-json\/wp\/v2\/pages"}],"about":[{"href":"https:\/\/royalestate.bg\/pl\/wp-json\/wp\/v2\/types\/page"}],"author":[{"embeddable":true,"href":"https:\/\/royalestate.bg\/pl\/wp-json\/wp\/v2\/users\/1"}],"replies":[{"embeddable":true,"href":"https:\/\/royalestate.bg\/pl\/wp-json\/wp\/v2\/comments?post=135164"}],"version-history":[{"count":0,"href":"https:\/\/royalestate.bg\/pl\/wp-json\/wp\/v2\/pages\/135164\/revisions"}],"up":[{"embeddable":true,"href":"https:\/\/royalestate.bg\/pl\/wp-json\/wp\/v2\/pages\/134957"}],"wp:attachment":[{"href":"https:\/\/royalestate.bg\/pl\/wp-json\/wp\/v2\/media?parent=135164"}],"curies":[{"name":"wp","href":"https:\/\/api.w.org\/{rel}","templated":true}]}}