{"id":135044,"date":"2022-05-16T19:39:04","date_gmt":"2022-05-16T16:39:04","guid":{"rendered":"http:\/\/staging.royalestate.bg\/o-bulgarii\/rawda\/"},"modified":"2022-05-16T20:03:40","modified_gmt":"2022-05-16T17:03:40","slug":"rawda","status":"publish","type":"page","link":"https:\/\/royalestate.bg\/pl\/o-bulgarii\/rawda\/","title":{"rendered":"Rawda"},"content":{"rendered":"\n<figure class=\"wp-block-image size-full\"><img fetchpriority=\"high\" decoding=\"async\" width=\"1187\" height=\"794\" src=\"http:\/\/staging.royalestate.bg\/wp-content\/uploads\/properties\/bulgaria\/bulgaria_ravda.jpg\" alt=\"\" class=\"wp-image-135024\" srcset=\"https:\/\/royalestate.bg\/wp-content\/uploads\/properties\/bulgaria\/bulgaria_ravda.jpg?v=1652720208 1187w, https:\/\/royalestate.bg\/wp-content\/uploads\/properties\/bulgaria\/bulgaria_ravda-150x100.jpg?v=1652720208 150w, https:\/\/royalestate.bg\/wp-content\/uploads\/properties\/bulgaria\/bulgaria_ravda-488x326.jpg?v=1652720208 488w\" sizes=\"(max-width: 1187px) 100vw, 1187px\" \/><\/figure>\n\n<h3 class=\"wp-block-heading\">INFORMACJE O O\u015aRODKU<\/h3>\n\n<p>Rawda to ma\u0142y nadmorski kurort w po\u0142udniowej Bu\u0142garii. Wioska nadmorska po\u0142o\u017cona jest 25 km na p\u00f3\u0142noc od Burgas, 3 km na po\u0142udnie od Nesebyru i 5 km od s\u0142ynnego kurortu S\u0142oneczny Brzeg. Na wschodzie Rawda powoli \u0142\u0105czy si\u0119 z przedmie\u015bciami Nesebyru. Oba miejsca s\u0105 fantazyjnie oddzielone szerok\u0105 zatok\u0105. Do Nesebyru, a tak\u017ce do S\u0142onecznego Brzegu zabierze turyst\u00f3w poci\u0105g turystyczny lub regularna linia autobusowa. Kurort Rawda polecamy szczeg\u00f3lnie klientom, kt\u00f3rzy szukaj\u0105 spokojniejszych kurort\u00f3w.     <\/p>\n\n<p>Dobre warunki klimatyczne i blisko\u015b\u0107 zabytkowego Nesebyru sprawiaj\u0105, \u017ce wie\u015b jest popularnym miejscem nad Morzem Czarnym. Chocia\u017c ma t\u0119tni\u0105cy \u017cyciem przemys\u0142 budowlany, Rawda jest nadal jednym z cichszych kurort\u00f3w. Tutejsze pla\u017ce nie s\u0105 zat\u0142oczone, a ceny niskie i niezwykle atrakcyjne.  <\/p>\n\n<p>W ostatnich latach dzi\u0119ki turystyce Rawda szybko si\u0119 rozwin\u0119\u0142a i sta\u0142a si\u0119 bardzo popularnym kurortem. Pla\u017ca jest piaszczysta ze stopniowym wej\u015bciem do morza. Oczywi\u015bcie na pla\u017cy s\u0105 bary i restauracje. Le\u017caki i parasole mo\u017cna wypo\u017cyczy\u0107 za op\u0142at\u0105 i wybra\u0107 z szerokiej gamy sport\u00f3w wodnych. Miejsce jest znacznie spokojniejsze ni\u017c S\u0142oneczny Brzeg czy Nesebyr, ale jednocze\u015bnie jest tu wiele sklep\u00f3w spo\u017cywczych, kawiarni i r\u00f3\u017cnorodnych restauracji.    <\/p>\n\n<p>Dlatego Rawda jest idealnym miejscem dla ka\u017cdego, kto chce sp\u0119dzi\u0107 relaksuj\u0105ce wakacje poza ruchliwymi centrami turystycznymi. Je\u015bli jednak t\u0119sknisz za gwarnym \u017cyciem nocnym lub dziennym wi\u0119kszych miast, zawsze mo\u017cesz uda\u0107 si\u0119 do pobliskiego Nesebyru lub S\u0142onecznego Brzegu dzi\u0119ki regularnej komunikacji autobusowej. <\/p>\n\n<p>Latem Rawda staje si\u0119 bardzo popularnym pi\u0119knym kurortem z bogat\u0105 ofert\u0105 rozrywek zar\u00f3wno dla dzieci jak i doros\u0142ych. Mo\u017cesz odwiedzi\u0107 wiele sklep\u00f3w, restauracji, dyskotek, park rozrywki dla dzieci. Wielk\u0105 atrakcj\u0105 jest r\u00f3wnie\u017c nowy, nowoczesny park wodny. Gor\u0105co polecamy ten o\u015brodek klientom w ka\u017cdym wieku, a tak\u017ce rodzinom z dzie\u0107mi.   <\/p>\n\n<p>Stare miasto Nesebyru znajduje si\u0119 zaledwie kilka minut jazdy od Rawdy. W niewielkiej odleg\u0142o\u015bci od Nesebyru znajduje si\u0119 jeden z najbardziej luksusowych bu\u0142garskich kurort\u00f3w \u2013 S\u0142oneczny Brzeg. Mo\u017cesz r\u00f3wnie\u017c odwiedzi\u0107 o\u015brodki wypoczynkowe Elenite i \u015awi\u0119ty W\u0142as.  <\/p>\n","protected":false},"excerpt":{"rendered":"<p>INFORMACJE O O\u015aRODKU Rawda to ma\u0142y nadmorski kurort w po\u0142udniowej Bu\u0142garii. Wioska nadmorska po\u0142o\u017cona jest 25 km na p\u00f3\u0142noc od Burgas, 3 km na po\u0142udnie od Nesebyru i 5 km od s\u0142ynnego kurortu S\u0142oneczny Brzeg. Na wschodzie Rawda powoli \u0142\u0105czy si\u0119 z przedmie\u015bciami Nesebyru. Oba miejsca s\u0105 fantazyjnie oddzielone szerok\u0105 zatok\u0105. Do Nesebyru, a tak\u017ce&#8230;<\/p>\n","protected":false},"author":1,"featured_media":0,"parent":134957,"menu_order":155,"comment_status":"closed","ping_status":"closed","template":"","meta":{"_acf_changed":false,"footnotes":""},"class_list":["post-135044","page","type-page","status-publish","hentry"],"acf":[],"yoast_head":"<!-- This site is optimized with the Yoast SEO plugin v27.3 - https:\/\/yoast.com\/product\/yoast-seo-wordpress\/ -->\n<title>Rawda - Real Estate Agency in Sunny Beach<\/title>\n<meta name=\"robots\" content=\"index, follow, max-snippet:-1, max-image-preview:large, max-video-preview:-1\" \/>\n<link rel=\"canonical\" href=\"https:\/\/royalestate.bg\/pl\/o-bulgarii\/rawda\/\" \/>\n<meta property=\"og:locale\" content=\"pl_PL\" \/>\n<meta property=\"og:type\" content=\"article\" \/>\n<meta property=\"og:title\" content=\"Rawda - Real Estate Agency in Sunny Beach\" \/>\n<meta property=\"og:description\" content=\"INFORMACJE O O\u015aRODKU Rawda to ma\u0142y nadmorski kurort w po\u0142udniowej Bu\u0142garii. Wioska nadmorska po\u0142o\u017cona jest 25 km na p\u00f3\u0142noc od Burgas, 3 km na po\u0142udnie od Nesebyru i 5 km od s\u0142ynnego kurortu S\u0142oneczny Brzeg. Na wschodzie Rawda powoli \u0142\u0105czy si\u0119 z przedmie\u015bciami Nesebyru. Oba miejsca s\u0105 fantazyjnie oddzielone szerok\u0105 zatok\u0105. Do Nesebyru, a tak\u017ce...\" \/>\n<meta property=\"og:url\" content=\"https:\/\/royalestate.bg\/pl\/o-bulgarii\/rawda\/\" \/>\n<meta property=\"og:site_name\" content=\"Real Estate Agency in Sunny Beach\" \/>\n<meta property=\"article:modified_time\" content=\"2022-05-16T17:03:40+00:00\" \/>\n<meta property=\"og:image\" content=\"https:\/\/royalestate.bg\/wp-content\/uploads\/properties\/bulgaria\/bulgaria_ravda.jpg?v=1652720208\" \/>\n\t<meta property=\"og:image:width\" content=\"1187\" \/>\n\t<meta property=\"og:image:height\" content=\"794\" \/>\n\t<meta property=\"og:image:type\" content=\"image\/jpeg\" \/>\n<meta name=\"twitter:card\" content=\"summary_large_image\" \/>\n<meta name=\"twitter:label1\" content=\"Szacowany czas czytania\" \/>\n\t<meta name=\"twitter:data1\" content=\"2 minuty\" \/>\n<script type=\"application\/ld+json\" class=\"yoast-schema-graph\">{\"@context\":\"https:\\\/\\\/schema.org\",\"@graph\":[{\"@type\":\"WebPage\",\"@id\":\"https:\\\/\\\/royalestate.bg\\\/pl\\\/o-bulgarii\\\/rawda\\\/\",\"url\":\"https:\\\/\\\/royalestate.bg\\\/pl\\\/o-bulgarii\\\/rawda\\\/\",\"name\":\"Rawda - Real Estate Agency in Sunny Beach\",\"isPartOf\":{\"@id\":\"https:\\\/\\\/royalestate.bg\\\/pl\\\/#website\"},\"primaryImageOfPage\":{\"@id\":\"https:\\\/\\\/royalestate.bg\\\/pl\\\/o-bulgarii\\\/rawda\\\/#primaryimage\"},\"image\":{\"@id\":\"https:\\\/\\\/royalestate.bg\\\/pl\\\/o-bulgarii\\\/rawda\\\/#primaryimage\"},\"thumbnailUrl\":\"http:\\\/\\\/staging.royalestate.bg\\\/wp-content\\\/uploads\\\/properties\\\/bulgaria\\\/bulgaria_ravda.jpg\",\"datePublished\":\"2022-05-16T16:39:04+00:00\",\"dateModified\":\"2022-05-16T17:03:40+00:00\",\"breadcrumb\":{\"@id\":\"https:\\\/\\\/royalestate.bg\\\/pl\\\/o-bulgarii\\\/rawda\\\/#breadcrumb\"},\"inLanguage\":\"pl-PL\",\"potentialAction\":[{\"@type\":\"ReadAction\",\"target\":[\"https:\\\/\\\/royalestate.bg\\\/pl\\\/o-bulgarii\\\/rawda\\\/\"]}]},{\"@type\":\"ImageObject\",\"inLanguage\":\"pl-PL\",\"@id\":\"https:\\\/\\\/royalestate.bg\\\/pl\\\/o-bulgarii\\\/rawda\\\/#primaryimage\",\"url\":\"http:\\\/\\\/staging.royalestate.bg\\\/wp-content\\\/uploads\\\/properties\\\/bulgaria\\\/bulgaria_ravda.jpg\",\"contentUrl\":\"http:\\\/\\\/staging.royalestate.bg\\\/wp-content\\\/uploads\\\/properties\\\/bulgaria\\\/bulgaria_ravda.jpg\"},{\"@type\":\"BreadcrumbList\",\"@id\":\"https:\\\/\\\/royalestate.bg\\\/pl\\\/o-bulgarii\\\/rawda\\\/#breadcrumb\",\"itemListElement\":[{\"@type\":\"ListItem\",\"position\":1,\"name\":\"Home\",\"item\":\"https:\\\/\\\/royalestate.bg\\\/pl\\\/dom\\\/\"},{\"@type\":\"ListItem\",\"position\":2,\"name\":\"O Bu\u0142garii\",\"item\":\"https:\\\/\\\/royalestate.bg\\\/pl\\\/o-bulgarii\\\/\"},{\"@type\":\"ListItem\",\"position\":3,\"name\":\"Rawda\"}]},{\"@type\":\"WebSite\",\"@id\":\"https:\\\/\\\/royalestate.bg\\\/pl\\\/#website\",\"url\":\"https:\\\/\\\/royalestate.bg\\\/pl\\\/\",\"name\":\"Real Estate Agency in Sunny Beach\",\"description\":\"Apartments and Houses For Sale\",\"publisher\":{\"@id\":\"https:\\\/\\\/royalestate.bg\\\/pl\\\/#organization\"},\"potentialAction\":[{\"@type\":\"SearchAction\",\"target\":{\"@type\":\"EntryPoint\",\"urlTemplate\":\"https:\\\/\\\/royalestate.bg\\\/pl\\\/?s={search_term_string}\"},\"query-input\":{\"@type\":\"PropertyValueSpecification\",\"valueRequired\":true,\"valueName\":\"search_term_string\"}}],\"inLanguage\":\"pl-PL\"},{\"@type\":\"Organization\",\"@id\":\"https:\\\/\\\/royalestate.bg\\\/pl\\\/#organization\",\"name\":\"Real Estate Agency in Sunny Beach\",\"url\":\"https:\\\/\\\/royalestate.bg\\\/pl\\\/\",\"logo\":{\"@type\":\"ImageObject\",\"inLanguage\":\"pl-PL\",\"@id\":\"https:\\\/\\\/royalestate.bg\\\/pl\\\/#\\\/schema\\\/logo\\\/image\\\/\",\"url\":\"https:\\\/\\\/royalestate.bg\\\/wp-content\\\/uploads\\\/properties\\\/logo\\\/logo_royal_estate_bg.png\",\"contentUrl\":\"https:\\\/\\\/royalestate.bg\\\/wp-content\\\/uploads\\\/properties\\\/logo\\\/logo_royal_estate_bg.png\",\"width\":177,\"height\":115,\"caption\":\"Real Estate Agency in Sunny Beach\"},\"image\":{\"@id\":\"https:\\\/\\\/royalestate.bg\\\/pl\\\/#\\\/schema\\\/logo\\\/image\\\/\"}}]}<\/script>\n<!-- \/ Yoast SEO plugin. -->","yoast_head_json":{"title":"Rawda - Real Estate Agency in Sunny Beach","robots":{"index":"index","follow":"follow","max-snippet":"max-snippet:-1","max-image-preview":"max-image-preview:large","max-video-preview":"max-video-preview:-1"},"canonical":"https:\/\/royalestate.bg\/pl\/o-bulgarii\/rawda\/","og_locale":"pl_PL","og_type":"article","og_title":"Rawda - Real Estate Agency in Sunny Beach","og_description":"INFORMACJE O O\u015aRODKU Rawda to ma\u0142y nadmorski kurort w po\u0142udniowej Bu\u0142garii. Wioska nadmorska po\u0142o\u017cona jest 25 km na p\u00f3\u0142noc od Burgas, 3 km na po\u0142udnie od Nesebyru i 5 km od s\u0142ynnego kurortu S\u0142oneczny Brzeg. Na wschodzie Rawda powoli \u0142\u0105czy si\u0119 z przedmie\u015bciami Nesebyru. Oba miejsca s\u0105 fantazyjnie oddzielone szerok\u0105 zatok\u0105. Do Nesebyru, a tak\u017ce...","og_url":"https:\/\/royalestate.bg\/pl\/o-bulgarii\/rawda\/","og_site_name":"Real Estate Agency in Sunny Beach","article_modified_time":"2022-05-16T17:03:40+00:00","og_image":[{"width":1187,"height":794,"url":"https:\/\/royalestate.bg\/wp-content\/uploads\/properties\/bulgaria\/bulgaria_ravda.jpg?v=1652720208","type":"image\/jpeg"}],"twitter_card":"summary_large_image","twitter_misc":{"Szacowany czas czytania":"2 minuty"},"schema":{"@context":"https:\/\/schema.org","@graph":[{"@type":"WebPage","@id":"https:\/\/royalestate.bg\/pl\/o-bulgarii\/rawda\/","url":"https:\/\/royalestate.bg\/pl\/o-bulgarii\/rawda\/","name":"Rawda - Real Estate Agency in Sunny Beach","isPartOf":{"@id":"https:\/\/royalestate.bg\/pl\/#website"},"primaryImageOfPage":{"@id":"https:\/\/royalestate.bg\/pl\/o-bulgarii\/rawda\/#primaryimage"},"image":{"@id":"https:\/\/royalestate.bg\/pl\/o-bulgarii\/rawda\/#primaryimage"},"thumbnailUrl":"http:\/\/staging.royalestate.bg\/wp-content\/uploads\/properties\/bulgaria\/bulgaria_ravda.jpg","datePublished":"2022-05-16T16:39:04+00:00","dateModified":"2022-05-16T17:03:40+00:00","breadcrumb":{"@id":"https:\/\/royalestate.bg\/pl\/o-bulgarii\/rawda\/#breadcrumb"},"inLanguage":"pl-PL","potentialAction":[{"@type":"ReadAction","target":["https:\/\/royalestate.bg\/pl\/o-bulgarii\/rawda\/"]}]},{"@type":"ImageObject","inLanguage":"pl-PL","@id":"https:\/\/royalestate.bg\/pl\/o-bulgarii\/rawda\/#primaryimage","url":"http:\/\/staging.royalestate.bg\/wp-content\/uploads\/properties\/bulgaria\/bulgaria_ravda.jpg","contentUrl":"http:\/\/staging.royalestate.bg\/wp-content\/uploads\/properties\/bulgaria\/bulgaria_ravda.jpg"},{"@type":"BreadcrumbList","@id":"https:\/\/royalestate.bg\/pl\/o-bulgarii\/rawda\/#breadcrumb","itemListElement":[{"@type":"ListItem","position":1,"name":"Home","item":"https:\/\/royalestate.bg\/pl\/dom\/"},{"@type":"ListItem","position":2,"name":"O Bu\u0142garii","item":"https:\/\/royalestate.bg\/pl\/o-bulgarii\/"},{"@type":"ListItem","position":3,"name":"Rawda"}]},{"@type":"WebSite","@id":"https:\/\/royalestate.bg\/pl\/#website","url":"https:\/\/royalestate.bg\/pl\/","name":"Real Estate Agency in Sunny Beach","description":"Apartments and Houses For Sale","publisher":{"@id":"https:\/\/royalestate.bg\/pl\/#organization"},"potentialAction":[{"@type":"SearchAction","target":{"@type":"EntryPoint","urlTemplate":"https:\/\/royalestate.bg\/pl\/?s={search_term_string}"},"query-input":{"@type":"PropertyValueSpecification","valueRequired":true,"valueName":"search_term_string"}}],"inLanguage":"pl-PL"},{"@type":"Organization","@id":"https:\/\/royalestate.bg\/pl\/#organization","name":"Real Estate Agency in Sunny Beach","url":"https:\/\/royalestate.bg\/pl\/","logo":{"@type":"ImageObject","inLanguage":"pl-PL","@id":"https:\/\/royalestate.bg\/pl\/#\/schema\/logo\/image\/","url":"https:\/\/royalestate.bg\/wp-content\/uploads\/properties\/logo\/logo_royal_estate_bg.png","contentUrl":"https:\/\/royalestate.bg\/wp-content\/uploads\/properties\/logo\/logo_royal_estate_bg.png","width":177,"height":115,"caption":"Real Estate Agency in Sunny Beach"},"image":{"@id":"https:\/\/royalestate.bg\/pl\/#\/schema\/logo\/image\/"}}]}},"_links":{"self":[{"href":"https:\/\/royalestate.bg\/pl\/wp-json\/wp\/v2\/pages\/135044","targetHints":{"allow":["GET"]}}],"collection":[{"href":"https:\/\/royalestate.bg\/pl\/wp-json\/wp\/v2\/pages"}],"about":[{"href":"https:\/\/royalestate.bg\/pl\/wp-json\/wp\/v2\/types\/page"}],"author":[{"embeddable":true,"href":"https:\/\/royalestate.bg\/pl\/wp-json\/wp\/v2\/users\/1"}],"replies":[{"embeddable":true,"href":"https:\/\/royalestate.bg\/pl\/wp-json\/wp\/v2\/comments?post=135044"}],"version-history":[{"count":0,"href":"https:\/\/royalestate.bg\/pl\/wp-json\/wp\/v2\/pages\/135044\/revisions"}],"up":[{"embeddable":true,"href":"https:\/\/royalestate.bg\/pl\/wp-json\/wp\/v2\/pages\/134957"}],"wp:attachment":[{"href":"https:\/\/royalestate.bg\/pl\/wp-json\/wp\/v2\/media?parent=135044"}],"curies":[{"name":"wp","href":"https:\/\/api.w.org\/{rel}","templated":true}]}}