{"id":134981,"date":"2022-05-16T19:28:44","date_gmt":"2022-05-16T16:28:44","guid":{"rendered":"http:\/\/staging.royalestate.bg\/o-bulgarii\/nesebyr\/"},"modified":"2022-05-16T19:36:43","modified_gmt":"2022-05-16T16:36:43","slug":"nesebyr","status":"publish","type":"page","link":"https:\/\/royalestate.bg\/pl\/o-bulgarii\/nesebyr\/","title":{"rendered":"Nesebyr"},"content":{"rendered":"\n<figure class=\"wp-block-image size-full\"><img fetchpriority=\"high\" decoding=\"async\" width=\"1200\" height=\"800\" src=\"http:\/\/staging.royalestate.bg\/wp-content\/uploads\/properties\/bulgaria\/bulgaria_nessebar.jpg\" alt=\"\" class=\"wp-image-134916\" srcset=\"https:\/\/royalestate.bg\/wp-content\/uploads\/properties\/bulgaria\/bulgaria_nessebar.jpg?v=1652712082 1200w, https:\/\/royalestate.bg\/wp-content\/uploads\/properties\/bulgaria\/bulgaria_nessebar-150x100.jpg?v=1652712082 150w, https:\/\/royalestate.bg\/wp-content\/uploads\/properties\/bulgaria\/bulgaria_nessebar-488x326.jpg?v=1652712082 488w\" sizes=\"(max-width: 1200px) 100vw, 1200px\" \/><\/figure>\n\n<h3 class=\"wp-block-heading\">INFORMACJE O MIE\u015aCIE<\/h3>\n\n<p>Nesebyr liczy 10 000 mieszka\u0144c\u00f3w i znajduje si\u0119 30 km na p\u00f3\u0142nocny wsch\u00f3d od Burgas, na wybrze\u017cu Morza Czarnego. Jej cz\u0119\u015bci\u0105 jest kolejny du\u017cy bu\u0142garski kurort &#8211; S\u0142oneczny Brzeg, a do gminy nale\u017c\u0105 r\u00f3wnie\u017c Rawda, \u015awi\u0119ty W\u0142as i Elenite. Klimat w rejonie Nesebyru jest umiarkowany kontynentalny. \u015arednia temperatura lipca to +23,1 stopnia, a \u015brednia stycznia to +2 stopnie. Maksymalne opady wyst\u0119puj\u0105 we wrze\u015bniu, a lipiec i sierpie\u0144 charakteryzuj\u0105 si\u0119 susz\u0105.    <\/p>\n\n<p>Miasto zosta\u0142o za\u0142o\u017cone ponad 3200 lat temu. Zamieszkiwane przez Trak\u00f3w w p\u00f3\u017anej epoce br\u0105zu, nazwali j\u0105 Melsambri\u0105, co oznacza\u0142o \u201emiasto Melsas\u201d \u2013 prawdopodobnie imi\u0119 za\u0142o\u017cyciela osady. Po nich Dorowie (staro\u017cytne greckie plemi\u0119) przybyli do wsi pod koniec VI wieku p.n.e. Pod ich rz\u0105dami osada rozros\u0142a si\u0119, zbudowano mur forteczny, pojawi\u0142y si\u0119 osiedla mieszkalne. Na pocz\u0105tku I wieku ne miasto sta\u0142o si\u0119 cz\u0119\u015bci\u0105 Cesarstwa Rzymskiego. Potem zacz\u0119li nazywa\u0107 go Mesemvria. Miasto nadal jest wa\u017cnym o\u015brodkiem gospodarczym i kulturalnym. Po tym, jak Cesarstwo Rzymskie przenios\u0142o swoj\u0105 stolic\u0119 do Konstantynopola, a chrze\u015bcija\u0144stwo sta\u0142o si\u0119 oficjaln\u0105 religi\u0105, w Mesembrii zacz\u0119to budowa\u0107 \u015bwi\u0105tynie chrze\u015bcija\u0144skie. Miasto sta\u0142o si\u0119 cz\u0119\u015bci\u0105 Pierwszego Pa\u0144stwa Bu\u0142garskiego w 812 roku, kiedy podbi\u0142 je bu\u0142garski w\u0142adca Khan Krum. Osiedlaj\u0105cy si\u0119 tutaj S\u0142owianie zacz\u0119li nazywa\u0107 miasto Nesebyr. Miasto odegra\u0142o wa\u017cn\u0105 rol\u0119 za panowania cara Kalojana (1197-1207), Iwana Assena II (1218-1241), Konstantyna Cichego (1257-1277).          <\/p>\n\n<p>Latem w antycznym teatrze Starego Nesebyru odbywaj\u0105 si\u0119 koncerty i r\u00f3\u017cne imprezy. Za nim znajduje si\u0119 stacja morska Nesebyr, gdzie w aktywnym sezonie letnim cz\u0119sto mo\u017cna zobaczy\u0107 statki wycieczkowe zacumowane w celu odwiedzenia miasta UNESCO. Je\u015bli chcesz poczu\u0107 ducha Starego Nesebyru, mo\u017cesz si\u0119 tam zatrzyma\u0107 &#8211; oferuje r\u00f3\u017cne rodzaje i ceny nocleg\u00f3w &#8211; hotele rodzinne, kwatery prywatne. W okolicy znajduje si\u0119 r\u00f3wnie\u017c wiele restauracji oferuj\u0105cych doskona\u0142e owoce morza.   <\/p>\n\n<p>Opr\u00f3cz po\u0142\u0105czenia starego i nowego miasta, przesmyk jest ulubionym miejscem spacer\u00f3w go\u015bci i mieszka\u0144c\u00f3w Nesebyru. Po obu stronach, w pobli\u017cu morza, znajduj\u0105 si\u0119 alejki dla pieszych. Jednym z symboli miasta jest wiatrak, kt\u00f3ry znajduje si\u0119 po\u015brodku przesmyku.  <\/p>\n\n<p>Nowa cz\u0119\u015b\u0107 Nesebyru oferuje r\u00f3wnie\u017c r\u00f3\u017cnorodne mo\u017cliwo\u015bci zakwaterowania. Znajduj\u0105 si\u0119 tam r\u00f3wnie\u017c budynki administracji i innych instytucji. P\u00f3\u0142nocne i po\u0142udniowe pla\u017ce Nesebyru znajduj\u0105 si\u0119 po stronie nowej cz\u0119\u015bci miasta. W Starym Nesebyrze jest pla\u017ca, ale nie jest ona du\u017ca. Spragnieni wi\u0119cej adrenaliny i rozrywki mog\u0105 wybra\u0107 si\u0119 na wycieczk\u0119 helikopterem nad Nesebyrem, na pla\u017cach odbywaj\u0105 si\u0119 r\u00f3wnie\u017c wycieczki statkiem, r\u00f3\u017cne sporty wodne. Restauracje w mie\u015bcie s\u0105 niezwykle zr\u00f3\u017cnicowane pod wzgl\u0119dem kategorii i cen. Romantycy preferuj\u0105 restauracje na Starym Mie\u015bcie, a m\u0142odzi szukaj\u0105 rozrywki w nowej cz\u0119\u015bci miasta oraz w pobliskim kurorcie S\u0142oneczny Brzeg.      <\/p>\n\n<p>Miasto Nesebyr obchodzi swoje \u015bwi\u0119to 15 sierpnia. Dniu miasta towarzyszy wiele wydarze\u0144 &#8211; wystawy, koncerty na kilku scenach, procesja religijna (15 sierpnia to Dzie\u0144 Naj\u015bwi\u0119tszej Maryi Panny). <\/p>\n","protected":false},"excerpt":{"rendered":"<p>INFORMACJE O MIE\u015aCIE Nesebyr liczy 10 000 mieszka\u0144c\u00f3w i znajduje si\u0119 30 km na p\u00f3\u0142nocny wsch\u00f3d od Burgas, na wybrze\u017cu Morza Czarnego. Jej cz\u0119\u015bci\u0105 jest kolejny du\u017cy bu\u0142garski kurort &#8211; S\u0142oneczny Brzeg, a do gminy nale\u017c\u0105 r\u00f3wnie\u017c Rawda, \u015awi\u0119ty W\u0142as i Elenite. Klimat w rejonie Nesebyru jest umiarkowany kontynentalny. \u015arednia temperatura lipca to +23,1 stopnia,&#8230;<\/p>\n","protected":false},"author":1,"featured_media":0,"parent":134957,"menu_order":98,"comment_status":"closed","ping_status":"closed","template":"","meta":{"_acf_changed":false,"footnotes":""},"class_list":["post-134981","page","type-page","status-publish","hentry"],"acf":[],"yoast_head":"<!-- This site is optimized with the Yoast SEO plugin v27.3 - https:\/\/yoast.com\/product\/yoast-seo-wordpress\/ -->\n<title>Nesebyr - Real Estate Agency in Sunny Beach<\/title>\n<meta name=\"robots\" content=\"index, follow, max-snippet:-1, max-image-preview:large, max-video-preview:-1\" \/>\n<link rel=\"canonical\" href=\"https:\/\/royalestate.bg\/pl\/o-bulgarii\/nesebyr\/\" \/>\n<meta property=\"og:locale\" content=\"pl_PL\" \/>\n<meta property=\"og:type\" content=\"article\" \/>\n<meta property=\"og:title\" content=\"Nesebyr - Real Estate Agency in Sunny Beach\" \/>\n<meta property=\"og:description\" content=\"INFORMACJE O MIE\u015aCIE Nesebyr liczy 10 000 mieszka\u0144c\u00f3w i znajduje si\u0119 30 km na p\u00f3\u0142nocny wsch\u00f3d od Burgas, na wybrze\u017cu Morza Czarnego. Jej cz\u0119\u015bci\u0105 jest kolejny du\u017cy bu\u0142garski kurort &#8211; S\u0142oneczny Brzeg, a do gminy nale\u017c\u0105 r\u00f3wnie\u017c Rawda, \u015awi\u0119ty W\u0142as i Elenite. Klimat w rejonie Nesebyru jest umiarkowany kontynentalny. \u015arednia temperatura lipca to +23,1 stopnia,...\" \/>\n<meta property=\"og:url\" content=\"https:\/\/royalestate.bg\/pl\/o-bulgarii\/nesebyr\/\" \/>\n<meta property=\"og:site_name\" content=\"Real Estate Agency in Sunny Beach\" \/>\n<meta property=\"article:modified_time\" content=\"2022-05-16T16:36:43+00:00\" \/>\n<meta property=\"og:image\" content=\"https:\/\/royalestate.bg\/wp-content\/uploads\/properties\/bulgaria\/bulgaria_nessebar.jpg?v=1652712082\" \/>\n\t<meta property=\"og:image:width\" content=\"1200\" \/>\n\t<meta property=\"og:image:height\" content=\"800\" \/>\n\t<meta property=\"og:image:type\" content=\"image\/jpeg\" \/>\n<meta name=\"twitter:card\" content=\"summary_large_image\" \/>\n<meta name=\"twitter:label1\" content=\"Szacowany czas czytania\" \/>\n\t<meta name=\"twitter:data1\" content=\"3 minuty\" \/>\n<script type=\"application\/ld+json\" class=\"yoast-schema-graph\">{\"@context\":\"https:\\\/\\\/schema.org\",\"@graph\":[{\"@type\":\"WebPage\",\"@id\":\"https:\\\/\\\/royalestate.bg\\\/pl\\\/o-bulgarii\\\/nesebyr\\\/\",\"url\":\"https:\\\/\\\/royalestate.bg\\\/pl\\\/o-bulgarii\\\/nesebyr\\\/\",\"name\":\"Nesebyr - Real Estate Agency in Sunny Beach\",\"isPartOf\":{\"@id\":\"https:\\\/\\\/royalestate.bg\\\/pl\\\/#website\"},\"primaryImageOfPage\":{\"@id\":\"https:\\\/\\\/royalestate.bg\\\/pl\\\/o-bulgarii\\\/nesebyr\\\/#primaryimage\"},\"image\":{\"@id\":\"https:\\\/\\\/royalestate.bg\\\/pl\\\/o-bulgarii\\\/nesebyr\\\/#primaryimage\"},\"thumbnailUrl\":\"http:\\\/\\\/staging.royalestate.bg\\\/wp-content\\\/uploads\\\/properties\\\/bulgaria\\\/bulgaria_nessebar.jpg\",\"datePublished\":\"2022-05-16T16:28:44+00:00\",\"dateModified\":\"2022-05-16T16:36:43+00:00\",\"breadcrumb\":{\"@id\":\"https:\\\/\\\/royalestate.bg\\\/pl\\\/o-bulgarii\\\/nesebyr\\\/#breadcrumb\"},\"inLanguage\":\"pl-PL\",\"potentialAction\":[{\"@type\":\"ReadAction\",\"target\":[\"https:\\\/\\\/royalestate.bg\\\/pl\\\/o-bulgarii\\\/nesebyr\\\/\"]}]},{\"@type\":\"ImageObject\",\"inLanguage\":\"pl-PL\",\"@id\":\"https:\\\/\\\/royalestate.bg\\\/pl\\\/o-bulgarii\\\/nesebyr\\\/#primaryimage\",\"url\":\"http:\\\/\\\/staging.royalestate.bg\\\/wp-content\\\/uploads\\\/properties\\\/bulgaria\\\/bulgaria_nessebar.jpg\",\"contentUrl\":\"http:\\\/\\\/staging.royalestate.bg\\\/wp-content\\\/uploads\\\/properties\\\/bulgaria\\\/bulgaria_nessebar.jpg\"},{\"@type\":\"BreadcrumbList\",\"@id\":\"https:\\\/\\\/royalestate.bg\\\/pl\\\/o-bulgarii\\\/nesebyr\\\/#breadcrumb\",\"itemListElement\":[{\"@type\":\"ListItem\",\"position\":1,\"name\":\"Home\",\"item\":\"https:\\\/\\\/royalestate.bg\\\/pl\\\/dom\\\/\"},{\"@type\":\"ListItem\",\"position\":2,\"name\":\"O Bu\u0142garii\",\"item\":\"https:\\\/\\\/royalestate.bg\\\/pl\\\/o-bulgarii\\\/\"},{\"@type\":\"ListItem\",\"position\":3,\"name\":\"Nesebyr\"}]},{\"@type\":\"WebSite\",\"@id\":\"https:\\\/\\\/royalestate.bg\\\/pl\\\/#website\",\"url\":\"https:\\\/\\\/royalestate.bg\\\/pl\\\/\",\"name\":\"Real Estate Agency in Sunny Beach\",\"description\":\"Apartments and Houses For Sale\",\"publisher\":{\"@id\":\"https:\\\/\\\/royalestate.bg\\\/pl\\\/#organization\"},\"potentialAction\":[{\"@type\":\"SearchAction\",\"target\":{\"@type\":\"EntryPoint\",\"urlTemplate\":\"https:\\\/\\\/royalestate.bg\\\/pl\\\/?s={search_term_string}\"},\"query-input\":{\"@type\":\"PropertyValueSpecification\",\"valueRequired\":true,\"valueName\":\"search_term_string\"}}],\"inLanguage\":\"pl-PL\"},{\"@type\":\"Organization\",\"@id\":\"https:\\\/\\\/royalestate.bg\\\/pl\\\/#organization\",\"name\":\"Real Estate Agency in Sunny Beach\",\"url\":\"https:\\\/\\\/royalestate.bg\\\/pl\\\/\",\"logo\":{\"@type\":\"ImageObject\",\"inLanguage\":\"pl-PL\",\"@id\":\"https:\\\/\\\/royalestate.bg\\\/pl\\\/#\\\/schema\\\/logo\\\/image\\\/\",\"url\":\"https:\\\/\\\/royalestate.bg\\\/wp-content\\\/uploads\\\/properties\\\/logo\\\/logo_royal_estate_bg.png\",\"contentUrl\":\"https:\\\/\\\/royalestate.bg\\\/wp-content\\\/uploads\\\/properties\\\/logo\\\/logo_royal_estate_bg.png\",\"width\":177,\"height\":115,\"caption\":\"Real Estate Agency in Sunny Beach\"},\"image\":{\"@id\":\"https:\\\/\\\/royalestate.bg\\\/pl\\\/#\\\/schema\\\/logo\\\/image\\\/\"}}]}<\/script>\n<!-- \/ Yoast SEO plugin. -->","yoast_head_json":{"title":"Nesebyr - Real Estate Agency in Sunny Beach","robots":{"index":"index","follow":"follow","max-snippet":"max-snippet:-1","max-image-preview":"max-image-preview:large","max-video-preview":"max-video-preview:-1"},"canonical":"https:\/\/royalestate.bg\/pl\/o-bulgarii\/nesebyr\/","og_locale":"pl_PL","og_type":"article","og_title":"Nesebyr - Real Estate Agency in Sunny Beach","og_description":"INFORMACJE O MIE\u015aCIE Nesebyr liczy 10 000 mieszka\u0144c\u00f3w i znajduje si\u0119 30 km na p\u00f3\u0142nocny wsch\u00f3d od Burgas, na wybrze\u017cu Morza Czarnego. Jej cz\u0119\u015bci\u0105 jest kolejny du\u017cy bu\u0142garski kurort &#8211; S\u0142oneczny Brzeg, a do gminy nale\u017c\u0105 r\u00f3wnie\u017c Rawda, \u015awi\u0119ty W\u0142as i Elenite. Klimat w rejonie Nesebyru jest umiarkowany kontynentalny. \u015arednia temperatura lipca to +23,1 stopnia,...","og_url":"https:\/\/royalestate.bg\/pl\/o-bulgarii\/nesebyr\/","og_site_name":"Real Estate Agency in Sunny Beach","article_modified_time":"2022-05-16T16:36:43+00:00","og_image":[{"width":1200,"height":800,"url":"https:\/\/royalestate.bg\/wp-content\/uploads\/properties\/bulgaria\/bulgaria_nessebar.jpg?v=1652712082","type":"image\/jpeg"}],"twitter_card":"summary_large_image","twitter_misc":{"Szacowany czas czytania":"3 minuty"},"schema":{"@context":"https:\/\/schema.org","@graph":[{"@type":"WebPage","@id":"https:\/\/royalestate.bg\/pl\/o-bulgarii\/nesebyr\/","url":"https:\/\/royalestate.bg\/pl\/o-bulgarii\/nesebyr\/","name":"Nesebyr - Real Estate Agency in Sunny Beach","isPartOf":{"@id":"https:\/\/royalestate.bg\/pl\/#website"},"primaryImageOfPage":{"@id":"https:\/\/royalestate.bg\/pl\/o-bulgarii\/nesebyr\/#primaryimage"},"image":{"@id":"https:\/\/royalestate.bg\/pl\/o-bulgarii\/nesebyr\/#primaryimage"},"thumbnailUrl":"http:\/\/staging.royalestate.bg\/wp-content\/uploads\/properties\/bulgaria\/bulgaria_nessebar.jpg","datePublished":"2022-05-16T16:28:44+00:00","dateModified":"2022-05-16T16:36:43+00:00","breadcrumb":{"@id":"https:\/\/royalestate.bg\/pl\/o-bulgarii\/nesebyr\/#breadcrumb"},"inLanguage":"pl-PL","potentialAction":[{"@type":"ReadAction","target":["https:\/\/royalestate.bg\/pl\/o-bulgarii\/nesebyr\/"]}]},{"@type":"ImageObject","inLanguage":"pl-PL","@id":"https:\/\/royalestate.bg\/pl\/o-bulgarii\/nesebyr\/#primaryimage","url":"http:\/\/staging.royalestate.bg\/wp-content\/uploads\/properties\/bulgaria\/bulgaria_nessebar.jpg","contentUrl":"http:\/\/staging.royalestate.bg\/wp-content\/uploads\/properties\/bulgaria\/bulgaria_nessebar.jpg"},{"@type":"BreadcrumbList","@id":"https:\/\/royalestate.bg\/pl\/o-bulgarii\/nesebyr\/#breadcrumb","itemListElement":[{"@type":"ListItem","position":1,"name":"Home","item":"https:\/\/royalestate.bg\/pl\/dom\/"},{"@type":"ListItem","position":2,"name":"O Bu\u0142garii","item":"https:\/\/royalestate.bg\/pl\/o-bulgarii\/"},{"@type":"ListItem","position":3,"name":"Nesebyr"}]},{"@type":"WebSite","@id":"https:\/\/royalestate.bg\/pl\/#website","url":"https:\/\/royalestate.bg\/pl\/","name":"Real Estate Agency in Sunny Beach","description":"Apartments and Houses For Sale","publisher":{"@id":"https:\/\/royalestate.bg\/pl\/#organization"},"potentialAction":[{"@type":"SearchAction","target":{"@type":"EntryPoint","urlTemplate":"https:\/\/royalestate.bg\/pl\/?s={search_term_string}"},"query-input":{"@type":"PropertyValueSpecification","valueRequired":true,"valueName":"search_term_string"}}],"inLanguage":"pl-PL"},{"@type":"Organization","@id":"https:\/\/royalestate.bg\/pl\/#organization","name":"Real Estate Agency in Sunny Beach","url":"https:\/\/royalestate.bg\/pl\/","logo":{"@type":"ImageObject","inLanguage":"pl-PL","@id":"https:\/\/royalestate.bg\/pl\/#\/schema\/logo\/image\/","url":"https:\/\/royalestate.bg\/wp-content\/uploads\/properties\/logo\/logo_royal_estate_bg.png","contentUrl":"https:\/\/royalestate.bg\/wp-content\/uploads\/properties\/logo\/logo_royal_estate_bg.png","width":177,"height":115,"caption":"Real Estate Agency in Sunny Beach"},"image":{"@id":"https:\/\/royalestate.bg\/pl\/#\/schema\/logo\/image\/"}}]}},"_links":{"self":[{"href":"https:\/\/royalestate.bg\/pl\/wp-json\/wp\/v2\/pages\/134981","targetHints":{"allow":["GET"]}}],"collection":[{"href":"https:\/\/royalestate.bg\/pl\/wp-json\/wp\/v2\/pages"}],"about":[{"href":"https:\/\/royalestate.bg\/pl\/wp-json\/wp\/v2\/types\/page"}],"author":[{"embeddable":true,"href":"https:\/\/royalestate.bg\/pl\/wp-json\/wp\/v2\/users\/1"}],"replies":[{"embeddable":true,"href":"https:\/\/royalestate.bg\/pl\/wp-json\/wp\/v2\/comments?post=134981"}],"version-history":[{"count":0,"href":"https:\/\/royalestate.bg\/pl\/wp-json\/wp\/v2\/pages\/134981\/revisions"}],"up":[{"embeddable":true,"href":"https:\/\/royalestate.bg\/pl\/wp-json\/wp\/v2\/pages\/134957"}],"wp:attachment":[{"href":"https:\/\/royalestate.bg\/pl\/wp-json\/wp\/v2\/media?parent=134981"}],"curies":[{"name":"wp","href":"https:\/\/api.w.org\/{rel}","templated":true}]}}