{"id":134957,"date":"2022-05-16T17:32:39","date_gmt":"2022-05-16T14:32:39","guid":{"rendered":"http:\/\/staging.royalestate.bg\/o-bulgarii\/"},"modified":"2022-05-16T18:02:23","modified_gmt":"2022-05-16T15:02:23","slug":"o-bulgarii","status":"publish","type":"page","link":"https:\/\/royalestate.bg\/pl\/o-bulgarii\/","title":{"rendered":"O Bu\u0142garii"},"content":{"rendered":"\n<figure class=\"wp-block-image size-full\"><img fetchpriority=\"high\" decoding=\"async\" width=\"1200\" height=\"800\" src=\"http:\/\/staging.royalestate.bg\/wp-content\/uploads\/properties\/bulgaria\/bulgaria_blue_mountains.jpg\" alt=\"\" class=\"wp-image-134909\" srcset=\"https:\/\/royalestate.bg\/wp-content\/uploads\/properties\/bulgaria\/bulgaria_blue_mountains.jpg?v=1652712078 1200w, https:\/\/royalestate.bg\/wp-content\/uploads\/properties\/bulgaria\/bulgaria_blue_mountains-150x100.jpg?v=1652712078 150w, https:\/\/royalestate.bg\/wp-content\/uploads\/properties\/bulgaria\/bulgaria_blue_mountains-488x326.jpg?v=1652712078 488w\" sizes=\"(max-width: 1200px) 100vw, 1200px\" \/><figcaption>Niebieskie g\u00f3ry<\/figcaption><\/figure>\n\n<p><strong>Powierzchnia:<\/strong> 110 993,6 km 2 (102 miejsce na \u015bwiecie), z czego 0,3% to woda<\/p>\n\n<p><strong>Strefa czasowa:<\/strong> UTC +2<\/p>\n\n<p><strong>Populacja:<\/strong> 7 262 675 (88 miejsce na \u015bwiecie, 2008)<\/p>\n\n<p><strong>G\u0119sto\u015b\u0107 zaludnienia:<\/strong> 65,43 mieszka\u0144c\u00f3w. \/ km 2 (123 miejsce na \u015bwiecie) <\/p>\n\n<p><strong>J\u0119zyk:<\/strong> bu\u0142garski<\/p>\n\n<p><strong>Religia:<\/strong> bu\u0142garscy prawos\u0142awni 85%, muzu\u0142manie 13%<\/p>\n\n<p><strong>Najwy\u017cszy punkt:<\/strong> szczyt Musala (2925 m n.p.m.)<\/p>\n\n<p><strong>Kraj:<\/strong> Republika<\/p>\n\n<p><strong>Stolica:<\/strong> Sofia (1 402 417 mieszka\u0144c\u00f3w)<\/p>\n\n<figure class=\"wp-block-image size-full\"><img decoding=\"async\" width=\"1200\" height=\"800\" src=\"http:\/\/staging.royalestate.bg\/wp-content\/uploads\/properties\/bulgaria\/bulgaria_nessebar.jpg\" alt=\"\" class=\"wp-image-134916\" srcset=\"https:\/\/royalestate.bg\/wp-content\/uploads\/properties\/bulgaria\/bulgaria_nessebar.jpg?v=1652712082 1200w, https:\/\/royalestate.bg\/wp-content\/uploads\/properties\/bulgaria\/bulgaria_nessebar-150x100.jpg?v=1652712082 150w, https:\/\/royalestate.bg\/wp-content\/uploads\/properties\/bulgaria\/bulgaria_nessebar-488x326.jpg?v=1652712082 488w\" sizes=\"(max-width: 1200px) 100vw, 1200px\" \/><figcaption>Nesebyr<\/figcaption><\/figure>\n\n<p><strong>Klimat:<\/strong> Umiarkowany klimat kontynentalny, wybrze\u017ce Morza Czarnego i rzeka Maritsa tworz\u0105 przej\u015bcie do klimatu \u015br\u00f3dziemnomorskiego, \u015brednie temperatury w styczniu &#8211; 2 do + 2 \u00b0 C, w lipcu 21 do 24 \u00b0 C, \u015brednie roczne opady od 450 mm (Dobrud\u017ca ) do szczyt\u00f3w g\u00f3rskich o wysoko\u015bci 1250 mm).<\/p>\n\n<p><strong>Flora:<\/strong> Jedna trzecia terytorium pokryta jest lasami (sosna, sosna rumu\u0144ska, \u015bwierk, jod\u0142a, wi\u0105z, d\u0105b, buk, grab, wi\u0105z, jesion, lipa, leszczyna) Ponad 3000 gatunk\u00f3w ro\u015blin \u015brodkowoeuropejskich, \u015br\u00f3dziemnomorskich i stepowych, bukszpan, cyprys w Morzu Czarnym, alpejskie g\u00f3ry r\u00f3\u017ce, szarotki. Ssaki: nied\u017awied\u017a, wilk, lis, borsuk, \u017cbik, dzik, ry\u015b, szakal, gryzonie myszy, jelenie, sarny, kozice, nietoperze. Ptaki: np. sowa, s\u0119p, pelikan, kuropatwa, ba\u017cant, czerwona trawa itp.  <\/p>\n\n<figure class=\"wp-block-image size-full\"><img decoding=\"async\" width=\"1152\" height=\"800\" src=\"http:\/\/staging.royalestate.bg\/wp-content\/uploads\/properties\/bulgaria\/bulgaria_sofia.jpg\" alt=\"\" class=\"wp-image-134923\" srcset=\"https:\/\/royalestate.bg\/wp-content\/uploads\/properties\/bulgaria\/bulgaria_sofia.jpg?v=1652712085 1152w, https:\/\/royalestate.bg\/wp-content\/uploads\/properties\/bulgaria\/bulgaria_sofia-150x104.jpg?v=1652712085 150w\" sizes=\"(max-width: 1152px) 100vw, 1152px\" \/><figcaption>Sofia<\/figcaption><\/figure>\n\n<h3 class=\"wp-block-heading\">\u015awi\u0119ta i wa\u017cne dni<\/h3>\n\n<p>\n          <strong>Stabilne \u015bwi\u0119ta pa\u0144stwowe:<\/strong>\n        <\/p>\n\n<p>01.01 &#8211; Nowy Rok.<\/p>\n\n<p>03.03 &#8211; Wyzwolenie spod panowania osma\u0144skiego (1878).<\/p>\n\n<p>01.05 &#8211; \u015awi\u0119to Pracy.<\/p>\n\n<p>06.05 &#8211; Dzie\u0144 \u015bw. Jerzego, Dzie\u0144 Odwagi i Armii Bu\u0142garskiej.<\/p>\n\n<p>24.05 &#8211; \u015aw. Cyryla i Metodego, Dzie\u0144 Kultury i Edukacji S\u0142owia\u0144skiej.<\/p>\n\n<p>06.09 &#8211; Dzie\u0144 zjednoczenia Rumelii Wschodniej z Ksi\u0119stwem Bu\u0142garskim (1885).<\/p>\n\n<p>22.09 &#8211; \u015awi\u0119to Niepodleg\u0142o\u015bci (1908).<\/p>\n\n<p>01.11 &#8211; Dzie\u0144 Przebudzonych Ludu.<\/p>\n\n<p>25.12 &#8211; Bo\u017ce Narodzenie.<\/p>\n\n<p>\n          <strong>Wakacje mobilne &#8211; Wielkanoc:<\/strong>\n        <\/p>\n\n<p>23 kwietnia &#8211; Wielki Pi\u0105tek,<\/p>\n\n<p>24 kwietnia &#8211; Wielkanoc<\/p>\n\n<p>25 kwietnia \u2013 Wielki Poniedzia\u0142ek<\/p>\n\n<p>\n          <em>* Informacje z 2006 roku<\/em>\n        <\/p>\n\n<figure class=\"wp-block-image size-full\"><img loading=\"lazy\" decoding=\"async\" width=\"1200\" height=\"474\" src=\"http:\/\/staging.royalestate.bg\/wp-content\/uploads\/properties\/bulgaria\/bulgaria_travel-1.jpg\" alt=\"\" class=\"wp-image-134939\" srcset=\"https:\/\/royalestate.bg\/wp-content\/uploads\/properties\/bulgaria\/bulgaria_travel-1.jpg 1200w, https:\/\/royalestate.bg\/wp-content\/uploads\/properties\/bulgaria\/bulgaria_travel-1-150x59.jpg 150w\" sizes=\"(max-width: 1200px) 100vw, 1200px\" \/><\/figure>\n\n<h3 class=\"wp-block-heading\">To wa\u017cne podczas podr\u00f3\u017cy do Bu\u0142garii<\/h3>\n\n<p><strong>Wiza<\/strong> &#8211; tryb logowania<\/p>\n\n<p>Podr\u00f3\u017c bezwizowa w ci\u0105gu 3 miesi\u0119cy i tylko w przypadku podr\u00f3\u017cy non-profit. Je\u017celi cudzoziemiec chce przebywa\u0107 w Bu\u0142garii w celach innych ni\u017c turystyczne (np. praca, studia, biznes) lub okres pobytu przekracza 3 miesi\u0105ce, konieczne jest z\u0142o\u017cenie wniosku o wiz\u0119 w ambasadzie Bu\u0142garii. Od 1 stycznia 2006 r. przy wje\u017adzie do BR cudzoziemiec na przej\u015bciu granicznym musi zadeklarowa\u0107 miejsce docelowe i adres zamieszkania oraz wype\u0142ni\u0107 tam kart\u0119 meldunkow\u0105. \u015arodek ten nie dotyczy cudzoziemc\u00f3w, kt\u00f3rzy jedynie przeje\u017cd\u017caj\u0105 przez terytorium Bu\u0142garii i opuszczaj\u0105 kraj w ci\u0105gu 24 godzin. Od 13 stycznia 2006 r. obywatele UE i EOG nie wype\u0142niaj\u0105 kart rejestracyjnych na przej\u015bciach granicznych przy wje\u017adzie na terytorium Republiki Bu\u0142garii. Obowi\u0105zek zarejestrowania wszystkich cudzoziemc\u00f3w zgodnie z przepisami Ustawy o Cudzoziemcach w Republice Bu\u0142garii (rejestracja miejsca pobytu do 5 dni, za kt\u00f3r\u0105 odpowiada wynajmuj\u0105cy). Na przej\u015bciu granicznym cudzoziemiec otrzyma piecz\u0105tk\u0119 w dokumencie podr\u00f3\u017cy. Zgodnie z ustaw\u0105 o cudzoziemcach w Republice Bu\u0142garii podlega karze du\u017cej grzywny lub zakaz przebywania w Republice Bu\u0142garii przez okre\u015blony czas cudzoziemcowi, kt\u00f3ry pozosta\u0142 w kraju po up\u0142ywie dozwolonego okresu pobytu.       <\/p>\n\n<h3 class=\"wp-block-heading\">Dokumenty<\/h3>\n\n<p>Podr\u00f3\u017cuj do Bu\u0142garii z wa\u017cnym paszportem lub dowodem osobistym. Kierowcy pojazd\u00f3w mechanicznych musz\u0105 posiada\u0107 prawo jazdy, licencj\u0119 techniczn\u0105, tzw. zielon\u0105 kart\u0119. W przypadku wynajmowanego lub s\u0142u\u017cbowego samochodu kierowca musi posiada\u0107 po\u015bwiadczone pe\u0142nomocnictwo w\u0142a\u015bciciela pojazdu (z t\u0142umaczeniem na j\u0119zyk bu\u0142garski lub \u015bwiatowy, najlepiej angielski). Je\u017celi kierowca nie przedstawi pe\u0142nomocnictwa, pojazd nie mo\u017ce by\u0107 wpuszczony na terytorium Republiki Bu\u0142garii.   <\/p>\n","protected":false},"excerpt":{"rendered":"<p>Powierzchnia: 110 993,6 km 2 (102 miejsce na \u015bwiecie), z czego 0,3% to woda Strefa czasowa: UTC +2 Populacja: 7 262 675 (88 miejsce na \u015bwiecie, 2008) G\u0119sto\u015b\u0107 zaludnienia: 65,43 mieszka\u0144c\u00f3w. \/ km 2 (123 miejsce na \u015bwiecie) J\u0119zyk: bu\u0142garski Religia: bu\u0142garscy prawos\u0142awni 85%, muzu\u0142manie 13% Najwy\u017cszy punkt: szczyt Musala (2925 m n.p.m.) Kraj: Republika&#8230;<\/p>\n","protected":false},"author":1,"featured_media":200253,"parent":0,"menu_order":40,"comment_status":"closed","ping_status":"closed","template":"","meta":{"_acf_changed":false,"footnotes":""},"class_list":["post-134957","page","type-page","status-publish","has-post-thumbnail","hentry"],"acf":[],"yoast_head":"<!-- This site is optimized with the Yoast SEO plugin v27.3 - https:\/\/yoast.com\/product\/yoast-seo-wordpress\/ -->\n<title>O Bu\u0142garii - Real Estate Agency in Sunny Beach<\/title>\n<meta name=\"robots\" content=\"index, follow, max-snippet:-1, max-image-preview:large, max-video-preview:-1\" \/>\n<link rel=\"canonical\" href=\"https:\/\/royalestate.bg\/pl\/o-bulgarii\/\" \/>\n<meta property=\"og:locale\" content=\"pl_PL\" \/>\n<meta property=\"og:type\" content=\"article\" \/>\n<meta property=\"og:title\" content=\"O Bu\u0142garii - Real Estate Agency in Sunny Beach\" \/>\n<meta property=\"og:description\" content=\"Powierzchnia: 110 993,6 km 2 (102 miejsce na \u015bwiecie), z czego 0,3% to woda Strefa czasowa: UTC +2 Populacja: 7 262 675 (88 miejsce na \u015bwiecie, 2008) G\u0119sto\u015b\u0107 zaludnienia: 65,43 mieszka\u0144c\u00f3w. \/ km 2 (123 miejsce na \u015bwiecie) J\u0119zyk: bu\u0142garski Religia: bu\u0142garscy prawos\u0142awni 85%, muzu\u0142manie 13% Najwy\u017cszy punkt: szczyt Musala (2925 m n.p.m.) Kraj: Republika...\" \/>\n<meta property=\"og:url\" content=\"https:\/\/royalestate.bg\/pl\/o-bulgarii\/\" \/>\n<meta property=\"og:site_name\" content=\"Real Estate Agency in Sunny Beach\" \/>\n<meta property=\"article:modified_time\" content=\"2022-05-16T15:02:23+00:00\" \/>\n<meta property=\"og:image\" content=\"https:\/\/royalestate.bg\/wp-content\/uploads\/properties\/bulgaria\/bulgaria_blue_mountains.jpg?v=1652712078\" \/>\n\t<meta property=\"og:image:width\" content=\"1200\" \/>\n\t<meta property=\"og:image:height\" content=\"800\" \/>\n\t<meta property=\"og:image:type\" content=\"image\/jpeg\" \/>\n<meta name=\"twitter:card\" content=\"summary_large_image\" \/>\n<meta name=\"twitter:label1\" content=\"Szacowany czas czytania\" \/>\n\t<meta name=\"twitter:data1\" content=\"3 minuty\" \/>\n<script type=\"application\/ld+json\" class=\"yoast-schema-graph\">{\"@context\":\"https:\\\/\\\/schema.org\",\"@graph\":[{\"@type\":\"WebPage\",\"@id\":\"https:\\\/\\\/royalestate.bg\\\/pl\\\/o-bulgarii\\\/\",\"url\":\"https:\\\/\\\/royalestate.bg\\\/pl\\\/o-bulgarii\\\/\",\"name\":\"O Bu\u0142garii - Real Estate Agency in Sunny Beach\",\"isPartOf\":{\"@id\":\"https:\\\/\\\/royalestate.bg\\\/pl\\\/#website\"},\"primaryImageOfPage\":{\"@id\":\"https:\\\/\\\/royalestate.bg\\\/pl\\\/o-bulgarii\\\/#primaryimage\"},\"image\":{\"@id\":\"https:\\\/\\\/royalestate.bg\\\/pl\\\/o-bulgarii\\\/#primaryimage\"},\"thumbnailUrl\":\"https:\\\/\\\/royalestate.bg\\\/wp-content\\\/uploads\\\/properties\\\/\\\/sell-property-in-bulgaria-fast-easy-with-royal-estate-bulgaria.png\",\"datePublished\":\"2022-05-16T14:32:39+00:00\",\"dateModified\":\"2022-05-16T15:02:23+00:00\",\"breadcrumb\":{\"@id\":\"https:\\\/\\\/royalestate.bg\\\/pl\\\/o-bulgarii\\\/#breadcrumb\"},\"inLanguage\":\"pl-PL\",\"potentialAction\":[{\"@type\":\"ReadAction\",\"target\":[\"https:\\\/\\\/royalestate.bg\\\/pl\\\/o-bulgarii\\\/\"]}]},{\"@type\":\"ImageObject\",\"inLanguage\":\"pl-PL\",\"@id\":\"https:\\\/\\\/royalestate.bg\\\/pl\\\/o-bulgarii\\\/#primaryimage\",\"url\":\"https:\\\/\\\/royalestate.bg\\\/wp-content\\\/uploads\\\/properties\\\/\\\/sell-property-in-bulgaria-fast-easy-with-royal-estate-bulgaria.png\",\"contentUrl\":\"https:\\\/\\\/royalestate.bg\\\/wp-content\\\/uploads\\\/properties\\\/\\\/sell-property-in-bulgaria-fast-easy-with-royal-estate-bulgaria.png\",\"width\":1536,\"height\":1024},{\"@type\":\"BreadcrumbList\",\"@id\":\"https:\\\/\\\/royalestate.bg\\\/pl\\\/o-bulgarii\\\/#breadcrumb\",\"itemListElement\":[{\"@type\":\"ListItem\",\"position\":1,\"name\":\"Home\",\"item\":\"https:\\\/\\\/royalestate.bg\\\/pl\\\/dom\\\/\"},{\"@type\":\"ListItem\",\"position\":2,\"name\":\"O Bu\u0142garii\"}]},{\"@type\":\"WebSite\",\"@id\":\"https:\\\/\\\/royalestate.bg\\\/pl\\\/#website\",\"url\":\"https:\\\/\\\/royalestate.bg\\\/pl\\\/\",\"name\":\"Real Estate Agency in Sunny Beach\",\"description\":\"Apartments and Houses For Sale\",\"publisher\":{\"@id\":\"https:\\\/\\\/royalestate.bg\\\/pl\\\/#organization\"},\"potentialAction\":[{\"@type\":\"SearchAction\",\"target\":{\"@type\":\"EntryPoint\",\"urlTemplate\":\"https:\\\/\\\/royalestate.bg\\\/pl\\\/?s={search_term_string}\"},\"query-input\":{\"@type\":\"PropertyValueSpecification\",\"valueRequired\":true,\"valueName\":\"search_term_string\"}}],\"inLanguage\":\"pl-PL\"},{\"@type\":\"Organization\",\"@id\":\"https:\\\/\\\/royalestate.bg\\\/pl\\\/#organization\",\"name\":\"Real Estate Agency in Sunny Beach\",\"url\":\"https:\\\/\\\/royalestate.bg\\\/pl\\\/\",\"logo\":{\"@type\":\"ImageObject\",\"inLanguage\":\"pl-PL\",\"@id\":\"https:\\\/\\\/royalestate.bg\\\/pl\\\/#\\\/schema\\\/logo\\\/image\\\/\",\"url\":\"https:\\\/\\\/royalestate.bg\\\/wp-content\\\/uploads\\\/properties\\\/logo\\\/logo_royal_estate_bg.png\",\"contentUrl\":\"https:\\\/\\\/royalestate.bg\\\/wp-content\\\/uploads\\\/properties\\\/logo\\\/logo_royal_estate_bg.png\",\"width\":177,\"height\":115,\"caption\":\"Real Estate Agency in Sunny Beach\"},\"image\":{\"@id\":\"https:\\\/\\\/royalestate.bg\\\/pl\\\/#\\\/schema\\\/logo\\\/image\\\/\"}}]}<\/script>\n<!-- \/ Yoast SEO plugin. -->","yoast_head_json":{"title":"O Bu\u0142garii - Real Estate Agency in Sunny Beach","robots":{"index":"index","follow":"follow","max-snippet":"max-snippet:-1","max-image-preview":"max-image-preview:large","max-video-preview":"max-video-preview:-1"},"canonical":"https:\/\/royalestate.bg\/pl\/o-bulgarii\/","og_locale":"pl_PL","og_type":"article","og_title":"O Bu\u0142garii - Real Estate Agency in Sunny Beach","og_description":"Powierzchnia: 110 993,6 km 2 (102 miejsce na \u015bwiecie), z czego 0,3% to woda Strefa czasowa: UTC +2 Populacja: 7 262 675 (88 miejsce na \u015bwiecie, 2008) G\u0119sto\u015b\u0107 zaludnienia: 65,43 mieszka\u0144c\u00f3w. \/ km 2 (123 miejsce na \u015bwiecie) J\u0119zyk: bu\u0142garski Religia: bu\u0142garscy prawos\u0142awni 85%, muzu\u0142manie 13% Najwy\u017cszy punkt: szczyt Musala (2925 m n.p.m.) Kraj: Republika...","og_url":"https:\/\/royalestate.bg\/pl\/o-bulgarii\/","og_site_name":"Real Estate Agency in Sunny Beach","article_modified_time":"2022-05-16T15:02:23+00:00","og_image":[{"width":1200,"height":800,"url":"https:\/\/royalestate.bg\/wp-content\/uploads\/properties\/bulgaria\/bulgaria_blue_mountains.jpg?v=1652712078","type":"image\/jpeg"}],"twitter_card":"summary_large_image","twitter_misc":{"Szacowany czas czytania":"3 minuty"},"schema":{"@context":"https:\/\/schema.org","@graph":[{"@type":"WebPage","@id":"https:\/\/royalestate.bg\/pl\/o-bulgarii\/","url":"https:\/\/royalestate.bg\/pl\/o-bulgarii\/","name":"O Bu\u0142garii - Real Estate Agency in Sunny Beach","isPartOf":{"@id":"https:\/\/royalestate.bg\/pl\/#website"},"primaryImageOfPage":{"@id":"https:\/\/royalestate.bg\/pl\/o-bulgarii\/#primaryimage"},"image":{"@id":"https:\/\/royalestate.bg\/pl\/o-bulgarii\/#primaryimage"},"thumbnailUrl":"https:\/\/royalestate.bg\/wp-content\/uploads\/properties\/\/sell-property-in-bulgaria-fast-easy-with-royal-estate-bulgaria.png","datePublished":"2022-05-16T14:32:39+00:00","dateModified":"2022-05-16T15:02:23+00:00","breadcrumb":{"@id":"https:\/\/royalestate.bg\/pl\/o-bulgarii\/#breadcrumb"},"inLanguage":"pl-PL","potentialAction":[{"@type":"ReadAction","target":["https:\/\/royalestate.bg\/pl\/o-bulgarii\/"]}]},{"@type":"ImageObject","inLanguage":"pl-PL","@id":"https:\/\/royalestate.bg\/pl\/o-bulgarii\/#primaryimage","url":"https:\/\/royalestate.bg\/wp-content\/uploads\/properties\/\/sell-property-in-bulgaria-fast-easy-with-royal-estate-bulgaria.png","contentUrl":"https:\/\/royalestate.bg\/wp-content\/uploads\/properties\/\/sell-property-in-bulgaria-fast-easy-with-royal-estate-bulgaria.png","width":1536,"height":1024},{"@type":"BreadcrumbList","@id":"https:\/\/royalestate.bg\/pl\/o-bulgarii\/#breadcrumb","itemListElement":[{"@type":"ListItem","position":1,"name":"Home","item":"https:\/\/royalestate.bg\/pl\/dom\/"},{"@type":"ListItem","position":2,"name":"O Bu\u0142garii"}]},{"@type":"WebSite","@id":"https:\/\/royalestate.bg\/pl\/#website","url":"https:\/\/royalestate.bg\/pl\/","name":"Real Estate Agency in Sunny Beach","description":"Apartments and Houses For Sale","publisher":{"@id":"https:\/\/royalestate.bg\/pl\/#organization"},"potentialAction":[{"@type":"SearchAction","target":{"@type":"EntryPoint","urlTemplate":"https:\/\/royalestate.bg\/pl\/?s={search_term_string}"},"query-input":{"@type":"PropertyValueSpecification","valueRequired":true,"valueName":"search_term_string"}}],"inLanguage":"pl-PL"},{"@type":"Organization","@id":"https:\/\/royalestate.bg\/pl\/#organization","name":"Real Estate Agency in Sunny Beach","url":"https:\/\/royalestate.bg\/pl\/","logo":{"@type":"ImageObject","inLanguage":"pl-PL","@id":"https:\/\/royalestate.bg\/pl\/#\/schema\/logo\/image\/","url":"https:\/\/royalestate.bg\/wp-content\/uploads\/properties\/logo\/logo_royal_estate_bg.png","contentUrl":"https:\/\/royalestate.bg\/wp-content\/uploads\/properties\/logo\/logo_royal_estate_bg.png","width":177,"height":115,"caption":"Real Estate Agency in Sunny Beach"},"image":{"@id":"https:\/\/royalestate.bg\/pl\/#\/schema\/logo\/image\/"}}]}},"_links":{"self":[{"href":"https:\/\/royalestate.bg\/pl\/wp-json\/wp\/v2\/pages\/134957","targetHints":{"allow":["GET"]}}],"collection":[{"href":"https:\/\/royalestate.bg\/pl\/wp-json\/wp\/v2\/pages"}],"about":[{"href":"https:\/\/royalestate.bg\/pl\/wp-json\/wp\/v2\/types\/page"}],"author":[{"embeddable":true,"href":"https:\/\/royalestate.bg\/pl\/wp-json\/wp\/v2\/users\/1"}],"replies":[{"embeddable":true,"href":"https:\/\/royalestate.bg\/pl\/wp-json\/wp\/v2\/comments?post=134957"}],"version-history":[{"count":0,"href":"https:\/\/royalestate.bg\/pl\/wp-json\/wp\/v2\/pages\/134957\/revisions"}],"wp:featuredmedia":[{"embeddable":true,"href":"https:\/\/royalestate.bg\/pl\/wp-json\/wp\/v2\/media\/200253"}],"wp:attachment":[{"href":"https:\/\/royalestate.bg\/pl\/wp-json\/wp\/v2\/media?parent=134957"}],"curies":[{"name":"wp","href":"https:\/\/api.w.org\/{rel}","templated":true}]}}