{"id":203410,"date":"2022-03-09T08:50:38","date_gmt":"2022-03-09T05:50:38","guid":{"rendered":"https:\/\/royalestate.bg\/datenschutzbestimmungen\/"},"modified":"2026-02-27T15:26:32","modified_gmt":"2026-02-27T12:26:32","slug":"datenschutzbestimmungen","status":"publish","type":"page","link":"https:\/\/royalestate.bg\/de\/datenschutzbestimmungen\/","title":{"rendered":"Datenschutzbestimmungen"},"content":{"rendered":"\n<h3 class=\"wp-block-heading\">Datenschutzbestimmungen<\/h3>\n\n<p>Royal Estate BG garantiert, dass alle pers\u00f6nlichen Daten, die im Rahmen ihrer Gesch\u00e4ftst\u00e4tigkeit erhoben werden, vertraulich behandelt werden, nicht f\u00fcr andere Zwecke als die, f\u00fcr die sie erhoben wurden, verwendet werden und nicht ohne die Zustimmung des Eigent\u00fcmers an Dritte weitergegeben werden, es sei denn, dies ist gesetzlich vorgeschrieben.<\/p>\n\n<h3 class=\"wp-block-heading\">Vertrauliche Informationen<\/h3>\n\n<p>Im Zusammenhang mit der Aus\u00fcbung ihres Kerngesch\u00e4fts sammelt und verarbeitet Royal Estate BG Informationen \u00fcber das Angebot und die Nachfrage von Immobilien auf ihren Websites, und zu diesem Zweck stellen Immobilienmakler und B\u00fcroverwalter Informationen zur Verf\u00fcgung, die von Personen, die potenzielle Kunden sind, an die Unternehmensdatenbank gesendet werden. Bei der Suche nach Immobilien sind dies Name, Telefon, E-Mail, Budget (ungef\u00e4hrer Teil der Transaktion), Merkmale der gesuchten Immobilie. Beim Anbieten einer Immobilie sind dies Name, Telefon, E-Mail des Eigent\u00fcmers, Adresse der Immobilie, Verkaufspreis oder monatliche Miete, Merkmale der Immobilie, entsprechend den Anforderungen des Unternehmens f\u00fcr die \u00dcbermittlung spezifischer Informationen an die Datenbank. Bei der \u00dcberpr\u00fcfung von Stellengesuchen sind dies: Name, Telefon, E-Mail und biografische Informationen des Bewerbers.   <\/p>\n\n<h3 class=\"wp-block-heading\">Verwendung der gesammelten Informationen<\/h3>\n\n<p>Royal Estate BG Agency verwendet die Informationen nur zum Zweck der Verwirklichung ihres T\u00e4tigkeitsbereichs und der Durchf\u00fchrung von Immobilientransaktionen auf Anfrage von Nutzern und Kunden sowie der Annahme neuer Arbeitgeber.<\/p>\n\n<h3 class=\"wp-block-heading\">Art der Bereitstellung der Informationen<\/h3>\n\n<p>Royal Estate BG gibt aus keinem Grund Informationen \u00fcber die pers\u00f6nlichen Daten der Nutzer an Dritte weiter, es sei denn, die Nutzer stimmen dem zu und in den vom Gesetz vorgesehenen F\u00e4llen.<\/p>\n\n<p>Um den Nutzern, die auf den Websites von Royal Estate BG ein Angebot abgegeben haben, die Durchf\u00fchrung von Immobilientransaktionen zu erm\u00f6glichen, ist Royal Estate BG lediglich berechtigt, Dritten eine Beschreibung der Merkmale der Immobilie zur Verf\u00fcgung zu stellen, die den Regeln der Unternehmenspraxis von Royal Estate BG unterliegt und im \u00f6ffentlichen Teil ihrer Datenbank gem\u00e4\u00df den Nutzungsbedingungen der Websites von Royal Estate BG pr\u00e4sentiert wird.<\/p>\n\n<h3 class=\"wp-block-heading\">Koh\u00e4renz der Ma\u00dfnahmen zum Schutz der Privatsph\u00e4re und des Datenschutzes<\/h3>\n\n<p>Royal Estate BG verpflichtet sich, im Rahmen seiner T\u00e4tigkeit jederzeit Ma\u00dfnahmen zum Schutz der Privatsph\u00e4re und zum Datenschutz zu beachten und umzusetzen.<\/p>\n\n<p>Royal Estate BG beh\u00e4lt sich das Recht vor, sein Konzept der Vertraulichkeit zu \u00e4ndern und dabei die Entwicklung seiner Aktivit\u00e4ten und die Ver\u00e4nderungen in den Beziehungen zu den Nutzern zu ber\u00fccksichtigen.<\/p>\n\n<p>Dementsprechend werden alle \u00c4nderungen an den Bestimmungen zum Schutz der Privatsph\u00e4re und zum Datenschutz in diesem Dokument wiedergegeben.<\/p>\n\n<p>\n          <em>K\u00f6nigliches Anwesen BG<\/em>\n        <\/p>\n","protected":false},"excerpt":{"rendered":"<p>Datenschutzbestimmungen Royal Estate BG garantiert, dass alle pers\u00f6nlichen Daten, die im Rahmen ihrer Gesch\u00e4ftst\u00e4tigkeit erhoben werden, vertraulich behandelt werden, nicht f\u00fcr andere Zwecke als die, f\u00fcr die sie erhoben wurden, verwendet werden und nicht ohne die Zustimmung des Eigent\u00fcmers an Dritte weitergegeben werden, es sei denn, dies ist gesetzlich vorgeschrieben. Vertrauliche Informationen Im Zusammenhang mit&#8230;<\/p>\n","protected":false},"author":1,"featured_media":0,"parent":0,"menu_order":240,"comment_status":"closed","ping_status":"open","template":"","meta":{"_acf_changed":false,"footnotes":""},"class_list":["post-203410","page","type-page","status-publish","hentry"],"acf":[],"yoast_head":"<!-- This site is optimized with the Yoast SEO plugin v27.4 - https:\/\/yoast.com\/product\/yoast-seo-wordpress\/ -->\n<title>Datenschutzbestimmungen - Real Estate Agency in Sunny Beach<\/title>\n<meta name=\"robots\" content=\"index, follow, max-snippet:-1, max-image-preview:large, max-video-preview:-1\" \/>\n<link rel=\"canonical\" href=\"https:\/\/royalestate.bg\/de\/datenschutzbestimmungen\/\" \/>\n<meta property=\"og:locale\" content=\"de_DE\" \/>\n<meta property=\"og:type\" content=\"article\" \/>\n<meta property=\"og:title\" content=\"Datenschutzbestimmungen - Real Estate Agency in Sunny Beach\" \/>\n<meta property=\"og:description\" content=\"Datenschutzbestimmungen Royal Estate BG garantiert, dass alle pers\u00f6nlichen Daten, die im Rahmen ihrer Gesch\u00e4ftst\u00e4tigkeit erhoben werden, vertraulich behandelt werden, nicht f\u00fcr andere Zwecke als die, f\u00fcr die sie erhoben wurden, verwendet werden und nicht ohne die Zustimmung des Eigent\u00fcmers an Dritte weitergegeben werden, es sei denn, dies ist gesetzlich vorgeschrieben. Vertrauliche Informationen Im Zusammenhang mit...\" \/>\n<meta property=\"og:url\" content=\"https:\/\/royalestate.bg\/de\/datenschutzbestimmungen\/\" \/>\n<meta property=\"og:site_name\" content=\"Real Estate Agency in Sunny Beach\" \/>\n<meta property=\"article:modified_time\" content=\"2026-02-27T12:26:32+00:00\" \/>\n<meta name=\"twitter:card\" content=\"summary_large_image\" \/>\n<meta name=\"twitter:label1\" content=\"Gesch\u00e4tzte Lesezeit\" \/>\n\t<meta name=\"twitter:data1\" content=\"2\u00a0Minuten\" \/>\n<script type=\"application\/ld+json\" class=\"yoast-schema-graph\">{\"@context\":\"https:\\\/\\\/schema.org\",\"@graph\":[{\"@type\":\"WebPage\",\"@id\":\"https:\\\/\\\/royalestate.bg\\\/de\\\/datenschutzbestimmungen\\\/\",\"url\":\"https:\\\/\\\/royalestate.bg\\\/de\\\/datenschutzbestimmungen\\\/\",\"name\":\"Datenschutzbestimmungen - Real Estate Agency in Sunny Beach\",\"isPartOf\":{\"@id\":\"https:\\\/\\\/royalestate.bg\\\/de\\\/#website\"},\"datePublished\":\"2022-03-09T05:50:38+00:00\",\"dateModified\":\"2026-02-27T12:26:32+00:00\",\"breadcrumb\":{\"@id\":\"https:\\\/\\\/royalestate.bg\\\/de\\\/datenschutzbestimmungen\\\/#breadcrumb\"},\"inLanguage\":\"de\",\"potentialAction\":[{\"@type\":\"ReadAction\",\"target\":[\"https:\\\/\\\/royalestate.bg\\\/de\\\/datenschutzbestimmungen\\\/\"]}]},{\"@type\":\"BreadcrumbList\",\"@id\":\"https:\\\/\\\/royalestate.bg\\\/de\\\/datenschutzbestimmungen\\\/#breadcrumb\",\"itemListElement\":[{\"@type\":\"ListItem\",\"position\":1,\"name\":\"Home\",\"item\":\"https:\\\/\\\/royalestate.bg\\\/de\\\/heim\\\/\"},{\"@type\":\"ListItem\",\"position\":2,\"name\":\"Datenschutzbestimmungen\"}]},{\"@type\":\"WebSite\",\"@id\":\"https:\\\/\\\/royalestate.bg\\\/de\\\/#website\",\"url\":\"https:\\\/\\\/royalestate.bg\\\/de\\\/\",\"name\":\"Real Estate Agency in Sunny Beach\",\"description\":\"Apartments and Houses For Sale\",\"publisher\":{\"@id\":\"https:\\\/\\\/royalestate.bg\\\/de\\\/#organization\"},\"potentialAction\":[{\"@type\":\"SearchAction\",\"target\":{\"@type\":\"EntryPoint\",\"urlTemplate\":\"https:\\\/\\\/royalestate.bg\\\/de\\\/?s={search_term_string}\"},\"query-input\":{\"@type\":\"PropertyValueSpecification\",\"valueRequired\":true,\"valueName\":\"search_term_string\"}}],\"inLanguage\":\"de\"},{\"@type\":\"Organization\",\"@id\":\"https:\\\/\\\/royalestate.bg\\\/de\\\/#organization\",\"name\":\"Real Estate Agency in Sunny Beach\",\"url\":\"https:\\\/\\\/royalestate.bg\\\/de\\\/\",\"logo\":{\"@type\":\"ImageObject\",\"inLanguage\":\"de\",\"@id\":\"https:\\\/\\\/royalestate.bg\\\/de\\\/#\\\/schema\\\/logo\\\/image\\\/\",\"url\":\"https:\\\/\\\/royalestate.bg\\\/wp-content\\\/uploads\\\/properties\\\/logo\\\/logo_royal_estate_bg.png\",\"contentUrl\":\"https:\\\/\\\/royalestate.bg\\\/wp-content\\\/uploads\\\/properties\\\/logo\\\/logo_royal_estate_bg.png\",\"width\":177,\"height\":115,\"caption\":\"Real Estate Agency in Sunny Beach\"},\"image\":{\"@id\":\"https:\\\/\\\/royalestate.bg\\\/de\\\/#\\\/schema\\\/logo\\\/image\\\/\"}}]}<\/script>\n<!-- \/ Yoast SEO plugin. -->","yoast_head_json":{"title":"Datenschutzbestimmungen - Real Estate Agency in Sunny Beach","robots":{"index":"index","follow":"follow","max-snippet":"max-snippet:-1","max-image-preview":"max-image-preview:large","max-video-preview":"max-video-preview:-1"},"canonical":"https:\/\/royalestate.bg\/de\/datenschutzbestimmungen\/","og_locale":"de_DE","og_type":"article","og_title":"Datenschutzbestimmungen - Real Estate Agency in Sunny Beach","og_description":"Datenschutzbestimmungen Royal Estate BG garantiert, dass alle pers\u00f6nlichen Daten, die im Rahmen ihrer Gesch\u00e4ftst\u00e4tigkeit erhoben werden, vertraulich behandelt werden, nicht f\u00fcr andere Zwecke als die, f\u00fcr die sie erhoben wurden, verwendet werden und nicht ohne die Zustimmung des Eigent\u00fcmers an Dritte weitergegeben werden, es sei denn, dies ist gesetzlich vorgeschrieben. Vertrauliche Informationen Im Zusammenhang mit...","og_url":"https:\/\/royalestate.bg\/de\/datenschutzbestimmungen\/","og_site_name":"Real Estate Agency in Sunny Beach","article_modified_time":"2026-02-27T12:26:32+00:00","twitter_card":"summary_large_image","twitter_misc":{"Gesch\u00e4tzte Lesezeit":"2\u00a0Minuten"},"schema":{"@context":"https:\/\/schema.org","@graph":[{"@type":"WebPage","@id":"https:\/\/royalestate.bg\/de\/datenschutzbestimmungen\/","url":"https:\/\/royalestate.bg\/de\/datenschutzbestimmungen\/","name":"Datenschutzbestimmungen - Real Estate Agency in Sunny Beach","isPartOf":{"@id":"https:\/\/royalestate.bg\/de\/#website"},"datePublished":"2022-03-09T05:50:38+00:00","dateModified":"2026-02-27T12:26:32+00:00","breadcrumb":{"@id":"https:\/\/royalestate.bg\/de\/datenschutzbestimmungen\/#breadcrumb"},"inLanguage":"de","potentialAction":[{"@type":"ReadAction","target":["https:\/\/royalestate.bg\/de\/datenschutzbestimmungen\/"]}]},{"@type":"BreadcrumbList","@id":"https:\/\/royalestate.bg\/de\/datenschutzbestimmungen\/#breadcrumb","itemListElement":[{"@type":"ListItem","position":1,"name":"Home","item":"https:\/\/royalestate.bg\/de\/heim\/"},{"@type":"ListItem","position":2,"name":"Datenschutzbestimmungen"}]},{"@type":"WebSite","@id":"https:\/\/royalestate.bg\/de\/#website","url":"https:\/\/royalestate.bg\/de\/","name":"Real Estate Agency in Sunny Beach","description":"Apartments and Houses For Sale","publisher":{"@id":"https:\/\/royalestate.bg\/de\/#organization"},"potentialAction":[{"@type":"SearchAction","target":{"@type":"EntryPoint","urlTemplate":"https:\/\/royalestate.bg\/de\/?s={search_term_string}"},"query-input":{"@type":"PropertyValueSpecification","valueRequired":true,"valueName":"search_term_string"}}],"inLanguage":"de"},{"@type":"Organization","@id":"https:\/\/royalestate.bg\/de\/#organization","name":"Real Estate Agency in Sunny Beach","url":"https:\/\/royalestate.bg\/de\/","logo":{"@type":"ImageObject","inLanguage":"de","@id":"https:\/\/royalestate.bg\/de\/#\/schema\/logo\/image\/","url":"https:\/\/royalestate.bg\/wp-content\/uploads\/properties\/logo\/logo_royal_estate_bg.png","contentUrl":"https:\/\/royalestate.bg\/wp-content\/uploads\/properties\/logo\/logo_royal_estate_bg.png","width":177,"height":115,"caption":"Real Estate Agency in Sunny Beach"},"image":{"@id":"https:\/\/royalestate.bg\/de\/#\/schema\/logo\/image\/"}}]}},"_links":{"self":[{"href":"https:\/\/royalestate.bg\/de\/wp-json\/wp\/v2\/pages\/203410","targetHints":{"allow":["GET"]}}],"collection":[{"href":"https:\/\/royalestate.bg\/de\/wp-json\/wp\/v2\/pages"}],"about":[{"href":"https:\/\/royalestate.bg\/de\/wp-json\/wp\/v2\/types\/page"}],"author":[{"embeddable":true,"href":"https:\/\/royalestate.bg\/de\/wp-json\/wp\/v2\/users\/1"}],"replies":[{"embeddable":true,"href":"https:\/\/royalestate.bg\/de\/wp-json\/wp\/v2\/comments?post=203410"}],"version-history":[{"count":1,"href":"https:\/\/royalestate.bg\/de\/wp-json\/wp\/v2\/pages\/203410\/revisions"}],"predecessor-version":[{"id":203411,"href":"https:\/\/royalestate.bg\/de\/wp-json\/wp\/v2\/pages\/203410\/revisions\/203411"}],"wp:attachment":[{"href":"https:\/\/royalestate.bg\/de\/wp-json\/wp\/v2\/media?parent=203410"}],"curies":[{"name":"wp","href":"https:\/\/api.w.org\/{rel}","templated":true}]}}