{"id":135226,"date":"2022-05-17T10:48:39","date_gmt":"2022-05-17T07:48:39","guid":{"rendered":"http:\/\/staging.royalestate.bg\/ueber-bulgarien\/koschariza\/"},"modified":"2022-05-17T10:52:44","modified_gmt":"2022-05-17T07:52:44","slug":"koschariza","status":"publish","type":"page","link":"https:\/\/royalestate.bg\/de\/ueber-bulgarien\/koschariza\/","title":{"rendered":"Koschariza"},"content":{"rendered":"\n<figure class=\"wp-block-image size-full\"><img fetchpriority=\"high\" decoding=\"async\" width=\"1080\" height=\"679\" src=\"http:\/\/staging.royalestate.bg\/wp-content\/uploads\/properties\/bulgaria\/bulgaria_kosharitsa.jpg\" alt=\"\" class=\"wp-image-135211\" srcset=\"https:\/\/royalestate.bg\/wp-content\/uploads\/properties\/bulgaria\/bulgaria_kosharitsa.jpg?v=1652773759 1080w, https:\/\/royalestate.bg\/wp-content\/uploads\/properties\/bulgaria\/bulgaria_kosharitsa-150x94.jpg?v=1652773759 150w\" sizes=\"(max-width: 1080px) 100vw, 1080px\" \/><\/figure>\n\n<h3 class=\"wp-block-heading\">DORFINFORMATIONEN<\/h3>\n\n<p>Kosharitsa ist ein kleines Dorf in der Gemeinde Nessebar. Es liegt 35 km nord\u00f6stlich von Burgas. Kosharitsa liegt an den \u00f6stlichen H\u00e4ngen von Stara Planina und nur 6 km vom Strand entfernt und bietet eine unglaubliche Kombination aus Bergen und Meer.  <\/p>\n\n<p>Das Dorf offenbart eine unglaubliche Aussicht. Wenn Sie nach Osten schauen, sehen Sie Old Nessebar, etwas weiter k\u00f6nnen Sie Pomorie sehen, und im Westen erhebt sich der Biberna-Gipfel, von dem aus Sie einen Blick auf Sunny Beach haben. <\/p>\n\n<p>In der N\u00e4he des Dorfes befindet sich das Naturschutzgebiet &#8222;Kalinata&#8220;, wo Sie eine nat\u00fcrliche Lokalit\u00e4t von Sumpfschneegl\u00f6ckchen sowie den einzigartigen Wald des Reservats sehen k\u00f6nnen. Das Gebiet von Kosharitsa ist in Natura 2000 enthalten, da von dort aus die Hauptflugroute der Zugv\u00f6gel &#8211; Via Pontica &#8211; verl\u00e4uft. <\/p>\n\n<p>Wenn Sie ein Fan des Mountainbikens sind, dann bietet Kosharitsa sehr geeignete Bedingungen f\u00fcr diesen Sport.<\/p>\n\n<p>Rund um das Dorf gibt es mehrere kleine Teiche, die M\u00f6glichkeiten zum Angeln bieten. Aufgrund der N\u00e4he des Dorfes zum Meer kann man auch im Meer angeln. <\/p>\n\n<p>Die W\u00e4lder in der N\u00e4he von Kosharitsa werden von Kaninchen, Hirschen, Hirschen und Wildschweinen bewohnt, was sie zu einem attraktiven Ort f\u00fcr begeisterte J\u00e4ger macht.<\/p>\n\n<p>Wenn Sie gerne in den Bergen wandern, beginnen viele \u00d6ko-Wanderwege in Kosharitsa, die Ihnen mit ihrer einfachen Wanderroute und der erstaunlichen Natur, die Sie genie\u00dfen werden, Freude bereiten werden.<\/p>\n\n<p>Kosharitsa ist ein geeigneter Ort f\u00fcr Nachtschw\u00e4rmer sowie f\u00fcr diejenigen, die sich nach Ruhe sehnen. Die N\u00e4he zu Sunny Beach, wo das Nachtleben nicht aufh\u00f6rt, wird den Hunger selbst der leidenschaftlichsten Partyg\u00e4nger stillen. <\/p>\n\n<p>Am Ortseingang gibt es einen ganzj\u00e4hrig ge\u00f6ffneten Lidl-Supermarkt.<\/p>\n","protected":false},"excerpt":{"rendered":"<p>DORFINFORMATIONEN Kosharitsa ist ein kleines Dorf in der Gemeinde Nessebar. Es liegt 35 km nord\u00f6stlich von Burgas. Kosharitsa liegt an den \u00f6stlichen H\u00e4ngen von Stara Planina und nur 6 km vom Strand entfernt und bietet eine unglaubliche Kombination aus Bergen und Meer. Das Dorf offenbart eine unglaubliche Aussicht. Wenn Sie nach Osten schauen, sehen Sie&#8230;<\/p>\n","protected":false},"author":1,"featured_media":0,"parent":134954,"menu_order":144,"comment_status":"closed","ping_status":"closed","template":"","meta":{"_acf_changed":false,"footnotes":""},"class_list":["post-135226","page","type-page","status-publish","hentry"],"acf":[],"yoast_head":"<!-- This site is optimized with the Yoast SEO plugin v27.4 - https:\/\/yoast.com\/product\/yoast-seo-wordpress\/ -->\n<title>Koschariza - Real Estate Agency in Sunny Beach<\/title>\n<meta name=\"robots\" content=\"index, follow, max-snippet:-1, max-image-preview:large, max-video-preview:-1\" \/>\n<link rel=\"canonical\" href=\"https:\/\/royalestate.bg\/de\/ueber-bulgarien\/koschariza\/\" \/>\n<meta property=\"og:locale\" content=\"de_DE\" \/>\n<meta property=\"og:type\" content=\"article\" \/>\n<meta property=\"og:title\" content=\"Koschariza - Real Estate Agency in Sunny Beach\" \/>\n<meta property=\"og:description\" content=\"DORFINFORMATIONEN Kosharitsa ist ein kleines Dorf in der Gemeinde Nessebar. Es liegt 35 km nord\u00f6stlich von Burgas. Kosharitsa liegt an den \u00f6stlichen H\u00e4ngen von Stara Planina und nur 6 km vom Strand entfernt und bietet eine unglaubliche Kombination aus Bergen und Meer. Das Dorf offenbart eine unglaubliche Aussicht. Wenn Sie nach Osten schauen, sehen Sie...\" \/>\n<meta property=\"og:url\" content=\"https:\/\/royalestate.bg\/de\/ueber-bulgarien\/koschariza\/\" \/>\n<meta property=\"og:site_name\" content=\"Real Estate Agency in Sunny Beach\" \/>\n<meta property=\"article:modified_time\" content=\"2022-05-17T07:52:44+00:00\" \/>\n<meta property=\"og:image\" content=\"https:\/\/royalestate.bg\/wp-content\/uploads\/properties\/bulgaria\/bulgaria_kosharitsa.jpg?v=1652773759\" \/>\n\t<meta property=\"og:image:width\" content=\"1080\" \/>\n\t<meta property=\"og:image:height\" content=\"679\" \/>\n\t<meta property=\"og:image:type\" content=\"image\/jpeg\" \/>\n<meta name=\"twitter:card\" content=\"summary_large_image\" \/>\n<meta name=\"twitter:label1\" content=\"Gesch\u00e4tzte Lesezeit\" \/>\n\t<meta name=\"twitter:data1\" content=\"1\u00a0Minute\" \/>\n<script type=\"application\/ld+json\" class=\"yoast-schema-graph\">{\"@context\":\"https:\\\/\\\/schema.org\",\"@graph\":[{\"@type\":\"WebPage\",\"@id\":\"https:\\\/\\\/royalestate.bg\\\/de\\\/ueber-bulgarien\\\/koschariza\\\/\",\"url\":\"https:\\\/\\\/royalestate.bg\\\/de\\\/ueber-bulgarien\\\/koschariza\\\/\",\"name\":\"Koschariza - Real Estate Agency in Sunny Beach\",\"isPartOf\":{\"@id\":\"https:\\\/\\\/royalestate.bg\\\/de\\\/#website\"},\"primaryImageOfPage\":{\"@id\":\"https:\\\/\\\/royalestate.bg\\\/de\\\/ueber-bulgarien\\\/koschariza\\\/#primaryimage\"},\"image\":{\"@id\":\"https:\\\/\\\/royalestate.bg\\\/de\\\/ueber-bulgarien\\\/koschariza\\\/#primaryimage\"},\"thumbnailUrl\":\"http:\\\/\\\/staging.royalestate.bg\\\/wp-content\\\/uploads\\\/properties\\\/bulgaria\\\/bulgaria_kosharitsa.jpg\",\"datePublished\":\"2022-05-17T07:48:39+00:00\",\"dateModified\":\"2022-05-17T07:52:44+00:00\",\"breadcrumb\":{\"@id\":\"https:\\\/\\\/royalestate.bg\\\/de\\\/ueber-bulgarien\\\/koschariza\\\/#breadcrumb\"},\"inLanguage\":\"de\",\"potentialAction\":[{\"@type\":\"ReadAction\",\"target\":[\"https:\\\/\\\/royalestate.bg\\\/de\\\/ueber-bulgarien\\\/koschariza\\\/\"]}]},{\"@type\":\"ImageObject\",\"inLanguage\":\"de\",\"@id\":\"https:\\\/\\\/royalestate.bg\\\/de\\\/ueber-bulgarien\\\/koschariza\\\/#primaryimage\",\"url\":\"http:\\\/\\\/staging.royalestate.bg\\\/wp-content\\\/uploads\\\/properties\\\/bulgaria\\\/bulgaria_kosharitsa.jpg\",\"contentUrl\":\"http:\\\/\\\/staging.royalestate.bg\\\/wp-content\\\/uploads\\\/properties\\\/bulgaria\\\/bulgaria_kosharitsa.jpg\"},{\"@type\":\"BreadcrumbList\",\"@id\":\"https:\\\/\\\/royalestate.bg\\\/de\\\/ueber-bulgarien\\\/koschariza\\\/#breadcrumb\",\"itemListElement\":[{\"@type\":\"ListItem\",\"position\":1,\"name\":\"Home\",\"item\":\"https:\\\/\\\/royalestate.bg\\\/de\\\/heim\\\/\"},{\"@type\":\"ListItem\",\"position\":2,\"name\":\"\u00dcber Bulgarien\",\"item\":\"https:\\\/\\\/royalestate.bg\\\/de\\\/ueber-bulgarien\\\/\"},{\"@type\":\"ListItem\",\"position\":3,\"name\":\"Koschariza\"}]},{\"@type\":\"WebSite\",\"@id\":\"https:\\\/\\\/royalestate.bg\\\/de\\\/#website\",\"url\":\"https:\\\/\\\/royalestate.bg\\\/de\\\/\",\"name\":\"Real Estate Agency in Sunny Beach\",\"description\":\"Apartments and Houses For Sale\",\"publisher\":{\"@id\":\"https:\\\/\\\/royalestate.bg\\\/de\\\/#organization\"},\"potentialAction\":[{\"@type\":\"SearchAction\",\"target\":{\"@type\":\"EntryPoint\",\"urlTemplate\":\"https:\\\/\\\/royalestate.bg\\\/de\\\/?s={search_term_string}\"},\"query-input\":{\"@type\":\"PropertyValueSpecification\",\"valueRequired\":true,\"valueName\":\"search_term_string\"}}],\"inLanguage\":\"de\"},{\"@type\":\"Organization\",\"@id\":\"https:\\\/\\\/royalestate.bg\\\/de\\\/#organization\",\"name\":\"Real Estate Agency in Sunny Beach\",\"url\":\"https:\\\/\\\/royalestate.bg\\\/de\\\/\",\"logo\":{\"@type\":\"ImageObject\",\"inLanguage\":\"de\",\"@id\":\"https:\\\/\\\/royalestate.bg\\\/de\\\/#\\\/schema\\\/logo\\\/image\\\/\",\"url\":\"https:\\\/\\\/royalestate.bg\\\/wp-content\\\/uploads\\\/properties\\\/logo\\\/logo_royal_estate_bg.png\",\"contentUrl\":\"https:\\\/\\\/royalestate.bg\\\/wp-content\\\/uploads\\\/properties\\\/logo\\\/logo_royal_estate_bg.png\",\"width\":177,\"height\":115,\"caption\":\"Real Estate Agency in Sunny Beach\"},\"image\":{\"@id\":\"https:\\\/\\\/royalestate.bg\\\/de\\\/#\\\/schema\\\/logo\\\/image\\\/\"}}]}<\/script>\n<!-- \/ Yoast SEO plugin. -->","yoast_head_json":{"title":"Koschariza - Real Estate Agency in Sunny Beach","robots":{"index":"index","follow":"follow","max-snippet":"max-snippet:-1","max-image-preview":"max-image-preview:large","max-video-preview":"max-video-preview:-1"},"canonical":"https:\/\/royalestate.bg\/de\/ueber-bulgarien\/koschariza\/","og_locale":"de_DE","og_type":"article","og_title":"Koschariza - Real Estate Agency in Sunny Beach","og_description":"DORFINFORMATIONEN Kosharitsa ist ein kleines Dorf in der Gemeinde Nessebar. Es liegt 35 km nord\u00f6stlich von Burgas. Kosharitsa liegt an den \u00f6stlichen H\u00e4ngen von Stara Planina und nur 6 km vom Strand entfernt und bietet eine unglaubliche Kombination aus Bergen und Meer. Das Dorf offenbart eine unglaubliche Aussicht. Wenn Sie nach Osten schauen, sehen Sie...","og_url":"https:\/\/royalestate.bg\/de\/ueber-bulgarien\/koschariza\/","og_site_name":"Real Estate Agency in Sunny Beach","article_modified_time":"2022-05-17T07:52:44+00:00","og_image":[{"width":1080,"height":679,"url":"https:\/\/royalestate.bg\/wp-content\/uploads\/properties\/bulgaria\/bulgaria_kosharitsa.jpg?v=1652773759","type":"image\/jpeg"}],"twitter_card":"summary_large_image","twitter_misc":{"Gesch\u00e4tzte Lesezeit":"1\u00a0Minute"},"schema":{"@context":"https:\/\/schema.org","@graph":[{"@type":"WebPage","@id":"https:\/\/royalestate.bg\/de\/ueber-bulgarien\/koschariza\/","url":"https:\/\/royalestate.bg\/de\/ueber-bulgarien\/koschariza\/","name":"Koschariza - Real Estate Agency in Sunny Beach","isPartOf":{"@id":"https:\/\/royalestate.bg\/de\/#website"},"primaryImageOfPage":{"@id":"https:\/\/royalestate.bg\/de\/ueber-bulgarien\/koschariza\/#primaryimage"},"image":{"@id":"https:\/\/royalestate.bg\/de\/ueber-bulgarien\/koschariza\/#primaryimage"},"thumbnailUrl":"http:\/\/staging.royalestate.bg\/wp-content\/uploads\/properties\/bulgaria\/bulgaria_kosharitsa.jpg","datePublished":"2022-05-17T07:48:39+00:00","dateModified":"2022-05-17T07:52:44+00:00","breadcrumb":{"@id":"https:\/\/royalestate.bg\/de\/ueber-bulgarien\/koschariza\/#breadcrumb"},"inLanguage":"de","potentialAction":[{"@type":"ReadAction","target":["https:\/\/royalestate.bg\/de\/ueber-bulgarien\/koschariza\/"]}]},{"@type":"ImageObject","inLanguage":"de","@id":"https:\/\/royalestate.bg\/de\/ueber-bulgarien\/koschariza\/#primaryimage","url":"http:\/\/staging.royalestate.bg\/wp-content\/uploads\/properties\/bulgaria\/bulgaria_kosharitsa.jpg","contentUrl":"http:\/\/staging.royalestate.bg\/wp-content\/uploads\/properties\/bulgaria\/bulgaria_kosharitsa.jpg"},{"@type":"BreadcrumbList","@id":"https:\/\/royalestate.bg\/de\/ueber-bulgarien\/koschariza\/#breadcrumb","itemListElement":[{"@type":"ListItem","position":1,"name":"Home","item":"https:\/\/royalestate.bg\/de\/heim\/"},{"@type":"ListItem","position":2,"name":"\u00dcber Bulgarien","item":"https:\/\/royalestate.bg\/de\/ueber-bulgarien\/"},{"@type":"ListItem","position":3,"name":"Koschariza"}]},{"@type":"WebSite","@id":"https:\/\/royalestate.bg\/de\/#website","url":"https:\/\/royalestate.bg\/de\/","name":"Real Estate Agency in Sunny Beach","description":"Apartments and Houses For Sale","publisher":{"@id":"https:\/\/royalestate.bg\/de\/#organization"},"potentialAction":[{"@type":"SearchAction","target":{"@type":"EntryPoint","urlTemplate":"https:\/\/royalestate.bg\/de\/?s={search_term_string}"},"query-input":{"@type":"PropertyValueSpecification","valueRequired":true,"valueName":"search_term_string"}}],"inLanguage":"de"},{"@type":"Organization","@id":"https:\/\/royalestate.bg\/de\/#organization","name":"Real Estate Agency in Sunny Beach","url":"https:\/\/royalestate.bg\/de\/","logo":{"@type":"ImageObject","inLanguage":"de","@id":"https:\/\/royalestate.bg\/de\/#\/schema\/logo\/image\/","url":"https:\/\/royalestate.bg\/wp-content\/uploads\/properties\/logo\/logo_royal_estate_bg.png","contentUrl":"https:\/\/royalestate.bg\/wp-content\/uploads\/properties\/logo\/logo_royal_estate_bg.png","width":177,"height":115,"caption":"Real Estate Agency in Sunny Beach"},"image":{"@id":"https:\/\/royalestate.bg\/de\/#\/schema\/logo\/image\/"}}]}},"_links":{"self":[{"href":"https:\/\/royalestate.bg\/de\/wp-json\/wp\/v2\/pages\/135226","targetHints":{"allow":["GET"]}}],"collection":[{"href":"https:\/\/royalestate.bg\/de\/wp-json\/wp\/v2\/pages"}],"about":[{"href":"https:\/\/royalestate.bg\/de\/wp-json\/wp\/v2\/types\/page"}],"author":[{"embeddable":true,"href":"https:\/\/royalestate.bg\/de\/wp-json\/wp\/v2\/users\/1"}],"replies":[{"embeddable":true,"href":"https:\/\/royalestate.bg\/de\/wp-json\/wp\/v2\/comments?post=135226"}],"version-history":[{"count":0,"href":"https:\/\/royalestate.bg\/de\/wp-json\/wp\/v2\/pages\/135226\/revisions"}],"up":[{"embeddable":true,"href":"https:\/\/royalestate.bg\/de\/wp-json\/wp\/v2\/pages\/134954"}],"wp:attachment":[{"href":"https:\/\/royalestate.bg\/de\/wp-json\/wp\/v2\/media?parent=135226"}],"curies":[{"name":"wp","href":"https:\/\/api.w.org\/{rel}","templated":true}]}}