{"id":135193,"date":"2022-05-17T10:36:19","date_gmt":"2022-05-17T07:36:19","guid":{"rendered":"http:\/\/staging.royalestate.bg\/ueber-bulgarien\/burgas\/"},"modified":"2022-05-17T10:41:31","modified_gmt":"2022-05-17T07:41:31","slug":"burgas","status":"publish","type":"page","link":"https:\/\/royalestate.bg\/de\/ueber-bulgarien\/burgas\/","title":{"rendered":"Burgas"},"content":{"rendered":"\n<figure class=\"wp-block-image size-full\"><img fetchpriority=\"high\" decoding=\"async\" width=\"1200\" height=\"656\" src=\"http:\/\/staging.royalestate.bg\/wp-content\/uploads\/properties\/bulgaria\/bulgaria_burgas.jpg\" alt=\"\" class=\"wp-image-135178\" srcset=\"https:\/\/royalestate.bg\/wp-content\/uploads\/properties\/bulgaria\/bulgaria_burgas.jpg?v=1652773048 1200w, https:\/\/royalestate.bg\/wp-content\/uploads\/properties\/bulgaria\/bulgaria_burgas-150x82.jpg?v=1652773048 150w\" sizes=\"(max-width: 1200px) 100vw, 1200px\" \/><\/figure>\n\n<h3 class=\"wp-block-heading\">STADTINFORMATIONEN<\/h3>\n\n<p>Burgas ist die f\u00fcnftgr\u00f6\u00dfte Stadt Bulgariens und der zweitgr\u00f6\u00dfte Badeort an der bulgarischen K\u00fcste. Es ist auch der gr\u00f6\u00dfte Hafen an der S\u00fcdk\u00fcste des Schwarzen Meeres. Die Stadt liegt zwischen drei Seen: Burgas, Atanasov und Mandre, und wird vom Norden durch die H\u00fcgel von Stara Planina gesch\u00fctzt. Die Bev\u00f6lkerung betr\u00e4gt weniger als zweihunderttausend und Sie k\u00f6nnen sie auf der Karte s\u00fcdlich von Varna in der Bucht von Burgas finden. Die Stadt hat in den letzten Jahren ein beispielloses Wachstum im Tourismus erlebt und ist zu einem sehr beliebten Touristenziel geworden.    <\/p>\n\n<p>Das heute eher industrielle Zentrum wurde von den alten Griechen gegr\u00fcndet. Damals hie\u00df er jedoch Pyrgos. Der Grund f\u00fcr seine Entstehung ist ein strategisch wichtiger Ort, weshalb hier damals eine Milit\u00e4reinheit stationiert war. Au\u00dferdem wurde hier ein gro\u00dfer Hafen an der Schwarzmeerk\u00fcste gebaut. Im 14. Jahrhundert gr\u00fcndeten die Osmanen hier eine milit\u00e4rische Festung, und drei Jahrhunderte sp\u00e4ter lebten dreitausend Menschen in der Gegend. In dieser Zeit erhielt die Stadt ihren heutigen Namen. Ihre Bl\u00fctezeit erreichte sie im fr\u00fchen 19. Jahrhundert, als hier ein moderner Hafen gebaut wurde und dank dessen Burgas zu einem Handelszentrum der ganzen Region wurde. Mit der Einf\u00fchrung der Eisenbahn wird die Wirtschaft der Stadt durch Einnahmen aus Industrieunternehmen bereichert, die \u00d6l und Chemikalien verarbeiten. Das heutige Burgas verf\u00fcgt \u00fcber einen gro\u00dfen internationalen Flughafen, der j\u00e4hrlich Tausende von Touristen aus der ganzen Welt anzieht.        <\/p>\n\n<p>Das Zentrum von Burgas rund um die Altstadt ist sehr attraktiv und touristisch. Es besteht aus einer gro\u00dfen Anzahl von Caf\u00e9s, Restaurants und vielen Boulevards. Die Hauptverkehrsader der Stadt ist die Alexandrovska Avenue, die durch zwei gro\u00dfe Pl\u00e4tze f\u00fchrt. Auf dem ersten ist das tschechische Konsulat in einem mehrst\u00f6ckigen Geb\u00e4ude untergebracht, was den guten Eindruck der umgebenden Bebauung etwas untergr\u00e4bt. Aber Sie werden auch interessante Brunnen finden, die oft von Touristen verewigt werden. Der zweite Platz tr\u00e4gt noch immer die unfehlbaren Zeichen der kommunistischen \u00c4ra. Dort steht eine Statue des rechten sowjetischen Soldaten, den die Leute &#8222;Aljoscha&#8220; nennen. In der N\u00e4he befindet sich Helicon &#8211; ein bulgarischer Buchladen, in dem Sie Karten bekommen k\u00f6nnen, die anderswo nicht erh\u00e4ltlich sind. Das Stadtzentrum bietet auch einen Besuch in mehreren sicherlich interessanten Museen. Hier erfahren Sie etwas \u00fcber die Geschichte der Stadt, aber auch der ganzen Region. Das Arch\u00e4ologische Museum kann Sie mit seinen Hauptattraktionen \u00fcberraschen, n\u00e4mlich Aquarien und Terrarien mit exotischen Tieren. Interessant ist auch die ungew\u00f6hnliche armenische Kirche mit einer Gedenktafel zu Ehren der Umarmung des V\u00f6lkermords an den Armeniern im Jahr 1915 (Bulgarien ist ein h\u00e4ufiges Ziel armenischer Fl\u00fcchtlinge aus der T\u00fcrkei). Die multikulturelle Region Burgas kann jedoch auch die moderne Kirche St. St. Cyril and Methodius, die r\u00f6misch-katholische Kirche oder die Synagoge bieten.            <\/p>\n\n<p>Die Stadt hat einen sch\u00f6nen und breiten Strand, der von viel Gr\u00fcn umgeben und mit Fast-Food-St\u00e4nden \u00fcbers\u00e4t ist. Es gibt auch \u00f6ffentliche Toiletten und Duschen. Der Strand ist ein sehr sch\u00f6ner und gepflegter Meerespark. Wenn Sie es besuchen, werden Sie das Gef\u00fchl haben, dass es sich um eine gr\u00fcne Oase voller seltener B\u00e4ume, Blumenbeete, Statuen und Springbrunnen handelt. Sie k\u00f6nnen hier einfach im Schatten eines Caf\u00e9s sitzen und den angenehmen Meerblick genie\u00dfen. Einige Sonnenschirme sind kostenlos, andere sind wie Sonnenliegen gegen Geb\u00fchr. Zusammen zahlen Sie daf\u00fcr maximal sieben L\u00f6wen. Von der Br\u00fccke, die vom Strand zum Meer f\u00fchrt, fahren Kreuzfahrtschiffe zur Insel St. Anastasia. Der vom Schwarzen Meer umsp\u00fclte Strand der Stadt ist ungew\u00f6hnlich mit seinem dunkelgrauen Sand, der Magnetit enth\u00e4lt und somit eine heilende Wirkung hat.        <\/p>\n\n<p>Wenn Sie an den Preisen f\u00fcr Lebensmittel, Waren und Restaurants interessiert sind, sind sie die niedrigsten an der K\u00fcste. Dar\u00fcber hinaus k\u00f6nnen Sie die Einkaufszentren globaler Einzelhandelsketten wie Bila, Kaufland, Lidl und andere besuchen. <\/p>\n","protected":false},"excerpt":{"rendered":"<p>STADTINFORMATIONEN Burgas ist die f\u00fcnftgr\u00f6\u00dfte Stadt Bulgariens und der zweitgr\u00f6\u00dfte Badeort an der bulgarischen K\u00fcste. Es ist auch der gr\u00f6\u00dfte Hafen an der S\u00fcdk\u00fcste des Schwarzen Meeres. Die Stadt liegt zwischen drei Seen: Burgas, Atanasov und Mandre, und wird vom Norden durch die H\u00fcgel von Stara Planina gesch\u00fctzt. Die Bev\u00f6lkerung betr\u00e4gt weniger als zweihunderttausend und&#8230;<\/p>\n","protected":false},"author":1,"featured_media":0,"parent":134954,"menu_order":88,"comment_status":"closed","ping_status":"closed","template":"","meta":{"_acf_changed":false,"footnotes":""},"class_list":["post-135193","page","type-page","status-publish","hentry"],"acf":[],"yoast_head":"<!-- This site is optimized with the Yoast SEO plugin v27.3 - https:\/\/yoast.com\/product\/yoast-seo-wordpress\/ -->\n<title>Burgas - Real Estate Agency in Sunny Beach<\/title>\n<meta name=\"robots\" content=\"index, follow, max-snippet:-1, max-image-preview:large, max-video-preview:-1\" \/>\n<link rel=\"canonical\" href=\"https:\/\/royalestate.bg\/de\/ueber-bulgarien\/burgas\/\" \/>\n<meta property=\"og:locale\" content=\"de_DE\" \/>\n<meta property=\"og:type\" content=\"article\" \/>\n<meta property=\"og:title\" content=\"Burgas - Real Estate Agency in Sunny Beach\" \/>\n<meta property=\"og:description\" content=\"STADTINFORMATIONEN Burgas ist die f\u00fcnftgr\u00f6\u00dfte Stadt Bulgariens und der zweitgr\u00f6\u00dfte Badeort an der bulgarischen K\u00fcste. Es ist auch der gr\u00f6\u00dfte Hafen an der S\u00fcdk\u00fcste des Schwarzen Meeres. Die Stadt liegt zwischen drei Seen: Burgas, Atanasov und Mandre, und wird vom Norden durch die H\u00fcgel von Stara Planina gesch\u00fctzt. Die Bev\u00f6lkerung betr\u00e4gt weniger als zweihunderttausend und...\" \/>\n<meta property=\"og:url\" content=\"https:\/\/royalestate.bg\/de\/ueber-bulgarien\/burgas\/\" \/>\n<meta property=\"og:site_name\" content=\"Real Estate Agency in Sunny Beach\" \/>\n<meta property=\"article:modified_time\" content=\"2022-05-17T07:41:31+00:00\" \/>\n<meta property=\"og:image\" content=\"https:\/\/royalestate.bg\/wp-content\/uploads\/properties\/bulgaria\/bulgaria_burgas.jpg?v=1652773048\" \/>\n\t<meta property=\"og:image:width\" content=\"1200\" \/>\n\t<meta property=\"og:image:height\" content=\"656\" \/>\n\t<meta property=\"og:image:type\" content=\"image\/jpeg\" \/>\n<meta name=\"twitter:card\" content=\"summary_large_image\" \/>\n<meta name=\"twitter:label1\" content=\"Gesch\u00e4tzte Lesezeit\" \/>\n\t<meta name=\"twitter:data1\" content=\"3\u00a0Minuten\" \/>\n<script type=\"application\/ld+json\" class=\"yoast-schema-graph\">{\"@context\":\"https:\\\/\\\/schema.org\",\"@graph\":[{\"@type\":\"WebPage\",\"@id\":\"https:\\\/\\\/royalestate.bg\\\/de\\\/ueber-bulgarien\\\/burgas\\\/\",\"url\":\"https:\\\/\\\/royalestate.bg\\\/de\\\/ueber-bulgarien\\\/burgas\\\/\",\"name\":\"Burgas - Real Estate Agency in Sunny Beach\",\"isPartOf\":{\"@id\":\"https:\\\/\\\/royalestate.bg\\\/de\\\/#website\"},\"primaryImageOfPage\":{\"@id\":\"https:\\\/\\\/royalestate.bg\\\/de\\\/ueber-bulgarien\\\/burgas\\\/#primaryimage\"},\"image\":{\"@id\":\"https:\\\/\\\/royalestate.bg\\\/de\\\/ueber-bulgarien\\\/burgas\\\/#primaryimage\"},\"thumbnailUrl\":\"http:\\\/\\\/staging.royalestate.bg\\\/wp-content\\\/uploads\\\/properties\\\/bulgaria\\\/bulgaria_burgas.jpg\",\"datePublished\":\"2022-05-17T07:36:19+00:00\",\"dateModified\":\"2022-05-17T07:41:31+00:00\",\"breadcrumb\":{\"@id\":\"https:\\\/\\\/royalestate.bg\\\/de\\\/ueber-bulgarien\\\/burgas\\\/#breadcrumb\"},\"inLanguage\":\"de\",\"potentialAction\":[{\"@type\":\"ReadAction\",\"target\":[\"https:\\\/\\\/royalestate.bg\\\/de\\\/ueber-bulgarien\\\/burgas\\\/\"]}]},{\"@type\":\"ImageObject\",\"inLanguage\":\"de\",\"@id\":\"https:\\\/\\\/royalestate.bg\\\/de\\\/ueber-bulgarien\\\/burgas\\\/#primaryimage\",\"url\":\"http:\\\/\\\/staging.royalestate.bg\\\/wp-content\\\/uploads\\\/properties\\\/bulgaria\\\/bulgaria_burgas.jpg\",\"contentUrl\":\"http:\\\/\\\/staging.royalestate.bg\\\/wp-content\\\/uploads\\\/properties\\\/bulgaria\\\/bulgaria_burgas.jpg\"},{\"@type\":\"BreadcrumbList\",\"@id\":\"https:\\\/\\\/royalestate.bg\\\/de\\\/ueber-bulgarien\\\/burgas\\\/#breadcrumb\",\"itemListElement\":[{\"@type\":\"ListItem\",\"position\":1,\"name\":\"Home\",\"item\":\"https:\\\/\\\/royalestate.bg\\\/de\\\/heim\\\/\"},{\"@type\":\"ListItem\",\"position\":2,\"name\":\"\u00dcber Bulgarien\",\"item\":\"https:\\\/\\\/royalestate.bg\\\/de\\\/ueber-bulgarien\\\/\"},{\"@type\":\"ListItem\",\"position\":3,\"name\":\"Burgas\"}]},{\"@type\":\"WebSite\",\"@id\":\"https:\\\/\\\/royalestate.bg\\\/de\\\/#website\",\"url\":\"https:\\\/\\\/royalestate.bg\\\/de\\\/\",\"name\":\"Real Estate Agency in Sunny Beach\",\"description\":\"Apartments and Houses For Sale\",\"publisher\":{\"@id\":\"https:\\\/\\\/royalestate.bg\\\/de\\\/#organization\"},\"potentialAction\":[{\"@type\":\"SearchAction\",\"target\":{\"@type\":\"EntryPoint\",\"urlTemplate\":\"https:\\\/\\\/royalestate.bg\\\/de\\\/?s={search_term_string}\"},\"query-input\":{\"@type\":\"PropertyValueSpecification\",\"valueRequired\":true,\"valueName\":\"search_term_string\"}}],\"inLanguage\":\"de\"},{\"@type\":\"Organization\",\"@id\":\"https:\\\/\\\/royalestate.bg\\\/de\\\/#organization\",\"name\":\"Real Estate Agency in Sunny Beach\",\"url\":\"https:\\\/\\\/royalestate.bg\\\/de\\\/\",\"logo\":{\"@type\":\"ImageObject\",\"inLanguage\":\"de\",\"@id\":\"https:\\\/\\\/royalestate.bg\\\/de\\\/#\\\/schema\\\/logo\\\/image\\\/\",\"url\":\"https:\\\/\\\/royalestate.bg\\\/wp-content\\\/uploads\\\/properties\\\/logo\\\/logo_royal_estate_bg.png\",\"contentUrl\":\"https:\\\/\\\/royalestate.bg\\\/wp-content\\\/uploads\\\/properties\\\/logo\\\/logo_royal_estate_bg.png\",\"width\":177,\"height\":115,\"caption\":\"Real Estate Agency in Sunny Beach\"},\"image\":{\"@id\":\"https:\\\/\\\/royalestate.bg\\\/de\\\/#\\\/schema\\\/logo\\\/image\\\/\"}}]}<\/script>\n<!-- \/ Yoast SEO plugin. -->","yoast_head_json":{"title":"Burgas - Real Estate Agency in Sunny Beach","robots":{"index":"index","follow":"follow","max-snippet":"max-snippet:-1","max-image-preview":"max-image-preview:large","max-video-preview":"max-video-preview:-1"},"canonical":"https:\/\/royalestate.bg\/de\/ueber-bulgarien\/burgas\/","og_locale":"de_DE","og_type":"article","og_title":"Burgas - Real Estate Agency in Sunny Beach","og_description":"STADTINFORMATIONEN Burgas ist die f\u00fcnftgr\u00f6\u00dfte Stadt Bulgariens und der zweitgr\u00f6\u00dfte Badeort an der bulgarischen K\u00fcste. Es ist auch der gr\u00f6\u00dfte Hafen an der S\u00fcdk\u00fcste des Schwarzen Meeres. Die Stadt liegt zwischen drei Seen: Burgas, Atanasov und Mandre, und wird vom Norden durch die H\u00fcgel von Stara Planina gesch\u00fctzt. Die Bev\u00f6lkerung betr\u00e4gt weniger als zweihunderttausend und...","og_url":"https:\/\/royalestate.bg\/de\/ueber-bulgarien\/burgas\/","og_site_name":"Real Estate Agency in Sunny Beach","article_modified_time":"2022-05-17T07:41:31+00:00","og_image":[{"width":1200,"height":656,"url":"https:\/\/royalestate.bg\/wp-content\/uploads\/properties\/bulgaria\/bulgaria_burgas.jpg?v=1652773048","type":"image\/jpeg"}],"twitter_card":"summary_large_image","twitter_misc":{"Gesch\u00e4tzte Lesezeit":"3\u00a0Minuten"},"schema":{"@context":"https:\/\/schema.org","@graph":[{"@type":"WebPage","@id":"https:\/\/royalestate.bg\/de\/ueber-bulgarien\/burgas\/","url":"https:\/\/royalestate.bg\/de\/ueber-bulgarien\/burgas\/","name":"Burgas - Real Estate Agency in Sunny Beach","isPartOf":{"@id":"https:\/\/royalestate.bg\/de\/#website"},"primaryImageOfPage":{"@id":"https:\/\/royalestate.bg\/de\/ueber-bulgarien\/burgas\/#primaryimage"},"image":{"@id":"https:\/\/royalestate.bg\/de\/ueber-bulgarien\/burgas\/#primaryimage"},"thumbnailUrl":"http:\/\/staging.royalestate.bg\/wp-content\/uploads\/properties\/bulgaria\/bulgaria_burgas.jpg","datePublished":"2022-05-17T07:36:19+00:00","dateModified":"2022-05-17T07:41:31+00:00","breadcrumb":{"@id":"https:\/\/royalestate.bg\/de\/ueber-bulgarien\/burgas\/#breadcrumb"},"inLanguage":"de","potentialAction":[{"@type":"ReadAction","target":["https:\/\/royalestate.bg\/de\/ueber-bulgarien\/burgas\/"]}]},{"@type":"ImageObject","inLanguage":"de","@id":"https:\/\/royalestate.bg\/de\/ueber-bulgarien\/burgas\/#primaryimage","url":"http:\/\/staging.royalestate.bg\/wp-content\/uploads\/properties\/bulgaria\/bulgaria_burgas.jpg","contentUrl":"http:\/\/staging.royalestate.bg\/wp-content\/uploads\/properties\/bulgaria\/bulgaria_burgas.jpg"},{"@type":"BreadcrumbList","@id":"https:\/\/royalestate.bg\/de\/ueber-bulgarien\/burgas\/#breadcrumb","itemListElement":[{"@type":"ListItem","position":1,"name":"Home","item":"https:\/\/royalestate.bg\/de\/heim\/"},{"@type":"ListItem","position":2,"name":"\u00dcber Bulgarien","item":"https:\/\/royalestate.bg\/de\/ueber-bulgarien\/"},{"@type":"ListItem","position":3,"name":"Burgas"}]},{"@type":"WebSite","@id":"https:\/\/royalestate.bg\/de\/#website","url":"https:\/\/royalestate.bg\/de\/","name":"Real Estate Agency in Sunny Beach","description":"Apartments and Houses For Sale","publisher":{"@id":"https:\/\/royalestate.bg\/de\/#organization"},"potentialAction":[{"@type":"SearchAction","target":{"@type":"EntryPoint","urlTemplate":"https:\/\/royalestate.bg\/de\/?s={search_term_string}"},"query-input":{"@type":"PropertyValueSpecification","valueRequired":true,"valueName":"search_term_string"}}],"inLanguage":"de"},{"@type":"Organization","@id":"https:\/\/royalestate.bg\/de\/#organization","name":"Real Estate Agency in Sunny Beach","url":"https:\/\/royalestate.bg\/de\/","logo":{"@type":"ImageObject","inLanguage":"de","@id":"https:\/\/royalestate.bg\/de\/#\/schema\/logo\/image\/","url":"https:\/\/royalestate.bg\/wp-content\/uploads\/properties\/logo\/logo_royal_estate_bg.png","contentUrl":"https:\/\/royalestate.bg\/wp-content\/uploads\/properties\/logo\/logo_royal_estate_bg.png","width":177,"height":115,"caption":"Real Estate Agency in Sunny Beach"},"image":{"@id":"https:\/\/royalestate.bg\/de\/#\/schema\/logo\/image\/"}}]}},"_links":{"self":[{"href":"https:\/\/royalestate.bg\/de\/wp-json\/wp\/v2\/pages\/135193","targetHints":{"allow":["GET"]}}],"collection":[{"href":"https:\/\/royalestate.bg\/de\/wp-json\/wp\/v2\/pages"}],"about":[{"href":"https:\/\/royalestate.bg\/de\/wp-json\/wp\/v2\/types\/page"}],"author":[{"embeddable":true,"href":"https:\/\/royalestate.bg\/de\/wp-json\/wp\/v2\/users\/1"}],"replies":[{"embeddable":true,"href":"https:\/\/royalestate.bg\/de\/wp-json\/wp\/v2\/comments?post=135193"}],"version-history":[{"count":0,"href":"https:\/\/royalestate.bg\/de\/wp-json\/wp\/v2\/pages\/135193\/revisions"}],"up":[{"embeddable":true,"href":"https:\/\/royalestate.bg\/de\/wp-json\/wp\/v2\/pages\/134954"}],"wp:attachment":[{"href":"https:\/\/royalestate.bg\/de\/wp-json\/wp\/v2\/media?parent=135193"}],"curies":[{"name":"wp","href":"https:\/\/api.w.org\/{rel}","templated":true}]}}