{"id":135160,"date":"2022-05-17T10:25:08","date_gmt":"2022-05-17T07:25:08","guid":{"rendered":"http:\/\/staging.royalestate.bg\/ueber-bulgarien\/elenite\/"},"modified":"2022-05-17T10:29:28","modified_gmt":"2022-05-17T07:29:28","slug":"elenite","status":"publish","type":"page","link":"https:\/\/royalestate.bg\/de\/ueber-bulgarien\/elenite\/","title":{"rendered":"Elenite"},"content":{"rendered":"\n<figure class=\"wp-block-image size-full\"><img fetchpriority=\"high\" decoding=\"async\" width=\"1200\" height=\"499\" src=\"http:\/\/staging.royalestate.bg\/wp-content\/uploads\/properties\/bulgaria\/bulgaria_elenite.jpg\" alt=\"\" class=\"wp-image-135144\" srcset=\"https:\/\/royalestate.bg\/wp-content\/uploads\/properties\/bulgaria\/bulgaria_elenite.jpg?v=1652772362 1200w, https:\/\/royalestate.bg\/wp-content\/uploads\/properties\/bulgaria\/bulgaria_elenite-150x62.jpg?v=1652772362 150w\" sizes=\"(max-width: 1200px) 100vw, 1200px\" \/><\/figure>\n\n<h3 class=\"wp-block-heading\">RESORT-INFORMATIONEN<\/h3>\n\n<p>Etwa 50 km n\u00f6rdlich von Burgas, am s\u00fcdlichsten Ende des Balkanrings, liegt der moderne Badeort Elenite. Es liegt in der N\u00e4he der anderen attraktiven Ferienorte Sunny Beach, Saint Vlas, Nessebar und Rawda. Diese Ferienanlage bietet eine Vielzahl von Luxushotels sowie H\u00e4user und Wohnanlagen, die auf der einen Seite von den Bergen und auf der anderen vom Meer umgeben sind.  <\/p>\n\n<p>Urspr\u00fcnglich war das Gebiet des heutigen Eleni eine unbewohnte Ein\u00f6de, aber in den 80er Jahren des letzten Jahrhunderts, nach dem Bau des gleichnamigen Hotelclubs, begann sich hier der Tourismus zu entwickeln. Heute ist Elenite ein beliebtes Urlaubsziel, wo Menschen das Meer, die Sonne, die sch\u00f6nen Str\u00e4nde und die luxuri\u00f6sen Hotelkomplexe genie\u00dfen. Elenite liegt in einer wundersch\u00f6nen Bucht, ges\u00e4umt von einem 800 Meter langen Sandstrand am Fu\u00dfe des Stara Planina.  <\/p>\n\n<p>Elenite ist ein relativ ruhiges kleines Resort, in dem Sie neben Hotels mehrere ber\u00fchmte Restaurants mit internationalen und regionalen Spezialit\u00e4ten, Bars, Diskotheken, Sportanlagen, Spielplatz, Wasserpark und Minigolf finden. Es ist von einem eigenen Privatstrand ges\u00e4umt, der allm\u00e4hlich ins Meer \u00fcbergeht, was es ideal f\u00fcr kleine Kinder und Nichtschwimmer macht. Sie k\u00f6nnen auch einige Wasserattraktionen nutzen oder in einer der vielen Einrichtungen Wassersportausr\u00fcstung ausleihen. Umgeben von Bergen, die eine wundersch\u00f6ne Natur schaffen, bietet die Stadt ideale Bedingungen f\u00fcr einen unvergesslichen erholsamen Urlaub.   <\/p>\n\n<p>Von Elenite aus k\u00f6nnen Sie viele interessante touristische Touren unternehmen, Sie sollten auf keinen Fall einen Besuch der antiken Stadt Nessebar verpassen, die etwa 15 km entfernt liegt und zu den sch\u00f6nsten Orten an der Schwarzmeerk\u00fcste geh\u00f6rt. Sunny Beach ist 7 km und Sveti Vlas 4 km entfernt und kann vom Elenite aus zu Fu\u00df erreicht werden. Wenn Sie nicht laufen m\u00f6chten, k\u00f6nnen Sie die \u00f6rtlichen Busse nutzen, ein Taxi rufen oder ein Auto mieten. N\u00f6rdlich von Elenite liegt Cape Emine, das auch bei Touristen sehr beliebt ist.   <\/p>\n","protected":false},"excerpt":{"rendered":"<p>RESORT-INFORMATIONEN Etwa 50 km n\u00f6rdlich von Burgas, am s\u00fcdlichsten Ende des Balkanrings, liegt der moderne Badeort Elenite. Es liegt in der N\u00e4he der anderen attraktiven Ferienorte Sunny Beach, Saint Vlas, Nessebar und Rawda. Diese Ferienanlage bietet eine Vielzahl von Luxushotels sowie H\u00e4user und Wohnanlagen, die auf der einen Seite von den Bergen und auf der&#8230;<\/p>\n","protected":false},"author":1,"featured_media":0,"parent":134954,"menu_order":138,"comment_status":"closed","ping_status":"closed","template":"","meta":{"_acf_changed":false,"footnotes":""},"class_list":["post-135160","page","type-page","status-publish","hentry"],"acf":[],"yoast_head":"<!-- This site is optimized with the Yoast SEO plugin v27.4 - https:\/\/yoast.com\/product\/yoast-seo-wordpress\/ -->\n<title>Elenite - Real Estate Agency in Sunny Beach<\/title>\n<meta name=\"robots\" content=\"index, follow, max-snippet:-1, max-image-preview:large, max-video-preview:-1\" \/>\n<link rel=\"canonical\" href=\"https:\/\/royalestate.bg\/de\/ueber-bulgarien\/elenite\/\" \/>\n<meta property=\"og:locale\" content=\"de_DE\" \/>\n<meta property=\"og:type\" content=\"article\" \/>\n<meta property=\"og:title\" content=\"Elenite - Real Estate Agency in Sunny Beach\" \/>\n<meta property=\"og:description\" content=\"RESORT-INFORMATIONEN Etwa 50 km n\u00f6rdlich von Burgas, am s\u00fcdlichsten Ende des Balkanrings, liegt der moderne Badeort Elenite. Es liegt in der N\u00e4he der anderen attraktiven Ferienorte Sunny Beach, Saint Vlas, Nessebar und Rawda. Diese Ferienanlage bietet eine Vielzahl von Luxushotels sowie H\u00e4user und Wohnanlagen, die auf der einen Seite von den Bergen und auf der...\" \/>\n<meta property=\"og:url\" content=\"https:\/\/royalestate.bg\/de\/ueber-bulgarien\/elenite\/\" \/>\n<meta property=\"og:site_name\" content=\"Real Estate Agency in Sunny Beach\" \/>\n<meta property=\"article:modified_time\" content=\"2022-05-17T07:29:28+00:00\" \/>\n<meta property=\"og:image\" content=\"https:\/\/royalestate.bg\/wp-content\/uploads\/properties\/bulgaria\/bulgaria_elenite.jpg?v=1652772362\" \/>\n\t<meta property=\"og:image:width\" content=\"1200\" \/>\n\t<meta property=\"og:image:height\" content=\"499\" \/>\n\t<meta property=\"og:image:type\" content=\"image\/jpeg\" \/>\n<meta name=\"twitter:card\" content=\"summary_large_image\" \/>\n<meta name=\"twitter:label1\" content=\"Gesch\u00e4tzte Lesezeit\" \/>\n\t<meta name=\"twitter:data1\" content=\"2\u00a0Minuten\" \/>\n<script type=\"application\/ld+json\" class=\"yoast-schema-graph\">{\"@context\":\"https:\\\/\\\/schema.org\",\"@graph\":[{\"@type\":\"WebPage\",\"@id\":\"https:\\\/\\\/royalestate.bg\\\/de\\\/ueber-bulgarien\\\/elenite\\\/\",\"url\":\"https:\\\/\\\/royalestate.bg\\\/de\\\/ueber-bulgarien\\\/elenite\\\/\",\"name\":\"Elenite - Real Estate Agency in Sunny Beach\",\"isPartOf\":{\"@id\":\"https:\\\/\\\/royalestate.bg\\\/de\\\/#website\"},\"primaryImageOfPage\":{\"@id\":\"https:\\\/\\\/royalestate.bg\\\/de\\\/ueber-bulgarien\\\/elenite\\\/#primaryimage\"},\"image\":{\"@id\":\"https:\\\/\\\/royalestate.bg\\\/de\\\/ueber-bulgarien\\\/elenite\\\/#primaryimage\"},\"thumbnailUrl\":\"http:\\\/\\\/staging.royalestate.bg\\\/wp-content\\\/uploads\\\/properties\\\/bulgaria\\\/bulgaria_elenite.jpg\",\"datePublished\":\"2022-05-17T07:25:08+00:00\",\"dateModified\":\"2022-05-17T07:29:28+00:00\",\"breadcrumb\":{\"@id\":\"https:\\\/\\\/royalestate.bg\\\/de\\\/ueber-bulgarien\\\/elenite\\\/#breadcrumb\"},\"inLanguage\":\"de\",\"potentialAction\":[{\"@type\":\"ReadAction\",\"target\":[\"https:\\\/\\\/royalestate.bg\\\/de\\\/ueber-bulgarien\\\/elenite\\\/\"]}]},{\"@type\":\"ImageObject\",\"inLanguage\":\"de\",\"@id\":\"https:\\\/\\\/royalestate.bg\\\/de\\\/ueber-bulgarien\\\/elenite\\\/#primaryimage\",\"url\":\"http:\\\/\\\/staging.royalestate.bg\\\/wp-content\\\/uploads\\\/properties\\\/bulgaria\\\/bulgaria_elenite.jpg\",\"contentUrl\":\"http:\\\/\\\/staging.royalestate.bg\\\/wp-content\\\/uploads\\\/properties\\\/bulgaria\\\/bulgaria_elenite.jpg\"},{\"@type\":\"BreadcrumbList\",\"@id\":\"https:\\\/\\\/royalestate.bg\\\/de\\\/ueber-bulgarien\\\/elenite\\\/#breadcrumb\",\"itemListElement\":[{\"@type\":\"ListItem\",\"position\":1,\"name\":\"Home\",\"item\":\"https:\\\/\\\/royalestate.bg\\\/de\\\/heim\\\/\"},{\"@type\":\"ListItem\",\"position\":2,\"name\":\"\u00dcber Bulgarien\",\"item\":\"https:\\\/\\\/royalestate.bg\\\/de\\\/ueber-bulgarien\\\/\"},{\"@type\":\"ListItem\",\"position\":3,\"name\":\"Elenite\"}]},{\"@type\":\"WebSite\",\"@id\":\"https:\\\/\\\/royalestate.bg\\\/de\\\/#website\",\"url\":\"https:\\\/\\\/royalestate.bg\\\/de\\\/\",\"name\":\"Real Estate Agency in Sunny Beach\",\"description\":\"Apartments and Houses For Sale\",\"publisher\":{\"@id\":\"https:\\\/\\\/royalestate.bg\\\/de\\\/#organization\"},\"potentialAction\":[{\"@type\":\"SearchAction\",\"target\":{\"@type\":\"EntryPoint\",\"urlTemplate\":\"https:\\\/\\\/royalestate.bg\\\/de\\\/?s={search_term_string}\"},\"query-input\":{\"@type\":\"PropertyValueSpecification\",\"valueRequired\":true,\"valueName\":\"search_term_string\"}}],\"inLanguage\":\"de\"},{\"@type\":\"Organization\",\"@id\":\"https:\\\/\\\/royalestate.bg\\\/de\\\/#organization\",\"name\":\"Real Estate Agency in Sunny Beach\",\"url\":\"https:\\\/\\\/royalestate.bg\\\/de\\\/\",\"logo\":{\"@type\":\"ImageObject\",\"inLanguage\":\"de\",\"@id\":\"https:\\\/\\\/royalestate.bg\\\/de\\\/#\\\/schema\\\/logo\\\/image\\\/\",\"url\":\"https:\\\/\\\/royalestate.bg\\\/wp-content\\\/uploads\\\/properties\\\/logo\\\/logo_royal_estate_bg.png\",\"contentUrl\":\"https:\\\/\\\/royalestate.bg\\\/wp-content\\\/uploads\\\/properties\\\/logo\\\/logo_royal_estate_bg.png\",\"width\":177,\"height\":115,\"caption\":\"Real Estate Agency in Sunny Beach\"},\"image\":{\"@id\":\"https:\\\/\\\/royalestate.bg\\\/de\\\/#\\\/schema\\\/logo\\\/image\\\/\"}}]}<\/script>\n<!-- \/ Yoast SEO plugin. -->","yoast_head_json":{"title":"Elenite - Real Estate Agency in Sunny Beach","robots":{"index":"index","follow":"follow","max-snippet":"max-snippet:-1","max-image-preview":"max-image-preview:large","max-video-preview":"max-video-preview:-1"},"canonical":"https:\/\/royalestate.bg\/de\/ueber-bulgarien\/elenite\/","og_locale":"de_DE","og_type":"article","og_title":"Elenite - Real Estate Agency in Sunny Beach","og_description":"RESORT-INFORMATIONEN Etwa 50 km n\u00f6rdlich von Burgas, am s\u00fcdlichsten Ende des Balkanrings, liegt der moderne Badeort Elenite. Es liegt in der N\u00e4he der anderen attraktiven Ferienorte Sunny Beach, Saint Vlas, Nessebar und Rawda. Diese Ferienanlage bietet eine Vielzahl von Luxushotels sowie H\u00e4user und Wohnanlagen, die auf der einen Seite von den Bergen und auf der...","og_url":"https:\/\/royalestate.bg\/de\/ueber-bulgarien\/elenite\/","og_site_name":"Real Estate Agency in Sunny Beach","article_modified_time":"2022-05-17T07:29:28+00:00","og_image":[{"width":1200,"height":499,"url":"https:\/\/royalestate.bg\/wp-content\/uploads\/properties\/bulgaria\/bulgaria_elenite.jpg?v=1652772362","type":"image\/jpeg"}],"twitter_card":"summary_large_image","twitter_misc":{"Gesch\u00e4tzte Lesezeit":"2\u00a0Minuten"},"schema":{"@context":"https:\/\/schema.org","@graph":[{"@type":"WebPage","@id":"https:\/\/royalestate.bg\/de\/ueber-bulgarien\/elenite\/","url":"https:\/\/royalestate.bg\/de\/ueber-bulgarien\/elenite\/","name":"Elenite - Real Estate Agency in Sunny Beach","isPartOf":{"@id":"https:\/\/royalestate.bg\/de\/#website"},"primaryImageOfPage":{"@id":"https:\/\/royalestate.bg\/de\/ueber-bulgarien\/elenite\/#primaryimage"},"image":{"@id":"https:\/\/royalestate.bg\/de\/ueber-bulgarien\/elenite\/#primaryimage"},"thumbnailUrl":"http:\/\/staging.royalestate.bg\/wp-content\/uploads\/properties\/bulgaria\/bulgaria_elenite.jpg","datePublished":"2022-05-17T07:25:08+00:00","dateModified":"2022-05-17T07:29:28+00:00","breadcrumb":{"@id":"https:\/\/royalestate.bg\/de\/ueber-bulgarien\/elenite\/#breadcrumb"},"inLanguage":"de","potentialAction":[{"@type":"ReadAction","target":["https:\/\/royalestate.bg\/de\/ueber-bulgarien\/elenite\/"]}]},{"@type":"ImageObject","inLanguage":"de","@id":"https:\/\/royalestate.bg\/de\/ueber-bulgarien\/elenite\/#primaryimage","url":"http:\/\/staging.royalestate.bg\/wp-content\/uploads\/properties\/bulgaria\/bulgaria_elenite.jpg","contentUrl":"http:\/\/staging.royalestate.bg\/wp-content\/uploads\/properties\/bulgaria\/bulgaria_elenite.jpg"},{"@type":"BreadcrumbList","@id":"https:\/\/royalestate.bg\/de\/ueber-bulgarien\/elenite\/#breadcrumb","itemListElement":[{"@type":"ListItem","position":1,"name":"Home","item":"https:\/\/royalestate.bg\/de\/heim\/"},{"@type":"ListItem","position":2,"name":"\u00dcber Bulgarien","item":"https:\/\/royalestate.bg\/de\/ueber-bulgarien\/"},{"@type":"ListItem","position":3,"name":"Elenite"}]},{"@type":"WebSite","@id":"https:\/\/royalestate.bg\/de\/#website","url":"https:\/\/royalestate.bg\/de\/","name":"Real Estate Agency in Sunny Beach","description":"Apartments and Houses For Sale","publisher":{"@id":"https:\/\/royalestate.bg\/de\/#organization"},"potentialAction":[{"@type":"SearchAction","target":{"@type":"EntryPoint","urlTemplate":"https:\/\/royalestate.bg\/de\/?s={search_term_string}"},"query-input":{"@type":"PropertyValueSpecification","valueRequired":true,"valueName":"search_term_string"}}],"inLanguage":"de"},{"@type":"Organization","@id":"https:\/\/royalestate.bg\/de\/#organization","name":"Real Estate Agency in Sunny Beach","url":"https:\/\/royalestate.bg\/de\/","logo":{"@type":"ImageObject","inLanguage":"de","@id":"https:\/\/royalestate.bg\/de\/#\/schema\/logo\/image\/","url":"https:\/\/royalestate.bg\/wp-content\/uploads\/properties\/logo\/logo_royal_estate_bg.png","contentUrl":"https:\/\/royalestate.bg\/wp-content\/uploads\/properties\/logo\/logo_royal_estate_bg.png","width":177,"height":115,"caption":"Real Estate Agency in Sunny Beach"},"image":{"@id":"https:\/\/royalestate.bg\/de\/#\/schema\/logo\/image\/"}}]}},"_links":{"self":[{"href":"https:\/\/royalestate.bg\/de\/wp-json\/wp\/v2\/pages\/135160","targetHints":{"allow":["GET"]}}],"collection":[{"href":"https:\/\/royalestate.bg\/de\/wp-json\/wp\/v2\/pages"}],"about":[{"href":"https:\/\/royalestate.bg\/de\/wp-json\/wp\/v2\/types\/page"}],"author":[{"embeddable":true,"href":"https:\/\/royalestate.bg\/de\/wp-json\/wp\/v2\/users\/1"}],"replies":[{"embeddable":true,"href":"https:\/\/royalestate.bg\/de\/wp-json\/wp\/v2\/comments?post=135160"}],"version-history":[{"count":0,"href":"https:\/\/royalestate.bg\/de\/wp-json\/wp\/v2\/pages\/135160\/revisions"}],"up":[{"embeddable":true,"href":"https:\/\/royalestate.bg\/de\/wp-json\/wp\/v2\/pages\/134954"}],"wp:attachment":[{"href":"https:\/\/royalestate.bg\/de\/wp-json\/wp\/v2\/media?parent=135160"}],"curies":[{"name":"wp","href":"https:\/\/api.w.org\/{rel}","templated":true}]}}