{"id":135129,"date":"2022-05-17T10:12:08","date_gmt":"2022-05-17T07:12:08","guid":{"rendered":"http:\/\/staging.royalestate.bg\/ueber-bulgarien\/sveti-vlas\/"},"modified":"2022-05-17T10:20:05","modified_gmt":"2022-05-17T07:20:05","slug":"sveti-vlas","status":"publish","type":"page","link":"https:\/\/royalestate.bg\/de\/ueber-bulgarien\/sveti-vlas\/","title":{"rendered":"Sveti Vlas"},"content":{"rendered":"\n<figure class=\"wp-block-image size-full\"><img fetchpriority=\"high\" decoding=\"async\" width=\"1100\" height=\"600\" src=\"http:\/\/staging.royalestate.bg\/wp-content\/uploads\/properties\/bulgaria\/bulgaria_sveti_vlas.jpg\" alt=\"\" class=\"wp-image-135110\" srcset=\"https:\/\/royalestate.bg\/wp-content\/uploads\/properties\/bulgaria\/bulgaria_sveti_vlas.jpg?v=1652771624 1100w, https:\/\/royalestate.bg\/wp-content\/uploads\/properties\/bulgaria\/bulgaria_sveti_vlas-150x82.jpg?v=1652771624 150w\" sizes=\"(max-width: 1100px) 100vw, 1100px\" \/><\/figure>\n\n<h3 class=\"wp-block-heading\">STADTINFORMATIONEN<\/h3>\n\n<p>Saint Vlas liegt am Fu\u00dfe der S\u00fcdh\u00e4nge des Balkangebirges, in der N\u00e4he der Schwarzmeerk\u00fcste. Es liegt 12 km von der historischen Stadt Nessebar entfernt. Saint Vlas nimmt den n\u00f6rdlichen Teil der Bucht ein, in deren N\u00e4he sich Sunny Beach und das Feriendorf Elenite befinden, und Burgas liegt 40 km s\u00fcdlich.  <\/p>\n\n<p>Obwohl klein, hat die Stadt eine reiche und lange Geschichte. Die erste Siedlung in der Gegend wurde von den alten Thrakern gegr\u00fcndet. Sp\u00e4ter, w\u00e4hrend der hellenistischen Zeit, um das 2. Jahrhundert v. Chr., mit der Ansiedlung griechischer Kolonisten, wurde die Siedlung Larissa genannt. Dieser Name wurde bis zum vierzehnten Jahrhundert gefunden, als er den Namen Saint Vlas annahm &#8211; Schutzpatron der Kaufleute, Z\u00fcchter und Heiler. Der neue Name der Siedlung wurde mit dem gro\u00dfen und ber\u00fchmten Stauropegial-Kloster \u201eSt. Vlasiy\u201c in Verbindung gebracht, das direkt dem Patriarchat von Konstantinopel unterstand. Es bestand bis ins 18. Jahrhundert, als es damals durch unz\u00e4hlige Piraten\u00fcberf\u00e4lle niedergebrannt wurde Ein \u00e4hnliches Schicksal ereilte die anderen vier Kl\u00f6ster in der N\u00e4he des Dorfes: \u201eSt. Peter &#8222;,&#8220; St. Elijah &#8222;,&#8220; St. Andrew &#8222;und das M\u00e4dchen&#8220; St. Ana. Einzelne \u00dcberreste dieser Kl\u00f6ster sind heute noch zu sehen.      <\/p>\n\n<p>W\u00e4hrend der Jahre der t\u00fcrkischen Sklaverei (XIV &#8211; XIX Jahrhundert) sind mehrere Namen des Dorfes bekannt, die alle mit den Kl\u00f6stern in Verbindung stehen. Die T\u00fcrken nannten es Kyuchyuk-Kloster, und in den osmanischen Steuerregistern ist es als Dorf &#8222;Kloster&#8220; eingetragen. <\/p>\n\n<p>Nach der Befreiung von der t\u00fcrkischen Sklaverei, als Ostrumelien an das bulgarische F\u00fcrstentum angeschlossen wurde, wurde der Name der Siedlung in Saint Vlas ge\u00e4ndert. Jahrhundertelang und bis 1920 war die lokale Bev\u00f6lkerung \u00fcberwiegend griechisch. In den fr\u00fchen 1920er Jahren wanderten lokale Griechen nach Westthrakien aus, das 1919 an Griechenland \u00fcbergeben wurde, und insbesondere in das Dorf Chadarli, das 1920 in Streami umbenannt wurde (heute in der Gemeinde Sapes, Region Rhodopen). Weniger als 10 griechische Familien lebten nach 1920 in Sveti Vlas. Nach den Kriegen von 1912-1918 79 bulgarische Familien aus Thessaloniki, 29 aus Gjumri, 20 bulgarische Familien aus Kleinasien aus dem Dorf Yenikoy und aus anderen Teilen Bulgariens. 1963 wurde Vlas zum Luftkurort erkl\u00e4rt. Das Mikroklima hier ist g\u00fcnstig f\u00fcr die Behandlung von Lungenerkrankungen.      <\/p>\n\n<p>Im Jahr 2006 erhielt das Dorf Sveti Vlas durch Beschluss des Ministerrates den Status einer Stadt.<\/p>\n\n<p>2007 wurde in Sveti Vlas der gr\u00f6\u00dfte Yachthafen Bulgariens mit einer Kapazit\u00e4t von 300 Yachten er\u00f6ffnet.<\/p>\n\n<p>Der Strand von Saint Vlas ist nach S\u00fcden ausgerichtet. Der Sand ist fein und golden. Eine einzigartige Kombination aus sauberer Bergluft, Meeresklima und wundersch\u00f6ner Natur. Saint Vlas ist ein beliebter Urlaubsort f\u00fcr viele Bulgaren und Ausl\u00e4nder. Sommertage sind durch einen ruhigen Morgen und einen relativ k\u00fchlen Nachmittag gekennzeichnet. Langer, warmer und ruhiger Herbst. In den letzten Jahren wurden Mitte Dezember Temperaturen von 15 Grad beobachtet.      <\/p>\n","protected":false},"excerpt":{"rendered":"<p>STADTINFORMATIONEN Saint Vlas liegt am Fu\u00dfe der S\u00fcdh\u00e4nge des Balkangebirges, in der N\u00e4he der Schwarzmeerk\u00fcste. Es liegt 12 km von der historischen Stadt Nessebar entfernt. Saint Vlas nimmt den n\u00f6rdlichen Teil der Bucht ein, in deren N\u00e4he sich Sunny Beach und das Feriendorf Elenite befinden, und Burgas liegt 40 km s\u00fcdlich. Obwohl klein, hat die&#8230;<\/p>\n","protected":false},"author":1,"featured_media":0,"parent":134954,"menu_order":105,"comment_status":"closed","ping_status":"closed","template":"","meta":{"_acf_changed":false,"footnotes":""},"class_list":["post-135129","page","type-page","status-publish","hentry"],"acf":[],"yoast_head":"<!-- This site is optimized with the Yoast SEO plugin v27.3 - https:\/\/yoast.com\/product\/yoast-seo-wordpress\/ -->\n<title>Sveti Vlas - Real Estate Agency in Sunny Beach<\/title>\n<meta name=\"robots\" content=\"index, follow, max-snippet:-1, max-image-preview:large, max-video-preview:-1\" \/>\n<link rel=\"canonical\" href=\"https:\/\/royalestate.bg\/de\/ueber-bulgarien\/sveti-vlas\/\" \/>\n<meta property=\"og:locale\" content=\"de_DE\" \/>\n<meta property=\"og:type\" content=\"article\" \/>\n<meta property=\"og:title\" content=\"Sveti Vlas - Real Estate Agency in Sunny Beach\" \/>\n<meta property=\"og:description\" content=\"STADTINFORMATIONEN Saint Vlas liegt am Fu\u00dfe der S\u00fcdh\u00e4nge des Balkangebirges, in der N\u00e4he der Schwarzmeerk\u00fcste. Es liegt 12 km von der historischen Stadt Nessebar entfernt. Saint Vlas nimmt den n\u00f6rdlichen Teil der Bucht ein, in deren N\u00e4he sich Sunny Beach und das Feriendorf Elenite befinden, und Burgas liegt 40 km s\u00fcdlich. Obwohl klein, hat die...\" \/>\n<meta property=\"og:url\" content=\"https:\/\/royalestate.bg\/de\/ueber-bulgarien\/sveti-vlas\/\" \/>\n<meta property=\"og:site_name\" content=\"Real Estate Agency in Sunny Beach\" \/>\n<meta property=\"article:modified_time\" content=\"2022-05-17T07:20:05+00:00\" \/>\n<meta property=\"og:image\" content=\"https:\/\/royalestate.bg\/wp-content\/uploads\/properties\/bulgaria\/bulgaria_sveti_vlas.jpg?v=1652771624\" \/>\n\t<meta property=\"og:image:width\" content=\"1100\" \/>\n\t<meta property=\"og:image:height\" content=\"600\" \/>\n\t<meta property=\"og:image:type\" content=\"image\/jpeg\" \/>\n<meta name=\"twitter:card\" content=\"summary_large_image\" \/>\n<meta name=\"twitter:label1\" content=\"Gesch\u00e4tzte Lesezeit\" \/>\n\t<meta name=\"twitter:data1\" content=\"2\u00a0Minuten\" \/>\n<script type=\"application\/ld+json\" class=\"yoast-schema-graph\">{\"@context\":\"https:\\\/\\\/schema.org\",\"@graph\":[{\"@type\":\"WebPage\",\"@id\":\"https:\\\/\\\/royalestate.bg\\\/de\\\/ueber-bulgarien\\\/sveti-vlas\\\/\",\"url\":\"https:\\\/\\\/royalestate.bg\\\/de\\\/ueber-bulgarien\\\/sveti-vlas\\\/\",\"name\":\"Sveti Vlas - Real Estate Agency in Sunny Beach\",\"isPartOf\":{\"@id\":\"https:\\\/\\\/royalestate.bg\\\/de\\\/#website\"},\"primaryImageOfPage\":{\"@id\":\"https:\\\/\\\/royalestate.bg\\\/de\\\/ueber-bulgarien\\\/sveti-vlas\\\/#primaryimage\"},\"image\":{\"@id\":\"https:\\\/\\\/royalestate.bg\\\/de\\\/ueber-bulgarien\\\/sveti-vlas\\\/#primaryimage\"},\"thumbnailUrl\":\"http:\\\/\\\/staging.royalestate.bg\\\/wp-content\\\/uploads\\\/properties\\\/bulgaria\\\/bulgaria_sveti_vlas.jpg\",\"datePublished\":\"2022-05-17T07:12:08+00:00\",\"dateModified\":\"2022-05-17T07:20:05+00:00\",\"breadcrumb\":{\"@id\":\"https:\\\/\\\/royalestate.bg\\\/de\\\/ueber-bulgarien\\\/sveti-vlas\\\/#breadcrumb\"},\"inLanguage\":\"de\",\"potentialAction\":[{\"@type\":\"ReadAction\",\"target\":[\"https:\\\/\\\/royalestate.bg\\\/de\\\/ueber-bulgarien\\\/sveti-vlas\\\/\"]}]},{\"@type\":\"ImageObject\",\"inLanguage\":\"de\",\"@id\":\"https:\\\/\\\/royalestate.bg\\\/de\\\/ueber-bulgarien\\\/sveti-vlas\\\/#primaryimage\",\"url\":\"http:\\\/\\\/staging.royalestate.bg\\\/wp-content\\\/uploads\\\/properties\\\/bulgaria\\\/bulgaria_sveti_vlas.jpg\",\"contentUrl\":\"http:\\\/\\\/staging.royalestate.bg\\\/wp-content\\\/uploads\\\/properties\\\/bulgaria\\\/bulgaria_sveti_vlas.jpg\"},{\"@type\":\"BreadcrumbList\",\"@id\":\"https:\\\/\\\/royalestate.bg\\\/de\\\/ueber-bulgarien\\\/sveti-vlas\\\/#breadcrumb\",\"itemListElement\":[{\"@type\":\"ListItem\",\"position\":1,\"name\":\"Home\",\"item\":\"https:\\\/\\\/royalestate.bg\\\/de\\\/heim\\\/\"},{\"@type\":\"ListItem\",\"position\":2,\"name\":\"\u00dcber Bulgarien\",\"item\":\"https:\\\/\\\/royalestate.bg\\\/de\\\/ueber-bulgarien\\\/\"},{\"@type\":\"ListItem\",\"position\":3,\"name\":\"Sveti Vlas\"}]},{\"@type\":\"WebSite\",\"@id\":\"https:\\\/\\\/royalestate.bg\\\/de\\\/#website\",\"url\":\"https:\\\/\\\/royalestate.bg\\\/de\\\/\",\"name\":\"Real Estate Agency in Sunny Beach\",\"description\":\"Apartments and Houses For Sale\",\"publisher\":{\"@id\":\"https:\\\/\\\/royalestate.bg\\\/de\\\/#organization\"},\"potentialAction\":[{\"@type\":\"SearchAction\",\"target\":{\"@type\":\"EntryPoint\",\"urlTemplate\":\"https:\\\/\\\/royalestate.bg\\\/de\\\/?s={search_term_string}\"},\"query-input\":{\"@type\":\"PropertyValueSpecification\",\"valueRequired\":true,\"valueName\":\"search_term_string\"}}],\"inLanguage\":\"de\"},{\"@type\":\"Organization\",\"@id\":\"https:\\\/\\\/royalestate.bg\\\/de\\\/#organization\",\"name\":\"Real Estate Agency in Sunny Beach\",\"url\":\"https:\\\/\\\/royalestate.bg\\\/de\\\/\",\"logo\":{\"@type\":\"ImageObject\",\"inLanguage\":\"de\",\"@id\":\"https:\\\/\\\/royalestate.bg\\\/de\\\/#\\\/schema\\\/logo\\\/image\\\/\",\"url\":\"https:\\\/\\\/royalestate.bg\\\/wp-content\\\/uploads\\\/properties\\\/logo\\\/logo_royal_estate_bg.png\",\"contentUrl\":\"https:\\\/\\\/royalestate.bg\\\/wp-content\\\/uploads\\\/properties\\\/logo\\\/logo_royal_estate_bg.png\",\"width\":177,\"height\":115,\"caption\":\"Real Estate Agency in Sunny Beach\"},\"image\":{\"@id\":\"https:\\\/\\\/royalestate.bg\\\/de\\\/#\\\/schema\\\/logo\\\/image\\\/\"}}]}<\/script>\n<!-- \/ Yoast SEO plugin. -->","yoast_head_json":{"title":"Sveti Vlas - Real Estate Agency in Sunny Beach","robots":{"index":"index","follow":"follow","max-snippet":"max-snippet:-1","max-image-preview":"max-image-preview:large","max-video-preview":"max-video-preview:-1"},"canonical":"https:\/\/royalestate.bg\/de\/ueber-bulgarien\/sveti-vlas\/","og_locale":"de_DE","og_type":"article","og_title":"Sveti Vlas - Real Estate Agency in Sunny Beach","og_description":"STADTINFORMATIONEN Saint Vlas liegt am Fu\u00dfe der S\u00fcdh\u00e4nge des Balkangebirges, in der N\u00e4he der Schwarzmeerk\u00fcste. Es liegt 12 km von der historischen Stadt Nessebar entfernt. Saint Vlas nimmt den n\u00f6rdlichen Teil der Bucht ein, in deren N\u00e4he sich Sunny Beach und das Feriendorf Elenite befinden, und Burgas liegt 40 km s\u00fcdlich. Obwohl klein, hat die...","og_url":"https:\/\/royalestate.bg\/de\/ueber-bulgarien\/sveti-vlas\/","og_site_name":"Real Estate Agency in Sunny Beach","article_modified_time":"2022-05-17T07:20:05+00:00","og_image":[{"width":1100,"height":600,"url":"https:\/\/royalestate.bg\/wp-content\/uploads\/properties\/bulgaria\/bulgaria_sveti_vlas.jpg?v=1652771624","type":"image\/jpeg"}],"twitter_card":"summary_large_image","twitter_misc":{"Gesch\u00e4tzte Lesezeit":"2\u00a0Minuten"},"schema":{"@context":"https:\/\/schema.org","@graph":[{"@type":"WebPage","@id":"https:\/\/royalestate.bg\/de\/ueber-bulgarien\/sveti-vlas\/","url":"https:\/\/royalestate.bg\/de\/ueber-bulgarien\/sveti-vlas\/","name":"Sveti Vlas - Real Estate Agency in Sunny Beach","isPartOf":{"@id":"https:\/\/royalestate.bg\/de\/#website"},"primaryImageOfPage":{"@id":"https:\/\/royalestate.bg\/de\/ueber-bulgarien\/sveti-vlas\/#primaryimage"},"image":{"@id":"https:\/\/royalestate.bg\/de\/ueber-bulgarien\/sveti-vlas\/#primaryimage"},"thumbnailUrl":"http:\/\/staging.royalestate.bg\/wp-content\/uploads\/properties\/bulgaria\/bulgaria_sveti_vlas.jpg","datePublished":"2022-05-17T07:12:08+00:00","dateModified":"2022-05-17T07:20:05+00:00","breadcrumb":{"@id":"https:\/\/royalestate.bg\/de\/ueber-bulgarien\/sveti-vlas\/#breadcrumb"},"inLanguage":"de","potentialAction":[{"@type":"ReadAction","target":["https:\/\/royalestate.bg\/de\/ueber-bulgarien\/sveti-vlas\/"]}]},{"@type":"ImageObject","inLanguage":"de","@id":"https:\/\/royalestate.bg\/de\/ueber-bulgarien\/sveti-vlas\/#primaryimage","url":"http:\/\/staging.royalestate.bg\/wp-content\/uploads\/properties\/bulgaria\/bulgaria_sveti_vlas.jpg","contentUrl":"http:\/\/staging.royalestate.bg\/wp-content\/uploads\/properties\/bulgaria\/bulgaria_sveti_vlas.jpg"},{"@type":"BreadcrumbList","@id":"https:\/\/royalestate.bg\/de\/ueber-bulgarien\/sveti-vlas\/#breadcrumb","itemListElement":[{"@type":"ListItem","position":1,"name":"Home","item":"https:\/\/royalestate.bg\/de\/heim\/"},{"@type":"ListItem","position":2,"name":"\u00dcber Bulgarien","item":"https:\/\/royalestate.bg\/de\/ueber-bulgarien\/"},{"@type":"ListItem","position":3,"name":"Sveti Vlas"}]},{"@type":"WebSite","@id":"https:\/\/royalestate.bg\/de\/#website","url":"https:\/\/royalestate.bg\/de\/","name":"Real Estate Agency in Sunny Beach","description":"Apartments and Houses For Sale","publisher":{"@id":"https:\/\/royalestate.bg\/de\/#organization"},"potentialAction":[{"@type":"SearchAction","target":{"@type":"EntryPoint","urlTemplate":"https:\/\/royalestate.bg\/de\/?s={search_term_string}"},"query-input":{"@type":"PropertyValueSpecification","valueRequired":true,"valueName":"search_term_string"}}],"inLanguage":"de"},{"@type":"Organization","@id":"https:\/\/royalestate.bg\/de\/#organization","name":"Real Estate Agency in Sunny Beach","url":"https:\/\/royalestate.bg\/de\/","logo":{"@type":"ImageObject","inLanguage":"de","@id":"https:\/\/royalestate.bg\/de\/#\/schema\/logo\/image\/","url":"https:\/\/royalestate.bg\/wp-content\/uploads\/properties\/logo\/logo_royal_estate_bg.png","contentUrl":"https:\/\/royalestate.bg\/wp-content\/uploads\/properties\/logo\/logo_royal_estate_bg.png","width":177,"height":115,"caption":"Real Estate Agency in Sunny Beach"},"image":{"@id":"https:\/\/royalestate.bg\/de\/#\/schema\/logo\/image\/"}}]}},"_links":{"self":[{"href":"https:\/\/royalestate.bg\/de\/wp-json\/wp\/v2\/pages\/135129","targetHints":{"allow":["GET"]}}],"collection":[{"href":"https:\/\/royalestate.bg\/de\/wp-json\/wp\/v2\/pages"}],"about":[{"href":"https:\/\/royalestate.bg\/de\/wp-json\/wp\/v2\/types\/page"}],"author":[{"embeddable":true,"href":"https:\/\/royalestate.bg\/de\/wp-json\/wp\/v2\/users\/1"}],"replies":[{"embeddable":true,"href":"https:\/\/royalestate.bg\/de\/wp-json\/wp\/v2\/comments?post=135129"}],"version-history":[{"count":0,"href":"https:\/\/royalestate.bg\/de\/wp-json\/wp\/v2\/pages\/135129\/revisions"}],"up":[{"embeddable":true,"href":"https:\/\/royalestate.bg\/de\/wp-json\/wp\/v2\/pages\/134954"}],"wp:attachment":[{"href":"https:\/\/royalestate.bg\/de\/wp-json\/wp\/v2\/media?parent=135129"}],"curies":[{"name":"wp","href":"https:\/\/api.w.org\/{rel}","templated":true}]}}