{"id":135040,"date":"2022-05-16T19:39:04","date_gmt":"2022-05-16T16:39:04","guid":{"rendered":"http:\/\/staging.royalestate.bg\/ueber-bulgarien\/rawda\/"},"modified":"2022-05-16T20:02:50","modified_gmt":"2022-05-16T17:02:50","slug":"rawda","status":"publish","type":"page","link":"https:\/\/royalestate.bg\/de\/ueber-bulgarien\/rawda\/","title":{"rendered":"Rawda"},"content":{"rendered":"\n<figure class=\"wp-block-image size-full\"><img fetchpriority=\"high\" decoding=\"async\" width=\"1187\" height=\"794\" src=\"http:\/\/staging.royalestate.bg\/wp-content\/uploads\/properties\/bulgaria\/bulgaria_ravda.jpg\" alt=\"\" class=\"wp-image-135024\" srcset=\"https:\/\/royalestate.bg\/wp-content\/uploads\/properties\/bulgaria\/bulgaria_ravda.jpg?v=1652720208 1187w, https:\/\/royalestate.bg\/wp-content\/uploads\/properties\/bulgaria\/bulgaria_ravda-150x100.jpg?v=1652720208 150w, https:\/\/royalestate.bg\/wp-content\/uploads\/properties\/bulgaria\/bulgaria_ravda-488x326.jpg?v=1652720208 488w\" sizes=\"(max-width: 1187px) 100vw, 1187px\" \/><\/figure>\n\n<h3 class=\"wp-block-heading\">RESORT-INFORMATIONEN<\/h3>\n\n<p>Ravda ist ein kleiner Badeort im S\u00fcden Bulgariens. Das K\u00fcstendorf liegt 25 km n\u00f6rdlich von Burgas, 3 km s\u00fcdlich von Nessebar und 5 km vom ber\u00fchmten Ferienort Sonnenstrand entfernt. Im Osten verschmilzt Ravda langsam mit dem Stadtrand von Nessebar. Beide Orte sind phantasievoll durch eine weite Bucht getrennt. Ein Touristenzug oder eine regelm\u00e4\u00dfige Buslinie bringen Besucher nach Nessebar sowie nach Sunny Beach. Wir empfehlen das Resort Ravda besonders Kunden, die ruhigere Resorts suchen.     <\/p>\n\n<p>Gute klimatische Bedingungen und die N\u00e4he zum historischen Nessebar machen das Dorf zu einem beliebten Ort am Schwarzen Meer. Obwohl es eine gesch\u00e4ftige Bauindustrie gibt, ist Ravda immer noch einer der ruhigeren Ferienorte. Die Str\u00e4nde hier sind nicht \u00fcberf\u00fcllt und die Preise sind niedrig und \u00e4u\u00dferst attraktiv.  <\/p>\n\n<p>In den letzten Jahren hat sich Ravda dank des Tourismus schnell entwickelt und ist zu einem sehr beliebten Ferienort geworden. Der Strand ist sandig mit einem allm\u00e4hlichen Eintritt ins Meer. Nat\u00fcrlich gibt es Strandbars und Restaurants. Liegest\u00fchle und Sonnenschirme k\u00f6nnen gegen Geb\u00fchr gemietet werden und Sie k\u00f6nnen aus einem breiten Angebot an Wassersportarten w\u00e4hlen. Der Ort ist deutlich ruhiger als Sunny Beach oder Nessebar, aber gleichzeitig gibt es viele Lebensmittelgesch\u00e4fte, Caf\u00e9s und eine Vielzahl an Restaurants.    <\/p>\n\n<p>Daher ist Ravda ein idealer Ort f\u00fcr alle, die einen erholsamen Urlaub au\u00dferhalb der gesch\u00e4ftigen Touristenzentren verbringen m\u00f6chten. Wenn Sie jedoch das gesch\u00e4ftige Nacht- oder Tagesleben gr\u00f6\u00dferer St\u00e4dte vermissen, k\u00f6nnen Sie dank des regelm\u00e4\u00dfigen Busverkehrs jederzeit in das nahe gelegene Nessebar oder Sunny Beach fahren. <\/p>\n\n<p>Im Sommer wird Ravda zu einem sehr beliebten sch\u00f6nen Ferienort mit einem reichen Unterhaltungsangebot f\u00fcr Kinder und Erwachsene. Sie k\u00f6nnen viele Gesch\u00e4fte, Restaurants, Diskotheken und einen Vergn\u00fcgungspark f\u00fcr Kinder besuchen. Auch der neue moderne Wasserpark ist eine tolle Attraktion. Wir k\u00f6nnen dieses Resort Kunden jeden Alters sowie Familien mit Kindern w\u00e4rmstens empfehlen.   <\/p>\n\n<p>Die Altstadt von Nessebar ist nur wenige Autominuten von Ravda entfernt. Nicht weit von Nessebar entfernt befindet sich einer der luxuri\u00f6sesten bulgarischen Ferienorte &#8211; Sunny Beach. Sie k\u00f6nnen auch die Ferienorte Elenite und Saint Vlas besuchen.  <\/p>\n","protected":false},"excerpt":{"rendered":"<p>RESORT-INFORMATIONEN Ravda ist ein kleiner Badeort im S\u00fcden Bulgariens. Das K\u00fcstendorf liegt 25 km n\u00f6rdlich von Burgas, 3 km s\u00fcdlich von Nessebar und 5 km vom ber\u00fchmten Ferienort Sonnenstrand entfernt. Im Osten verschmilzt Ravda langsam mit dem Stadtrand von Nessebar. Beide Orte sind phantasievoll durch eine weite Bucht getrennt. Ein Touristenzug oder eine regelm\u00e4\u00dfige Buslinie&#8230;<\/p>\n","protected":false},"author":1,"featured_media":0,"parent":134954,"menu_order":155,"comment_status":"closed","ping_status":"closed","template":"","meta":{"_acf_changed":false,"content-type":"","footnotes":""},"class_list":["post-135040","page","type-page","status-publish","hentry"],"acf":[],"yoast_head":"<!-- This site is optimized with the Yoast SEO plugin v27.5 - https:\/\/yoast.com\/product\/yoast-seo-wordpress\/ -->\n<title>Rawda - Real Estate Agency in Sunny Beach<\/title>\n<meta name=\"robots\" content=\"index, follow, max-snippet:-1, max-image-preview:large, max-video-preview:-1\" \/>\n<link rel=\"canonical\" href=\"https:\/\/royalestate.bg\/de\/ueber-bulgarien\/rawda\/\" \/>\n<meta property=\"og:locale\" content=\"de_DE\" \/>\n<meta property=\"og:type\" content=\"article\" \/>\n<meta property=\"og:title\" content=\"Rawda - Real Estate Agency in Sunny Beach\" \/>\n<meta property=\"og:description\" content=\"RESORT-INFORMATIONEN Ravda ist ein kleiner Badeort im S\u00fcden Bulgariens. Das K\u00fcstendorf liegt 25 km n\u00f6rdlich von Burgas, 3 km s\u00fcdlich von Nessebar und 5 km vom ber\u00fchmten Ferienort Sonnenstrand entfernt. Im Osten verschmilzt Ravda langsam mit dem Stadtrand von Nessebar. Beide Orte sind phantasievoll durch eine weite Bucht getrennt. Ein Touristenzug oder eine regelm\u00e4\u00dfige Buslinie...\" \/>\n<meta property=\"og:url\" content=\"https:\/\/royalestate.bg\/de\/ueber-bulgarien\/rawda\/\" \/>\n<meta property=\"og:site_name\" content=\"Real Estate Agency in Sunny Beach\" \/>\n<meta property=\"article:modified_time\" content=\"2022-05-16T17:02:50+00:00\" \/>\n<meta property=\"og:image\" content=\"https:\/\/royalestate.bg\/wp-content\/uploads\/properties\/bulgaria\/bulgaria_ravda.jpg?v=1652720208\" \/>\n\t<meta property=\"og:image:width\" content=\"1187\" \/>\n\t<meta property=\"og:image:height\" content=\"794\" \/>\n\t<meta property=\"og:image:type\" content=\"image\/jpeg\" \/>\n<meta name=\"twitter:card\" content=\"summary_large_image\" \/>\n<meta name=\"twitter:label1\" content=\"Gesch\u00e4tzte Lesezeit\" \/>\n\t<meta name=\"twitter:data1\" content=\"2\u00a0Minuten\" \/>\n<script type=\"application\/ld+json\" class=\"yoast-schema-graph\">{\"@context\":\"https:\\\/\\\/schema.org\",\"@graph\":[{\"@type\":\"WebPage\",\"@id\":\"https:\\\/\\\/royalestate.bg\\\/de\\\/ueber-bulgarien\\\/rawda\\\/\",\"url\":\"https:\\\/\\\/royalestate.bg\\\/de\\\/ueber-bulgarien\\\/rawda\\\/\",\"name\":\"Rawda - Real Estate Agency in Sunny Beach\",\"isPartOf\":{\"@id\":\"https:\\\/\\\/royalestate.bg\\\/de\\\/#website\"},\"primaryImageOfPage\":{\"@id\":\"https:\\\/\\\/royalestate.bg\\\/de\\\/ueber-bulgarien\\\/rawda\\\/#primaryimage\"},\"image\":{\"@id\":\"https:\\\/\\\/royalestate.bg\\\/de\\\/ueber-bulgarien\\\/rawda\\\/#primaryimage\"},\"thumbnailUrl\":\"http:\\\/\\\/staging.royalestate.bg\\\/wp-content\\\/uploads\\\/properties\\\/bulgaria\\\/bulgaria_ravda.jpg\",\"datePublished\":\"2022-05-16T16:39:04+00:00\",\"dateModified\":\"2022-05-16T17:02:50+00:00\",\"breadcrumb\":{\"@id\":\"https:\\\/\\\/royalestate.bg\\\/de\\\/ueber-bulgarien\\\/rawda\\\/#breadcrumb\"},\"inLanguage\":\"de\",\"potentialAction\":[{\"@type\":\"ReadAction\",\"target\":[\"https:\\\/\\\/royalestate.bg\\\/de\\\/ueber-bulgarien\\\/rawda\\\/\"]}]},{\"@type\":\"ImageObject\",\"inLanguage\":\"de\",\"@id\":\"https:\\\/\\\/royalestate.bg\\\/de\\\/ueber-bulgarien\\\/rawda\\\/#primaryimage\",\"url\":\"http:\\\/\\\/staging.royalestate.bg\\\/wp-content\\\/uploads\\\/properties\\\/bulgaria\\\/bulgaria_ravda.jpg\",\"contentUrl\":\"http:\\\/\\\/staging.royalestate.bg\\\/wp-content\\\/uploads\\\/properties\\\/bulgaria\\\/bulgaria_ravda.jpg\"},{\"@type\":\"BreadcrumbList\",\"@id\":\"https:\\\/\\\/royalestate.bg\\\/de\\\/ueber-bulgarien\\\/rawda\\\/#breadcrumb\",\"itemListElement\":[{\"@type\":\"ListItem\",\"position\":1,\"name\":\"Home\",\"item\":\"https:\\\/\\\/royalestate.bg\\\/de\\\/heim\\\/\"},{\"@type\":\"ListItem\",\"position\":2,\"name\":\"\u00dcber Bulgarien\",\"item\":\"https:\\\/\\\/royalestate.bg\\\/de\\\/ueber-bulgarien\\\/\"},{\"@type\":\"ListItem\",\"position\":3,\"name\":\"Rawda\"}]},{\"@type\":\"WebSite\",\"@id\":\"https:\\\/\\\/royalestate.bg\\\/de\\\/#website\",\"url\":\"https:\\\/\\\/royalestate.bg\\\/de\\\/\",\"name\":\"Real Estate Agency in Sunny Beach\",\"description\":\"Apartments and Houses For Sale\",\"publisher\":{\"@id\":\"https:\\\/\\\/royalestate.bg\\\/de\\\/#organization\"},\"potentialAction\":[{\"@type\":\"SearchAction\",\"target\":{\"@type\":\"EntryPoint\",\"urlTemplate\":\"https:\\\/\\\/royalestate.bg\\\/de\\\/?s={search_term_string}\"},\"query-input\":{\"@type\":\"PropertyValueSpecification\",\"valueRequired\":true,\"valueName\":\"search_term_string\"}}],\"inLanguage\":\"de\"},{\"@type\":\"Organization\",\"@id\":\"https:\\\/\\\/royalestate.bg\\\/de\\\/#organization\",\"name\":\"Real Estate Agency in Sunny Beach\",\"url\":\"https:\\\/\\\/royalestate.bg\\\/de\\\/\",\"logo\":{\"@type\":\"ImageObject\",\"inLanguage\":\"de\",\"@id\":\"https:\\\/\\\/royalestate.bg\\\/de\\\/#\\\/schema\\\/logo\\\/image\\\/\",\"url\":\"https:\\\/\\\/royalestate.bg\\\/wp-content\\\/uploads\\\/properties\\\/logo\\\/logo_royal_estate_bg.png\",\"contentUrl\":\"https:\\\/\\\/royalestate.bg\\\/wp-content\\\/uploads\\\/properties\\\/logo\\\/logo_royal_estate_bg.png\",\"width\":177,\"height\":115,\"caption\":\"Real Estate Agency in Sunny Beach\"},\"image\":{\"@id\":\"https:\\\/\\\/royalestate.bg\\\/de\\\/#\\\/schema\\\/logo\\\/image\\\/\"}}]}<\/script>\n<!-- \/ Yoast SEO plugin. -->","yoast_head_json":{"title":"Rawda - Real Estate Agency in Sunny Beach","robots":{"index":"index","follow":"follow","max-snippet":"max-snippet:-1","max-image-preview":"max-image-preview:large","max-video-preview":"max-video-preview:-1"},"canonical":"https:\/\/royalestate.bg\/de\/ueber-bulgarien\/rawda\/","og_locale":"de_DE","og_type":"article","og_title":"Rawda - Real Estate Agency in Sunny Beach","og_description":"RESORT-INFORMATIONEN Ravda ist ein kleiner Badeort im S\u00fcden Bulgariens. Das K\u00fcstendorf liegt 25 km n\u00f6rdlich von Burgas, 3 km s\u00fcdlich von Nessebar und 5 km vom ber\u00fchmten Ferienort Sonnenstrand entfernt. Im Osten verschmilzt Ravda langsam mit dem Stadtrand von Nessebar. Beide Orte sind phantasievoll durch eine weite Bucht getrennt. Ein Touristenzug oder eine regelm\u00e4\u00dfige Buslinie...","og_url":"https:\/\/royalestate.bg\/de\/ueber-bulgarien\/rawda\/","og_site_name":"Real Estate Agency in Sunny Beach","article_modified_time":"2022-05-16T17:02:50+00:00","og_image":[{"width":1187,"height":794,"url":"https:\/\/royalestate.bg\/wp-content\/uploads\/properties\/bulgaria\/bulgaria_ravda.jpg?v=1652720208","type":"image\/jpeg"}],"twitter_card":"summary_large_image","twitter_misc":{"Gesch\u00e4tzte Lesezeit":"2\u00a0Minuten"},"schema":{"@context":"https:\/\/schema.org","@graph":[{"@type":"WebPage","@id":"https:\/\/royalestate.bg\/de\/ueber-bulgarien\/rawda\/","url":"https:\/\/royalestate.bg\/de\/ueber-bulgarien\/rawda\/","name":"Rawda - Real Estate Agency in Sunny Beach","isPartOf":{"@id":"https:\/\/royalestate.bg\/de\/#website"},"primaryImageOfPage":{"@id":"https:\/\/royalestate.bg\/de\/ueber-bulgarien\/rawda\/#primaryimage"},"image":{"@id":"https:\/\/royalestate.bg\/de\/ueber-bulgarien\/rawda\/#primaryimage"},"thumbnailUrl":"http:\/\/staging.royalestate.bg\/wp-content\/uploads\/properties\/bulgaria\/bulgaria_ravda.jpg","datePublished":"2022-05-16T16:39:04+00:00","dateModified":"2022-05-16T17:02:50+00:00","breadcrumb":{"@id":"https:\/\/royalestate.bg\/de\/ueber-bulgarien\/rawda\/#breadcrumb"},"inLanguage":"de","potentialAction":[{"@type":"ReadAction","target":["https:\/\/royalestate.bg\/de\/ueber-bulgarien\/rawda\/"]}]},{"@type":"ImageObject","inLanguage":"de","@id":"https:\/\/royalestate.bg\/de\/ueber-bulgarien\/rawda\/#primaryimage","url":"http:\/\/staging.royalestate.bg\/wp-content\/uploads\/properties\/bulgaria\/bulgaria_ravda.jpg","contentUrl":"http:\/\/staging.royalestate.bg\/wp-content\/uploads\/properties\/bulgaria\/bulgaria_ravda.jpg"},{"@type":"BreadcrumbList","@id":"https:\/\/royalestate.bg\/de\/ueber-bulgarien\/rawda\/#breadcrumb","itemListElement":[{"@type":"ListItem","position":1,"name":"Home","item":"https:\/\/royalestate.bg\/de\/heim\/"},{"@type":"ListItem","position":2,"name":"\u00dcber Bulgarien","item":"https:\/\/royalestate.bg\/de\/ueber-bulgarien\/"},{"@type":"ListItem","position":3,"name":"Rawda"}]},{"@type":"WebSite","@id":"https:\/\/royalestate.bg\/de\/#website","url":"https:\/\/royalestate.bg\/de\/","name":"Real Estate Agency in Sunny Beach","description":"Apartments and Houses For Sale","publisher":{"@id":"https:\/\/royalestate.bg\/de\/#organization"},"potentialAction":[{"@type":"SearchAction","target":{"@type":"EntryPoint","urlTemplate":"https:\/\/royalestate.bg\/de\/?s={search_term_string}"},"query-input":{"@type":"PropertyValueSpecification","valueRequired":true,"valueName":"search_term_string"}}],"inLanguage":"de"},{"@type":"Organization","@id":"https:\/\/royalestate.bg\/de\/#organization","name":"Real Estate Agency in Sunny Beach","url":"https:\/\/royalestate.bg\/de\/","logo":{"@type":"ImageObject","inLanguage":"de","@id":"https:\/\/royalestate.bg\/de\/#\/schema\/logo\/image\/","url":"https:\/\/royalestate.bg\/wp-content\/uploads\/properties\/logo\/logo_royal_estate_bg.png","contentUrl":"https:\/\/royalestate.bg\/wp-content\/uploads\/properties\/logo\/logo_royal_estate_bg.png","width":177,"height":115,"caption":"Real Estate Agency in Sunny Beach"},"image":{"@id":"https:\/\/royalestate.bg\/de\/#\/schema\/logo\/image\/"}}]}},"_links":{"self":[{"href":"https:\/\/royalestate.bg\/de\/wp-json\/wp\/v2\/pages\/135040","targetHints":{"allow":["GET"]}}],"collection":[{"href":"https:\/\/royalestate.bg\/de\/wp-json\/wp\/v2\/pages"}],"about":[{"href":"https:\/\/royalestate.bg\/de\/wp-json\/wp\/v2\/types\/page"}],"author":[{"embeddable":true,"href":"https:\/\/royalestate.bg\/de\/wp-json\/wp\/v2\/users\/1"}],"replies":[{"embeddable":true,"href":"https:\/\/royalestate.bg\/de\/wp-json\/wp\/v2\/comments?post=135040"}],"version-history":[{"count":0,"href":"https:\/\/royalestate.bg\/de\/wp-json\/wp\/v2\/pages\/135040\/revisions"}],"up":[{"embeddable":true,"href":"https:\/\/royalestate.bg\/de\/wp-json\/wp\/v2\/pages\/134954"}],"wp:attachment":[{"href":"https:\/\/royalestate.bg\/de\/wp-json\/wp\/v2\/media?parent=135040"}],"curies":[{"name":"wp","href":"https:\/\/api.w.org\/{rel}","templated":true}]}}