{"id":134954,"date":"2022-05-16T17:32:39","date_gmt":"2022-05-16T14:32:39","guid":{"rendered":"http:\/\/staging.royalestate.bg\/ueber-bulgarien\/"},"modified":"2022-05-16T18:01:05","modified_gmt":"2022-05-16T15:01:05","slug":"ueber-bulgarien","status":"publish","type":"page","link":"https:\/\/royalestate.bg\/de\/ueber-bulgarien\/","title":{"rendered":"\u00dcber Bulgarien"},"content":{"rendered":"\n<figure class=\"wp-block-image size-full\"><img fetchpriority=\"high\" decoding=\"async\" width=\"1200\" height=\"800\" src=\"http:\/\/staging.royalestate.bg\/wp-content\/uploads\/properties\/bulgaria\/bulgaria_blue_mountains.jpg\" alt=\"\" class=\"wp-image-134909\" srcset=\"https:\/\/royalestate.bg\/wp-content\/uploads\/properties\/bulgaria\/bulgaria_blue_mountains.jpg?v=1652712078 1200w, https:\/\/royalestate.bg\/wp-content\/uploads\/properties\/bulgaria\/bulgaria_blue_mountains-150x100.jpg?v=1652712078 150w, https:\/\/royalestate.bg\/wp-content\/uploads\/properties\/bulgaria\/bulgaria_blue_mountains-488x326.jpg?v=1652712078 488w\" sizes=\"(max-width: 1200px) 100vw, 1200px\" \/><figcaption>Blaue Berge<\/figcaption><\/figure>\n\n<p><strong>Fl\u00e4che:<\/strong> 110.993,6 km 2 (102. weltweit), davon 0,3 % Wasser<\/p>\n\n<p><strong>Zeitzone:<\/strong> UTC +2<\/p>\n\n<p><strong>Bev\u00f6lkerung:<\/strong> 7.262.675 (88. der Welt, 2008)<\/p>\n\n<p><strong>Bev\u00f6lkerungsdichte:<\/strong> 65,43 Einwohner. \/ km 2 (123. Platz der Welt) <\/p>\n\n<p><strong>Sprache:<\/strong> Bulgarisch<\/p>\n\n<p><strong>Religion:<\/strong> Bulgarisch-Orthodoxe 85 %, Muslime 13 %<\/p>\n\n<p><strong>H\u00f6chster Punkt:<\/strong> Musala-Gipfel (2.925 m \u00fcber dem Meeresspiegel)<\/p>\n\n<p><strong>Land:<\/strong> Republik<\/p>\n\n<p><strong>Hauptstadt:<\/strong> Sofia (1.402.417 Einwohner)<\/p>\n\n<figure class=\"wp-block-image size-full\"><img decoding=\"async\" width=\"1200\" height=\"800\" src=\"http:\/\/staging.royalestate.bg\/wp-content\/uploads\/properties\/bulgaria\/bulgaria_nessebar.jpg\" alt=\"\" class=\"wp-image-134916\" srcset=\"https:\/\/royalestate.bg\/wp-content\/uploads\/properties\/bulgaria\/bulgaria_nessebar.jpg?v=1652712082 1200w, https:\/\/royalestate.bg\/wp-content\/uploads\/properties\/bulgaria\/bulgaria_nessebar-150x100.jpg?v=1652712082 150w, https:\/\/royalestate.bg\/wp-content\/uploads\/properties\/bulgaria\/bulgaria_nessebar-488x326.jpg?v=1652712082 488w\" sizes=\"(max-width: 1200px) 100vw, 1200px\" \/><figcaption>Nessebar<\/figcaption><\/figure>\n\n<p><strong>Klima:<\/strong> Gem\u00e4\u00dfigtes kontinentales Klima, die Schwarzmeerk\u00fcste und der Maritsa-Fluss bilden den \u00dcbergang zum mediterranen Klima, Durchschnittstemperaturen im Januar &#8211; 2 bis + 2 \u00b0 C, im Juli 21 bis 24 \u00b0 C, durchschnittliche j\u00e4hrliche Niederschlagsmenge von 450 mm (Dobrudscha ) bis 1250 mm Berggipfel) .<\/p>\n\n<p><strong>Flora:<\/strong> Ein Drittel des Territoriums ist mit W\u00e4ldern bedeckt (Kiefer, rum\u00e4nische Kiefer, Fichte, Tanne, Ulme, Eiche, Buche, Hainbuche, Ulme, Esche, Linde, Hasel) \u00dcber 3000 mitteleurop\u00e4ische, mediterrane und Steppenpflanzenarten, Buchsbaum, Zypresse im Schwarzen Meer, alpine Bergrosen, Edelwei\u00df. S\u00e4ugetiere: B\u00e4r, Wolf, Fuchs, Dachs, Wildkatze, Wildschwein, Luchs, Schakal, Nagerm\u00e4use, Hirsche, Rehe, G\u00e4msen, Flederm\u00e4use. V\u00f6gel: z. B. Eule, Geier, Pelikan, Rebhuhn, Fasan, rotes Gras usw.  <\/p>\n\n<figure class=\"wp-block-image size-full\"><img decoding=\"async\" width=\"1152\" height=\"800\" src=\"http:\/\/staging.royalestate.bg\/wp-content\/uploads\/properties\/bulgaria\/bulgaria_sofia.jpg\" alt=\"\" class=\"wp-image-134923\" srcset=\"https:\/\/royalestate.bg\/wp-content\/uploads\/properties\/bulgaria\/bulgaria_sofia.jpg?v=1652712085 1152w, https:\/\/royalestate.bg\/wp-content\/uploads\/properties\/bulgaria\/bulgaria_sofia-150x104.jpg?v=1652712085 150w\" sizes=\"(max-width: 1152px) 100vw, 1152px\" \/><figcaption>Sofia<\/figcaption><\/figure>\n\n<h3 class=\"wp-block-heading\">Feiertage und wichtige Tage<\/h3>\n\n<p>\n          <strong>Stabile Feiertage:<\/strong>\n        <\/p>\n\n<p>01.01 &#8211; Neujahr.<\/p>\n\n<p>03.03 &#8211; Befreiung von der osmanischen Herrschaft (1878).<\/p>\n\n<p>01.05 &#8211; Tag der Arbeit.<\/p>\n\n<p>06.05 &#8211; St. Georgstag, Tag des Mutes und der bulgarischen Armee.<\/p>\n\n<p>24.05 &#8211; St. St. Cyrill und Methodius, Tag der slawischen Kultur und Bildung.<\/p>\n\n<p>06.09 &#8211; Tag der Vereinigung Ostrumeliens mit dem bulgarischen F\u00fcrstentum (1885).<\/p>\n\n<p>22.09 &#8211; Unabh\u00e4ngigkeitstag (1908).<\/p>\n\n<p>01.11 &#8211; Tag der Volkserwecker.<\/p>\n\n<p>25.12 &#8211; Weihnachten.<\/p>\n\n<p>\n          <strong>Mobile Feiertage &#8211; Ostern:<\/strong>\n        <\/p>\n\n<p>23. April &#8211; Karfreitag,<\/p>\n\n<p>24. April &#8211; Ostern<\/p>\n\n<p>25. April &#8211; Karmontag<\/p>\n\n<p>\n          <em>* Angaben von 2006<\/em>\n        <\/p>\n\n<figure class=\"wp-block-image size-full\"><img loading=\"lazy\" decoding=\"async\" width=\"1200\" height=\"474\" src=\"http:\/\/staging.royalestate.bg\/wp-content\/uploads\/properties\/bulgaria\/bulgaria_travel-1.jpg\" alt=\"\" class=\"wp-image-134939\" srcset=\"https:\/\/royalestate.bg\/wp-content\/uploads\/properties\/bulgaria\/bulgaria_travel-1.jpg 1200w, https:\/\/royalestate.bg\/wp-content\/uploads\/properties\/bulgaria\/bulgaria_travel-1-150x59.jpg 150w\" sizes=\"(max-width: 1200px) 100vw, 1200px\" \/><\/figure>\n\n<h3 class=\"wp-block-heading\">Es ist wichtig, wenn Sie nach Bulgarien reisen<\/h3>\n\n<p><strong>Visa<\/strong> &#8211; Anmeldemodus<\/p>\n\n<p>Visafreies Reisen innerhalb von 3 Monaten und nur f\u00fcr Non-Profit-Reisen. Wenn ein Ausl\u00e4nder zu anderen Zwecken als dem Tourismus (z. B. Arbeit, Studium, Gesch\u00e4ft) in Bulgarien bleiben m\u00f6chte oder die Aufenthaltsdauer 3 Monate \u00fcberschreitet, muss ein Visum bei der bulgarischen Botschaft beantragt werden. Ab dem 01.01.2006 muss der Ausl\u00e4nder bei der Einreise in den BR an der Grenzkontrolle seinen Ziel- und Wohnort angeben und dort die Meldekarte ausf\u00fcllen. Diese Ma\u00dfnahme gilt nicht f\u00fcr Ausl\u00e4nder, die nur durch das Hoheitsgebiet Bulgariens reisen und das Land innerhalb von 24 Stunden verlassen. Seit dem 13. Januar 2006 f\u00fcllen EU- und EWR-B\u00fcrger bei der Einreise in das Hoheitsgebiet der Republik Bulgarien an den Grenz\u00fcberg\u00e4ngen keine Registrierungskarten mehr aus. Die Meldepflicht f\u00fcr alle Ausl\u00e4nder nach den Bestimmungen des Ausl\u00e4ndergesetzes in der Republik Bulgarien (Anmeldung des Aufenthaltsorts bis zu 5 Tagen, f\u00fcr die der Vermieter zust\u00e4ndig ist) gilt weiterhin. An der Grenzkontrolle erh\u00e4lt der Ausl\u00e4nder einen Stempel im Reisedokument. Nach dem Gesetz \u00fcber Ausl\u00e4nder in der Republik Bulgarien wird ein Ausl\u00e4nder, der nach Ablauf der zul\u00e4ssigen Aufenthaltsdauer im Land geblieben ist, mit einer hohen Geldstrafe geahndet oder der Aufenthalt in der Republik Bulgarien f\u00fcr eine bestimmte Zeit verboten.       <\/p>\n\n<h3 class=\"wp-block-heading\">Unterlagen<\/h3>\n\n<p>Reisen Sie mit einem g\u00fcltigen Reisepass oder Personalausweis nach Bulgarien. Fahrer von Kraftfahrzeugen m\u00fcssen im Besitz eines F\u00fchrerscheins, eines technischen F\u00fchrerscheins, der sogenannten Gr\u00fcnen Karte sein. Im Falle eines Miet- oder Dienstwagens muss der Fahrer \u00fcber eine beglaubigte Vollmacht des Fahrzeughalters verf\u00fcgen (mit einer \u00dcbersetzung ins Bulgarische oder in die Weltsprache, vorzugsweise ins Englische). Wenn der Fahrer keine Vollmacht vorlegt, darf das Fahrzeug nicht auf dem Territorium der Republik Bulgarien zugelassen werden.   <\/p>\n","protected":false},"excerpt":{"rendered":"<p>Fl\u00e4che: 110.993,6 km 2 (102. weltweit), davon 0,3 % Wasser Zeitzone: UTC +2 Bev\u00f6lkerung: 7.262.675 (88. der Welt, 2008) Bev\u00f6lkerungsdichte: 65,43 Einwohner. \/ km 2 (123. Platz der Welt) Sprache: Bulgarisch Religion: Bulgarisch-Orthodoxe 85 %, Muslime 13 % H\u00f6chster Punkt: Musala-Gipfel (2.925 m \u00fcber dem Meeresspiegel) Land: Republik Hauptstadt: Sofia (1.402.417 Einwohner) Klima: Gem\u00e4\u00dfigtes kontinentales&#8230;<\/p>\n","protected":false},"author":1,"featured_media":200252,"parent":0,"menu_order":41,"comment_status":"closed","ping_status":"closed","template":"","meta":{"_acf_changed":false,"footnotes":""},"class_list":["post-134954","page","type-page","status-publish","has-post-thumbnail","hentry"],"acf":[],"yoast_head":"<!-- This site is optimized with the Yoast SEO plugin v27.4 - https:\/\/yoast.com\/product\/yoast-seo-wordpress\/ -->\n<title>\u00dcber Bulgarien - Real Estate Agency in Sunny Beach<\/title>\n<meta name=\"robots\" content=\"index, follow, max-snippet:-1, max-image-preview:large, max-video-preview:-1\" \/>\n<link rel=\"canonical\" href=\"https:\/\/royalestate.bg\/de\/ueber-bulgarien\/\" \/>\n<meta property=\"og:locale\" content=\"de_DE\" \/>\n<meta property=\"og:type\" content=\"article\" \/>\n<meta property=\"og:title\" content=\"\u00dcber Bulgarien - Real Estate Agency in Sunny Beach\" \/>\n<meta property=\"og:description\" content=\"Fl\u00e4che: 110.993,6 km 2 (102. weltweit), davon 0,3 % Wasser Zeitzone: UTC +2 Bev\u00f6lkerung: 7.262.675 (88. der Welt, 2008) Bev\u00f6lkerungsdichte: 65,43 Einwohner. \/ km 2 (123. Platz der Welt) Sprache: Bulgarisch Religion: Bulgarisch-Orthodoxe 85 %, Muslime 13 % H\u00f6chster Punkt: Musala-Gipfel (2.925 m \u00fcber dem Meeresspiegel) Land: Republik Hauptstadt: Sofia (1.402.417 Einwohner) Klima: Gem\u00e4\u00dfigtes kontinentales...\" \/>\n<meta property=\"og:url\" content=\"https:\/\/royalestate.bg\/de\/ueber-bulgarien\/\" \/>\n<meta property=\"og:site_name\" content=\"Real Estate Agency in Sunny Beach\" \/>\n<meta property=\"article:modified_time\" content=\"2022-05-16T15:01:05+00:00\" \/>\n<meta property=\"og:image\" content=\"https:\/\/royalestate.bg\/wp-content\/uploads\/properties\/bulgaria\/bulgaria_blue_mountains.jpg?v=1652712078\" \/>\n\t<meta property=\"og:image:width\" content=\"1200\" \/>\n\t<meta property=\"og:image:height\" content=\"800\" \/>\n\t<meta property=\"og:image:type\" content=\"image\/jpeg\" \/>\n<meta name=\"twitter:card\" content=\"summary_large_image\" \/>\n<meta name=\"twitter:label1\" content=\"Gesch\u00e4tzte Lesezeit\" \/>\n\t<meta name=\"twitter:data1\" content=\"3\u00a0Minuten\" \/>\n<script type=\"application\/ld+json\" class=\"yoast-schema-graph\">{\"@context\":\"https:\\\/\\\/schema.org\",\"@graph\":[{\"@type\":\"WebPage\",\"@id\":\"https:\\\/\\\/royalestate.bg\\\/de\\\/ueber-bulgarien\\\/\",\"url\":\"https:\\\/\\\/royalestate.bg\\\/de\\\/ueber-bulgarien\\\/\",\"name\":\"\u00dcber Bulgarien - Real Estate Agency in Sunny Beach\",\"isPartOf\":{\"@id\":\"https:\\\/\\\/royalestate.bg\\\/de\\\/#website\"},\"primaryImageOfPage\":{\"@id\":\"https:\\\/\\\/royalestate.bg\\\/de\\\/ueber-bulgarien\\\/#primaryimage\"},\"image\":{\"@id\":\"https:\\\/\\\/royalestate.bg\\\/de\\\/ueber-bulgarien\\\/#primaryimage\"},\"thumbnailUrl\":\"https:\\\/\\\/royalestate.bg\\\/wp-content\\\/uploads\\\/properties\\\/\\\/sell-property-in-bulgaria-fast-easy-with-royal-estate-bulgaria.png\",\"datePublished\":\"2022-05-16T14:32:39+00:00\",\"dateModified\":\"2022-05-16T15:01:05+00:00\",\"breadcrumb\":{\"@id\":\"https:\\\/\\\/royalestate.bg\\\/de\\\/ueber-bulgarien\\\/#breadcrumb\"},\"inLanguage\":\"de\",\"potentialAction\":[{\"@type\":\"ReadAction\",\"target\":[\"https:\\\/\\\/royalestate.bg\\\/de\\\/ueber-bulgarien\\\/\"]}]},{\"@type\":\"ImageObject\",\"inLanguage\":\"de\",\"@id\":\"https:\\\/\\\/royalestate.bg\\\/de\\\/ueber-bulgarien\\\/#primaryimage\",\"url\":\"https:\\\/\\\/royalestate.bg\\\/wp-content\\\/uploads\\\/properties\\\/\\\/sell-property-in-bulgaria-fast-easy-with-royal-estate-bulgaria.png\",\"contentUrl\":\"https:\\\/\\\/royalestate.bg\\\/wp-content\\\/uploads\\\/properties\\\/\\\/sell-property-in-bulgaria-fast-easy-with-royal-estate-bulgaria.png\",\"width\":1536,\"height\":1024},{\"@type\":\"BreadcrumbList\",\"@id\":\"https:\\\/\\\/royalestate.bg\\\/de\\\/ueber-bulgarien\\\/#breadcrumb\",\"itemListElement\":[{\"@type\":\"ListItem\",\"position\":1,\"name\":\"Home\",\"item\":\"https:\\\/\\\/royalestate.bg\\\/de\\\/heim\\\/\"},{\"@type\":\"ListItem\",\"position\":2,\"name\":\"\u00dcber Bulgarien\"}]},{\"@type\":\"WebSite\",\"@id\":\"https:\\\/\\\/royalestate.bg\\\/de\\\/#website\",\"url\":\"https:\\\/\\\/royalestate.bg\\\/de\\\/\",\"name\":\"Real Estate Agency in Sunny Beach\",\"description\":\"Apartments and Houses For Sale\",\"publisher\":{\"@id\":\"https:\\\/\\\/royalestate.bg\\\/de\\\/#organization\"},\"potentialAction\":[{\"@type\":\"SearchAction\",\"target\":{\"@type\":\"EntryPoint\",\"urlTemplate\":\"https:\\\/\\\/royalestate.bg\\\/de\\\/?s={search_term_string}\"},\"query-input\":{\"@type\":\"PropertyValueSpecification\",\"valueRequired\":true,\"valueName\":\"search_term_string\"}}],\"inLanguage\":\"de\"},{\"@type\":\"Organization\",\"@id\":\"https:\\\/\\\/royalestate.bg\\\/de\\\/#organization\",\"name\":\"Real Estate Agency in Sunny Beach\",\"url\":\"https:\\\/\\\/royalestate.bg\\\/de\\\/\",\"logo\":{\"@type\":\"ImageObject\",\"inLanguage\":\"de\",\"@id\":\"https:\\\/\\\/royalestate.bg\\\/de\\\/#\\\/schema\\\/logo\\\/image\\\/\",\"url\":\"https:\\\/\\\/royalestate.bg\\\/wp-content\\\/uploads\\\/properties\\\/logo\\\/logo_royal_estate_bg.png\",\"contentUrl\":\"https:\\\/\\\/royalestate.bg\\\/wp-content\\\/uploads\\\/properties\\\/logo\\\/logo_royal_estate_bg.png\",\"width\":177,\"height\":115,\"caption\":\"Real Estate Agency in Sunny Beach\"},\"image\":{\"@id\":\"https:\\\/\\\/royalestate.bg\\\/de\\\/#\\\/schema\\\/logo\\\/image\\\/\"}}]}<\/script>\n<!-- \/ Yoast SEO plugin. -->","yoast_head_json":{"title":"\u00dcber Bulgarien - Real Estate Agency in Sunny Beach","robots":{"index":"index","follow":"follow","max-snippet":"max-snippet:-1","max-image-preview":"max-image-preview:large","max-video-preview":"max-video-preview:-1"},"canonical":"https:\/\/royalestate.bg\/de\/ueber-bulgarien\/","og_locale":"de_DE","og_type":"article","og_title":"\u00dcber Bulgarien - Real Estate Agency in Sunny Beach","og_description":"Fl\u00e4che: 110.993,6 km 2 (102. weltweit), davon 0,3 % Wasser Zeitzone: UTC +2 Bev\u00f6lkerung: 7.262.675 (88. der Welt, 2008) Bev\u00f6lkerungsdichte: 65,43 Einwohner. \/ km 2 (123. Platz der Welt) Sprache: Bulgarisch Religion: Bulgarisch-Orthodoxe 85 %, Muslime 13 % H\u00f6chster Punkt: Musala-Gipfel (2.925 m \u00fcber dem Meeresspiegel) Land: Republik Hauptstadt: Sofia (1.402.417 Einwohner) Klima: Gem\u00e4\u00dfigtes kontinentales...","og_url":"https:\/\/royalestate.bg\/de\/ueber-bulgarien\/","og_site_name":"Real Estate Agency in Sunny Beach","article_modified_time":"2022-05-16T15:01:05+00:00","og_image":[{"width":1200,"height":800,"url":"https:\/\/royalestate.bg\/wp-content\/uploads\/properties\/bulgaria\/bulgaria_blue_mountains.jpg?v=1652712078","type":"image\/jpeg"}],"twitter_card":"summary_large_image","twitter_misc":{"Gesch\u00e4tzte Lesezeit":"3\u00a0Minuten"},"schema":{"@context":"https:\/\/schema.org","@graph":[{"@type":"WebPage","@id":"https:\/\/royalestate.bg\/de\/ueber-bulgarien\/","url":"https:\/\/royalestate.bg\/de\/ueber-bulgarien\/","name":"\u00dcber Bulgarien - Real Estate Agency in Sunny Beach","isPartOf":{"@id":"https:\/\/royalestate.bg\/de\/#website"},"primaryImageOfPage":{"@id":"https:\/\/royalestate.bg\/de\/ueber-bulgarien\/#primaryimage"},"image":{"@id":"https:\/\/royalestate.bg\/de\/ueber-bulgarien\/#primaryimage"},"thumbnailUrl":"https:\/\/royalestate.bg\/wp-content\/uploads\/properties\/\/sell-property-in-bulgaria-fast-easy-with-royal-estate-bulgaria.png","datePublished":"2022-05-16T14:32:39+00:00","dateModified":"2022-05-16T15:01:05+00:00","breadcrumb":{"@id":"https:\/\/royalestate.bg\/de\/ueber-bulgarien\/#breadcrumb"},"inLanguage":"de","potentialAction":[{"@type":"ReadAction","target":["https:\/\/royalestate.bg\/de\/ueber-bulgarien\/"]}]},{"@type":"ImageObject","inLanguage":"de","@id":"https:\/\/royalestate.bg\/de\/ueber-bulgarien\/#primaryimage","url":"https:\/\/royalestate.bg\/wp-content\/uploads\/properties\/\/sell-property-in-bulgaria-fast-easy-with-royal-estate-bulgaria.png","contentUrl":"https:\/\/royalestate.bg\/wp-content\/uploads\/properties\/\/sell-property-in-bulgaria-fast-easy-with-royal-estate-bulgaria.png","width":1536,"height":1024},{"@type":"BreadcrumbList","@id":"https:\/\/royalestate.bg\/de\/ueber-bulgarien\/#breadcrumb","itemListElement":[{"@type":"ListItem","position":1,"name":"Home","item":"https:\/\/royalestate.bg\/de\/heim\/"},{"@type":"ListItem","position":2,"name":"\u00dcber Bulgarien"}]},{"@type":"WebSite","@id":"https:\/\/royalestate.bg\/de\/#website","url":"https:\/\/royalestate.bg\/de\/","name":"Real Estate Agency in Sunny Beach","description":"Apartments and Houses For Sale","publisher":{"@id":"https:\/\/royalestate.bg\/de\/#organization"},"potentialAction":[{"@type":"SearchAction","target":{"@type":"EntryPoint","urlTemplate":"https:\/\/royalestate.bg\/de\/?s={search_term_string}"},"query-input":{"@type":"PropertyValueSpecification","valueRequired":true,"valueName":"search_term_string"}}],"inLanguage":"de"},{"@type":"Organization","@id":"https:\/\/royalestate.bg\/de\/#organization","name":"Real Estate Agency in Sunny Beach","url":"https:\/\/royalestate.bg\/de\/","logo":{"@type":"ImageObject","inLanguage":"de","@id":"https:\/\/royalestate.bg\/de\/#\/schema\/logo\/image\/","url":"https:\/\/royalestate.bg\/wp-content\/uploads\/properties\/logo\/logo_royal_estate_bg.png","contentUrl":"https:\/\/royalestate.bg\/wp-content\/uploads\/properties\/logo\/logo_royal_estate_bg.png","width":177,"height":115,"caption":"Real Estate Agency in Sunny Beach"},"image":{"@id":"https:\/\/royalestate.bg\/de\/#\/schema\/logo\/image\/"}}]}},"_links":{"self":[{"href":"https:\/\/royalestate.bg\/de\/wp-json\/wp\/v2\/pages\/134954","targetHints":{"allow":["GET"]}}],"collection":[{"href":"https:\/\/royalestate.bg\/de\/wp-json\/wp\/v2\/pages"}],"about":[{"href":"https:\/\/royalestate.bg\/de\/wp-json\/wp\/v2\/types\/page"}],"author":[{"embeddable":true,"href":"https:\/\/royalestate.bg\/de\/wp-json\/wp\/v2\/users\/1"}],"replies":[{"embeddable":true,"href":"https:\/\/royalestate.bg\/de\/wp-json\/wp\/v2\/comments?post=134954"}],"version-history":[{"count":0,"href":"https:\/\/royalestate.bg\/de\/wp-json\/wp\/v2\/pages\/134954\/revisions"}],"wp:featuredmedia":[{"embeddable":true,"href":"https:\/\/royalestate.bg\/de\/wp-json\/wp\/v2\/media\/200252"}],"wp:attachment":[{"href":"https:\/\/royalestate.bg\/de\/wp-json\/wp\/v2\/media?parent=134954"}],"curies":[{"name":"wp","href":"https:\/\/api.w.org\/{rel}","templated":true}]}}