{"id":64739,"date":"2017-06-25T13:45:01","date_gmt":"2017-06-25T10:45:01","guid":{"rendered":"http:\/\/staging.royalestate.bg\/vlastnosti\/"},"modified":"2026-02-24T11:18:59","modified_gmt":"2026-02-24T08:18:59","slug":"nemovitosti-u-more-bulharsko","status":"publish","type":"page","link":"https:\/\/royalestate.bg\/cs\/nemovitosti-u-more-bulharsko\/","title":{"rendered":"Nemovitosti"},"content":{"rendered":"","protected":false},"excerpt":{"rendered":"","protected":false},"author":1,"featured_media":0,"parent":0,"menu_order":216,"comment_status":"open","ping_status":"closed","template":"templates\/properties.php","meta":{"_acf_changed":false,"footnotes":""},"class_list":["post-64739","page","type-page","status-publish","hentry"],"acf":[],"yoast_head":"<!-- This site is optimized with the Yoast SEO plugin v27.4 - https:\/\/yoast.com\/product\/yoast-seo-wordpress\/ -->\n<title>Nemovitosti v Bulharsku u mo\u0159e na prodej | Levn\u00e9 Byty a Domy<\/title>\n<meta name=\"description\" content=\"Nemovitosti v Bulharsku na prodej u mo\u0159e - byty, apartm\u00e1ny, domy a pozemky za atraktivn\u00ed ceny. Objevte v\u00fdhodn\u00e9 nab\u00eddky je\u0161t\u011b dnes!\" \/>\n<meta name=\"robots\" content=\"index, follow, max-snippet:-1, max-image-preview:large, max-video-preview:-1\" \/>\n<link rel=\"canonical\" href=\"https:\/\/royalestate.bg\/cs\/nemovitosti-u-more-bulharsko\/\" \/>\n<meta property=\"og:locale\" content=\"cs_CZ\" \/>\n<meta property=\"og:type\" content=\"article\" \/>\n<meta property=\"og:title\" content=\"Nemovitosti v Bulharsku u mo\u0159e na prodej | Levn\u00e9 Byty a Domy\" \/>\n<meta property=\"og:description\" content=\"Nemovitosti v Bulharsku na prodej u mo\u0159e - byty, apartm\u00e1ny, domy a pozemky za atraktivn\u00ed ceny. Objevte v\u00fdhodn\u00e9 nab\u00eddky je\u0161t\u011b dnes!\" \/>\n<meta property=\"og:url\" content=\"https:\/\/royalestate.bg\/cs\/nemovitosti-u-more-bulharsko\/\" \/>\n<meta property=\"og:site_name\" content=\"Real Estate Agency in Sunny Beach\" \/>\n<meta property=\"article:modified_time\" content=\"2026-02-24T08:18:59+00:00\" \/>\n<meta name=\"twitter:card\" content=\"summary_large_image\" \/>\n<script type=\"application\/ld+json\" class=\"yoast-schema-graph\">{\"@context\":\"https:\\\/\\\/schema.org\",\"@graph\":[{\"@type\":\"WebPage\",\"@id\":\"https:\\\/\\\/royalestate.bg\\\/cs\\\/nemovitosti-u-more-bulharsko\\\/\",\"url\":\"https:\\\/\\\/royalestate.bg\\\/cs\\\/nemovitosti-u-more-bulharsko\\\/\",\"name\":\"Nemovitosti v Bulharsku u mo\u0159e na prodej | Levn\u00e9 Byty a Domy\",\"isPartOf\":{\"@id\":\"https:\\\/\\\/royalestate.bg\\\/cs\\\/#website\"},\"datePublished\":\"2017-06-25T10:45:01+00:00\",\"dateModified\":\"2026-02-24T08:18:59+00:00\",\"description\":\"Nemovitosti v Bulharsku na prodej u mo\u0159e - byty, apartm\u00e1ny, domy a pozemky za atraktivn\u00ed ceny. Objevte v\u00fdhodn\u00e9 nab\u00eddky je\u0161t\u011b dnes!\",\"breadcrumb\":{\"@id\":\"https:\\\/\\\/royalestate.bg\\\/cs\\\/nemovitosti-u-more-bulharsko\\\/#breadcrumb\"},\"inLanguage\":\"cs\",\"potentialAction\":[{\"@type\":\"ReadAction\",\"target\":[\"https:\\\/\\\/royalestate.bg\\\/cs\\\/nemovitosti-u-more-bulharsko\\\/\"]}]},{\"@type\":\"BreadcrumbList\",\"@id\":\"https:\\\/\\\/royalestate.bg\\\/cs\\\/nemovitosti-u-more-bulharsko\\\/#breadcrumb\",\"itemListElement\":[{\"@type\":\"ListItem\",\"position\":1,\"name\":\"Home\",\"item\":\"https:\\\/\\\/royalestate.bg\\\/cs\\\/\"},{\"@type\":\"ListItem\",\"position\":2,\"name\":\"Nemovitosti\"}]},{\"@type\":\"WebSite\",\"@id\":\"https:\\\/\\\/royalestate.bg\\\/cs\\\/#website\",\"url\":\"https:\\\/\\\/royalestate.bg\\\/cs\\\/\",\"name\":\"Real Estate Agency in Sunny Beach\",\"description\":\"Apartments and Houses For Sale\",\"publisher\":{\"@id\":\"https:\\\/\\\/royalestate.bg\\\/cs\\\/#organization\"},\"potentialAction\":[{\"@type\":\"SearchAction\",\"target\":{\"@type\":\"EntryPoint\",\"urlTemplate\":\"https:\\\/\\\/royalestate.bg\\\/cs\\\/?s={search_term_string}\"},\"query-input\":{\"@type\":\"PropertyValueSpecification\",\"valueRequired\":true,\"valueName\":\"search_term_string\"}}],\"inLanguage\":\"cs\"},{\"@type\":\"Organization\",\"@id\":\"https:\\\/\\\/royalestate.bg\\\/cs\\\/#organization\",\"name\":\"Real Estate Agency in Sunny Beach\",\"url\":\"https:\\\/\\\/royalestate.bg\\\/cs\\\/\",\"logo\":{\"@type\":\"ImageObject\",\"inLanguage\":\"cs\",\"@id\":\"https:\\\/\\\/royalestate.bg\\\/cs\\\/#\\\/schema\\\/logo\\\/image\\\/\",\"url\":\"https:\\\/\\\/royalestate.bg\\\/wp-content\\\/uploads\\\/properties\\\/logo\\\/logo_royal_estate_bg.png\",\"contentUrl\":\"https:\\\/\\\/royalestate.bg\\\/wp-content\\\/uploads\\\/properties\\\/logo\\\/logo_royal_estate_bg.png\",\"width\":177,\"height\":115,\"caption\":\"Real Estate Agency in Sunny Beach\"},\"image\":{\"@id\":\"https:\\\/\\\/royalestate.bg\\\/cs\\\/#\\\/schema\\\/logo\\\/image\\\/\"}}]}<\/script>\n<!-- \/ Yoast SEO plugin. -->","yoast_head_json":{"title":"Nemovitosti v Bulharsku u mo\u0159e na prodej | Levn\u00e9 Byty a Domy","description":"Nemovitosti v Bulharsku na prodej u mo\u0159e - byty, apartm\u00e1ny, domy a pozemky za atraktivn\u00ed ceny. Objevte v\u00fdhodn\u00e9 nab\u00eddky je\u0161t\u011b dnes!","robots":{"index":"index","follow":"follow","max-snippet":"max-snippet:-1","max-image-preview":"max-image-preview:large","max-video-preview":"max-video-preview:-1"},"canonical":"https:\/\/royalestate.bg\/cs\/nemovitosti-u-more-bulharsko\/","og_locale":"cs_CZ","og_type":"article","og_title":"Nemovitosti v Bulharsku u mo\u0159e na prodej | Levn\u00e9 Byty a Domy","og_description":"Nemovitosti v Bulharsku na prodej u mo\u0159e - byty, apartm\u00e1ny, domy a pozemky za atraktivn\u00ed ceny. Objevte v\u00fdhodn\u00e9 nab\u00eddky je\u0161t\u011b dnes!","og_url":"https:\/\/royalestate.bg\/cs\/nemovitosti-u-more-bulharsko\/","og_site_name":"Real Estate Agency in Sunny Beach","article_modified_time":"2026-02-24T08:18:59+00:00","twitter_card":"summary_large_image","schema":{"@context":"https:\/\/schema.org","@graph":[{"@type":"WebPage","@id":"https:\/\/royalestate.bg\/cs\/nemovitosti-u-more-bulharsko\/","url":"https:\/\/royalestate.bg\/cs\/nemovitosti-u-more-bulharsko\/","name":"Nemovitosti v Bulharsku u mo\u0159e na prodej | Levn\u00e9 Byty a Domy","isPartOf":{"@id":"https:\/\/royalestate.bg\/cs\/#website"},"datePublished":"2017-06-25T10:45:01+00:00","dateModified":"2026-02-24T08:18:59+00:00","description":"Nemovitosti v Bulharsku na prodej u mo\u0159e - byty, apartm\u00e1ny, domy a pozemky za atraktivn\u00ed ceny. Objevte v\u00fdhodn\u00e9 nab\u00eddky je\u0161t\u011b dnes!","breadcrumb":{"@id":"https:\/\/royalestate.bg\/cs\/nemovitosti-u-more-bulharsko\/#breadcrumb"},"inLanguage":"cs","potentialAction":[{"@type":"ReadAction","target":["https:\/\/royalestate.bg\/cs\/nemovitosti-u-more-bulharsko\/"]}]},{"@type":"BreadcrumbList","@id":"https:\/\/royalestate.bg\/cs\/nemovitosti-u-more-bulharsko\/#breadcrumb","itemListElement":[{"@type":"ListItem","position":1,"name":"Home","item":"https:\/\/royalestate.bg\/cs\/"},{"@type":"ListItem","position":2,"name":"Nemovitosti"}]},{"@type":"WebSite","@id":"https:\/\/royalestate.bg\/cs\/#website","url":"https:\/\/royalestate.bg\/cs\/","name":"Real Estate Agency in Sunny Beach","description":"Apartments and Houses For Sale","publisher":{"@id":"https:\/\/royalestate.bg\/cs\/#organization"},"potentialAction":[{"@type":"SearchAction","target":{"@type":"EntryPoint","urlTemplate":"https:\/\/royalestate.bg\/cs\/?s={search_term_string}"},"query-input":{"@type":"PropertyValueSpecification","valueRequired":true,"valueName":"search_term_string"}}],"inLanguage":"cs"},{"@type":"Organization","@id":"https:\/\/royalestate.bg\/cs\/#organization","name":"Real Estate Agency in Sunny Beach","url":"https:\/\/royalestate.bg\/cs\/","logo":{"@type":"ImageObject","inLanguage":"cs","@id":"https:\/\/royalestate.bg\/cs\/#\/schema\/logo\/image\/","url":"https:\/\/royalestate.bg\/wp-content\/uploads\/properties\/logo\/logo_royal_estate_bg.png","contentUrl":"https:\/\/royalestate.bg\/wp-content\/uploads\/properties\/logo\/logo_royal_estate_bg.png","width":177,"height":115,"caption":"Real Estate Agency in Sunny Beach"},"image":{"@id":"https:\/\/royalestate.bg\/cs\/#\/schema\/logo\/image\/"}}]}},"_links":{"self":[{"href":"https:\/\/royalestate.bg\/cs\/wp-json\/wp\/v2\/pages\/64739","targetHints":{"allow":["GET"]}}],"collection":[{"href":"https:\/\/royalestate.bg\/cs\/wp-json\/wp\/v2\/pages"}],"about":[{"href":"https:\/\/royalestate.bg\/cs\/wp-json\/wp\/v2\/types\/page"}],"author":[{"embeddable":true,"href":"https:\/\/royalestate.bg\/cs\/wp-json\/wp\/v2\/users\/1"}],"replies":[{"embeddable":true,"href":"https:\/\/royalestate.bg\/cs\/wp-json\/wp\/v2\/comments?post=64739"}],"version-history":[{"count":1,"href":"https:\/\/royalestate.bg\/cs\/wp-json\/wp\/v2\/pages\/64739\/revisions"}],"predecessor-version":[{"id":200708,"href":"https:\/\/royalestate.bg\/cs\/wp-json\/wp\/v2\/pages\/64739\/revisions\/200708"}],"wp:attachment":[{"href":"https:\/\/royalestate.bg\/cs\/wp-json\/wp\/v2\/media?parent=64739"}],"curies":[{"name":"wp","href":"https:\/\/api.w.org\/{rel}","templated":true}]}}