{"id":203398,"date":"2022-03-09T08:50:38","date_gmt":"2022-03-09T05:50:38","guid":{"rendered":"https:\/\/royalestate.bg\/zasady-ochrany-osobnich-udaju\/"},"modified":"2026-02-27T15:21:11","modified_gmt":"2026-02-27T12:21:11","slug":"zasady-ochrany-osobnich-udaju","status":"publish","type":"page","link":"https:\/\/royalestate.bg\/cs\/zasady-ochrany-osobnich-udaju\/","title":{"rendered":"Z\u00e1sady ochrany osobn\u00edch \u00fadaj\u016f"},"content":{"rendered":"\n<h3 class=\"wp-block-heading\">Z\u00e1sady ochrany osobn\u00edch \u00fadaj\u016f<\/h3>\n\n<p>Spole\u010dnost Royal Estate BG zaru\u010duje, \u017ee v\u0161echny osobn\u00ed \u00fadaje shrom\u00e1\u017ed\u011bn\u00e9 v r\u00e1mci jej\u00ed \u010dinnosti budou pova\u017eov\u00e1ny za d\u016fv\u011brn\u00e9, nebudou pou\u017eity k jin\u00fdm \u00fa\u010del\u016fm, ne\u017e pro kter\u00e9 byly shrom\u00e1\u017ed\u011bny, a nebudou poskytnuty t\u0159et\u00edm stran\u00e1m bez souhlasu jejich vlastn\u00edka, s v\u00fdjimkou p\u0159\u00edpad\u016f stanoven\u00fdch z\u00e1konem.<\/p>\n\n<h3 class=\"wp-block-heading\">D\u016fv\u011brn\u00e9 informace<\/h3>\n\n<p>V souvislosti s v\u00fdkonem sv\u00e9 hlavn\u00ed \u010dinnosti spole\u010dnost Royal Estate BG shroma\u017e\u010fuje a zpracov\u00e1v\u00e1 informace t\u00fdkaj\u00edc\u00ed se nab\u00eddky a popt\u00e1vky po nemovitostech na sv\u00fdch internetov\u00fdch str\u00e1nk\u00e1ch a za t\u00edmto \u00fa\u010delem poskytuj\u00ed realitn\u00ed makl\u00e9\u0159i a spr\u00e1vci kancel\u00e1\u0159\u00ed informace zaslan\u00e9 osobami, kter\u00e9 jsou potenci\u00e1ln\u00edmi z\u00e1kazn\u00edky, do firemn\u00ed datab\u00e1ze. P\u0159i vyhled\u00e1v\u00e1n\u00ed nemovitost\u00ed jsou to jm\u00e9no, telefon, e-mail, rozpo\u010det (p\u0159ibli\u017en\u00e1 \u010d\u00e1st transakce), charakteristika hledan\u00e9 nemovitosti. P\u0159i nab\u00eddce nemovitosti jsou to jm\u00e9no, telefon, e-mail majitele, adresa nemovitosti, prodejn\u00ed cena nebo m\u011bs\u00ed\u010dn\u00ed n\u00e1jemn\u00e9, charakteristika nemovitosti, a to podle po\u017eadavk\u016f spole\u010dnosti na zas\u00edl\u00e1n\u00ed konkr\u00e9tn\u00edch informac\u00ed do datab\u00e1ze. P\u0159i prohl\u00ed\u017een\u00ed \u017e\u00e1dost\u00ed o zam\u011bstn\u00e1n\u00ed jsou to: jm\u00e9no, telefon, e-mail a \u017eivotopisn\u00e9 \u00fadaje uchaze\u010de.   <\/p>\n\n<h3 class=\"wp-block-heading\">Pou\u017eit\u00ed shrom\u00e1\u017ed\u011bn\u00fdch informac\u00ed<\/h3>\n\n<p>Agentura Royal Estate BG pou\u017e\u00edv\u00e1 informace pouze za \u00fa\u010delem realizace sv\u00e9 \u010dinnosti a prov\u00e1d\u011bn\u00ed realitn\u00edch transakc\u00ed na \u017e\u00e1dost u\u017eivatel\u016f a klient\u016f a p\u0159ij\u00edm\u00e1n\u00ed nov\u00fdch zam\u011bstnavatel\u016f.<\/p>\n\n<h3 class=\"wp-block-heading\">Zp\u016fsob poskytov\u00e1n\u00ed informac\u00ed<\/h3>\n\n<p>Spole\u010dnost Royal Estate BG neposkytuje informace o osobn\u00edch \u00fadaj\u00edch u\u017eivatel\u016f t\u0159et\u00edm stran\u00e1m z \u017e\u00e1dn\u00e9ho d\u016fvodu, s v\u00fdjimkou p\u0159\u00edpad\u016f, kdy s t\u00edm u\u017eivatel\u00e9 souhlas\u00ed, a p\u0159\u00edpad\u016f stanoven\u00fdch z\u00e1konem.<\/p>\n\n<p>S c\u00edlem umo\u017enit u\u017eivatel\u016fm, kte\u0159\u00ed podali nab\u00eddku na internetov\u00fdch str\u00e1nk\u00e1ch spole\u010dnosti Royal Estate BG, uskute\u010dn\u011bn\u00ed realitn\u00edch transakc\u00ed je spole\u010dnost Royal Estate BG opr\u00e1vn\u011bna poskytnout t\u0159et\u00edm stran\u00e1m pouze popis vlastnost\u00ed nemovitosti, kter\u00fd podl\u00e9h\u00e1 pravidl\u016fm firemn\u00ed praxe spole\u010dnosti Royal Estate BG a kter\u00fd je prezentov\u00e1n ve ve\u0159ejn\u00e9 \u010d\u00e1sti jej\u00ed datab\u00e1ze v souladu s podm\u00ednkami pou\u017e\u00edv\u00e1n\u00ed internetov\u00fdch str\u00e1nek spole\u010dnosti Royal Estate BG.<\/p>\n\n<h3 class=\"wp-block-heading\">Konzistentnost \u010dinnost\u00ed v oblasti ochrany soukrom\u00ed a \u00fadaj\u016f<\/h3>\n\n<p>Spole\u010dnost Royal Estate BG se zavazuje, \u017ee v r\u00e1mci sv\u00e9 \u010dinnosti bude v\u017edy dodr\u017eovat a uplat\u0148ovat opat\u0159en\u00ed na ochranu soukrom\u00ed a osobn\u00edch \u00fadaj\u016f.<\/p>\n\n<p>Spole\u010dnost Royal Estate BG m\u00e1 pr\u00e1vo zm\u011bnit svou koncepci d\u016fv\u011brnosti s ohledem na v\u00fdvoj sv\u00fdch \u010dinnost\u00ed a zm\u011bny, ke kter\u00fdm doch\u00e1z\u00ed ve vztaz\u00edch s u\u017eivateli.<\/p>\n\n<p>Ve\u0161ker\u00e9 zm\u011bny podm\u00ednek ochrany soukrom\u00ed a osobn\u00edch \u00fadaj\u016f se proto prom\u00edtnou do tohoto dokumentu.<\/p>\n\n<p>\n          <em>Royal Estate BG<\/em>\n        <\/p>\n","protected":false},"excerpt":{"rendered":"<p>Z\u00e1sady ochrany osobn\u00edch \u00fadaj\u016f Spole\u010dnost Royal Estate BG zaru\u010duje, \u017ee v\u0161echny osobn\u00ed \u00fadaje shrom\u00e1\u017ed\u011bn\u00e9 v r\u00e1mci jej\u00ed \u010dinnosti budou pova\u017eov\u00e1ny za d\u016fv\u011brn\u00e9, nebudou pou\u017eity k jin\u00fdm \u00fa\u010del\u016fm, ne\u017e pro kter\u00e9 byly shrom\u00e1\u017ed\u011bny, a nebudou poskytnuty t\u0159et\u00edm stran\u00e1m bez souhlasu jejich vlastn\u00edka, s v\u00fdjimkou p\u0159\u00edpad\u016f stanoven\u00fdch z\u00e1konem. D\u016fv\u011brn\u00e9 informace V souvislosti s v\u00fdkonem sv\u00e9 hlavn\u00ed \u010dinnosti&#8230;<\/p>\n","protected":false},"author":1,"featured_media":0,"parent":0,"menu_order":243,"comment_status":"closed","ping_status":"open","template":"","meta":{"_acf_changed":false,"content-type":"","footnotes":""},"class_list":["post-203398","page","type-page","status-publish","hentry"],"acf":[],"yoast_head":"<!-- This site is optimized with the Yoast SEO plugin v27.4 - https:\/\/yoast.com\/product\/yoast-seo-wordpress\/ -->\n<title>Z\u00e1sady ochrany osobn\u00edch \u00fadaj\u016f - Real Estate Agency in Sunny Beach<\/title>\n<meta name=\"robots\" content=\"index, follow, max-snippet:-1, max-image-preview:large, max-video-preview:-1\" \/>\n<link rel=\"canonical\" href=\"https:\/\/royalestate.bg\/cs\/zasady-ochrany-osobnich-udaju\/\" \/>\n<meta property=\"og:locale\" content=\"cs_CZ\" \/>\n<meta property=\"og:type\" content=\"article\" \/>\n<meta property=\"og:title\" content=\"Z\u00e1sady ochrany osobn\u00edch \u00fadaj\u016f - Real Estate Agency in Sunny Beach\" \/>\n<meta property=\"og:description\" content=\"Z\u00e1sady ochrany osobn\u00edch \u00fadaj\u016f Spole\u010dnost Royal Estate BG zaru\u010duje, \u017ee v\u0161echny osobn\u00ed \u00fadaje shrom\u00e1\u017ed\u011bn\u00e9 v r\u00e1mci jej\u00ed \u010dinnosti budou pova\u017eov\u00e1ny za d\u016fv\u011brn\u00e9, nebudou pou\u017eity k jin\u00fdm \u00fa\u010del\u016fm, ne\u017e pro kter\u00e9 byly shrom\u00e1\u017ed\u011bny, a nebudou poskytnuty t\u0159et\u00edm stran\u00e1m bez souhlasu jejich vlastn\u00edka, s v\u00fdjimkou p\u0159\u00edpad\u016f stanoven\u00fdch z\u00e1konem. D\u016fv\u011brn\u00e9 informace V souvislosti s v\u00fdkonem sv\u00e9 hlavn\u00ed \u010dinnosti...\" \/>\n<meta property=\"og:url\" content=\"https:\/\/royalestate.bg\/cs\/zasady-ochrany-osobnich-udaju\/\" \/>\n<meta property=\"og:site_name\" content=\"Real Estate Agency in Sunny Beach\" \/>\n<meta property=\"article:modified_time\" content=\"2026-02-27T12:21:11+00:00\" \/>\n<meta name=\"twitter:card\" content=\"summary_large_image\" \/>\n<meta name=\"twitter:label1\" content=\"Odhadovan\u00e1 doba \u010dten\u00ed\" \/>\n\t<meta name=\"twitter:data1\" content=\"3 minuty\" \/>\n<script type=\"application\/ld+json\" class=\"yoast-schema-graph\">{\"@context\":\"https:\\\/\\\/schema.org\",\"@graph\":[{\"@type\":\"WebPage\",\"@id\":\"https:\\\/\\\/royalestate.bg\\\/cs\\\/zasady-ochrany-osobnich-udaju\\\/\",\"url\":\"https:\\\/\\\/royalestate.bg\\\/cs\\\/zasady-ochrany-osobnich-udaju\\\/\",\"name\":\"Z\u00e1sady ochrany osobn\u00edch \u00fadaj\u016f - Real Estate Agency in Sunny Beach\",\"isPartOf\":{\"@id\":\"https:\\\/\\\/royalestate.bg\\\/cs\\\/#website\"},\"datePublished\":\"2022-03-09T05:50:38+00:00\",\"dateModified\":\"2026-02-27T12:21:11+00:00\",\"breadcrumb\":{\"@id\":\"https:\\\/\\\/royalestate.bg\\\/cs\\\/zasady-ochrany-osobnich-udaju\\\/#breadcrumb\"},\"inLanguage\":\"cs\",\"potentialAction\":[{\"@type\":\"ReadAction\",\"target\":[\"https:\\\/\\\/royalestate.bg\\\/cs\\\/zasady-ochrany-osobnich-udaju\\\/\"]}]},{\"@type\":\"BreadcrumbList\",\"@id\":\"https:\\\/\\\/royalestate.bg\\\/cs\\\/zasady-ochrany-osobnich-udaju\\\/#breadcrumb\",\"itemListElement\":[{\"@type\":\"ListItem\",\"position\":1,\"name\":\"Home\",\"item\":\"https:\\\/\\\/royalestate.bg\\\/cs\\\/\"},{\"@type\":\"ListItem\",\"position\":2,\"name\":\"Z\u00e1sady ochrany osobn\u00edch \u00fadaj\u016f\"}]},{\"@type\":\"WebSite\",\"@id\":\"https:\\\/\\\/royalestate.bg\\\/cs\\\/#website\",\"url\":\"https:\\\/\\\/royalestate.bg\\\/cs\\\/\",\"name\":\"Real Estate Agency in Sunny Beach\",\"description\":\"Apartments and Houses For Sale\",\"publisher\":{\"@id\":\"https:\\\/\\\/royalestate.bg\\\/cs\\\/#organization\"},\"potentialAction\":[{\"@type\":\"SearchAction\",\"target\":{\"@type\":\"EntryPoint\",\"urlTemplate\":\"https:\\\/\\\/royalestate.bg\\\/cs\\\/?s={search_term_string}\"},\"query-input\":{\"@type\":\"PropertyValueSpecification\",\"valueRequired\":true,\"valueName\":\"search_term_string\"}}],\"inLanguage\":\"cs\"},{\"@type\":\"Organization\",\"@id\":\"https:\\\/\\\/royalestate.bg\\\/cs\\\/#organization\",\"name\":\"Real Estate Agency in Sunny Beach\",\"url\":\"https:\\\/\\\/royalestate.bg\\\/cs\\\/\",\"logo\":{\"@type\":\"ImageObject\",\"inLanguage\":\"cs\",\"@id\":\"https:\\\/\\\/royalestate.bg\\\/cs\\\/#\\\/schema\\\/logo\\\/image\\\/\",\"url\":\"https:\\\/\\\/royalestate.bg\\\/wp-content\\\/uploads\\\/properties\\\/logo\\\/logo_royal_estate_bg.png\",\"contentUrl\":\"https:\\\/\\\/royalestate.bg\\\/wp-content\\\/uploads\\\/properties\\\/logo\\\/logo_royal_estate_bg.png\",\"width\":177,\"height\":115,\"caption\":\"Real Estate Agency in Sunny Beach\"},\"image\":{\"@id\":\"https:\\\/\\\/royalestate.bg\\\/cs\\\/#\\\/schema\\\/logo\\\/image\\\/\"}}]}<\/script>\n<!-- \/ Yoast SEO plugin. -->","yoast_head_json":{"title":"Z\u00e1sady ochrany osobn\u00edch \u00fadaj\u016f - Real Estate Agency in Sunny Beach","robots":{"index":"index","follow":"follow","max-snippet":"max-snippet:-1","max-image-preview":"max-image-preview:large","max-video-preview":"max-video-preview:-1"},"canonical":"https:\/\/royalestate.bg\/cs\/zasady-ochrany-osobnich-udaju\/","og_locale":"cs_CZ","og_type":"article","og_title":"Z\u00e1sady ochrany osobn\u00edch \u00fadaj\u016f - Real Estate Agency in Sunny Beach","og_description":"Z\u00e1sady ochrany osobn\u00edch \u00fadaj\u016f Spole\u010dnost Royal Estate BG zaru\u010duje, \u017ee v\u0161echny osobn\u00ed \u00fadaje shrom\u00e1\u017ed\u011bn\u00e9 v r\u00e1mci jej\u00ed \u010dinnosti budou pova\u017eov\u00e1ny za d\u016fv\u011brn\u00e9, nebudou pou\u017eity k jin\u00fdm \u00fa\u010del\u016fm, ne\u017e pro kter\u00e9 byly shrom\u00e1\u017ed\u011bny, a nebudou poskytnuty t\u0159et\u00edm stran\u00e1m bez souhlasu jejich vlastn\u00edka, s v\u00fdjimkou p\u0159\u00edpad\u016f stanoven\u00fdch z\u00e1konem. D\u016fv\u011brn\u00e9 informace V souvislosti s v\u00fdkonem sv\u00e9 hlavn\u00ed \u010dinnosti...","og_url":"https:\/\/royalestate.bg\/cs\/zasady-ochrany-osobnich-udaju\/","og_site_name":"Real Estate Agency in Sunny Beach","article_modified_time":"2026-02-27T12:21:11+00:00","twitter_card":"summary_large_image","twitter_misc":{"Odhadovan\u00e1 doba \u010dten\u00ed":"3 minuty"},"schema":{"@context":"https:\/\/schema.org","@graph":[{"@type":"WebPage","@id":"https:\/\/royalestate.bg\/cs\/zasady-ochrany-osobnich-udaju\/","url":"https:\/\/royalestate.bg\/cs\/zasady-ochrany-osobnich-udaju\/","name":"Z\u00e1sady ochrany osobn\u00edch \u00fadaj\u016f - Real Estate Agency in Sunny Beach","isPartOf":{"@id":"https:\/\/royalestate.bg\/cs\/#website"},"datePublished":"2022-03-09T05:50:38+00:00","dateModified":"2026-02-27T12:21:11+00:00","breadcrumb":{"@id":"https:\/\/royalestate.bg\/cs\/zasady-ochrany-osobnich-udaju\/#breadcrumb"},"inLanguage":"cs","potentialAction":[{"@type":"ReadAction","target":["https:\/\/royalestate.bg\/cs\/zasady-ochrany-osobnich-udaju\/"]}]},{"@type":"BreadcrumbList","@id":"https:\/\/royalestate.bg\/cs\/zasady-ochrany-osobnich-udaju\/#breadcrumb","itemListElement":[{"@type":"ListItem","position":1,"name":"Home","item":"https:\/\/royalestate.bg\/cs\/"},{"@type":"ListItem","position":2,"name":"Z\u00e1sady ochrany osobn\u00edch \u00fadaj\u016f"}]},{"@type":"WebSite","@id":"https:\/\/royalestate.bg\/cs\/#website","url":"https:\/\/royalestate.bg\/cs\/","name":"Real Estate Agency in Sunny Beach","description":"Apartments and Houses For Sale","publisher":{"@id":"https:\/\/royalestate.bg\/cs\/#organization"},"potentialAction":[{"@type":"SearchAction","target":{"@type":"EntryPoint","urlTemplate":"https:\/\/royalestate.bg\/cs\/?s={search_term_string}"},"query-input":{"@type":"PropertyValueSpecification","valueRequired":true,"valueName":"search_term_string"}}],"inLanguage":"cs"},{"@type":"Organization","@id":"https:\/\/royalestate.bg\/cs\/#organization","name":"Real Estate Agency in Sunny Beach","url":"https:\/\/royalestate.bg\/cs\/","logo":{"@type":"ImageObject","inLanguage":"cs","@id":"https:\/\/royalestate.bg\/cs\/#\/schema\/logo\/image\/","url":"https:\/\/royalestate.bg\/wp-content\/uploads\/properties\/logo\/logo_royal_estate_bg.png","contentUrl":"https:\/\/royalestate.bg\/wp-content\/uploads\/properties\/logo\/logo_royal_estate_bg.png","width":177,"height":115,"caption":"Real Estate Agency in Sunny Beach"},"image":{"@id":"https:\/\/royalestate.bg\/cs\/#\/schema\/logo\/image\/"}}]}},"_links":{"self":[{"href":"https:\/\/royalestate.bg\/cs\/wp-json\/wp\/v2\/pages\/203398","targetHints":{"allow":["GET"]}}],"collection":[{"href":"https:\/\/royalestate.bg\/cs\/wp-json\/wp\/v2\/pages"}],"about":[{"href":"https:\/\/royalestate.bg\/cs\/wp-json\/wp\/v2\/types\/page"}],"author":[{"embeddable":true,"href":"https:\/\/royalestate.bg\/cs\/wp-json\/wp\/v2\/users\/1"}],"replies":[{"embeddable":true,"href":"https:\/\/royalestate.bg\/cs\/wp-json\/wp\/v2\/comments?post=203398"}],"version-history":[{"count":1,"href":"https:\/\/royalestate.bg\/cs\/wp-json\/wp\/v2\/pages\/203398\/revisions"}],"predecessor-version":[{"id":203399,"href":"https:\/\/royalestate.bg\/cs\/wp-json\/wp\/v2\/pages\/203398\/revisions\/203399"}],"wp:attachment":[{"href":"https:\/\/royalestate.bg\/cs\/wp-json\/wp\/v2\/media?parent=203398"}],"curies":[{"name":"wp","href":"https:\/\/api.w.org\/{rel}","templated":true}]}}