{"id":135221,"date":"2022-05-17T10:48:39","date_gmt":"2022-05-17T07:48:39","guid":{"rendered":"http:\/\/staging.royalestate.bg\/o-bulharsku\/kosharitsa\/"},"modified":"2022-05-17T10:52:13","modified_gmt":"2022-05-17T07:52:13","slug":"kosharitsa","status":"publish","type":"page","link":"https:\/\/royalestate.bg\/cs\/o-bulharsku\/kosharitsa\/","title":{"rendered":"Kosharitsa"},"content":{"rendered":"\n<figure class=\"wp-block-image size-full\"><img fetchpriority=\"high\" decoding=\"async\" width=\"1080\" height=\"679\" src=\"http:\/\/staging.royalestate.bg\/wp-content\/uploads\/properties\/bulgaria\/bulgaria_kosharitsa.jpg\" alt=\"\" class=\"wp-image-135211\" srcset=\"https:\/\/royalestate.bg\/wp-content\/uploads\/properties\/bulgaria\/bulgaria_kosharitsa.jpg?v=1652773759 1080w, https:\/\/royalestate.bg\/wp-content\/uploads\/properties\/bulgaria\/bulgaria_kosharitsa-150x94.jpg?v=1652773759 150w\" sizes=\"(max-width: 1080px) 100vw, 1080px\" \/><\/figure>\n\n<h3 class=\"wp-block-heading\">INFORMACE O OBCI<\/h3>\n\n<p>Kosharitsa je mal\u00e1 vesnice nach\u00e1zej\u00edc\u00ed se v obci Nessebar. Nach\u00e1z\u00ed se 35 km severov\u00fdchodn\u011b od Burgasu. Kosharitsa se nach\u00e1z\u00ed na v\u00fdchodn\u00edch svaz\u00edch Stara Planina a pouh\u00fdch 6 km od pl\u00e1\u017ee a nab\u00edz\u00ed neuv\u011b\u0159itelnou kombinaci hor a mo\u0159e.  <\/p>\n\n<p>Vesnice odkr\u00fdv\u00e1 neuv\u011b\u0159iteln\u00fd v\u00fdhled. Kdy\u017e se pod\u00edv\u00e1te na v\u00fdchod, uvid\u00edte Star\u00fd Nesebar, o kousek d\u00e1l Pomorie a na z\u00e1pad se ty\u010d\u00ed vrchol Biberna, je v\u00fdhled na Slune\u010dn\u00e9 pob\u0159e\u017e\u00ed. <\/p>\n\n<p>Nedaleko obce se nach\u00e1z\u00ed p\u0159\u00edrodn\u00ed rezervace &#8222;Kalinata&#8220;, kde je k vid\u011bn\u00ed p\u0159\u00edrodn\u00ed lokalita sn\u011b\u017eenky bahenn\u00ed a unik\u00e1tn\u00ed les rezervace. Oblast Kosharitsa je zahrnuta do Natura 2000, proto\u017ee odtud proch\u00e1z\u00ed hlavn\u00ed leteck\u00e1 trasa st\u011bhovav\u00fdch pt\u00e1k\u016f &#8211; Via Pontica. <\/p>\n\n<p>Pokud jste p\u0159\u00edznivci horsk\u00e9 cyklistiky, pak Kosharitsa nab\u00edz\u00ed velmi vhodn\u00e9 podm\u00ednky pro tento sport.<\/p>\n\n<p>V okol\u00ed obce se nach\u00e1z\u00ed n\u011bkolik mal\u00fdch rybn\u00edk\u016f, kter\u00e9 nab\u00edzej\u00ed mo\u017enosti ryba\u0159en\u00ed. Rybolov m\u016f\u017ee b\u00fdt tak\u00e9 mo\u0159sk\u00fd vzhledem k bl\u00edzkosti vesnice k mo\u0159i. <\/p>\n\n<p>Lesy pobl\u00ed\u017e Kosharitsa ob\u00fdvaj\u00ed kr\u00e1l\u00edci, jeleni, jeleni, divok\u00e1 prasata, co\u017e z nich d\u011bl\u00e1 atraktivn\u00ed m\u00edsto pro v\u00e1\u0161niv\u00e9 lovce.<\/p>\n\n<p>Pokud r\u00e1di chod\u00edte po hor\u00e1ch, z Kosharitsa za\u010d\u00edn\u00e1 mnoho ekostezek, kter\u00e9 v\u00e1m ud\u011blaj\u00ed radost svou nen\u00e1ro\u010dnou p\u011b\u0161\u00ed trasou a \u00fa\u017easnou p\u0159\u00edrodou, kterou si u\u017eijete.<\/p>\n\n<p>Kosharitsa je vhodn\u00fdm m\u00edstem pro milovn\u00edky noci i pro ty, kte\u0159\u00ed tou\u017e\u00ed po klidu. Bl\u00edzkost Slune\u010dn\u00e9ho pob\u0159e\u017e\u00ed, kde no\u010dn\u00ed \u017eivot neust\u00e1v\u00e1, uspokoj\u00ed hlad i t\u011bch nejzaryt\u011bj\u0161\u00edch ve\u010d\u00edrk\u016f. <\/p>\n\n<p>U vjezdu do obce je celoro\u010dn\u011b provozovan\u00fd supermarket Lidl.<\/p>\n","protected":false},"excerpt":{"rendered":"<p>INFORMACE O OBCI Kosharitsa je mal\u00e1 vesnice nach\u00e1zej\u00edc\u00ed se v obci Nessebar. Nach\u00e1z\u00ed se 35 km severov\u00fdchodn\u011b od Burgasu. Kosharitsa se nach\u00e1z\u00ed na v\u00fdchodn\u00edch svaz\u00edch Stara Planina a pouh\u00fdch 6 km od pl\u00e1\u017ee a nab\u00edz\u00ed neuv\u011b\u0159itelnou kombinaci hor a mo\u0159e. Vesnice odkr\u00fdv\u00e1 neuv\u011b\u0159iteln\u00fd v\u00fdhled. Kdy\u017e se pod\u00edv\u00e1te na v\u00fdchod, uvid\u00edte Star\u00fd Nesebar, o kousek d\u00e1l&#8230;<\/p>\n","protected":false},"author":1,"featured_media":0,"parent":134951,"menu_order":143,"comment_status":"closed","ping_status":"closed","template":"","meta":{"_acf_changed":false,"footnotes":""},"class_list":["post-135221","page","type-page","status-publish","hentry"],"acf":[],"yoast_head":"<!-- This site is optimized with the Yoast SEO plugin v27.4 - https:\/\/yoast.com\/product\/yoast-seo-wordpress\/ -->\n<title>Kosharitsa - Real Estate Agency in Sunny Beach<\/title>\n<meta name=\"robots\" content=\"index, follow, max-snippet:-1, max-image-preview:large, max-video-preview:-1\" \/>\n<link rel=\"canonical\" href=\"https:\/\/royalestate.bg\/cs\/o-bulharsku\/kosharitsa\/\" \/>\n<meta property=\"og:locale\" content=\"cs_CZ\" \/>\n<meta property=\"og:type\" content=\"article\" \/>\n<meta property=\"og:title\" content=\"Kosharitsa - Real Estate Agency in Sunny Beach\" \/>\n<meta property=\"og:description\" content=\"INFORMACE O OBCI Kosharitsa je mal\u00e1 vesnice nach\u00e1zej\u00edc\u00ed se v obci Nessebar. Nach\u00e1z\u00ed se 35 km severov\u00fdchodn\u011b od Burgasu. Kosharitsa se nach\u00e1z\u00ed na v\u00fdchodn\u00edch svaz\u00edch Stara Planina a pouh\u00fdch 6 km od pl\u00e1\u017ee a nab\u00edz\u00ed neuv\u011b\u0159itelnou kombinaci hor a mo\u0159e. Vesnice odkr\u00fdv\u00e1 neuv\u011b\u0159iteln\u00fd v\u00fdhled. Kdy\u017e se pod\u00edv\u00e1te na v\u00fdchod, uvid\u00edte Star\u00fd Nesebar, o kousek d\u00e1l...\" \/>\n<meta property=\"og:url\" content=\"https:\/\/royalestate.bg\/cs\/o-bulharsku\/kosharitsa\/\" \/>\n<meta property=\"og:site_name\" content=\"Real Estate Agency in Sunny Beach\" \/>\n<meta property=\"article:modified_time\" content=\"2022-05-17T07:52:13+00:00\" \/>\n<meta property=\"og:image\" content=\"https:\/\/royalestate.bg\/wp-content\/uploads\/properties\/bulgaria\/bulgaria_kosharitsa.jpg?v=1652773759\" \/>\n\t<meta property=\"og:image:width\" content=\"1080\" \/>\n\t<meta property=\"og:image:height\" content=\"679\" \/>\n\t<meta property=\"og:image:type\" content=\"image\/jpeg\" \/>\n<meta name=\"twitter:card\" content=\"summary_large_image\" \/>\n<meta name=\"twitter:label1\" content=\"Odhadovan\u00e1 doba \u010dten\u00ed\" \/>\n\t<meta name=\"twitter:data1\" content=\"1 minuta\" \/>\n<script type=\"application\/ld+json\" class=\"yoast-schema-graph\">{\"@context\":\"https:\\\/\\\/schema.org\",\"@graph\":[{\"@type\":\"WebPage\",\"@id\":\"https:\\\/\\\/royalestate.bg\\\/cs\\\/o-bulharsku\\\/kosharitsa\\\/\",\"url\":\"https:\\\/\\\/royalestate.bg\\\/cs\\\/o-bulharsku\\\/kosharitsa\\\/\",\"name\":\"Kosharitsa - Real Estate Agency in Sunny Beach\",\"isPartOf\":{\"@id\":\"https:\\\/\\\/royalestate.bg\\\/cs\\\/#website\"},\"primaryImageOfPage\":{\"@id\":\"https:\\\/\\\/royalestate.bg\\\/cs\\\/o-bulharsku\\\/kosharitsa\\\/#primaryimage\"},\"image\":{\"@id\":\"https:\\\/\\\/royalestate.bg\\\/cs\\\/o-bulharsku\\\/kosharitsa\\\/#primaryimage\"},\"thumbnailUrl\":\"http:\\\/\\\/staging.royalestate.bg\\\/wp-content\\\/uploads\\\/properties\\\/bulgaria\\\/bulgaria_kosharitsa.jpg\",\"datePublished\":\"2022-05-17T07:48:39+00:00\",\"dateModified\":\"2022-05-17T07:52:13+00:00\",\"breadcrumb\":{\"@id\":\"https:\\\/\\\/royalestate.bg\\\/cs\\\/o-bulharsku\\\/kosharitsa\\\/#breadcrumb\"},\"inLanguage\":\"cs\",\"potentialAction\":[{\"@type\":\"ReadAction\",\"target\":[\"https:\\\/\\\/royalestate.bg\\\/cs\\\/o-bulharsku\\\/kosharitsa\\\/\"]}]},{\"@type\":\"ImageObject\",\"inLanguage\":\"cs\",\"@id\":\"https:\\\/\\\/royalestate.bg\\\/cs\\\/o-bulharsku\\\/kosharitsa\\\/#primaryimage\",\"url\":\"http:\\\/\\\/staging.royalestate.bg\\\/wp-content\\\/uploads\\\/properties\\\/bulgaria\\\/bulgaria_kosharitsa.jpg\",\"contentUrl\":\"http:\\\/\\\/staging.royalestate.bg\\\/wp-content\\\/uploads\\\/properties\\\/bulgaria\\\/bulgaria_kosharitsa.jpg\"},{\"@type\":\"BreadcrumbList\",\"@id\":\"https:\\\/\\\/royalestate.bg\\\/cs\\\/o-bulharsku\\\/kosharitsa\\\/#breadcrumb\",\"itemListElement\":[{\"@type\":\"ListItem\",\"position\":1,\"name\":\"Home\",\"item\":\"https:\\\/\\\/royalestate.bg\\\/cs\\\/\"},{\"@type\":\"ListItem\",\"position\":2,\"name\":\"O Bulharsku\",\"item\":\"https:\\\/\\\/royalestate.bg\\\/cs\\\/o-bulharsku\\\/\"},{\"@type\":\"ListItem\",\"position\":3,\"name\":\"Kosharitsa\"}]},{\"@type\":\"WebSite\",\"@id\":\"https:\\\/\\\/royalestate.bg\\\/cs\\\/#website\",\"url\":\"https:\\\/\\\/royalestate.bg\\\/cs\\\/\",\"name\":\"Real Estate Agency in Sunny Beach\",\"description\":\"Apartments and Houses For Sale\",\"publisher\":{\"@id\":\"https:\\\/\\\/royalestate.bg\\\/cs\\\/#organization\"},\"potentialAction\":[{\"@type\":\"SearchAction\",\"target\":{\"@type\":\"EntryPoint\",\"urlTemplate\":\"https:\\\/\\\/royalestate.bg\\\/cs\\\/?s={search_term_string}\"},\"query-input\":{\"@type\":\"PropertyValueSpecification\",\"valueRequired\":true,\"valueName\":\"search_term_string\"}}],\"inLanguage\":\"cs\"},{\"@type\":\"Organization\",\"@id\":\"https:\\\/\\\/royalestate.bg\\\/cs\\\/#organization\",\"name\":\"Real Estate Agency in Sunny Beach\",\"url\":\"https:\\\/\\\/royalestate.bg\\\/cs\\\/\",\"logo\":{\"@type\":\"ImageObject\",\"inLanguage\":\"cs\",\"@id\":\"https:\\\/\\\/royalestate.bg\\\/cs\\\/#\\\/schema\\\/logo\\\/image\\\/\",\"url\":\"https:\\\/\\\/royalestate.bg\\\/wp-content\\\/uploads\\\/properties\\\/logo\\\/logo_royal_estate_bg.png\",\"contentUrl\":\"https:\\\/\\\/royalestate.bg\\\/wp-content\\\/uploads\\\/properties\\\/logo\\\/logo_royal_estate_bg.png\",\"width\":177,\"height\":115,\"caption\":\"Real Estate Agency in Sunny Beach\"},\"image\":{\"@id\":\"https:\\\/\\\/royalestate.bg\\\/cs\\\/#\\\/schema\\\/logo\\\/image\\\/\"}}]}<\/script>\n<!-- \/ Yoast SEO plugin. -->","yoast_head_json":{"title":"Kosharitsa - Real Estate Agency in Sunny Beach","robots":{"index":"index","follow":"follow","max-snippet":"max-snippet:-1","max-image-preview":"max-image-preview:large","max-video-preview":"max-video-preview:-1"},"canonical":"https:\/\/royalestate.bg\/cs\/o-bulharsku\/kosharitsa\/","og_locale":"cs_CZ","og_type":"article","og_title":"Kosharitsa - Real Estate Agency in Sunny Beach","og_description":"INFORMACE O OBCI Kosharitsa je mal\u00e1 vesnice nach\u00e1zej\u00edc\u00ed se v obci Nessebar. Nach\u00e1z\u00ed se 35 km severov\u00fdchodn\u011b od Burgasu. Kosharitsa se nach\u00e1z\u00ed na v\u00fdchodn\u00edch svaz\u00edch Stara Planina a pouh\u00fdch 6 km od pl\u00e1\u017ee a nab\u00edz\u00ed neuv\u011b\u0159itelnou kombinaci hor a mo\u0159e. Vesnice odkr\u00fdv\u00e1 neuv\u011b\u0159iteln\u00fd v\u00fdhled. Kdy\u017e se pod\u00edv\u00e1te na v\u00fdchod, uvid\u00edte Star\u00fd Nesebar, o kousek d\u00e1l...","og_url":"https:\/\/royalestate.bg\/cs\/o-bulharsku\/kosharitsa\/","og_site_name":"Real Estate Agency in Sunny Beach","article_modified_time":"2022-05-17T07:52:13+00:00","og_image":[{"width":1080,"height":679,"url":"https:\/\/royalestate.bg\/wp-content\/uploads\/properties\/bulgaria\/bulgaria_kosharitsa.jpg?v=1652773759","type":"image\/jpeg"}],"twitter_card":"summary_large_image","twitter_misc":{"Odhadovan\u00e1 doba \u010dten\u00ed":"1 minuta"},"schema":{"@context":"https:\/\/schema.org","@graph":[{"@type":"WebPage","@id":"https:\/\/royalestate.bg\/cs\/o-bulharsku\/kosharitsa\/","url":"https:\/\/royalestate.bg\/cs\/o-bulharsku\/kosharitsa\/","name":"Kosharitsa - Real Estate Agency in Sunny Beach","isPartOf":{"@id":"https:\/\/royalestate.bg\/cs\/#website"},"primaryImageOfPage":{"@id":"https:\/\/royalestate.bg\/cs\/o-bulharsku\/kosharitsa\/#primaryimage"},"image":{"@id":"https:\/\/royalestate.bg\/cs\/o-bulharsku\/kosharitsa\/#primaryimage"},"thumbnailUrl":"http:\/\/staging.royalestate.bg\/wp-content\/uploads\/properties\/bulgaria\/bulgaria_kosharitsa.jpg","datePublished":"2022-05-17T07:48:39+00:00","dateModified":"2022-05-17T07:52:13+00:00","breadcrumb":{"@id":"https:\/\/royalestate.bg\/cs\/o-bulharsku\/kosharitsa\/#breadcrumb"},"inLanguage":"cs","potentialAction":[{"@type":"ReadAction","target":["https:\/\/royalestate.bg\/cs\/o-bulharsku\/kosharitsa\/"]}]},{"@type":"ImageObject","inLanguage":"cs","@id":"https:\/\/royalestate.bg\/cs\/o-bulharsku\/kosharitsa\/#primaryimage","url":"http:\/\/staging.royalestate.bg\/wp-content\/uploads\/properties\/bulgaria\/bulgaria_kosharitsa.jpg","contentUrl":"http:\/\/staging.royalestate.bg\/wp-content\/uploads\/properties\/bulgaria\/bulgaria_kosharitsa.jpg"},{"@type":"BreadcrumbList","@id":"https:\/\/royalestate.bg\/cs\/o-bulharsku\/kosharitsa\/#breadcrumb","itemListElement":[{"@type":"ListItem","position":1,"name":"Home","item":"https:\/\/royalestate.bg\/cs\/"},{"@type":"ListItem","position":2,"name":"O Bulharsku","item":"https:\/\/royalestate.bg\/cs\/o-bulharsku\/"},{"@type":"ListItem","position":3,"name":"Kosharitsa"}]},{"@type":"WebSite","@id":"https:\/\/royalestate.bg\/cs\/#website","url":"https:\/\/royalestate.bg\/cs\/","name":"Real Estate Agency in Sunny Beach","description":"Apartments and Houses For Sale","publisher":{"@id":"https:\/\/royalestate.bg\/cs\/#organization"},"potentialAction":[{"@type":"SearchAction","target":{"@type":"EntryPoint","urlTemplate":"https:\/\/royalestate.bg\/cs\/?s={search_term_string}"},"query-input":{"@type":"PropertyValueSpecification","valueRequired":true,"valueName":"search_term_string"}}],"inLanguage":"cs"},{"@type":"Organization","@id":"https:\/\/royalestate.bg\/cs\/#organization","name":"Real Estate Agency in Sunny Beach","url":"https:\/\/royalestate.bg\/cs\/","logo":{"@type":"ImageObject","inLanguage":"cs","@id":"https:\/\/royalestate.bg\/cs\/#\/schema\/logo\/image\/","url":"https:\/\/royalestate.bg\/wp-content\/uploads\/properties\/logo\/logo_royal_estate_bg.png","contentUrl":"https:\/\/royalestate.bg\/wp-content\/uploads\/properties\/logo\/logo_royal_estate_bg.png","width":177,"height":115,"caption":"Real Estate Agency in Sunny Beach"},"image":{"@id":"https:\/\/royalestate.bg\/cs\/#\/schema\/logo\/image\/"}}]}},"_links":{"self":[{"href":"https:\/\/royalestate.bg\/cs\/wp-json\/wp\/v2\/pages\/135221","targetHints":{"allow":["GET"]}}],"collection":[{"href":"https:\/\/royalestate.bg\/cs\/wp-json\/wp\/v2\/pages"}],"about":[{"href":"https:\/\/royalestate.bg\/cs\/wp-json\/wp\/v2\/types\/page"}],"author":[{"embeddable":true,"href":"https:\/\/royalestate.bg\/cs\/wp-json\/wp\/v2\/users\/1"}],"replies":[{"embeddable":true,"href":"https:\/\/royalestate.bg\/cs\/wp-json\/wp\/v2\/comments?post=135221"}],"version-history":[{"count":0,"href":"https:\/\/royalestate.bg\/cs\/wp-json\/wp\/v2\/pages\/135221\/revisions"}],"up":[{"embeddable":true,"href":"https:\/\/royalestate.bg\/cs\/wp-json\/wp\/v2\/pages\/134951"}],"wp:attachment":[{"href":"https:\/\/royalestate.bg\/cs\/wp-json\/wp\/v2\/media?parent=135221"}],"curies":[{"name":"wp","href":"https:\/\/api.w.org\/{rel}","templated":true}]}}