{"id":135190,"date":"2022-05-17T10:36:19","date_gmt":"2022-05-17T07:36:19","guid":{"rendered":"http:\/\/staging.royalestate.bg\/o-bulharsku\/burgas\/"},"modified":"2022-05-17T10:40:41","modified_gmt":"2022-05-17T07:40:41","slug":"burgas","status":"publish","type":"page","link":"https:\/\/royalestate.bg\/cs\/o-bulharsku\/burgas\/","title":{"rendered":"Burgas"},"content":{"rendered":"\n<figure class=\"wp-block-image size-full\"><img fetchpriority=\"high\" decoding=\"async\" width=\"1200\" height=\"656\" src=\"http:\/\/staging.royalestate.bg\/wp-content\/uploads\/properties\/bulgaria\/bulgaria_burgas.jpg\" alt=\"\" class=\"wp-image-135178\" srcset=\"https:\/\/royalestate.bg\/wp-content\/uploads\/properties\/bulgaria\/bulgaria_burgas.jpg?v=1652773048 1200w, https:\/\/royalestate.bg\/wp-content\/uploads\/properties\/bulgaria\/bulgaria_burgas-150x82.jpg?v=1652773048 150w\" sizes=\"(max-width: 1200px) 100vw, 1200px\" \/><\/figure>\n\n<h3 class=\"wp-block-heading\">INFORMACE M\u011aSTA<\/h3>\n\n<p>Burgas je p\u00e1t\u00e9 nejv\u011bt\u0161\u00ed m\u011bsto v Bulharsku a druh\u00e9 nejv\u011bt\u0161\u00ed p\u0159\u00edmo\u0159sk\u00e9 letovisko na bulharsk\u00e9m pob\u0159e\u017e\u00ed. Je to tak\u00e9 nejv\u011bt\u0161\u00ed p\u0159\u00edstav na ji\u017en\u00edm pob\u0159e\u017e\u00ed \u010cern\u00e9ho mo\u0159e. M\u011bsto se nach\u00e1z\u00ed mezi t\u0159emi jezery: Burgas, Atanasov a Mandre a je chr\u00e1n\u011bno ze severu kopci Stara Planina. Po\u010det obyvatel je necel\u00fdch dv\u011b st\u011b tis\u00edc a najdete ho na map\u011b ji\u017en\u011b od Varny v Burgassk\u00e9m z\u00e1livu. M\u011bsto za\u017e\u00edv\u00e1 v posledn\u00edch letech neb\u00fdval\u00fd n\u00e1r\u016fst cestovn\u00edho ruchu a stalo se velmi obl\u00edbenou turistickou destinac\u00ed.    <\/p>\n\n<p>Dne\u0161n\u00ed sp\u00ed\u0161e pr\u016fmyslov\u00e9 centrum zalo\u017eili ji\u017e sta\u0159\u00ed \u0158ekov\u00e9. V t\u00e9 dob\u011b se v\u0161ak jmenoval Pyrgos. D\u016fvodem vzniku je strategicky v\u00fdznamn\u00e9 m\u00edsto, proto zde v t\u00e9 dob\u011b s\u00eddlila vojensk\u00e1 jednotka. Krom\u011b toho je zde vybudov\u00e1n velk\u00fd p\u0159\u00edstav na pob\u0159e\u017e\u00ed \u010cern\u00e9ho mo\u0159e. Ve 14. stolet\u00ed zde Osman\u00e9 zalo\u017eili vojenskou pevnost a o t\u0159i stolet\u00ed pozd\u011bji v oblasti \u017eily t\u0159i tis\u00edce lid\u00ed. V tomto obdob\u00ed z\u00edskalo m\u011bsto sv\u016fj dne\u0161n\u00ed n\u00e1zev. Jeho rozkv\u011bt nastal na po\u010d\u00e1tku 19. stolet\u00ed, kdy zde byl vybudov\u00e1n modern\u00ed p\u0159\u00edstav a Burgas se d\u00edky n\u011bmu stal obchodn\u00edm centrem cel\u00e9ho regionu. Se zaveden\u00edm \u017eeleznice se ekonomika m\u011bsta obohacuje o v\u00fdnosy z pr\u016fmyslov\u00fdch podnik\u016f zpracov\u00e1vaj\u00edc\u00edch ropu a chemik\u00e1lie. Dne\u0161n\u00ed Burgas se m\u016f\u017ee pochlubit velk\u00fdm mezin\u00e1rodn\u00edm leti\u0161t\u011bm, kter\u00e9 ka\u017edoro\u010dn\u011b p\u0159itahuje tis\u00edce turist\u016f z cel\u00e9ho sv\u011bta.        <\/p>\n\n<p>Centrum Burgasu kolem star\u00e9ho m\u011bsta je velmi atraktivn\u00ed a turistick\u00e9. Skl\u00e1d\u00e1 se z velk\u00e9ho mno\u017estv\u00ed kav\u00e1ren, restaurac\u00ed a mnoha bulv\u00e1r\u016f. Hlavn\u00ed tepnou m\u011bsta je Alexandrovsk\u00e1 t\u0159\u00edda, vedouc\u00ed p\u0159es dv\u011b velk\u00e1 n\u00e1m\u011bst\u00ed. Na prvn\u00edm z nich s\u00eddl\u00ed \u010desk\u00fd konzul\u00e1t ve v\u00edcepodla\u017en\u00ed budov\u011b, co\u017e pon\u011bkud podr\u00fdv\u00e1 dobr\u00fd dojem z okoln\u00ed v\u00fdstavby. Najdete tu ale i zaj\u00edmav\u00e9 font\u00e1ny, kter\u00e9 si turist\u00e9 \u010dasto zv\u011b\u010d\u0148uj\u00ed. Druh\u00e9 n\u00e1m\u011bst\u00ed st\u00e1le nese neomyln\u00e9 znaky komunistick\u00e9 \u00e9ry. Je zde socha pravicov\u00e9ho sov\u011btsk\u00e9ho voj\u00e1ka, kter\u00e9mu lid\u00e9 \u0159\u00edkaj\u00ed \u201eAljo\u0161a\u201c. Nedaleko je Helicon \u2013 bulharsk\u00e9 knihkupectv\u00ed, kde se\u017eenete karty, kter\u00e9 jinde nejsou. Centrum m\u011bsta nab\u00edz\u00ed tak\u00e9 n\u00e1v\u0161t\u011bvu n\u011bkolika jist\u011b zaj\u00edmav\u00fdch muze\u00ed. Zde se m\u016f\u017eete dozv\u011bd\u011bt n\u011bco o historii m\u011bsta, ale i cel\u00e9ho regionu. Archeologick\u00e9 muzeum v\u00e1s mo\u017en\u00e1 p\u0159ekvap\u00ed sv\u00fdmi hlavn\u00edmi l\u00e1kadly, kter\u00fdmi jsou akv\u00e1ria a ter\u00e1ria s exotick\u00fdmi zv\u00ed\u0159aty. Zaj\u00edmav\u00fd je tak\u00e9 neobvykl\u00fd arm\u00e9nsk\u00fd kostel s pam\u011btn\u00ed deskou na po\u010dest objet\u00ed arm\u00e9nsk\u00e9 genocidy v roce 1915 (Bulharsko je \u010dast\u00fdm c\u00edlem arm\u00e9nsk\u00fdch uprchl\u00edk\u016f z Turecka). Multikulturn\u00ed region Burgas v\u0161ak m\u016f\u017ee nab\u00eddnout i modern\u00ed kostel sv. Cyrila a Metod\u011bje, \u0159\u00edmskokatolick\u00fd kostel nebo synagogu.            <\/p>\n\n<p>M\u011bste\u010dko m\u00e1 kr\u00e1snou a \u0161irokou pl\u00e1\u017e, kter\u00e1 je obklopena zelen\u00ed a poset\u00e1 st\u00e1nky s rychl\u00fdm ob\u010derstven\u00edm. Nechyb\u00ed ani ve\u0159ejn\u00e9 toalety a sprchy. Pl\u00e1\u017e je velmi p\u011bkn\u00fd a dob\u0159e udr\u017eovan\u00fd mo\u0159sk\u00fd park. P\u0159i jeho n\u00e1v\u0161t\u011bv\u011b budete m\u00edt pocit, \u017ee je to \u00fapln\u00e1 zelen\u00e1 o\u00e1za, pln\u00e1 vz\u00e1cn\u00fdch strom\u016f, kv\u011btinov\u00fdch z\u00e1hon\u016f, soch a font\u00e1n. M\u016f\u017eete zde jen tak sed\u011bt ve st\u00ednu kav\u00e1rny a u\u017e\u00edvat si p\u0159\u00edjemn\u00fd v\u00fdhled na mo\u0159e. N\u011bkter\u00e9 slune\u010dn\u00edky jsou zdarma, jin\u00e9 jsou stejn\u00e9 jako leh\u00e1tka za poplatek. Dohromady za n\u011b zaplat\u00edte maxim\u00e1ln\u011b sedm lv\u016f. Z mostu vedouc\u00edho z pl\u00e1\u017ee k mo\u0159i m\u00ed\u0159\u00ed v\u00fdletn\u00ed lod\u011b na ostrov Svat\u00e1 Anast\u00e1zie. Pl\u00e1\u017e m\u011bsta, kter\u00e9 om\u00fdv\u00e1 \u010cern\u00e9 mo\u0159e, je nev\u0161edn\u00ed sv\u00fdm tmav\u011b \u0161ed\u00fdm p\u00edskem, kter\u00fd obsahuje magnetit a p\u016fsob\u00ed tak l\u00e9\u010div\u011b.        <\/p>\n\n<p>Pokud v\u00e1s zaj\u00edmaj\u00ed ceny potravin, zbo\u017e\u00ed a restaurac\u00ed, jsou nejni\u017e\u0161\u00ed na pob\u0159e\u017e\u00ed. Krom\u011b toho m\u016f\u017eete nav\u0161t\u00edvit obchodn\u00ed centra sv\u011btov\u00fdch obchodn\u00edch \u0159et\u011bzc\u016f B\u00edl\u00e1, Kaufland, Lidl a dal\u0161\u00ed. <\/p>\n","protected":false},"excerpt":{"rendered":"<p>INFORMACE M\u011aSTA Burgas je p\u00e1t\u00e9 nejv\u011bt\u0161\u00ed m\u011bsto v Bulharsku a druh\u00e9 nejv\u011bt\u0161\u00ed p\u0159\u00edmo\u0159sk\u00e9 letovisko na bulharsk\u00e9m pob\u0159e\u017e\u00ed. Je to tak\u00e9 nejv\u011bt\u0161\u00ed p\u0159\u00edstav na ji\u017en\u00edm pob\u0159e\u017e\u00ed \u010cern\u00e9ho mo\u0159e. M\u011bsto se nach\u00e1z\u00ed mezi t\u0159emi jezery: Burgas, Atanasov a Mandre a je chr\u00e1n\u011bno ze severu kopci Stara Planina. Po\u010det obyvatel je necel\u00fdch dv\u011b st\u011b tis\u00edc a najdete ho&#8230;<\/p>\n","protected":false},"author":1,"featured_media":0,"parent":134951,"menu_order":89,"comment_status":"closed","ping_status":"closed","template":"","meta":{"_acf_changed":false,"footnotes":""},"class_list":["post-135190","page","type-page","status-publish","hentry"],"acf":[],"yoast_head":"<!-- This site is optimized with the Yoast SEO plugin v27.4 - https:\/\/yoast.com\/product\/yoast-seo-wordpress\/ -->\n<title>Burgas - Real Estate Agency in Sunny Beach<\/title>\n<meta name=\"robots\" content=\"index, follow, max-snippet:-1, max-image-preview:large, max-video-preview:-1\" \/>\n<link rel=\"canonical\" href=\"https:\/\/royalestate.bg\/cs\/o-bulharsku\/burgas\/\" \/>\n<meta property=\"og:locale\" content=\"cs_CZ\" \/>\n<meta property=\"og:type\" content=\"article\" \/>\n<meta property=\"og:title\" content=\"Burgas - Real Estate Agency in Sunny Beach\" \/>\n<meta property=\"og:description\" content=\"INFORMACE M\u011aSTA Burgas je p\u00e1t\u00e9 nejv\u011bt\u0161\u00ed m\u011bsto v Bulharsku a druh\u00e9 nejv\u011bt\u0161\u00ed p\u0159\u00edmo\u0159sk\u00e9 letovisko na bulharsk\u00e9m pob\u0159e\u017e\u00ed. Je to tak\u00e9 nejv\u011bt\u0161\u00ed p\u0159\u00edstav na ji\u017en\u00edm pob\u0159e\u017e\u00ed \u010cern\u00e9ho mo\u0159e. M\u011bsto se nach\u00e1z\u00ed mezi t\u0159emi jezery: Burgas, Atanasov a Mandre a je chr\u00e1n\u011bno ze severu kopci Stara Planina. Po\u010det obyvatel je necel\u00fdch dv\u011b st\u011b tis\u00edc a najdete ho...\" \/>\n<meta property=\"og:url\" content=\"https:\/\/royalestate.bg\/cs\/o-bulharsku\/burgas\/\" \/>\n<meta property=\"og:site_name\" content=\"Real Estate Agency in Sunny Beach\" \/>\n<meta property=\"article:modified_time\" content=\"2022-05-17T07:40:41+00:00\" \/>\n<meta property=\"og:image\" content=\"https:\/\/royalestate.bg\/wp-content\/uploads\/properties\/bulgaria\/bulgaria_burgas.jpg?v=1652773048\" \/>\n\t<meta property=\"og:image:width\" content=\"1200\" \/>\n\t<meta property=\"og:image:height\" content=\"656\" \/>\n\t<meta property=\"og:image:type\" content=\"image\/jpeg\" \/>\n<meta name=\"twitter:card\" content=\"summary_large_image\" \/>\n<meta name=\"twitter:label1\" content=\"Odhadovan\u00e1 doba \u010dten\u00ed\" \/>\n\t<meta name=\"twitter:data1\" content=\"4 minuty\" \/>\n<script type=\"application\/ld+json\" class=\"yoast-schema-graph\">{\"@context\":\"https:\\\/\\\/schema.org\",\"@graph\":[{\"@type\":\"WebPage\",\"@id\":\"https:\\\/\\\/royalestate.bg\\\/cs\\\/o-bulharsku\\\/burgas\\\/\",\"url\":\"https:\\\/\\\/royalestate.bg\\\/cs\\\/o-bulharsku\\\/burgas\\\/\",\"name\":\"Burgas - Real Estate Agency in Sunny Beach\",\"isPartOf\":{\"@id\":\"https:\\\/\\\/royalestate.bg\\\/cs\\\/#website\"},\"primaryImageOfPage\":{\"@id\":\"https:\\\/\\\/royalestate.bg\\\/cs\\\/o-bulharsku\\\/burgas\\\/#primaryimage\"},\"image\":{\"@id\":\"https:\\\/\\\/royalestate.bg\\\/cs\\\/o-bulharsku\\\/burgas\\\/#primaryimage\"},\"thumbnailUrl\":\"http:\\\/\\\/staging.royalestate.bg\\\/wp-content\\\/uploads\\\/properties\\\/bulgaria\\\/bulgaria_burgas.jpg\",\"datePublished\":\"2022-05-17T07:36:19+00:00\",\"dateModified\":\"2022-05-17T07:40:41+00:00\",\"breadcrumb\":{\"@id\":\"https:\\\/\\\/royalestate.bg\\\/cs\\\/o-bulharsku\\\/burgas\\\/#breadcrumb\"},\"inLanguage\":\"cs\",\"potentialAction\":[{\"@type\":\"ReadAction\",\"target\":[\"https:\\\/\\\/royalestate.bg\\\/cs\\\/o-bulharsku\\\/burgas\\\/\"]}]},{\"@type\":\"ImageObject\",\"inLanguage\":\"cs\",\"@id\":\"https:\\\/\\\/royalestate.bg\\\/cs\\\/o-bulharsku\\\/burgas\\\/#primaryimage\",\"url\":\"http:\\\/\\\/staging.royalestate.bg\\\/wp-content\\\/uploads\\\/properties\\\/bulgaria\\\/bulgaria_burgas.jpg\",\"contentUrl\":\"http:\\\/\\\/staging.royalestate.bg\\\/wp-content\\\/uploads\\\/properties\\\/bulgaria\\\/bulgaria_burgas.jpg\"},{\"@type\":\"BreadcrumbList\",\"@id\":\"https:\\\/\\\/royalestate.bg\\\/cs\\\/o-bulharsku\\\/burgas\\\/#breadcrumb\",\"itemListElement\":[{\"@type\":\"ListItem\",\"position\":1,\"name\":\"Home\",\"item\":\"https:\\\/\\\/royalestate.bg\\\/cs\\\/\"},{\"@type\":\"ListItem\",\"position\":2,\"name\":\"O Bulharsku\",\"item\":\"https:\\\/\\\/royalestate.bg\\\/cs\\\/o-bulharsku\\\/\"},{\"@type\":\"ListItem\",\"position\":3,\"name\":\"Burgas\"}]},{\"@type\":\"WebSite\",\"@id\":\"https:\\\/\\\/royalestate.bg\\\/cs\\\/#website\",\"url\":\"https:\\\/\\\/royalestate.bg\\\/cs\\\/\",\"name\":\"Real Estate Agency in Sunny Beach\",\"description\":\"Apartments and Houses For Sale\",\"publisher\":{\"@id\":\"https:\\\/\\\/royalestate.bg\\\/cs\\\/#organization\"},\"potentialAction\":[{\"@type\":\"SearchAction\",\"target\":{\"@type\":\"EntryPoint\",\"urlTemplate\":\"https:\\\/\\\/royalestate.bg\\\/cs\\\/?s={search_term_string}\"},\"query-input\":{\"@type\":\"PropertyValueSpecification\",\"valueRequired\":true,\"valueName\":\"search_term_string\"}}],\"inLanguage\":\"cs\"},{\"@type\":\"Organization\",\"@id\":\"https:\\\/\\\/royalestate.bg\\\/cs\\\/#organization\",\"name\":\"Real Estate Agency in Sunny Beach\",\"url\":\"https:\\\/\\\/royalestate.bg\\\/cs\\\/\",\"logo\":{\"@type\":\"ImageObject\",\"inLanguage\":\"cs\",\"@id\":\"https:\\\/\\\/royalestate.bg\\\/cs\\\/#\\\/schema\\\/logo\\\/image\\\/\",\"url\":\"https:\\\/\\\/royalestate.bg\\\/wp-content\\\/uploads\\\/properties\\\/logo\\\/logo_royal_estate_bg.png\",\"contentUrl\":\"https:\\\/\\\/royalestate.bg\\\/wp-content\\\/uploads\\\/properties\\\/logo\\\/logo_royal_estate_bg.png\",\"width\":177,\"height\":115,\"caption\":\"Real Estate Agency in Sunny Beach\"},\"image\":{\"@id\":\"https:\\\/\\\/royalestate.bg\\\/cs\\\/#\\\/schema\\\/logo\\\/image\\\/\"}}]}<\/script>\n<!-- \/ Yoast SEO plugin. -->","yoast_head_json":{"title":"Burgas - Real Estate Agency in Sunny Beach","robots":{"index":"index","follow":"follow","max-snippet":"max-snippet:-1","max-image-preview":"max-image-preview:large","max-video-preview":"max-video-preview:-1"},"canonical":"https:\/\/royalestate.bg\/cs\/o-bulharsku\/burgas\/","og_locale":"cs_CZ","og_type":"article","og_title":"Burgas - Real Estate Agency in Sunny Beach","og_description":"INFORMACE M\u011aSTA Burgas je p\u00e1t\u00e9 nejv\u011bt\u0161\u00ed m\u011bsto v Bulharsku a druh\u00e9 nejv\u011bt\u0161\u00ed p\u0159\u00edmo\u0159sk\u00e9 letovisko na bulharsk\u00e9m pob\u0159e\u017e\u00ed. Je to tak\u00e9 nejv\u011bt\u0161\u00ed p\u0159\u00edstav na ji\u017en\u00edm pob\u0159e\u017e\u00ed \u010cern\u00e9ho mo\u0159e. M\u011bsto se nach\u00e1z\u00ed mezi t\u0159emi jezery: Burgas, Atanasov a Mandre a je chr\u00e1n\u011bno ze severu kopci Stara Planina. Po\u010det obyvatel je necel\u00fdch dv\u011b st\u011b tis\u00edc a najdete ho...","og_url":"https:\/\/royalestate.bg\/cs\/o-bulharsku\/burgas\/","og_site_name":"Real Estate Agency in Sunny Beach","article_modified_time":"2022-05-17T07:40:41+00:00","og_image":[{"width":1200,"height":656,"url":"https:\/\/royalestate.bg\/wp-content\/uploads\/properties\/bulgaria\/bulgaria_burgas.jpg?v=1652773048","type":"image\/jpeg"}],"twitter_card":"summary_large_image","twitter_misc":{"Odhadovan\u00e1 doba \u010dten\u00ed":"4 minuty"},"schema":{"@context":"https:\/\/schema.org","@graph":[{"@type":"WebPage","@id":"https:\/\/royalestate.bg\/cs\/o-bulharsku\/burgas\/","url":"https:\/\/royalestate.bg\/cs\/o-bulharsku\/burgas\/","name":"Burgas - Real Estate Agency in Sunny Beach","isPartOf":{"@id":"https:\/\/royalestate.bg\/cs\/#website"},"primaryImageOfPage":{"@id":"https:\/\/royalestate.bg\/cs\/o-bulharsku\/burgas\/#primaryimage"},"image":{"@id":"https:\/\/royalestate.bg\/cs\/o-bulharsku\/burgas\/#primaryimage"},"thumbnailUrl":"http:\/\/staging.royalestate.bg\/wp-content\/uploads\/properties\/bulgaria\/bulgaria_burgas.jpg","datePublished":"2022-05-17T07:36:19+00:00","dateModified":"2022-05-17T07:40:41+00:00","breadcrumb":{"@id":"https:\/\/royalestate.bg\/cs\/o-bulharsku\/burgas\/#breadcrumb"},"inLanguage":"cs","potentialAction":[{"@type":"ReadAction","target":["https:\/\/royalestate.bg\/cs\/o-bulharsku\/burgas\/"]}]},{"@type":"ImageObject","inLanguage":"cs","@id":"https:\/\/royalestate.bg\/cs\/o-bulharsku\/burgas\/#primaryimage","url":"http:\/\/staging.royalestate.bg\/wp-content\/uploads\/properties\/bulgaria\/bulgaria_burgas.jpg","contentUrl":"http:\/\/staging.royalestate.bg\/wp-content\/uploads\/properties\/bulgaria\/bulgaria_burgas.jpg"},{"@type":"BreadcrumbList","@id":"https:\/\/royalestate.bg\/cs\/o-bulharsku\/burgas\/#breadcrumb","itemListElement":[{"@type":"ListItem","position":1,"name":"Home","item":"https:\/\/royalestate.bg\/cs\/"},{"@type":"ListItem","position":2,"name":"O Bulharsku","item":"https:\/\/royalestate.bg\/cs\/o-bulharsku\/"},{"@type":"ListItem","position":3,"name":"Burgas"}]},{"@type":"WebSite","@id":"https:\/\/royalestate.bg\/cs\/#website","url":"https:\/\/royalestate.bg\/cs\/","name":"Real Estate Agency in Sunny Beach","description":"Apartments and Houses For Sale","publisher":{"@id":"https:\/\/royalestate.bg\/cs\/#organization"},"potentialAction":[{"@type":"SearchAction","target":{"@type":"EntryPoint","urlTemplate":"https:\/\/royalestate.bg\/cs\/?s={search_term_string}"},"query-input":{"@type":"PropertyValueSpecification","valueRequired":true,"valueName":"search_term_string"}}],"inLanguage":"cs"},{"@type":"Organization","@id":"https:\/\/royalestate.bg\/cs\/#organization","name":"Real Estate Agency in Sunny Beach","url":"https:\/\/royalestate.bg\/cs\/","logo":{"@type":"ImageObject","inLanguage":"cs","@id":"https:\/\/royalestate.bg\/cs\/#\/schema\/logo\/image\/","url":"https:\/\/royalestate.bg\/wp-content\/uploads\/properties\/logo\/logo_royal_estate_bg.png","contentUrl":"https:\/\/royalestate.bg\/wp-content\/uploads\/properties\/logo\/logo_royal_estate_bg.png","width":177,"height":115,"caption":"Real Estate Agency in Sunny Beach"},"image":{"@id":"https:\/\/royalestate.bg\/cs\/#\/schema\/logo\/image\/"}}]}},"_links":{"self":[{"href":"https:\/\/royalestate.bg\/cs\/wp-json\/wp\/v2\/pages\/135190","targetHints":{"allow":["GET"]}}],"collection":[{"href":"https:\/\/royalestate.bg\/cs\/wp-json\/wp\/v2\/pages"}],"about":[{"href":"https:\/\/royalestate.bg\/cs\/wp-json\/wp\/v2\/types\/page"}],"author":[{"embeddable":true,"href":"https:\/\/royalestate.bg\/cs\/wp-json\/wp\/v2\/users\/1"}],"replies":[{"embeddable":true,"href":"https:\/\/royalestate.bg\/cs\/wp-json\/wp\/v2\/comments?post=135190"}],"version-history":[{"count":0,"href":"https:\/\/royalestate.bg\/cs\/wp-json\/wp\/v2\/pages\/135190\/revisions"}],"up":[{"embeddable":true,"href":"https:\/\/royalestate.bg\/cs\/wp-json\/wp\/v2\/pages\/134951"}],"wp:attachment":[{"href":"https:\/\/royalestate.bg\/cs\/wp-json\/wp\/v2\/media?parent=135190"}],"curies":[{"name":"wp","href":"https:\/\/api.w.org\/{rel}","templated":true}]}}