{"id":135156,"date":"2022-05-17T10:25:08","date_gmt":"2022-05-17T07:25:08","guid":{"rendered":"http:\/\/staging.royalestate.bg\/o-bulharsku\/elenite\/"},"modified":"2022-05-17T10:28:36","modified_gmt":"2022-05-17T07:28:36","slug":"elenite","status":"publish","type":"page","link":"https:\/\/royalestate.bg\/cs\/o-bulharsku\/elenite\/","title":{"rendered":"Elenite"},"content":{"rendered":"\n<figure class=\"wp-block-image size-full\"><img fetchpriority=\"high\" decoding=\"async\" width=\"1200\" height=\"499\" src=\"http:\/\/staging.royalestate.bg\/wp-content\/uploads\/properties\/bulgaria\/bulgaria_elenite.jpg\" alt=\"\" class=\"wp-image-135144\" srcset=\"https:\/\/royalestate.bg\/wp-content\/uploads\/properties\/bulgaria\/bulgaria_elenite.jpg?v=1652772362 1200w, https:\/\/royalestate.bg\/wp-content\/uploads\/properties\/bulgaria\/bulgaria_elenite-150x62.jpg?v=1652772362 150w\" sizes=\"(max-width: 1200px) 100vw, 1200px\" \/><\/figure>\n\n<h3 class=\"wp-block-heading\">INFORMACE O ST\u0158EDISKU<\/h3>\n\n<p>Asi 50 km severn\u011b od Burgasu, na nejji\u017en\u011bj\u0161\u00edm konci Balk\u00e1nsk\u00e9ho prstence, se nach\u00e1z\u00ed modern\u00ed p\u0159\u00edmo\u0159sk\u00e9 letovisko Elenite. Nach\u00e1z\u00ed se v bl\u00edzkosti dal\u0161\u00edch atraktivn\u00edch letovisek Slune\u010dn\u00e9 pob\u0159e\u017e\u00ed, Svat\u00fd Vlas, Nesebar a Ravda. Tento pr\u00e1zdninov\u00fd komplex nab\u00edz\u00ed \u0159adu luxusn\u00edch hotel\u016f a dom\u016f a reziden\u010dn\u00edch komplex\u016f, kter\u00e9 jsou z jedn\u00e9 strany obklopeny horami a z druh\u00e9 strany mo\u0159em.  <\/p>\n\n<p>Zpo\u010d\u00e1tku byla oblast dne\u0161n\u00ed Eleni neobydlenou pustinou, ale v 80. letech minul\u00e9ho stolet\u00ed, po vybudov\u00e1n\u00ed stejnojmenn\u00e9ho hotelov\u00e9ho klubu, se zde za\u010dal rozv\u00edjet turistick\u00fd ruch. Dnes je Elenite obl\u00edbenou pr\u00e1zdninovou destinac\u00ed, kam si lid\u00e9 jezd\u00ed u\u017e\u00edvat mo\u0159e, slunce, kr\u00e1sn\u00e9 pl\u00e1\u017ee a luxusn\u00ed hotelov\u00e9 komplexy. Elenite se nach\u00e1z\u00ed v kr\u00e1sn\u00e9 z\u00e1toce, lemovan\u00e9 800 metrovou p\u00edse\u010dnou pl\u00e1\u017e\u00ed na \u00fapat\u00ed Stara Planina.  <\/p>\n\n<p>Elenite je relativn\u011b klidn\u00e9 mal\u00e9 letovisko, kde krom\u011b hotel\u016f najdete n\u011bkolik vyhl\u00e1\u0161en\u00fdch restaurac\u00ed nab\u00edzej\u00edc\u00edch mezin\u00e1rodn\u00ed i region\u00e1ln\u00ed speciality, bary, diskot\u00e9ky, sportovi\u0161t\u011b, h\u0159i\u0161t\u011b, aquapark a minigolf. Je lemov\u00e1no vlastn\u00ed soukromou pl\u00e1\u017e\u00ed, kter\u00e1 m\u00e1 pozvoln\u00fd vstup do mo\u0159e, tak\u017ee je ide\u00e1ln\u00ed pro mal\u00e9 d\u011bti a neplavce. M\u016f\u017eete tak\u00e9 vyu\u017e\u00edt n\u011bkter\u00e9 vodn\u00ed atrakce nebo si p\u016fj\u010dit vybaven\u00ed pro vodn\u00ed sporty v n\u011bkter\u00e9m z mnoha za\u0159\u00edzen\u00ed. M\u011bsto obklopen\u00e9 horami, kter\u00e9 tvo\u0159\u00ed kr\u00e1snou p\u0159\u00edrodu, nab\u00edz\u00ed ide\u00e1ln\u00ed podm\u00ednky pro nezapomenutelnou odpo\u010dinkovou dovolenou.   <\/p>\n\n<p>Z Elenite m\u016f\u017eete podnikat mnoho zaj\u00edmav\u00fdch turistick\u00fdch z\u00e1jezd\u016f, rozhodn\u011b byste si nem\u011bli nechat uj\u00edt n\u00e1v\u0161t\u011bvu starobyl\u00e9ho m\u011bsta Nesebar vzd\u00e1len\u00e9ho asi 15 km, kter\u00e9 pat\u0159\u00ed k nejkr\u00e1sn\u011bj\u0161\u00edm m\u00edst\u016fm na pob\u0159e\u017e\u00ed \u010cern\u00e9ho mo\u0159e. Slune\u010dn\u00e9 pob\u0159e\u017e\u00ed je 7 km a Sveti Vlas 4 km, kam se od Elenite dostanete p\u011b\u0161ky. Pokud se v\u00e1m nechce chodit p\u011b\u0161ky, m\u016f\u017eete vyu\u017e\u00edt m\u00edstn\u00ed autobusy, zavolat si taxi nebo si p\u016fj\u010dit auto. Severn\u011b od Elenite se nach\u00e1z\u00ed mys Emine, kter\u00fd je tak\u00e9 velmi obl\u00edben\u00fd u turist\u016f.   <\/p>\n","protected":false},"excerpt":{"rendered":"<p>INFORMACE O ST\u0158EDISKU Asi 50 km severn\u011b od Burgasu, na nejji\u017en\u011bj\u0161\u00edm konci Balk\u00e1nsk\u00e9ho prstence, se nach\u00e1z\u00ed modern\u00ed p\u0159\u00edmo\u0159sk\u00e9 letovisko Elenite. Nach\u00e1z\u00ed se v bl\u00edzkosti dal\u0161\u00edch atraktivn\u00edch letovisek Slune\u010dn\u00e9 pob\u0159e\u017e\u00ed, Svat\u00fd Vlas, Nesebar a Ravda. Tento pr\u00e1zdninov\u00fd komplex nab\u00edz\u00ed \u0159adu luxusn\u00edch hotel\u016f a dom\u016f a reziden\u010dn\u00edch komplex\u016f, kter\u00e9 jsou z jedn\u00e9 strany obklopeny horami a z&#8230;<\/p>\n","protected":false},"author":1,"featured_media":0,"parent":134951,"menu_order":140,"comment_status":"closed","ping_status":"closed","template":"","meta":{"_acf_changed":false,"footnotes":""},"class_list":["post-135156","page","type-page","status-publish","hentry"],"acf":[],"yoast_head":"<!-- This site is optimized with the Yoast SEO plugin v27.4 - https:\/\/yoast.com\/product\/yoast-seo-wordpress\/ -->\n<title>Elenite - Real Estate Agency in Sunny Beach<\/title>\n<meta name=\"robots\" content=\"index, follow, max-snippet:-1, max-image-preview:large, max-video-preview:-1\" \/>\n<link rel=\"canonical\" href=\"https:\/\/royalestate.bg\/cs\/o-bulharsku\/elenite\/\" \/>\n<meta property=\"og:locale\" content=\"cs_CZ\" \/>\n<meta property=\"og:type\" content=\"article\" \/>\n<meta property=\"og:title\" content=\"Elenite - Real Estate Agency in Sunny Beach\" \/>\n<meta property=\"og:description\" content=\"INFORMACE O ST\u0158EDISKU Asi 50 km severn\u011b od Burgasu, na nejji\u017en\u011bj\u0161\u00edm konci Balk\u00e1nsk\u00e9ho prstence, se nach\u00e1z\u00ed modern\u00ed p\u0159\u00edmo\u0159sk\u00e9 letovisko Elenite. Nach\u00e1z\u00ed se v bl\u00edzkosti dal\u0161\u00edch atraktivn\u00edch letovisek Slune\u010dn\u00e9 pob\u0159e\u017e\u00ed, Svat\u00fd Vlas, Nesebar a Ravda. Tento pr\u00e1zdninov\u00fd komplex nab\u00edz\u00ed \u0159adu luxusn\u00edch hotel\u016f a dom\u016f a reziden\u010dn\u00edch komplex\u016f, kter\u00e9 jsou z jedn\u00e9 strany obklopeny horami a z...\" \/>\n<meta property=\"og:url\" content=\"https:\/\/royalestate.bg\/cs\/o-bulharsku\/elenite\/\" \/>\n<meta property=\"og:site_name\" content=\"Real Estate Agency in Sunny Beach\" \/>\n<meta property=\"article:modified_time\" content=\"2022-05-17T07:28:36+00:00\" \/>\n<meta property=\"og:image\" content=\"https:\/\/royalestate.bg\/wp-content\/uploads\/properties\/bulgaria\/bulgaria_elenite.jpg?v=1652772362\" \/>\n\t<meta property=\"og:image:width\" content=\"1200\" \/>\n\t<meta property=\"og:image:height\" content=\"499\" \/>\n\t<meta property=\"og:image:type\" content=\"image\/jpeg\" \/>\n<meta name=\"twitter:card\" content=\"summary_large_image\" \/>\n<meta name=\"twitter:label1\" content=\"Odhadovan\u00e1 doba \u010dten\u00ed\" \/>\n\t<meta name=\"twitter:data1\" content=\"2 minuty\" \/>\n<script type=\"application\/ld+json\" class=\"yoast-schema-graph\">{\"@context\":\"https:\\\/\\\/schema.org\",\"@graph\":[{\"@type\":\"WebPage\",\"@id\":\"https:\\\/\\\/royalestate.bg\\\/cs\\\/o-bulharsku\\\/elenite\\\/\",\"url\":\"https:\\\/\\\/royalestate.bg\\\/cs\\\/o-bulharsku\\\/elenite\\\/\",\"name\":\"Elenite - Real Estate Agency in Sunny Beach\",\"isPartOf\":{\"@id\":\"https:\\\/\\\/royalestate.bg\\\/cs\\\/#website\"},\"primaryImageOfPage\":{\"@id\":\"https:\\\/\\\/royalestate.bg\\\/cs\\\/o-bulharsku\\\/elenite\\\/#primaryimage\"},\"image\":{\"@id\":\"https:\\\/\\\/royalestate.bg\\\/cs\\\/o-bulharsku\\\/elenite\\\/#primaryimage\"},\"thumbnailUrl\":\"http:\\\/\\\/staging.royalestate.bg\\\/wp-content\\\/uploads\\\/properties\\\/bulgaria\\\/bulgaria_elenite.jpg\",\"datePublished\":\"2022-05-17T07:25:08+00:00\",\"dateModified\":\"2022-05-17T07:28:36+00:00\",\"breadcrumb\":{\"@id\":\"https:\\\/\\\/royalestate.bg\\\/cs\\\/o-bulharsku\\\/elenite\\\/#breadcrumb\"},\"inLanguage\":\"cs\",\"potentialAction\":[{\"@type\":\"ReadAction\",\"target\":[\"https:\\\/\\\/royalestate.bg\\\/cs\\\/o-bulharsku\\\/elenite\\\/\"]}]},{\"@type\":\"ImageObject\",\"inLanguage\":\"cs\",\"@id\":\"https:\\\/\\\/royalestate.bg\\\/cs\\\/o-bulharsku\\\/elenite\\\/#primaryimage\",\"url\":\"http:\\\/\\\/staging.royalestate.bg\\\/wp-content\\\/uploads\\\/properties\\\/bulgaria\\\/bulgaria_elenite.jpg\",\"contentUrl\":\"http:\\\/\\\/staging.royalestate.bg\\\/wp-content\\\/uploads\\\/properties\\\/bulgaria\\\/bulgaria_elenite.jpg\"},{\"@type\":\"BreadcrumbList\",\"@id\":\"https:\\\/\\\/royalestate.bg\\\/cs\\\/o-bulharsku\\\/elenite\\\/#breadcrumb\",\"itemListElement\":[{\"@type\":\"ListItem\",\"position\":1,\"name\":\"Home\",\"item\":\"https:\\\/\\\/royalestate.bg\\\/cs\\\/\"},{\"@type\":\"ListItem\",\"position\":2,\"name\":\"O Bulharsku\",\"item\":\"https:\\\/\\\/royalestate.bg\\\/cs\\\/o-bulharsku\\\/\"},{\"@type\":\"ListItem\",\"position\":3,\"name\":\"Elenite\"}]},{\"@type\":\"WebSite\",\"@id\":\"https:\\\/\\\/royalestate.bg\\\/cs\\\/#website\",\"url\":\"https:\\\/\\\/royalestate.bg\\\/cs\\\/\",\"name\":\"Real Estate Agency in Sunny Beach\",\"description\":\"Apartments and Houses For Sale\",\"publisher\":{\"@id\":\"https:\\\/\\\/royalestate.bg\\\/cs\\\/#organization\"},\"potentialAction\":[{\"@type\":\"SearchAction\",\"target\":{\"@type\":\"EntryPoint\",\"urlTemplate\":\"https:\\\/\\\/royalestate.bg\\\/cs\\\/?s={search_term_string}\"},\"query-input\":{\"@type\":\"PropertyValueSpecification\",\"valueRequired\":true,\"valueName\":\"search_term_string\"}}],\"inLanguage\":\"cs\"},{\"@type\":\"Organization\",\"@id\":\"https:\\\/\\\/royalestate.bg\\\/cs\\\/#organization\",\"name\":\"Real Estate Agency in Sunny Beach\",\"url\":\"https:\\\/\\\/royalestate.bg\\\/cs\\\/\",\"logo\":{\"@type\":\"ImageObject\",\"inLanguage\":\"cs\",\"@id\":\"https:\\\/\\\/royalestate.bg\\\/cs\\\/#\\\/schema\\\/logo\\\/image\\\/\",\"url\":\"https:\\\/\\\/royalestate.bg\\\/wp-content\\\/uploads\\\/properties\\\/logo\\\/logo_royal_estate_bg.png\",\"contentUrl\":\"https:\\\/\\\/royalestate.bg\\\/wp-content\\\/uploads\\\/properties\\\/logo\\\/logo_royal_estate_bg.png\",\"width\":177,\"height\":115,\"caption\":\"Real Estate Agency in Sunny Beach\"},\"image\":{\"@id\":\"https:\\\/\\\/royalestate.bg\\\/cs\\\/#\\\/schema\\\/logo\\\/image\\\/\"}}]}<\/script>\n<!-- \/ Yoast SEO plugin. -->","yoast_head_json":{"title":"Elenite - Real Estate Agency in Sunny Beach","robots":{"index":"index","follow":"follow","max-snippet":"max-snippet:-1","max-image-preview":"max-image-preview:large","max-video-preview":"max-video-preview:-1"},"canonical":"https:\/\/royalestate.bg\/cs\/o-bulharsku\/elenite\/","og_locale":"cs_CZ","og_type":"article","og_title":"Elenite - Real Estate Agency in Sunny Beach","og_description":"INFORMACE O ST\u0158EDISKU Asi 50 km severn\u011b od Burgasu, na nejji\u017en\u011bj\u0161\u00edm konci Balk\u00e1nsk\u00e9ho prstence, se nach\u00e1z\u00ed modern\u00ed p\u0159\u00edmo\u0159sk\u00e9 letovisko Elenite. Nach\u00e1z\u00ed se v bl\u00edzkosti dal\u0161\u00edch atraktivn\u00edch letovisek Slune\u010dn\u00e9 pob\u0159e\u017e\u00ed, Svat\u00fd Vlas, Nesebar a Ravda. Tento pr\u00e1zdninov\u00fd komplex nab\u00edz\u00ed \u0159adu luxusn\u00edch hotel\u016f a dom\u016f a reziden\u010dn\u00edch komplex\u016f, kter\u00e9 jsou z jedn\u00e9 strany obklopeny horami a z...","og_url":"https:\/\/royalestate.bg\/cs\/o-bulharsku\/elenite\/","og_site_name":"Real Estate Agency in Sunny Beach","article_modified_time":"2022-05-17T07:28:36+00:00","og_image":[{"width":1200,"height":499,"url":"https:\/\/royalestate.bg\/wp-content\/uploads\/properties\/bulgaria\/bulgaria_elenite.jpg?v=1652772362","type":"image\/jpeg"}],"twitter_card":"summary_large_image","twitter_misc":{"Odhadovan\u00e1 doba \u010dten\u00ed":"2 minuty"},"schema":{"@context":"https:\/\/schema.org","@graph":[{"@type":"WebPage","@id":"https:\/\/royalestate.bg\/cs\/o-bulharsku\/elenite\/","url":"https:\/\/royalestate.bg\/cs\/o-bulharsku\/elenite\/","name":"Elenite - Real Estate Agency in Sunny Beach","isPartOf":{"@id":"https:\/\/royalestate.bg\/cs\/#website"},"primaryImageOfPage":{"@id":"https:\/\/royalestate.bg\/cs\/o-bulharsku\/elenite\/#primaryimage"},"image":{"@id":"https:\/\/royalestate.bg\/cs\/o-bulharsku\/elenite\/#primaryimage"},"thumbnailUrl":"http:\/\/staging.royalestate.bg\/wp-content\/uploads\/properties\/bulgaria\/bulgaria_elenite.jpg","datePublished":"2022-05-17T07:25:08+00:00","dateModified":"2022-05-17T07:28:36+00:00","breadcrumb":{"@id":"https:\/\/royalestate.bg\/cs\/o-bulharsku\/elenite\/#breadcrumb"},"inLanguage":"cs","potentialAction":[{"@type":"ReadAction","target":["https:\/\/royalestate.bg\/cs\/o-bulharsku\/elenite\/"]}]},{"@type":"ImageObject","inLanguage":"cs","@id":"https:\/\/royalestate.bg\/cs\/o-bulharsku\/elenite\/#primaryimage","url":"http:\/\/staging.royalestate.bg\/wp-content\/uploads\/properties\/bulgaria\/bulgaria_elenite.jpg","contentUrl":"http:\/\/staging.royalestate.bg\/wp-content\/uploads\/properties\/bulgaria\/bulgaria_elenite.jpg"},{"@type":"BreadcrumbList","@id":"https:\/\/royalestate.bg\/cs\/o-bulharsku\/elenite\/#breadcrumb","itemListElement":[{"@type":"ListItem","position":1,"name":"Home","item":"https:\/\/royalestate.bg\/cs\/"},{"@type":"ListItem","position":2,"name":"O Bulharsku","item":"https:\/\/royalestate.bg\/cs\/o-bulharsku\/"},{"@type":"ListItem","position":3,"name":"Elenite"}]},{"@type":"WebSite","@id":"https:\/\/royalestate.bg\/cs\/#website","url":"https:\/\/royalestate.bg\/cs\/","name":"Real Estate Agency in Sunny Beach","description":"Apartments and Houses For Sale","publisher":{"@id":"https:\/\/royalestate.bg\/cs\/#organization"},"potentialAction":[{"@type":"SearchAction","target":{"@type":"EntryPoint","urlTemplate":"https:\/\/royalestate.bg\/cs\/?s={search_term_string}"},"query-input":{"@type":"PropertyValueSpecification","valueRequired":true,"valueName":"search_term_string"}}],"inLanguage":"cs"},{"@type":"Organization","@id":"https:\/\/royalestate.bg\/cs\/#organization","name":"Real Estate Agency in Sunny Beach","url":"https:\/\/royalestate.bg\/cs\/","logo":{"@type":"ImageObject","inLanguage":"cs","@id":"https:\/\/royalestate.bg\/cs\/#\/schema\/logo\/image\/","url":"https:\/\/royalestate.bg\/wp-content\/uploads\/properties\/logo\/logo_royal_estate_bg.png","contentUrl":"https:\/\/royalestate.bg\/wp-content\/uploads\/properties\/logo\/logo_royal_estate_bg.png","width":177,"height":115,"caption":"Real Estate Agency in Sunny Beach"},"image":{"@id":"https:\/\/royalestate.bg\/cs\/#\/schema\/logo\/image\/"}}]}},"_links":{"self":[{"href":"https:\/\/royalestate.bg\/cs\/wp-json\/wp\/v2\/pages\/135156","targetHints":{"allow":["GET"]}}],"collection":[{"href":"https:\/\/royalestate.bg\/cs\/wp-json\/wp\/v2\/pages"}],"about":[{"href":"https:\/\/royalestate.bg\/cs\/wp-json\/wp\/v2\/types\/page"}],"author":[{"embeddable":true,"href":"https:\/\/royalestate.bg\/cs\/wp-json\/wp\/v2\/users\/1"}],"replies":[{"embeddable":true,"href":"https:\/\/royalestate.bg\/cs\/wp-json\/wp\/v2\/comments?post=135156"}],"version-history":[{"count":0,"href":"https:\/\/royalestate.bg\/cs\/wp-json\/wp\/v2\/pages\/135156\/revisions"}],"up":[{"embeddable":true,"href":"https:\/\/royalestate.bg\/cs\/wp-json\/wp\/v2\/pages\/134951"}],"wp:attachment":[{"href":"https:\/\/royalestate.bg\/cs\/wp-json\/wp\/v2\/media?parent=135156"}],"curies":[{"name":"wp","href":"https:\/\/api.w.org\/{rel}","templated":true}]}}