{"id":135123,"date":"2022-05-17T10:12:08","date_gmt":"2022-05-17T07:12:08","guid":{"rendered":"http:\/\/staging.royalestate.bg\/o-bulharsku\/svaty-vlas\/"},"modified":"2022-05-17T10:19:15","modified_gmt":"2022-05-17T07:19:15","slug":"svaty-vlas","status":"publish","type":"page","link":"https:\/\/royalestate.bg\/cs\/o-bulharsku\/svaty-vlas\/","title":{"rendered":"Svat\u00fd Vlas"},"content":{"rendered":"\n<figure class=\"wp-block-image size-full\"><img fetchpriority=\"high\" decoding=\"async\" width=\"1100\" height=\"600\" src=\"http:\/\/staging.royalestate.bg\/wp-content\/uploads\/properties\/bulgaria\/bulgaria_sveti_vlas.jpg\" alt=\"\" class=\"wp-image-135110\" srcset=\"https:\/\/royalestate.bg\/wp-content\/uploads\/properties\/bulgaria\/bulgaria_sveti_vlas.jpg?v=1652771624 1100w, https:\/\/royalestate.bg\/wp-content\/uploads\/properties\/bulgaria\/bulgaria_sveti_vlas-150x82.jpg?v=1652771624 150w\" sizes=\"(max-width: 1100px) 100vw, 1100px\" \/><\/figure>\n\n<h3 class=\"wp-block-heading\">INFORMACE M\u011aSTA<\/h3>\n\n<p>Svat\u00fd Vlas se nach\u00e1z\u00ed na \u00fapat\u00ed ji\u017en\u00edch svah\u016f balk\u00e1nsk\u00fdch hor, nedaleko pob\u0159e\u017e\u00ed \u010cern\u00e9ho mo\u0159e. Je to 12 km od historick\u00e9ho m\u011bsta Nesebar. Saint Vlas zauj\u00edm\u00e1 severn\u00ed \u010d\u00e1st z\u00e1livu, v jeho\u017e bl\u00edzkosti se nach\u00e1z\u00ed Slune\u010dn\u00e9 pob\u0159e\u017e\u00ed a pr\u00e1zdninov\u00e1 vesni\u010dka Elenite, a Burgas se nach\u00e1z\u00ed 40 km ji\u017en\u011b.  <\/p>\n\n<p>P\u0159esto\u017ee je m\u011bsto mal\u00e9, m\u00e1 bohatou a dlouhou historii. Prvn\u00ed osadu v t\u00e9to oblasti zalo\u017eili sta\u0159\u00ed Thr\u00e1kov\u00e9. Pozd\u011bji, b\u011bhem hel\u00e9nistick\u00e9ho obdob\u00ed, kolem 2. stolet\u00ed p\u0159. n. l., s os\u00eddlen\u00edm \u0159eck\u00fdch kolonist\u016f, se osada naz\u00fdvala Larissa. Toto jm\u00e9no se nach\u00e1zelo a\u017e do \u010dtrn\u00e1ct\u00e9ho stolet\u00ed, kdy p\u0159ijal jm\u00e9no Svat\u00fd Vlas &#8211; patron obchodn\u00edk\u016f, chovatel a l\u00e9\u010ditel. Nov\u00fd n\u00e1zev osady souvisel s velk\u00fdm a slavn\u00fdm stauropegi\u00e1ln\u00edm kl\u00e1\u0161terem &#8222;St. Vlasiy&#8220;, kter\u00fd byl p\u0159\u00edmo pod\u0159\u00edzen Konstantinopolsk\u00e9mu patriarch\u00e1tu a vydr\u017eel a\u017e do 18. stolet\u00ed, kdy byl v t\u00e9 dob\u011b vyp\u00e1len nes\u010detn\u00fdmi n\u00e1jezdy pir\u00e1t\u016f. Podobn\u00fd osud potkal i dal\u0161\u00ed \u010dty\u0159i kl\u00e1\u0161tery le\u017e\u00edc\u00ed v okol\u00ed obce: \u201eSv. Petr &#8222;,&#8220; sv. Eli\u00e1\u0161 &#8222;,&#8220; sv. Ond\u0159ej &#8222;a panna&#8220; sv. Ana. Jednotliv\u00e9 poz\u016fstatky t\u011bchto kl\u00e1\u0161ter\u016f lze vid\u011bt dnes.      <\/p>\n\n<p>B\u011bhem let tureck\u00e9ho otroctv\u00ed (XIV &#8211; XIX stolet\u00ed) je zn\u00e1mo n\u011bkolik jmen vesnice a v\u0161echny souvis\u00ed s kl\u00e1\u0161tery. Turci mu \u0159\u00edkali Kj\u00fa\u010djuk kl\u00e1\u0161ter a v osmansk\u00fdch da\u0148ov\u00fdch rejst\u0159\u00edc\u00edch je zaps\u00e1n jako vesnice \u201ekl\u00e1\u0161ter\u201c. <\/p>\n\n<p>Po osvobozen\u00ed z tureck\u00e9ho otroctv\u00ed, kdy byla v\u00fdchodn\u00ed Rum\u00e9lie p\u0159ipojena k bulharsk\u00e9mu kn\u00ed\u017eectv\u00ed, se n\u00e1zev osady zm\u011bnil na Svat\u00fd Vlas. Po stalet\u00ed a\u017e do roku 1920 bylo m\u00edstn\u00ed obyvatelstvo p\u0159ev\u00e1\u017en\u011b \u0159eck\u00e9. Na po\u010d\u00e1tku 20. let 20. stolet\u00ed emigrovali m\u00edstn\u00ed \u0158ekov\u00e9 do z\u00e1padn\u00ed Thr\u00e1kie, v roce 1919 p\u0159ed\u00e1ni \u0158ecku, a zejm\u00e9na do vesnice Chadarli, v roce 1920 p\u0159ejmenovan\u00e9 na Streami (nyn\u00ed v obci Sapes, region Rodopy). Po roce 1920 z\u016fstalo ve Sveti Vlas \u017e\u00edt m\u00e9n\u011b ne\u017e 10 \u0159eck\u00fdch rodin. Po v\u00e1lk\u00e1ch v letech 1912-1918 79 bulharsk\u00fdch rodin ze Solun\u011b, 29 z Gyumri, 20 bulharsk\u00fdch rodin z Mal\u00e9 Asie z vesnice Yenikoy az dal\u0161\u00edch \u010d\u00e1st\u00ed Bulharska. V roce 1963 byl Vlas prohl\u00e1\u0161en klimatick\u00fdm p\u0159\u00edmo\u0159sk\u00fdm letoviskem. Zdej\u0161\u00ed mikroklima je p\u0159\u00edzniv\u00e9 pro l\u00e9\u010dbu plicn\u00edch onemocn\u011bn\u00ed.      <\/p>\n\n<p>V roce 2006 z\u00edskala obec Sveti Vlas rozhodnut\u00edm Rady ministr\u016f statut m\u011bsta.<\/p>\n\n<p>V roce 2007 byl ve Sveti Vlas otev\u0159en nejv\u011bt\u0161\u00ed jachta\u0159sk\u00fd p\u0159\u00edstav v Bulharsku s kapacitou 300 jachet.<\/p>\n\n<p>Pl\u00e1\u017e Saint Vlas sm\u011b\u0159uje na jih. P\u00edsek je jemn\u00fd a zlatav\u00fd. Jedine\u010dn\u00e1 kombinace \u010dist\u00e9ho horsk\u00e9ho vzduchu, mo\u0159sk\u00e9ho klimatu a kr\u00e1sn\u00e9 p\u0159\u00edrody. Svat\u00fd Vlas je obl\u00edben\u00fdm m\u00edstem dovolen\u00e9 pro mnoho Bulhar\u016f a cizinc\u016f. Letn\u00ed dny se vyzna\u010duj\u00ed klidn\u00fdm r\u00e1nem a relativn\u011b chladn\u00fdm odpolednem. Dlouh\u00fd, tepl\u00fd a klidn\u00fd podzim. V posledn\u00edch letech byly v polovin\u011b prosince pozorov\u00e1ny teploty 15 stup\u0148\u016f.      <\/p>\n","protected":false},"excerpt":{"rendered":"<p>INFORMACE M\u011aSTA Svat\u00fd Vlas se nach\u00e1z\u00ed na \u00fapat\u00ed ji\u017en\u00edch svah\u016f balk\u00e1nsk\u00fdch hor, nedaleko pob\u0159e\u017e\u00ed \u010cern\u00e9ho mo\u0159e. Je to 12 km od historick\u00e9ho m\u011bsta Nesebar. Saint Vlas zauj\u00edm\u00e1 severn\u00ed \u010d\u00e1st z\u00e1livu, v jeho\u017e bl\u00edzkosti se nach\u00e1z\u00ed Slune\u010dn\u00e9 pob\u0159e\u017e\u00ed a pr\u00e1zdninov\u00e1 vesni\u010dka Elenite, a Burgas se nach\u00e1z\u00ed 40 km ji\u017en\u011b. P\u0159esto\u017ee je m\u011bsto mal\u00e9, m\u00e1 bohatou a&#8230;<\/p>\n","protected":false},"author":1,"featured_media":0,"parent":134951,"menu_order":104,"comment_status":"closed","ping_status":"closed","template":"","meta":{"_acf_changed":false,"footnotes":""},"class_list":["post-135123","page","type-page","status-publish","hentry"],"acf":[],"yoast_head":"<!-- This site is optimized with the Yoast SEO plugin v27.3 - https:\/\/yoast.com\/product\/yoast-seo-wordpress\/ -->\n<title>Svat\u00fd Vlas - Real Estate Agency in Sunny Beach<\/title>\n<meta name=\"robots\" content=\"index, follow, max-snippet:-1, max-image-preview:large, max-video-preview:-1\" \/>\n<link rel=\"canonical\" href=\"https:\/\/royalestate.bg\/cs\/o-bulharsku\/svaty-vlas\/\" \/>\n<meta property=\"og:locale\" content=\"cs_CZ\" \/>\n<meta property=\"og:type\" content=\"article\" \/>\n<meta property=\"og:title\" content=\"Svat\u00fd Vlas - Real Estate Agency in Sunny Beach\" \/>\n<meta property=\"og:description\" content=\"INFORMACE M\u011aSTA Svat\u00fd Vlas se nach\u00e1z\u00ed na \u00fapat\u00ed ji\u017en\u00edch svah\u016f balk\u00e1nsk\u00fdch hor, nedaleko pob\u0159e\u017e\u00ed \u010cern\u00e9ho mo\u0159e. Je to 12 km od historick\u00e9ho m\u011bsta Nesebar. Saint Vlas zauj\u00edm\u00e1 severn\u00ed \u010d\u00e1st z\u00e1livu, v jeho\u017e bl\u00edzkosti se nach\u00e1z\u00ed Slune\u010dn\u00e9 pob\u0159e\u017e\u00ed a pr\u00e1zdninov\u00e1 vesni\u010dka Elenite, a Burgas se nach\u00e1z\u00ed 40 km ji\u017en\u011b. P\u0159esto\u017ee je m\u011bsto mal\u00e9, m\u00e1 bohatou a...\" \/>\n<meta property=\"og:url\" content=\"https:\/\/royalestate.bg\/cs\/o-bulharsku\/svaty-vlas\/\" \/>\n<meta property=\"og:site_name\" content=\"Real Estate Agency in Sunny Beach\" \/>\n<meta property=\"article:modified_time\" content=\"2022-05-17T07:19:15+00:00\" \/>\n<meta property=\"og:image\" content=\"https:\/\/royalestate.bg\/wp-content\/uploads\/properties\/bulgaria\/bulgaria_sveti_vlas.jpg?v=1652771624\" \/>\n\t<meta property=\"og:image:width\" content=\"1100\" \/>\n\t<meta property=\"og:image:height\" content=\"600\" \/>\n\t<meta property=\"og:image:type\" content=\"image\/jpeg\" \/>\n<meta name=\"twitter:card\" content=\"summary_large_image\" \/>\n<meta name=\"twitter:label1\" content=\"Odhadovan\u00e1 doba \u010dten\u00ed\" \/>\n\t<meta name=\"twitter:data1\" content=\"3 minuty\" \/>\n<script type=\"application\/ld+json\" class=\"yoast-schema-graph\">{\"@context\":\"https:\\\/\\\/schema.org\",\"@graph\":[{\"@type\":\"WebPage\",\"@id\":\"https:\\\/\\\/royalestate.bg\\\/cs\\\/o-bulharsku\\\/svaty-vlas\\\/\",\"url\":\"https:\\\/\\\/royalestate.bg\\\/cs\\\/o-bulharsku\\\/svaty-vlas\\\/\",\"name\":\"Svat\u00fd Vlas - Real Estate Agency in Sunny Beach\",\"isPartOf\":{\"@id\":\"https:\\\/\\\/royalestate.bg\\\/cs\\\/#website\"},\"primaryImageOfPage\":{\"@id\":\"https:\\\/\\\/royalestate.bg\\\/cs\\\/o-bulharsku\\\/svaty-vlas\\\/#primaryimage\"},\"image\":{\"@id\":\"https:\\\/\\\/royalestate.bg\\\/cs\\\/o-bulharsku\\\/svaty-vlas\\\/#primaryimage\"},\"thumbnailUrl\":\"http:\\\/\\\/staging.royalestate.bg\\\/wp-content\\\/uploads\\\/properties\\\/bulgaria\\\/bulgaria_sveti_vlas.jpg\",\"datePublished\":\"2022-05-17T07:12:08+00:00\",\"dateModified\":\"2022-05-17T07:19:15+00:00\",\"breadcrumb\":{\"@id\":\"https:\\\/\\\/royalestate.bg\\\/cs\\\/o-bulharsku\\\/svaty-vlas\\\/#breadcrumb\"},\"inLanguage\":\"cs\",\"potentialAction\":[{\"@type\":\"ReadAction\",\"target\":[\"https:\\\/\\\/royalestate.bg\\\/cs\\\/o-bulharsku\\\/svaty-vlas\\\/\"]}]},{\"@type\":\"ImageObject\",\"inLanguage\":\"cs\",\"@id\":\"https:\\\/\\\/royalestate.bg\\\/cs\\\/o-bulharsku\\\/svaty-vlas\\\/#primaryimage\",\"url\":\"http:\\\/\\\/staging.royalestate.bg\\\/wp-content\\\/uploads\\\/properties\\\/bulgaria\\\/bulgaria_sveti_vlas.jpg\",\"contentUrl\":\"http:\\\/\\\/staging.royalestate.bg\\\/wp-content\\\/uploads\\\/properties\\\/bulgaria\\\/bulgaria_sveti_vlas.jpg\"},{\"@type\":\"BreadcrumbList\",\"@id\":\"https:\\\/\\\/royalestate.bg\\\/cs\\\/o-bulharsku\\\/svaty-vlas\\\/#breadcrumb\",\"itemListElement\":[{\"@type\":\"ListItem\",\"position\":1,\"name\":\"Home\",\"item\":\"https:\\\/\\\/royalestate.bg\\\/cs\\\/\"},{\"@type\":\"ListItem\",\"position\":2,\"name\":\"O Bulharsku\",\"item\":\"https:\\\/\\\/royalestate.bg\\\/cs\\\/o-bulharsku\\\/\"},{\"@type\":\"ListItem\",\"position\":3,\"name\":\"Svat\u00fd Vlas\"}]},{\"@type\":\"WebSite\",\"@id\":\"https:\\\/\\\/royalestate.bg\\\/cs\\\/#website\",\"url\":\"https:\\\/\\\/royalestate.bg\\\/cs\\\/\",\"name\":\"Real Estate Agency in Sunny Beach\",\"description\":\"Apartments and Houses For Sale\",\"publisher\":{\"@id\":\"https:\\\/\\\/royalestate.bg\\\/cs\\\/#organization\"},\"potentialAction\":[{\"@type\":\"SearchAction\",\"target\":{\"@type\":\"EntryPoint\",\"urlTemplate\":\"https:\\\/\\\/royalestate.bg\\\/cs\\\/?s={search_term_string}\"},\"query-input\":{\"@type\":\"PropertyValueSpecification\",\"valueRequired\":true,\"valueName\":\"search_term_string\"}}],\"inLanguage\":\"cs\"},{\"@type\":\"Organization\",\"@id\":\"https:\\\/\\\/royalestate.bg\\\/cs\\\/#organization\",\"name\":\"Real Estate Agency in Sunny Beach\",\"url\":\"https:\\\/\\\/royalestate.bg\\\/cs\\\/\",\"logo\":{\"@type\":\"ImageObject\",\"inLanguage\":\"cs\",\"@id\":\"https:\\\/\\\/royalestate.bg\\\/cs\\\/#\\\/schema\\\/logo\\\/image\\\/\",\"url\":\"https:\\\/\\\/royalestate.bg\\\/wp-content\\\/uploads\\\/properties\\\/logo\\\/logo_royal_estate_bg.png\",\"contentUrl\":\"https:\\\/\\\/royalestate.bg\\\/wp-content\\\/uploads\\\/properties\\\/logo\\\/logo_royal_estate_bg.png\",\"width\":177,\"height\":115,\"caption\":\"Real Estate Agency in Sunny Beach\"},\"image\":{\"@id\":\"https:\\\/\\\/royalestate.bg\\\/cs\\\/#\\\/schema\\\/logo\\\/image\\\/\"}}]}<\/script>\n<!-- \/ Yoast SEO plugin. -->","yoast_head_json":{"title":"Svat\u00fd Vlas - Real Estate Agency in Sunny Beach","robots":{"index":"index","follow":"follow","max-snippet":"max-snippet:-1","max-image-preview":"max-image-preview:large","max-video-preview":"max-video-preview:-1"},"canonical":"https:\/\/royalestate.bg\/cs\/o-bulharsku\/svaty-vlas\/","og_locale":"cs_CZ","og_type":"article","og_title":"Svat\u00fd Vlas - Real Estate Agency in Sunny Beach","og_description":"INFORMACE M\u011aSTA Svat\u00fd Vlas se nach\u00e1z\u00ed na \u00fapat\u00ed ji\u017en\u00edch svah\u016f balk\u00e1nsk\u00fdch hor, nedaleko pob\u0159e\u017e\u00ed \u010cern\u00e9ho mo\u0159e. Je to 12 km od historick\u00e9ho m\u011bsta Nesebar. Saint Vlas zauj\u00edm\u00e1 severn\u00ed \u010d\u00e1st z\u00e1livu, v jeho\u017e bl\u00edzkosti se nach\u00e1z\u00ed Slune\u010dn\u00e9 pob\u0159e\u017e\u00ed a pr\u00e1zdninov\u00e1 vesni\u010dka Elenite, a Burgas se nach\u00e1z\u00ed 40 km ji\u017en\u011b. P\u0159esto\u017ee je m\u011bsto mal\u00e9, m\u00e1 bohatou a...","og_url":"https:\/\/royalestate.bg\/cs\/o-bulharsku\/svaty-vlas\/","og_site_name":"Real Estate Agency in Sunny Beach","article_modified_time":"2022-05-17T07:19:15+00:00","og_image":[{"width":1100,"height":600,"url":"https:\/\/royalestate.bg\/wp-content\/uploads\/properties\/bulgaria\/bulgaria_sveti_vlas.jpg?v=1652771624","type":"image\/jpeg"}],"twitter_card":"summary_large_image","twitter_misc":{"Odhadovan\u00e1 doba \u010dten\u00ed":"3 minuty"},"schema":{"@context":"https:\/\/schema.org","@graph":[{"@type":"WebPage","@id":"https:\/\/royalestate.bg\/cs\/o-bulharsku\/svaty-vlas\/","url":"https:\/\/royalestate.bg\/cs\/o-bulharsku\/svaty-vlas\/","name":"Svat\u00fd Vlas - Real Estate Agency in Sunny Beach","isPartOf":{"@id":"https:\/\/royalestate.bg\/cs\/#website"},"primaryImageOfPage":{"@id":"https:\/\/royalestate.bg\/cs\/o-bulharsku\/svaty-vlas\/#primaryimage"},"image":{"@id":"https:\/\/royalestate.bg\/cs\/o-bulharsku\/svaty-vlas\/#primaryimage"},"thumbnailUrl":"http:\/\/staging.royalestate.bg\/wp-content\/uploads\/properties\/bulgaria\/bulgaria_sveti_vlas.jpg","datePublished":"2022-05-17T07:12:08+00:00","dateModified":"2022-05-17T07:19:15+00:00","breadcrumb":{"@id":"https:\/\/royalestate.bg\/cs\/o-bulharsku\/svaty-vlas\/#breadcrumb"},"inLanguage":"cs","potentialAction":[{"@type":"ReadAction","target":["https:\/\/royalestate.bg\/cs\/o-bulharsku\/svaty-vlas\/"]}]},{"@type":"ImageObject","inLanguage":"cs","@id":"https:\/\/royalestate.bg\/cs\/o-bulharsku\/svaty-vlas\/#primaryimage","url":"http:\/\/staging.royalestate.bg\/wp-content\/uploads\/properties\/bulgaria\/bulgaria_sveti_vlas.jpg","contentUrl":"http:\/\/staging.royalestate.bg\/wp-content\/uploads\/properties\/bulgaria\/bulgaria_sveti_vlas.jpg"},{"@type":"BreadcrumbList","@id":"https:\/\/royalestate.bg\/cs\/o-bulharsku\/svaty-vlas\/#breadcrumb","itemListElement":[{"@type":"ListItem","position":1,"name":"Home","item":"https:\/\/royalestate.bg\/cs\/"},{"@type":"ListItem","position":2,"name":"O Bulharsku","item":"https:\/\/royalestate.bg\/cs\/o-bulharsku\/"},{"@type":"ListItem","position":3,"name":"Svat\u00fd Vlas"}]},{"@type":"WebSite","@id":"https:\/\/royalestate.bg\/cs\/#website","url":"https:\/\/royalestate.bg\/cs\/","name":"Real Estate Agency in Sunny Beach","description":"Apartments and Houses For Sale","publisher":{"@id":"https:\/\/royalestate.bg\/cs\/#organization"},"potentialAction":[{"@type":"SearchAction","target":{"@type":"EntryPoint","urlTemplate":"https:\/\/royalestate.bg\/cs\/?s={search_term_string}"},"query-input":{"@type":"PropertyValueSpecification","valueRequired":true,"valueName":"search_term_string"}}],"inLanguage":"cs"},{"@type":"Organization","@id":"https:\/\/royalestate.bg\/cs\/#organization","name":"Real Estate Agency in Sunny Beach","url":"https:\/\/royalestate.bg\/cs\/","logo":{"@type":"ImageObject","inLanguage":"cs","@id":"https:\/\/royalestate.bg\/cs\/#\/schema\/logo\/image\/","url":"https:\/\/royalestate.bg\/wp-content\/uploads\/properties\/logo\/logo_royal_estate_bg.png","contentUrl":"https:\/\/royalestate.bg\/wp-content\/uploads\/properties\/logo\/logo_royal_estate_bg.png","width":177,"height":115,"caption":"Real Estate Agency in Sunny Beach"},"image":{"@id":"https:\/\/royalestate.bg\/cs\/#\/schema\/logo\/image\/"}}]}},"_links":{"self":[{"href":"https:\/\/royalestate.bg\/cs\/wp-json\/wp\/v2\/pages\/135123","targetHints":{"allow":["GET"]}}],"collection":[{"href":"https:\/\/royalestate.bg\/cs\/wp-json\/wp\/v2\/pages"}],"about":[{"href":"https:\/\/royalestate.bg\/cs\/wp-json\/wp\/v2\/types\/page"}],"author":[{"embeddable":true,"href":"https:\/\/royalestate.bg\/cs\/wp-json\/wp\/v2\/users\/1"}],"replies":[{"embeddable":true,"href":"https:\/\/royalestate.bg\/cs\/wp-json\/wp\/v2\/comments?post=135123"}],"version-history":[{"count":0,"href":"https:\/\/royalestate.bg\/cs\/wp-json\/wp\/v2\/pages\/135123\/revisions"}],"up":[{"embeddable":true,"href":"https:\/\/royalestate.bg\/cs\/wp-json\/wp\/v2\/pages\/134951"}],"wp:attachment":[{"href":"https:\/\/royalestate.bg\/cs\/wp-json\/wp\/v2\/media?parent=135123"}],"curies":[{"name":"wp","href":"https:\/\/api.w.org\/{rel}","templated":true}]}}