{"id":135036,"date":"2022-05-16T19:39:04","date_gmt":"2022-05-16T16:39:04","guid":{"rendered":"http:\/\/staging.royalestate.bg\/o-bulharsku\/ravda\/"},"modified":"2022-05-16T20:00:52","modified_gmt":"2022-05-16T17:00:52","slug":"ravda","status":"publish","type":"page","link":"https:\/\/royalestate.bg\/cs\/o-bulharsku\/ravda\/","title":{"rendered":"Ravda"},"content":{"rendered":"\n<figure class=\"wp-block-image size-full\"><img fetchpriority=\"high\" decoding=\"async\" width=\"1187\" height=\"794\" src=\"http:\/\/staging.royalestate.bg\/wp-content\/uploads\/properties\/bulgaria\/bulgaria_ravda.jpg\" alt=\"\" class=\"wp-image-135024\" srcset=\"https:\/\/royalestate.bg\/wp-content\/uploads\/properties\/bulgaria\/bulgaria_ravda.jpg?v=1652720208 1187w, https:\/\/royalestate.bg\/wp-content\/uploads\/properties\/bulgaria\/bulgaria_ravda-150x100.jpg?v=1652720208 150w, https:\/\/royalestate.bg\/wp-content\/uploads\/properties\/bulgaria\/bulgaria_ravda-488x326.jpg?v=1652720208 488w\" sizes=\"(max-width: 1187px) 100vw, 1187px\" \/><\/figure>\n\n<h3 class=\"wp-block-heading\">INFORMACE O ST\u0158EDISKU<\/h3>\n\n<p>Ravda je mal\u00e9 p\u0159\u00edmo\u0159sk\u00e9 letovisko v ji\u017en\u00edm Bulharsku. Pob\u0159e\u017en\u00ed vesnice se nach\u00e1z\u00ed 25 km severn\u011b od Burgasu, 3 km ji\u017en\u011b od Nesebaru a 5 km od zn\u00e1m\u00e9ho letoviska Slune\u010dn\u00e9 pob\u0159e\u017e\u00ed. Na v\u00fdchod\u011b Ravda pomalu spl\u00fdv\u00e1 s okrajem Nesebaru. Ob\u011b m\u00edsta jsou n\u00e1padit\u011b odd\u011blena \u0161irok\u00fdm z\u00e1livem. Turistick\u00fd vl\u00e1\u010dek nebo pravideln\u00e1 autobusov\u00e1 linka zaveze n\u00e1v\u0161t\u011bvn\u00edky do Nesebaru i na Slune\u010dn\u00e9 pob\u0159e\u017e\u00ed. Letovisko Ravda doporu\u010dujeme p\u0159edev\u0161\u00edm klient\u016fm, kte\u0159\u00ed vyhled\u00e1vaj\u00ed klidn\u011bj\u0161\u00ed letoviska.     <\/p>\n\n<p>Dobr\u00e9 klimatick\u00e9 podm\u00ednky a bl\u00edzkost historick\u00e9ho Nesebaru d\u011blaj\u00ed z vesnice obl\u00edben\u00e9 m\u00edsto v \u010cern\u00e9m mo\u0159i. P\u0159esto\u017ee m\u00e1 \u010dil\u00fd stavebn\u00ed ruch, Ravda st\u00e1le pat\u0159\u00ed mezi klidn\u011bj\u0161\u00ed letoviska. Pl\u00e1\u017ee zde nejsou p\u0159epln\u011bn\u00e9 a ceny jsou n\u00edzk\u00e9 a mimo\u0159\u00e1dn\u011b atraktivn\u00ed.  <\/p>\n\n<p>V posledn\u00edch letech se Ravda d\u00edky cestovn\u00edmu ruchu rychle rozv\u00edj\u00ed a stala se velmi obl\u00edben\u00fdm letoviskem. Pl\u00e1\u017e je p\u00eds\u010dit\u00e1 s pozvoln\u00fdm vstupem do mo\u0159e. Samoz\u0159ejmost\u00ed jsou pl\u00e1\u017eov\u00e9 bary a restaurace. Leh\u00e1tka a slune\u010dn\u00edky je mo\u017en\u00e9 zap\u016fj\u010dit za poplatek a vybrat si m\u016f\u017eete z \u0161irok\u00e9 nab\u00eddky vodn\u00edch sport\u016f. M\u00edsto je mnohem klidn\u011bj\u0161\u00ed ne\u017e Slune\u010dn\u00e9 pob\u0159e\u017e\u00ed nebo Nesebar, ale z\u00e1rove\u0148 je zde mnoho obchod\u016f s potravinami, kav\u00e1ren a nejr\u016fzn\u011bj\u0161\u00edch restaurac\u00ed.    <\/p>\n\n<p>Ravda je proto ide\u00e1ln\u00edm m\u00edstem pro ka\u017ed\u00e9ho, kdo chce str\u00e1vit odpo\u010dinkovou dovolenou mimo ru\u0161n\u00e1 turistick\u00e1 centra. Pokud se v\u00e1m v\u0161ak st\u00fdsk\u00e1 po ru\u0161n\u00e9m no\u010dn\u00edm \u010di denn\u00edm \u017eivot\u011b v\u011bt\u0161\u00edch m\u011bst, v\u017edy se m\u016f\u017eete vydat do nedalek\u00e9ho Nesebaru nebo na Slune\u010dn\u00e9 pob\u0159e\u017e\u00ed d\u00edky pravideln\u00e9 autobusov\u00e9 doprav\u011b. <\/p>\n\n<p>V l\u00e9t\u011b se Ravda st\u00e1v\u00e1 velmi obl\u00edben\u00fdm kr\u00e1sn\u00fdm letoviskem s bohatou nab\u00eddkou z\u00e1bavy pro d\u011bti i dosp\u011bl\u00e9. M\u016f\u017eete nav\u0161t\u00edvit mnoho obchod\u016f, restaurac\u00ed, diskot\u00e9k, d\u011btsk\u00fd z\u00e1bavn\u00ed park. Velk\u00fdm l\u00e1kadlem je tak\u00e9 nov\u00fd modern\u00ed aquapark. Tento resort m\u016f\u017eeme v\u0159ele doporu\u010dit z\u00e1kazn\u00edk\u016fm v\u0161ech v\u011bkov\u00fdch kategori\u00ed, ale i rodin\u00e1m s d\u011btmi.   <\/p>\n\n<p>Star\u00e9 m\u011bsto Nesebar je jen p\u00e1r minut j\u00edzdy od Ravdy. Kousek od Nesebaru je jedno z nejluxusn\u011bj\u0161\u00edch bulharsk\u00fdch letovisek \u2013 Slune\u010dn\u00e9 pob\u0159e\u017e\u00ed. Nav\u0161t\u00edvit m\u016f\u017eete tak\u00e9 pr\u00e1zdninov\u00e1 st\u0159ediska Elenite a Saint Vlas.  <\/p>\n","protected":false},"excerpt":{"rendered":"<p>INFORMACE O ST\u0158EDISKU Ravda je mal\u00e9 p\u0159\u00edmo\u0159sk\u00e9 letovisko v ji\u017en\u00edm Bulharsku. Pob\u0159e\u017en\u00ed vesnice se nach\u00e1z\u00ed 25 km severn\u011b od Burgasu, 3 km ji\u017en\u011b od Nesebaru a 5 km od zn\u00e1m\u00e9ho letoviska Slune\u010dn\u00e9 pob\u0159e\u017e\u00ed. Na v\u00fdchod\u011b Ravda pomalu spl\u00fdv\u00e1 s okrajem Nesebaru. Ob\u011b m\u00edsta jsou n\u00e1padit\u011b odd\u011blena \u0161irok\u00fdm z\u00e1livem. Turistick\u00fd vl\u00e1\u010dek nebo pravideln\u00e1 autobusov\u00e1 linka zaveze&#8230;<\/p>\n","protected":false},"author":1,"featured_media":0,"parent":134951,"menu_order":153,"comment_status":"closed","ping_status":"closed","template":"","meta":{"_acf_changed":false,"footnotes":""},"class_list":["post-135036","page","type-page","status-publish","hentry"],"acf":[],"yoast_head":"<!-- This site is optimized with the Yoast SEO plugin v27.4 - https:\/\/yoast.com\/product\/yoast-seo-wordpress\/ -->\n<title>Ravda - Real Estate Agency in Sunny Beach<\/title>\n<meta name=\"robots\" content=\"index, follow, max-snippet:-1, max-image-preview:large, max-video-preview:-1\" \/>\n<link rel=\"canonical\" href=\"https:\/\/royalestate.bg\/cs\/o-bulharsku\/ravda\/\" \/>\n<meta property=\"og:locale\" content=\"cs_CZ\" \/>\n<meta property=\"og:type\" content=\"article\" \/>\n<meta property=\"og:title\" content=\"Ravda - Real Estate Agency in Sunny Beach\" \/>\n<meta property=\"og:description\" content=\"INFORMACE O ST\u0158EDISKU Ravda je mal\u00e9 p\u0159\u00edmo\u0159sk\u00e9 letovisko v ji\u017en\u00edm Bulharsku. Pob\u0159e\u017en\u00ed vesnice se nach\u00e1z\u00ed 25 km severn\u011b od Burgasu, 3 km ji\u017en\u011b od Nesebaru a 5 km od zn\u00e1m\u00e9ho letoviska Slune\u010dn\u00e9 pob\u0159e\u017e\u00ed. Na v\u00fdchod\u011b Ravda pomalu spl\u00fdv\u00e1 s okrajem Nesebaru. Ob\u011b m\u00edsta jsou n\u00e1padit\u011b odd\u011blena \u0161irok\u00fdm z\u00e1livem. Turistick\u00fd vl\u00e1\u010dek nebo pravideln\u00e1 autobusov\u00e1 linka zaveze...\" \/>\n<meta property=\"og:url\" content=\"https:\/\/royalestate.bg\/cs\/o-bulharsku\/ravda\/\" \/>\n<meta property=\"og:site_name\" content=\"Real Estate Agency in Sunny Beach\" \/>\n<meta property=\"article:modified_time\" content=\"2022-05-16T17:00:52+00:00\" \/>\n<meta property=\"og:image\" content=\"https:\/\/royalestate.bg\/wp-content\/uploads\/properties\/bulgaria\/bulgaria_ravda.jpg?v=1652720208\" \/>\n\t<meta property=\"og:image:width\" content=\"1187\" \/>\n\t<meta property=\"og:image:height\" content=\"794\" \/>\n\t<meta property=\"og:image:type\" content=\"image\/jpeg\" \/>\n<meta name=\"twitter:card\" content=\"summary_large_image\" \/>\n<meta name=\"twitter:label1\" content=\"Odhadovan\u00e1 doba \u010dten\u00ed\" \/>\n\t<meta name=\"twitter:data1\" content=\"2 minuty\" \/>\n<script type=\"application\/ld+json\" class=\"yoast-schema-graph\">{\"@context\":\"https:\\\/\\\/schema.org\",\"@graph\":[{\"@type\":\"WebPage\",\"@id\":\"https:\\\/\\\/royalestate.bg\\\/cs\\\/o-bulharsku\\\/ravda\\\/\",\"url\":\"https:\\\/\\\/royalestate.bg\\\/cs\\\/o-bulharsku\\\/ravda\\\/\",\"name\":\"Ravda - Real Estate Agency in Sunny Beach\",\"isPartOf\":{\"@id\":\"https:\\\/\\\/royalestate.bg\\\/cs\\\/#website\"},\"primaryImageOfPage\":{\"@id\":\"https:\\\/\\\/royalestate.bg\\\/cs\\\/o-bulharsku\\\/ravda\\\/#primaryimage\"},\"image\":{\"@id\":\"https:\\\/\\\/royalestate.bg\\\/cs\\\/o-bulharsku\\\/ravda\\\/#primaryimage\"},\"thumbnailUrl\":\"http:\\\/\\\/staging.royalestate.bg\\\/wp-content\\\/uploads\\\/properties\\\/bulgaria\\\/bulgaria_ravda.jpg\",\"datePublished\":\"2022-05-16T16:39:04+00:00\",\"dateModified\":\"2022-05-16T17:00:52+00:00\",\"breadcrumb\":{\"@id\":\"https:\\\/\\\/royalestate.bg\\\/cs\\\/o-bulharsku\\\/ravda\\\/#breadcrumb\"},\"inLanguage\":\"cs\",\"potentialAction\":[{\"@type\":\"ReadAction\",\"target\":[\"https:\\\/\\\/royalestate.bg\\\/cs\\\/o-bulharsku\\\/ravda\\\/\"]}]},{\"@type\":\"ImageObject\",\"inLanguage\":\"cs\",\"@id\":\"https:\\\/\\\/royalestate.bg\\\/cs\\\/o-bulharsku\\\/ravda\\\/#primaryimage\",\"url\":\"http:\\\/\\\/staging.royalestate.bg\\\/wp-content\\\/uploads\\\/properties\\\/bulgaria\\\/bulgaria_ravda.jpg\",\"contentUrl\":\"http:\\\/\\\/staging.royalestate.bg\\\/wp-content\\\/uploads\\\/properties\\\/bulgaria\\\/bulgaria_ravda.jpg\"},{\"@type\":\"BreadcrumbList\",\"@id\":\"https:\\\/\\\/royalestate.bg\\\/cs\\\/o-bulharsku\\\/ravda\\\/#breadcrumb\",\"itemListElement\":[{\"@type\":\"ListItem\",\"position\":1,\"name\":\"Home\",\"item\":\"https:\\\/\\\/royalestate.bg\\\/cs\\\/\"},{\"@type\":\"ListItem\",\"position\":2,\"name\":\"O Bulharsku\",\"item\":\"https:\\\/\\\/royalestate.bg\\\/cs\\\/o-bulharsku\\\/\"},{\"@type\":\"ListItem\",\"position\":3,\"name\":\"Ravda\"}]},{\"@type\":\"WebSite\",\"@id\":\"https:\\\/\\\/royalestate.bg\\\/cs\\\/#website\",\"url\":\"https:\\\/\\\/royalestate.bg\\\/cs\\\/\",\"name\":\"Real Estate Agency in Sunny Beach\",\"description\":\"Apartments and Houses For Sale\",\"publisher\":{\"@id\":\"https:\\\/\\\/royalestate.bg\\\/cs\\\/#organization\"},\"potentialAction\":[{\"@type\":\"SearchAction\",\"target\":{\"@type\":\"EntryPoint\",\"urlTemplate\":\"https:\\\/\\\/royalestate.bg\\\/cs\\\/?s={search_term_string}\"},\"query-input\":{\"@type\":\"PropertyValueSpecification\",\"valueRequired\":true,\"valueName\":\"search_term_string\"}}],\"inLanguage\":\"cs\"},{\"@type\":\"Organization\",\"@id\":\"https:\\\/\\\/royalestate.bg\\\/cs\\\/#organization\",\"name\":\"Real Estate Agency in Sunny Beach\",\"url\":\"https:\\\/\\\/royalestate.bg\\\/cs\\\/\",\"logo\":{\"@type\":\"ImageObject\",\"inLanguage\":\"cs\",\"@id\":\"https:\\\/\\\/royalestate.bg\\\/cs\\\/#\\\/schema\\\/logo\\\/image\\\/\",\"url\":\"https:\\\/\\\/royalestate.bg\\\/wp-content\\\/uploads\\\/properties\\\/logo\\\/logo_royal_estate_bg.png\",\"contentUrl\":\"https:\\\/\\\/royalestate.bg\\\/wp-content\\\/uploads\\\/properties\\\/logo\\\/logo_royal_estate_bg.png\",\"width\":177,\"height\":115,\"caption\":\"Real Estate Agency in Sunny Beach\"},\"image\":{\"@id\":\"https:\\\/\\\/royalestate.bg\\\/cs\\\/#\\\/schema\\\/logo\\\/image\\\/\"}}]}<\/script>\n<!-- \/ Yoast SEO plugin. -->","yoast_head_json":{"title":"Ravda - Real Estate Agency in Sunny Beach","robots":{"index":"index","follow":"follow","max-snippet":"max-snippet:-1","max-image-preview":"max-image-preview:large","max-video-preview":"max-video-preview:-1"},"canonical":"https:\/\/royalestate.bg\/cs\/o-bulharsku\/ravda\/","og_locale":"cs_CZ","og_type":"article","og_title":"Ravda - Real Estate Agency in Sunny Beach","og_description":"INFORMACE O ST\u0158EDISKU Ravda je mal\u00e9 p\u0159\u00edmo\u0159sk\u00e9 letovisko v ji\u017en\u00edm Bulharsku. Pob\u0159e\u017en\u00ed vesnice se nach\u00e1z\u00ed 25 km severn\u011b od Burgasu, 3 km ji\u017en\u011b od Nesebaru a 5 km od zn\u00e1m\u00e9ho letoviska Slune\u010dn\u00e9 pob\u0159e\u017e\u00ed. Na v\u00fdchod\u011b Ravda pomalu spl\u00fdv\u00e1 s okrajem Nesebaru. Ob\u011b m\u00edsta jsou n\u00e1padit\u011b odd\u011blena \u0161irok\u00fdm z\u00e1livem. Turistick\u00fd vl\u00e1\u010dek nebo pravideln\u00e1 autobusov\u00e1 linka zaveze...","og_url":"https:\/\/royalestate.bg\/cs\/o-bulharsku\/ravda\/","og_site_name":"Real Estate Agency in Sunny Beach","article_modified_time":"2022-05-16T17:00:52+00:00","og_image":[{"width":1187,"height":794,"url":"https:\/\/royalestate.bg\/wp-content\/uploads\/properties\/bulgaria\/bulgaria_ravda.jpg?v=1652720208","type":"image\/jpeg"}],"twitter_card":"summary_large_image","twitter_misc":{"Odhadovan\u00e1 doba \u010dten\u00ed":"2 minuty"},"schema":{"@context":"https:\/\/schema.org","@graph":[{"@type":"WebPage","@id":"https:\/\/royalestate.bg\/cs\/o-bulharsku\/ravda\/","url":"https:\/\/royalestate.bg\/cs\/o-bulharsku\/ravda\/","name":"Ravda - Real Estate Agency in Sunny Beach","isPartOf":{"@id":"https:\/\/royalestate.bg\/cs\/#website"},"primaryImageOfPage":{"@id":"https:\/\/royalestate.bg\/cs\/o-bulharsku\/ravda\/#primaryimage"},"image":{"@id":"https:\/\/royalestate.bg\/cs\/o-bulharsku\/ravda\/#primaryimage"},"thumbnailUrl":"http:\/\/staging.royalestate.bg\/wp-content\/uploads\/properties\/bulgaria\/bulgaria_ravda.jpg","datePublished":"2022-05-16T16:39:04+00:00","dateModified":"2022-05-16T17:00:52+00:00","breadcrumb":{"@id":"https:\/\/royalestate.bg\/cs\/o-bulharsku\/ravda\/#breadcrumb"},"inLanguage":"cs","potentialAction":[{"@type":"ReadAction","target":["https:\/\/royalestate.bg\/cs\/o-bulharsku\/ravda\/"]}]},{"@type":"ImageObject","inLanguage":"cs","@id":"https:\/\/royalestate.bg\/cs\/o-bulharsku\/ravda\/#primaryimage","url":"http:\/\/staging.royalestate.bg\/wp-content\/uploads\/properties\/bulgaria\/bulgaria_ravda.jpg","contentUrl":"http:\/\/staging.royalestate.bg\/wp-content\/uploads\/properties\/bulgaria\/bulgaria_ravda.jpg"},{"@type":"BreadcrumbList","@id":"https:\/\/royalestate.bg\/cs\/o-bulharsku\/ravda\/#breadcrumb","itemListElement":[{"@type":"ListItem","position":1,"name":"Home","item":"https:\/\/royalestate.bg\/cs\/"},{"@type":"ListItem","position":2,"name":"O Bulharsku","item":"https:\/\/royalestate.bg\/cs\/o-bulharsku\/"},{"@type":"ListItem","position":3,"name":"Ravda"}]},{"@type":"WebSite","@id":"https:\/\/royalestate.bg\/cs\/#website","url":"https:\/\/royalestate.bg\/cs\/","name":"Real Estate Agency in Sunny Beach","description":"Apartments and Houses For Sale","publisher":{"@id":"https:\/\/royalestate.bg\/cs\/#organization"},"potentialAction":[{"@type":"SearchAction","target":{"@type":"EntryPoint","urlTemplate":"https:\/\/royalestate.bg\/cs\/?s={search_term_string}"},"query-input":{"@type":"PropertyValueSpecification","valueRequired":true,"valueName":"search_term_string"}}],"inLanguage":"cs"},{"@type":"Organization","@id":"https:\/\/royalestate.bg\/cs\/#organization","name":"Real Estate Agency in Sunny Beach","url":"https:\/\/royalestate.bg\/cs\/","logo":{"@type":"ImageObject","inLanguage":"cs","@id":"https:\/\/royalestate.bg\/cs\/#\/schema\/logo\/image\/","url":"https:\/\/royalestate.bg\/wp-content\/uploads\/properties\/logo\/logo_royal_estate_bg.png","contentUrl":"https:\/\/royalestate.bg\/wp-content\/uploads\/properties\/logo\/logo_royal_estate_bg.png","width":177,"height":115,"caption":"Real Estate Agency in Sunny Beach"},"image":{"@id":"https:\/\/royalestate.bg\/cs\/#\/schema\/logo\/image\/"}}]}},"_links":{"self":[{"href":"https:\/\/royalestate.bg\/cs\/wp-json\/wp\/v2\/pages\/135036","targetHints":{"allow":["GET"]}}],"collection":[{"href":"https:\/\/royalestate.bg\/cs\/wp-json\/wp\/v2\/pages"}],"about":[{"href":"https:\/\/royalestate.bg\/cs\/wp-json\/wp\/v2\/types\/page"}],"author":[{"embeddable":true,"href":"https:\/\/royalestate.bg\/cs\/wp-json\/wp\/v2\/users\/1"}],"replies":[{"embeddable":true,"href":"https:\/\/royalestate.bg\/cs\/wp-json\/wp\/v2\/comments?post=135036"}],"version-history":[{"count":0,"href":"https:\/\/royalestate.bg\/cs\/wp-json\/wp\/v2\/pages\/135036\/revisions"}],"up":[{"embeddable":true,"href":"https:\/\/royalestate.bg\/cs\/wp-json\/wp\/v2\/pages\/134951"}],"wp:attachment":[{"href":"https:\/\/royalestate.bg\/cs\/wp-json\/wp\/v2\/media?parent=135036"}],"curies":[{"name":"wp","href":"https:\/\/api.w.org\/{rel}","templated":true}]}}