{"id":134973,"date":"2022-05-16T19:28:44","date_gmt":"2022-05-16T16:28:44","guid":{"rendered":"http:\/\/staging.royalestate.bg\/o-bulharsku\/nesebar\/"},"modified":"2022-05-16T19:34:28","modified_gmt":"2022-05-16T16:34:28","slug":"nesebar","status":"publish","type":"page","link":"https:\/\/royalestate.bg\/cs\/o-bulharsku\/nesebar\/","title":{"rendered":"Nesebar"},"content":{"rendered":"\n<figure class=\"wp-block-image size-full\"><img fetchpriority=\"high\" decoding=\"async\" width=\"1200\" height=\"800\" src=\"http:\/\/staging.royalestate.bg\/wp-content\/uploads\/properties\/bulgaria\/bulgaria_nessebar.jpg\" alt=\"\" class=\"wp-image-134916\" srcset=\"https:\/\/royalestate.bg\/wp-content\/uploads\/properties\/bulgaria\/bulgaria_nessebar.jpg?v=1652712082 1200w, https:\/\/royalestate.bg\/wp-content\/uploads\/properties\/bulgaria\/bulgaria_nessebar-150x100.jpg?v=1652712082 150w, https:\/\/royalestate.bg\/wp-content\/uploads\/properties\/bulgaria\/bulgaria_nessebar-488x326.jpg?v=1652712082 488w\" sizes=\"(max-width: 1200px) 100vw, 1200px\" \/><\/figure>\n\n<h3 class=\"wp-block-heading\">INFORMACE M\u011aSTA<\/h3>\n\n<p>Nesebar m\u00e1 10 000 obyvatel a nach\u00e1z\u00ed se 30 km severov\u00fdchodn\u011b od Burgasu na pob\u0159e\u017e\u00ed \u010cern\u00e9ho mo\u0159e. Jeho sou\u010d\u00e1st\u00ed je dal\u0161\u00ed velk\u00e9 bulharsk\u00e9 letovisko &#8211; Slune\u010dn\u00e9 pob\u0159e\u017e\u00ed a do obce pat\u0159\u00ed tak\u00e9 Ravda, Saint Vlas a Elenite. Klima v regionu Nesebar je m\u00edrn\u00e9 kontinent\u00e1ln\u00ed. Pr\u016fm\u011brn\u00e1 teplota v \u010dervenci je +23,1 stup\u0148\u016f a pr\u016fm\u011brn\u00e1 teplota v lednu je +2 stupn\u011b. Maximum sr\u00e1\u017eek je v z\u00e1\u0159\u00ed a \u010dervenec a srpen jsou charakterizov\u00e1ny suchem.    <\/p>\n\n<p>M\u011bsto bylo zalo\u017eeno p\u0159ed v\u00edce ne\u017e 3200 lety. Obydlen\u00e9 Thr\u00e1ky v pozdn\u00ed dob\u011b bronzov\u00e9, \u0159\u00edkali mu Melsambria, co\u017e znamenalo \u201em\u011bsto Melsas\u201c \u2013 pravd\u011bpodobn\u011b jm\u00e9no zakladatele osady. Po nich dorazili do vesnice na konci 6. stolet\u00ed p\u0159ed na\u0161\u00edm letopo\u010dtem D\u00f3rov\u00e9 (starov\u011bk\u00fd \u0159eck\u00fd kmen). Za jejich vl\u00e1dy se osada rozrostla, byla postavena pevnostn\u00ed ze\u010f, objevily se obytn\u00e9 \u010dtvrti. Na po\u010d\u00e1tku 1. stolet\u00ed na\u0161eho letopo\u010dtu se m\u011bsto stalo sou\u010d\u00e1st\u00ed \u0158\u00edmsk\u00e9 \u0159\u00ed\u0161e. Pak mu za\u010dali \u0159\u00edkat Mesemvria. M\u011bsto je i nad\u00e1le v\u00fdznamn\u00fdm hospod\u00e1\u0159sk\u00fdm a kulturn\u00edm centrem. Pot\u00e9, co \u0158\u00edmsk\u00e1 \u0159\u00ed\u0161e p\u0159esunula sv\u00e9 hlavn\u00ed m\u011bsto do Konstantinopole a k\u0159es\u0165anstv\u00ed se stalo ofici\u00e1ln\u00edm n\u00e1bo\u017eenstv\u00edm, za\u010daly se v Mesembrii stav\u011bt k\u0159es\u0165ansk\u00e9 chr\u00e1my. M\u011bsto se stalo sou\u010d\u00e1st\u00ed Prvn\u00edho bulharsk\u00e9ho st\u00e1tu v roce 812, kdy jej dobyl bulharsk\u00fd vl\u00e1dce Khan Krum. Slovan\u00e9, kte\u0159\u00ed se zde usadili, za\u010dali m\u011bstu \u0159\u00edkat Nesebar. M\u011bsto hr\u00e1lo d\u016fle\u017eitou roli za vl\u00e1dy cara Kaloyana (1197-1207), Ivana Assena II. (1218 &#8211; 1241), Konstantina Tich\u00e9ho (1257-1277).          <\/p>\n\n<p>B\u011bhem l\u00e9ta se ve starov\u011bk\u00e9m divadle Star\u00e9ho Nesebaru konaj\u00ed koncerty a r\u016fzn\u00e9 akce. Za n\u00ed se nach\u00e1z\u00ed n\u00e1mo\u0159n\u00ed stanice Nessebar, kde m\u016f\u017eete b\u011bhem aktivn\u00ed letn\u00ed sez\u00f3ny \u010dasto vid\u011bt v\u00fdletn\u00ed lod\u011b kotv\u00edc\u00ed k n\u00e1v\u0161t\u011bv\u011b m\u011bsta UNESCO. Pokud chcete poc\u00edtit ducha star\u00e9ho Nesebaru, m\u016f\u017eete se tam ubytovat &#8211; nab\u00edz\u00ed r\u016fzn\u00e9 typy a ceny ubytov\u00e1n\u00ed &#8211; rodinn\u00e9 hotely, ubytov\u00e1n\u00ed v soukrom\u00ed. V okol\u00ed je tak\u00e9 mnoho restaurac\u00ed nab\u00edzej\u00edc\u00edch vynikaj\u00edc\u00ed mo\u0159sk\u00e9 plody.   <\/p>\n\n<p>Krom\u011b toho, \u017ee spojuje star\u00e9 a nov\u00e9 m\u011bsto, je \u0161\u00edje obl\u00edben\u00fdm m\u00edstem pro proch\u00e1zky host\u016f i obyvatel Nesebaru. Po obou stran\u00e1ch, v bl\u00edzkosti mo\u0159e, jsou uli\u010dky pro p\u011b\u0161\u00ed. Jedn\u00edm ze symbol\u016f m\u011bsta je v\u011btrn\u00fd ml\u00fdn, kter\u00fd se nach\u00e1z\u00ed uprost\u0159ed \u0161\u00edje.  <\/p>\n\n<p>Nov\u00e1 \u010d\u00e1st Nesebaru nab\u00edz\u00ed tak\u00e9 r\u016fzn\u00e9 mo\u017enosti ubytov\u00e1n\u00ed. Jsou zde i budovy administrativy a dal\u0161\u00edch instituc\u00ed. Severn\u00ed a ji\u017en\u00ed pl\u00e1\u017ee Nessebaru se nach\u00e1zej\u00ed na stran\u011b nov\u00e9 \u010d\u00e1sti m\u011bsta. Ve Star\u00e9m Nesebaru je pl\u00e1\u017e, ale nen\u00ed velk\u00e1. Ti, kte\u0159\u00ed hledaj\u00ed v\u00edce adrenalinu a z\u00e1bavy, mohou absolvovat okru\u017en\u00ed j\u00edzdu nad Nesebarem helikopt\u00e9rou, na pl\u00e1\u017e\u00edch jsou i v\u00fdlety lod\u00ed, r\u016fzn\u00e9 vodn\u00ed sporty. Restaurace ve m\u011bst\u011b jsou velmi rozmanit\u00e9, pokud jde o kategorii a ceny. Romanti\u010dt\u00ed lid\u00e9 preferuj\u00ed restaurace na Star\u00e9m M\u011bst\u011b a mlad\u00ed lid\u00e9 hledaj\u00ed z\u00e1bavu v nov\u00e9 \u010d\u00e1sti m\u011bsta a v nedalek\u00e9m letovisku Slune\u010dn\u00e9 pob\u0159e\u017e\u00ed.      <\/p>\n\n<p>M\u011bsto Nessebar slav\u00ed sv\u016fj sv\u00e1tek 15. srpna. Den m\u011bsta doprov\u00e1z\u00ed mnoho akc\u00ed &#8211; v\u00fdstavy, koncerty na n\u011bkolika sc\u00e9n\u00e1ch, n\u00e1bo\u017eensk\u00e9 proces\u00ed (15. srpna je Dnem Nejsv\u011bt\u011bj\u0161\u00ed Panny). <\/p>\n","protected":false},"excerpt":{"rendered":"<p>INFORMACE M\u011aSTA Nesebar m\u00e1 10 000 obyvatel a nach\u00e1z\u00ed se 30 km severov\u00fdchodn\u011b od Burgasu na pob\u0159e\u017e\u00ed \u010cern\u00e9ho mo\u0159e. Jeho sou\u010d\u00e1st\u00ed je dal\u0161\u00ed velk\u00e9 bulharsk\u00e9 letovisko &#8211; Slune\u010dn\u00e9 pob\u0159e\u017e\u00ed a do obce pat\u0159\u00ed tak\u00e9 Ravda, Saint Vlas a Elenite. Klima v regionu Nesebar je m\u00edrn\u00e9 kontinent\u00e1ln\u00ed. Pr\u016fm\u011brn\u00e1 teplota v \u010dervenci je +23,1 stup\u0148\u016f a pr\u016fm\u011brn\u00e1&#8230;<\/p>\n","protected":false},"author":1,"featured_media":0,"parent":134951,"menu_order":99,"comment_status":"closed","ping_status":"closed","template":"","meta":{"_acf_changed":false,"footnotes":""},"class_list":["post-134973","page","type-page","status-publish","hentry"],"acf":[],"yoast_head":"<!-- This site is optimized with the Yoast SEO plugin v27.3 - https:\/\/yoast.com\/product\/yoast-seo-wordpress\/ -->\n<title>Nesebar - Real Estate Agency in Sunny Beach<\/title>\n<meta name=\"robots\" content=\"index, follow, max-snippet:-1, max-image-preview:large, max-video-preview:-1\" \/>\n<link rel=\"canonical\" href=\"https:\/\/royalestate.bg\/cs\/o-bulharsku\/nesebar\/\" \/>\n<meta property=\"og:locale\" content=\"cs_CZ\" \/>\n<meta property=\"og:type\" content=\"article\" \/>\n<meta property=\"og:title\" content=\"Nesebar - Real Estate Agency in Sunny Beach\" \/>\n<meta property=\"og:description\" content=\"INFORMACE M\u011aSTA Nesebar m\u00e1 10 000 obyvatel a nach\u00e1z\u00ed se 30 km severov\u00fdchodn\u011b od Burgasu na pob\u0159e\u017e\u00ed \u010cern\u00e9ho mo\u0159e. Jeho sou\u010d\u00e1st\u00ed je dal\u0161\u00ed velk\u00e9 bulharsk\u00e9 letovisko &#8211; Slune\u010dn\u00e9 pob\u0159e\u017e\u00ed a do obce pat\u0159\u00ed tak\u00e9 Ravda, Saint Vlas a Elenite. Klima v regionu Nesebar je m\u00edrn\u00e9 kontinent\u00e1ln\u00ed. Pr\u016fm\u011brn\u00e1 teplota v \u010dervenci je +23,1 stup\u0148\u016f a pr\u016fm\u011brn\u00e1...\" \/>\n<meta property=\"og:url\" content=\"https:\/\/royalestate.bg\/cs\/o-bulharsku\/nesebar\/\" \/>\n<meta property=\"og:site_name\" content=\"Real Estate Agency in Sunny Beach\" \/>\n<meta property=\"article:modified_time\" content=\"2022-05-16T16:34:28+00:00\" \/>\n<meta property=\"og:image\" content=\"https:\/\/royalestate.bg\/wp-content\/uploads\/properties\/bulgaria\/bulgaria_nessebar.jpg?v=1652712082\" \/>\n\t<meta property=\"og:image:width\" content=\"1200\" \/>\n\t<meta property=\"og:image:height\" content=\"800\" \/>\n\t<meta property=\"og:image:type\" content=\"image\/jpeg\" \/>\n<meta name=\"twitter:card\" content=\"summary_large_image\" \/>\n<meta name=\"twitter:label1\" content=\"Odhadovan\u00e1 doba \u010dten\u00ed\" \/>\n\t<meta name=\"twitter:data1\" content=\"3 minuty\" \/>\n<script type=\"application\/ld+json\" class=\"yoast-schema-graph\">{\"@context\":\"https:\\\/\\\/schema.org\",\"@graph\":[{\"@type\":\"WebPage\",\"@id\":\"https:\\\/\\\/royalestate.bg\\\/cs\\\/o-bulharsku\\\/nesebar\\\/\",\"url\":\"https:\\\/\\\/royalestate.bg\\\/cs\\\/o-bulharsku\\\/nesebar\\\/\",\"name\":\"Nesebar - Real Estate Agency in Sunny Beach\",\"isPartOf\":{\"@id\":\"https:\\\/\\\/royalestate.bg\\\/cs\\\/#website\"},\"primaryImageOfPage\":{\"@id\":\"https:\\\/\\\/royalestate.bg\\\/cs\\\/o-bulharsku\\\/nesebar\\\/#primaryimage\"},\"image\":{\"@id\":\"https:\\\/\\\/royalestate.bg\\\/cs\\\/o-bulharsku\\\/nesebar\\\/#primaryimage\"},\"thumbnailUrl\":\"http:\\\/\\\/staging.royalestate.bg\\\/wp-content\\\/uploads\\\/properties\\\/bulgaria\\\/bulgaria_nessebar.jpg\",\"datePublished\":\"2022-05-16T16:28:44+00:00\",\"dateModified\":\"2022-05-16T16:34:28+00:00\",\"breadcrumb\":{\"@id\":\"https:\\\/\\\/royalestate.bg\\\/cs\\\/o-bulharsku\\\/nesebar\\\/#breadcrumb\"},\"inLanguage\":\"cs\",\"potentialAction\":[{\"@type\":\"ReadAction\",\"target\":[\"https:\\\/\\\/royalestate.bg\\\/cs\\\/o-bulharsku\\\/nesebar\\\/\"]}]},{\"@type\":\"ImageObject\",\"inLanguage\":\"cs\",\"@id\":\"https:\\\/\\\/royalestate.bg\\\/cs\\\/o-bulharsku\\\/nesebar\\\/#primaryimage\",\"url\":\"http:\\\/\\\/staging.royalestate.bg\\\/wp-content\\\/uploads\\\/properties\\\/bulgaria\\\/bulgaria_nessebar.jpg\",\"contentUrl\":\"http:\\\/\\\/staging.royalestate.bg\\\/wp-content\\\/uploads\\\/properties\\\/bulgaria\\\/bulgaria_nessebar.jpg\"},{\"@type\":\"BreadcrumbList\",\"@id\":\"https:\\\/\\\/royalestate.bg\\\/cs\\\/o-bulharsku\\\/nesebar\\\/#breadcrumb\",\"itemListElement\":[{\"@type\":\"ListItem\",\"position\":1,\"name\":\"Home\",\"item\":\"https:\\\/\\\/royalestate.bg\\\/cs\\\/\"},{\"@type\":\"ListItem\",\"position\":2,\"name\":\"O Bulharsku\",\"item\":\"https:\\\/\\\/royalestate.bg\\\/cs\\\/o-bulharsku\\\/\"},{\"@type\":\"ListItem\",\"position\":3,\"name\":\"Nesebar\"}]},{\"@type\":\"WebSite\",\"@id\":\"https:\\\/\\\/royalestate.bg\\\/cs\\\/#website\",\"url\":\"https:\\\/\\\/royalestate.bg\\\/cs\\\/\",\"name\":\"Real Estate Agency in Sunny Beach\",\"description\":\"Apartments and Houses For Sale\",\"publisher\":{\"@id\":\"https:\\\/\\\/royalestate.bg\\\/cs\\\/#organization\"},\"potentialAction\":[{\"@type\":\"SearchAction\",\"target\":{\"@type\":\"EntryPoint\",\"urlTemplate\":\"https:\\\/\\\/royalestate.bg\\\/cs\\\/?s={search_term_string}\"},\"query-input\":{\"@type\":\"PropertyValueSpecification\",\"valueRequired\":true,\"valueName\":\"search_term_string\"}}],\"inLanguage\":\"cs\"},{\"@type\":\"Organization\",\"@id\":\"https:\\\/\\\/royalestate.bg\\\/cs\\\/#organization\",\"name\":\"Real Estate Agency in Sunny Beach\",\"url\":\"https:\\\/\\\/royalestate.bg\\\/cs\\\/\",\"logo\":{\"@type\":\"ImageObject\",\"inLanguage\":\"cs\",\"@id\":\"https:\\\/\\\/royalestate.bg\\\/cs\\\/#\\\/schema\\\/logo\\\/image\\\/\",\"url\":\"https:\\\/\\\/royalestate.bg\\\/wp-content\\\/uploads\\\/properties\\\/logo\\\/logo_royal_estate_bg.png\",\"contentUrl\":\"https:\\\/\\\/royalestate.bg\\\/wp-content\\\/uploads\\\/properties\\\/logo\\\/logo_royal_estate_bg.png\",\"width\":177,\"height\":115,\"caption\":\"Real Estate Agency in Sunny Beach\"},\"image\":{\"@id\":\"https:\\\/\\\/royalestate.bg\\\/cs\\\/#\\\/schema\\\/logo\\\/image\\\/\"}}]}<\/script>\n<!-- \/ Yoast SEO plugin. -->","yoast_head_json":{"title":"Nesebar - Real Estate Agency in Sunny Beach","robots":{"index":"index","follow":"follow","max-snippet":"max-snippet:-1","max-image-preview":"max-image-preview:large","max-video-preview":"max-video-preview:-1"},"canonical":"https:\/\/royalestate.bg\/cs\/o-bulharsku\/nesebar\/","og_locale":"cs_CZ","og_type":"article","og_title":"Nesebar - Real Estate Agency in Sunny Beach","og_description":"INFORMACE M\u011aSTA Nesebar m\u00e1 10 000 obyvatel a nach\u00e1z\u00ed se 30 km severov\u00fdchodn\u011b od Burgasu na pob\u0159e\u017e\u00ed \u010cern\u00e9ho mo\u0159e. Jeho sou\u010d\u00e1st\u00ed je dal\u0161\u00ed velk\u00e9 bulharsk\u00e9 letovisko &#8211; Slune\u010dn\u00e9 pob\u0159e\u017e\u00ed a do obce pat\u0159\u00ed tak\u00e9 Ravda, Saint Vlas a Elenite. Klima v regionu Nesebar je m\u00edrn\u00e9 kontinent\u00e1ln\u00ed. Pr\u016fm\u011brn\u00e1 teplota v \u010dervenci je +23,1 stup\u0148\u016f a pr\u016fm\u011brn\u00e1...","og_url":"https:\/\/royalestate.bg\/cs\/o-bulharsku\/nesebar\/","og_site_name":"Real Estate Agency in Sunny Beach","article_modified_time":"2022-05-16T16:34:28+00:00","og_image":[{"width":1200,"height":800,"url":"https:\/\/royalestate.bg\/wp-content\/uploads\/properties\/bulgaria\/bulgaria_nessebar.jpg?v=1652712082","type":"image\/jpeg"}],"twitter_card":"summary_large_image","twitter_misc":{"Odhadovan\u00e1 doba \u010dten\u00ed":"3 minuty"},"schema":{"@context":"https:\/\/schema.org","@graph":[{"@type":"WebPage","@id":"https:\/\/royalestate.bg\/cs\/o-bulharsku\/nesebar\/","url":"https:\/\/royalestate.bg\/cs\/o-bulharsku\/nesebar\/","name":"Nesebar - Real Estate Agency in Sunny Beach","isPartOf":{"@id":"https:\/\/royalestate.bg\/cs\/#website"},"primaryImageOfPage":{"@id":"https:\/\/royalestate.bg\/cs\/o-bulharsku\/nesebar\/#primaryimage"},"image":{"@id":"https:\/\/royalestate.bg\/cs\/o-bulharsku\/nesebar\/#primaryimage"},"thumbnailUrl":"http:\/\/staging.royalestate.bg\/wp-content\/uploads\/properties\/bulgaria\/bulgaria_nessebar.jpg","datePublished":"2022-05-16T16:28:44+00:00","dateModified":"2022-05-16T16:34:28+00:00","breadcrumb":{"@id":"https:\/\/royalestate.bg\/cs\/o-bulharsku\/nesebar\/#breadcrumb"},"inLanguage":"cs","potentialAction":[{"@type":"ReadAction","target":["https:\/\/royalestate.bg\/cs\/o-bulharsku\/nesebar\/"]}]},{"@type":"ImageObject","inLanguage":"cs","@id":"https:\/\/royalestate.bg\/cs\/o-bulharsku\/nesebar\/#primaryimage","url":"http:\/\/staging.royalestate.bg\/wp-content\/uploads\/properties\/bulgaria\/bulgaria_nessebar.jpg","contentUrl":"http:\/\/staging.royalestate.bg\/wp-content\/uploads\/properties\/bulgaria\/bulgaria_nessebar.jpg"},{"@type":"BreadcrumbList","@id":"https:\/\/royalestate.bg\/cs\/o-bulharsku\/nesebar\/#breadcrumb","itemListElement":[{"@type":"ListItem","position":1,"name":"Home","item":"https:\/\/royalestate.bg\/cs\/"},{"@type":"ListItem","position":2,"name":"O Bulharsku","item":"https:\/\/royalestate.bg\/cs\/o-bulharsku\/"},{"@type":"ListItem","position":3,"name":"Nesebar"}]},{"@type":"WebSite","@id":"https:\/\/royalestate.bg\/cs\/#website","url":"https:\/\/royalestate.bg\/cs\/","name":"Real Estate Agency in Sunny Beach","description":"Apartments and Houses For Sale","publisher":{"@id":"https:\/\/royalestate.bg\/cs\/#organization"},"potentialAction":[{"@type":"SearchAction","target":{"@type":"EntryPoint","urlTemplate":"https:\/\/royalestate.bg\/cs\/?s={search_term_string}"},"query-input":{"@type":"PropertyValueSpecification","valueRequired":true,"valueName":"search_term_string"}}],"inLanguage":"cs"},{"@type":"Organization","@id":"https:\/\/royalestate.bg\/cs\/#organization","name":"Real Estate Agency in Sunny Beach","url":"https:\/\/royalestate.bg\/cs\/","logo":{"@type":"ImageObject","inLanguage":"cs","@id":"https:\/\/royalestate.bg\/cs\/#\/schema\/logo\/image\/","url":"https:\/\/royalestate.bg\/wp-content\/uploads\/properties\/logo\/logo_royal_estate_bg.png","contentUrl":"https:\/\/royalestate.bg\/wp-content\/uploads\/properties\/logo\/logo_royal_estate_bg.png","width":177,"height":115,"caption":"Real Estate Agency in Sunny Beach"},"image":{"@id":"https:\/\/royalestate.bg\/cs\/#\/schema\/logo\/image\/"}}]}},"_links":{"self":[{"href":"https:\/\/royalestate.bg\/cs\/wp-json\/wp\/v2\/pages\/134973","targetHints":{"allow":["GET"]}}],"collection":[{"href":"https:\/\/royalestate.bg\/cs\/wp-json\/wp\/v2\/pages"}],"about":[{"href":"https:\/\/royalestate.bg\/cs\/wp-json\/wp\/v2\/types\/page"}],"author":[{"embeddable":true,"href":"https:\/\/royalestate.bg\/cs\/wp-json\/wp\/v2\/users\/1"}],"replies":[{"embeddable":true,"href":"https:\/\/royalestate.bg\/cs\/wp-json\/wp\/v2\/comments?post=134973"}],"version-history":[{"count":0,"href":"https:\/\/royalestate.bg\/cs\/wp-json\/wp\/v2\/pages\/134973\/revisions"}],"up":[{"embeddable":true,"href":"https:\/\/royalestate.bg\/cs\/wp-json\/wp\/v2\/pages\/134951"}],"wp:attachment":[{"href":"https:\/\/royalestate.bg\/cs\/wp-json\/wp\/v2\/media?parent=134973"}],"curies":[{"name":"wp","href":"https:\/\/api.w.org\/{rel}","templated":true}]}}