{"id":134951,"date":"2022-05-16T17:32:39","date_gmt":"2022-05-16T14:32:39","guid":{"rendered":"http:\/\/staging.royalestate.bg\/o-bulharsku\/"},"modified":"2022-05-16T17:59:28","modified_gmt":"2022-05-16T14:59:28","slug":"o-bulharsku","status":"publish","type":"page","link":"https:\/\/royalestate.bg\/cs\/o-bulharsku\/","title":{"rendered":"O Bulharsku"},"content":{"rendered":"\n<figure class=\"wp-block-image size-full\"><img fetchpriority=\"high\" decoding=\"async\" width=\"1200\" height=\"800\" src=\"http:\/\/staging.royalestate.bg\/wp-content\/uploads\/properties\/bulgaria\/bulgaria_blue_mountains.jpg\" alt=\"\" class=\"wp-image-134909\" srcset=\"https:\/\/royalestate.bg\/wp-content\/uploads\/properties\/bulgaria\/bulgaria_blue_mountains.jpg?v=1652712078 1200w, https:\/\/royalestate.bg\/wp-content\/uploads\/properties\/bulgaria\/bulgaria_blue_mountains-150x100.jpg?v=1652712078 150w, https:\/\/royalestate.bg\/wp-content\/uploads\/properties\/bulgaria\/bulgaria_blue_mountains-488x326.jpg?v=1652712078 488w\" sizes=\"(max-width: 1200px) 100vw, 1200px\" \/><figcaption>Modr\u00e9 hory<\/figcaption><\/figure>\n\n<p><strong>Rozloha:<\/strong> 110 993,6 km 2 (102. na sv\u011bt\u011b), z toho 0,3 % vod.<\/p>\n\n<p><strong>\u010casov\u00e9 p\u00e1smo:<\/strong> UTC +2<\/p>\n\n<p><strong>Populace:<\/strong> 7 262 675 (88. m\u00edsto na sv\u011bt\u011b, 2008)<\/p>\n\n<p><strong>Hustota zalidn\u011bn\u00ed:<\/strong> 65,43 obyvatel. \/ km 2 (123. m\u00edsto na sv\u011bt\u011b) <\/p>\n\n<p><strong>Jazyk:<\/strong> bulhar\u0161tina<\/p>\n\n<p><strong>N\u00e1bo\u017eenstv\u00ed:<\/strong> bulhar\u0161t\u00ed ortodoxn\u00ed 85 %, muslimov\u00e9 13 %<\/p>\n\n<p><strong>Nejvy\u0161\u0161\u00ed bod:<\/strong> vrchol Musala (2 925 m nad mo\u0159em)<\/p>\n\n<p><strong>Zem\u011b:<\/strong> Republika<\/p>\n\n<p><strong>Hlavn\u00ed m\u011bsto:<\/strong> Sofie (1 402 417 obyvatel)<\/p>\n\n<figure class=\"wp-block-image size-full\"><img decoding=\"async\" width=\"1200\" height=\"800\" src=\"http:\/\/staging.royalestate.bg\/wp-content\/uploads\/properties\/bulgaria\/bulgaria_nessebar.jpg\" alt=\"\" class=\"wp-image-134916\" srcset=\"https:\/\/royalestate.bg\/wp-content\/uploads\/properties\/bulgaria\/bulgaria_nessebar.jpg?v=1652712082 1200w, https:\/\/royalestate.bg\/wp-content\/uploads\/properties\/bulgaria\/bulgaria_nessebar-150x100.jpg?v=1652712082 150w, https:\/\/royalestate.bg\/wp-content\/uploads\/properties\/bulgaria\/bulgaria_nessebar-488x326.jpg?v=1652712082 488w\" sizes=\"(max-width: 1200px) 100vw, 1200px\" \/><figcaption>Nesebar<\/figcaption><\/figure>\n\n<p><strong>Podneb\u00ed:<\/strong> M\u00edrn\u00e9 kontinent\u00e1ln\u00ed klima, pob\u0159e\u017e\u00ed \u010cern\u00e9ho mo\u0159e a \u0159eka Maritsa tvo\u0159\u00ed p\u0159echod ke st\u0159edomo\u0159sk\u00e9mu klimatu, pr\u016fm\u011brn\u00e9 teploty v lednu &#8211; 2 a\u017e + 2 \u00b0C, v \u010dervenci 21 a\u017e 24 \u00b0C, pr\u016fm\u011brn\u00e9 ro\u010dn\u00ed sr\u00e1\u017eky od 450 mm (Dobrudja ) na vrcholky hor 1250 mm).<\/p>\n\n<p><strong>Fl\u00f3ra:<\/strong> T\u0159etinu \u00fazem\u00ed pokr\u00fdvaj\u00ed lesy (borovice, borovice rumunsk\u00e1, smrk, jedle, jilm, dub, buk, habr, jilm, jasan, l\u00edpa, l\u00edska) P\u0159es 3000 druh\u016f st\u0159edoevropsk\u00fdch, st\u0159edomo\u0159sk\u00fdch a stepn\u00edch rostlin, buxus, cyp\u0159i\u0161 v \u010cern\u00e9m mo\u0159i, alpsk\u00e9 hory r\u016f\u017ee, prot\u011b\u017e. Savci: medv\u011bd, vlk, li\u0161ka, jezevec, ko\u010dka divok\u00e1, prase divok\u00e9, rys, \u0161akal, my\u0161 hlodavec, jelen, srnec, kamz\u00edk, netop\u00fdr. Pt\u00e1ci: nap\u0159. sova, sup, pelik\u00e1n, koroptev, ba\u017eant, \u010derven\u00e1 tr\u00e1va atd.  <\/p>\n\n<figure class=\"wp-block-image size-full\"><img decoding=\"async\" width=\"1152\" height=\"800\" src=\"http:\/\/staging.royalestate.bg\/wp-content\/uploads\/properties\/bulgaria\/bulgaria_sofia.jpg\" alt=\"\" class=\"wp-image-134923\" srcset=\"https:\/\/royalestate.bg\/wp-content\/uploads\/properties\/bulgaria\/bulgaria_sofia.jpg?v=1652712085 1152w, https:\/\/royalestate.bg\/wp-content\/uploads\/properties\/bulgaria\/bulgaria_sofia-150x104.jpg?v=1652712085 150w\" sizes=\"(max-width: 1152px) 100vw, 1152px\" \/><figcaption>Sofie<\/figcaption><\/figure>\n\n<h3 class=\"wp-block-heading\">St\u00e1tn\u00ed sv\u00e1tky a v\u00fdznamn\u00e9 dny<\/h3>\n\n<p>\n          <strong>Stabiln\u00ed st\u00e1tn\u00ed sv\u00e1tky:<\/strong>\n        <\/p>\n\n<p>01.01 &#8211; Nov\u00fd rok.<\/p>\n\n<p>03.03 &#8211; Osvobozen\u00ed z osmansk\u00e9 nadvl\u00e1dy (1878).<\/p>\n\n<p>01.05 &#8211; Sv\u00e1tek pr\u00e1ce.<\/p>\n\n<p>06.05 &#8211; Den svat\u00e9ho Ji\u0159\u00ed, Den odvahy a bulharsk\u00e9 arm\u00e1dy.<\/p>\n\n<p>24.05 &#8211; Sv. Cyril a Metod\u011bj, Den slovansk\u00e9 kultury a vzd\u011blanosti.<\/p>\n\n<p>06.09 &#8211; Den sjednocen\u00ed v\u00fdchodn\u00ed Rum\u00e9lie s Bulharsk\u00fdm kn\u00ed\u017eectv\u00edm (1885).<\/p>\n\n<p>22.09 &#8211; Den nez\u00e1vislosti (1908).<\/p>\n\n<p>01.11 &#8211; Den lidov\u00fdch buditel\u016f.<\/p>\n\n<p>25.12 &#8211; V\u00e1noce.<\/p>\n\n<p>\n          <strong>Mobiln\u00ed dovolen\u00e1 \u2013 Velikonoce:<\/strong>\n        <\/p>\n\n<p>23. dubna \u2013 Velk\u00fd p\u00e1tek,<\/p>\n\n<p>24. dubna \u2013 Velikonoce<\/p>\n\n<p>25. dubna \u2013 Velk\u00e9 pond\u011bl\u00ed<\/p>\n\n<p>\n          <em>* Informace z roku 2006<\/em>\n        <\/p>\n\n<figure class=\"wp-block-image size-full\"><img loading=\"lazy\" decoding=\"async\" width=\"1200\" height=\"474\" src=\"http:\/\/staging.royalestate.bg\/wp-content\/uploads\/properties\/bulgaria\/bulgaria_travel-1.jpg\" alt=\"\" class=\"wp-image-134939\" srcset=\"https:\/\/royalestate.bg\/wp-content\/uploads\/properties\/bulgaria\/bulgaria_travel-1.jpg 1200w, https:\/\/royalestate.bg\/wp-content\/uploads\/properties\/bulgaria\/bulgaria_travel-1-150x59.jpg 150w\" sizes=\"(max-width: 1200px) 100vw, 1200px\" \/><\/figure>\n\n<h3 class=\"wp-block-heading\">Je to d\u016fle\u017eit\u00e9 p\u0159i cest\u011b do Bulharska<\/h3>\n\n<p><strong>Visa<\/strong> &#8211; p\u0159ihla\u0161ovac\u00ed re\u017eim<\/p>\n\n<p>Bezv\u00edzov\u00e9 cestov\u00e1n\u00ed do 3 m\u011bs\u00edc\u016f a pouze pro neziskov\u00e9 cesty. Pokud chce cizinec pob\u00fdvat v Bulharsku za jin\u00fdm \u00fa\u010delem ne\u017e za turistikou (nap\u0159. pr\u00e1ce, studium, podnik\u00e1n\u00ed) nebo doba pobytu p\u0159es\u00e1hne 3 m\u011bs\u00edce, je nutn\u00e9 po\u017e\u00e1dat o v\u00edzum na bulharsk\u00e9m velvyslanectv\u00ed. Od 1. ledna 2006 mus\u00ed cizinec na hrani\u010dn\u00edm p\u0159echodu p\u0159i vstupu do BR ohl\u00e1sit c\u00edlovou destinaci a adresu pobytu a vyplnit zde registra\u010dn\u00ed kartu. Toto opat\u0159en\u00ed se net\u00fdk\u00e1 cizinc\u016f, kte\u0159\u00ed \u00fazem\u00edm Bulharska pouze proj\u00ed\u017ed\u011bj\u00ed a zemi opust\u00ed do 24 hodin. Od 13. ledna 2006 ob\u010dan\u00e9 EU a EHP nevypl\u0148uj\u00ed registra\u010dn\u00ed karty na hrani\u010dn\u00edch p\u0159echodech p\u0159i vstupu na \u00fazem\u00ed Bulharsk\u00e9 republiky. I nad\u00e1le plat\u00ed povinnost p\u0159ihl\u00e1sit v\u0161echny cizince dle ustanoven\u00ed cizineck\u00e9ho z\u00e1kona v Bulharsk\u00e9 republice (registrace m\u00edsta pobytu do 5 dn\u016f, za kter\u00e9 odpov\u00edd\u00e1 ubytovatel). Na hrani\u010dn\u00ed kontrole obdr\u017e\u00ed cizinec raz\u00edtko do cestovn\u00edho dokladu. Podle z\u00e1kona o cizinc\u00edch v Bulharsk\u00e9 republice se trest\u00e1 vysokou pokutou nebo je pobyt v Bulharsk\u00e9 republice na ur\u010ditou dobu zak\u00e1z\u00e1n pro cizince, kter\u00fd z\u016fstal v zemi po uplynut\u00ed povolen\u00e9 doby pobytu.       <\/p>\n\n<h3 class=\"wp-block-heading\">Dokumenty<\/h3>\n\n<p>Cestujte do Bulharska s platn\u00fdm cestovn\u00edm pasem nebo ob\u010dansk\u00fdm pr\u016fkazem. \u0158idi\u010di motorov\u00fdch vozidel mus\u00ed m\u00edt \u0159idi\u010dsk\u00fd pr\u016fkaz, technick\u00fd pr\u016fkaz, tzv. zelenou kartu. V p\u0159\u00edpad\u011b p\u016fj\u010den\u00e9ho nebo slu\u017eebn\u00edho vozu mus\u00ed m\u00edt \u0159idi\u010d ov\u011b\u0159enou plnou moc od majitele vozidla (s p\u0159ekladem do bulhar\u0161tiny nebo sv\u011btov\u00e9ho jazyka, nejl\u00e9pe angli\u010dtiny). Pokud \u0159idi\u010d nep\u0159edlo\u017e\u00ed plnou moc, nesm\u00ed b\u00fdt vozidlo vpu\u0161t\u011bno na \u00fazem\u00ed Bulharsk\u00e9 republiky.   <\/p>\n","protected":false},"excerpt":{"rendered":"<p>Rozloha: 110 993,6 km 2 (102. na sv\u011bt\u011b), z toho 0,3 % vod. \u010casov\u00e9 p\u00e1smo: UTC +2 Populace: 7 262 675 (88. m\u00edsto na sv\u011bt\u011b, 2008) Hustota zalidn\u011bn\u00ed: 65,43 obyvatel. \/ km 2 (123. m\u00edsto na sv\u011bt\u011b) Jazyk: bulhar\u0161tina N\u00e1bo\u017eenstv\u00ed: bulhar\u0161t\u00ed ortodoxn\u00ed 85 %, muslimov\u00e9 13 % Nejvy\u0161\u0161\u00ed bod: vrchol Musala (2 925 m nad&#8230;<\/p>\n","protected":false},"author":1,"featured_media":200251,"parent":0,"menu_order":38,"comment_status":"closed","ping_status":"closed","template":"","meta":{"_acf_changed":false,"footnotes":""},"class_list":["post-134951","page","type-page","status-publish","has-post-thumbnail","hentry"],"acf":[],"yoast_head":"<!-- This site is optimized with the Yoast SEO plugin v27.4 - https:\/\/yoast.com\/product\/yoast-seo-wordpress\/ -->\n<title>O Bulharsku - Real Estate Agency in Sunny Beach<\/title>\n<meta name=\"robots\" content=\"index, follow, max-snippet:-1, max-image-preview:large, max-video-preview:-1\" \/>\n<link rel=\"canonical\" href=\"https:\/\/royalestate.bg\/cs\/o-bulharsku\/\" \/>\n<meta property=\"og:locale\" content=\"cs_CZ\" \/>\n<meta property=\"og:type\" content=\"article\" \/>\n<meta property=\"og:title\" content=\"O Bulharsku - Real Estate Agency in Sunny Beach\" \/>\n<meta property=\"og:description\" content=\"Rozloha: 110 993,6 km 2 (102. na sv\u011bt\u011b), z toho 0,3 % vod. \u010casov\u00e9 p\u00e1smo: UTC +2 Populace: 7 262 675 (88. m\u00edsto na sv\u011bt\u011b, 2008) Hustota zalidn\u011bn\u00ed: 65,43 obyvatel. \/ km 2 (123. m\u00edsto na sv\u011bt\u011b) Jazyk: bulhar\u0161tina N\u00e1bo\u017eenstv\u00ed: bulhar\u0161t\u00ed ortodoxn\u00ed 85 %, muslimov\u00e9 13 % Nejvy\u0161\u0161\u00ed bod: vrchol Musala (2 925 m nad...\" \/>\n<meta property=\"og:url\" content=\"https:\/\/royalestate.bg\/cs\/o-bulharsku\/\" \/>\n<meta property=\"og:site_name\" content=\"Real Estate Agency in Sunny Beach\" \/>\n<meta property=\"article:modified_time\" content=\"2022-05-16T14:59:28+00:00\" \/>\n<meta property=\"og:image\" content=\"https:\/\/royalestate.bg\/wp-content\/uploads\/properties\/bulgaria\/bulgaria_blue_mountains.jpg?v=1652712078\" \/>\n\t<meta property=\"og:image:width\" content=\"1200\" \/>\n\t<meta property=\"og:image:height\" content=\"800\" \/>\n\t<meta property=\"og:image:type\" content=\"image\/jpeg\" \/>\n<meta name=\"twitter:card\" content=\"summary_large_image\" \/>\n<meta name=\"twitter:label1\" content=\"Odhadovan\u00e1 doba \u010dten\u00ed\" \/>\n\t<meta name=\"twitter:data1\" content=\"3 minuty\" \/>\n<script type=\"application\/ld+json\" class=\"yoast-schema-graph\">{\"@context\":\"https:\\\/\\\/schema.org\",\"@graph\":[{\"@type\":\"WebPage\",\"@id\":\"https:\\\/\\\/royalestate.bg\\\/cs\\\/o-bulharsku\\\/\",\"url\":\"https:\\\/\\\/royalestate.bg\\\/cs\\\/o-bulharsku\\\/\",\"name\":\"O Bulharsku - Real Estate Agency in Sunny Beach\",\"isPartOf\":{\"@id\":\"https:\\\/\\\/royalestate.bg\\\/cs\\\/#website\"},\"primaryImageOfPage\":{\"@id\":\"https:\\\/\\\/royalestate.bg\\\/cs\\\/o-bulharsku\\\/#primaryimage\"},\"image\":{\"@id\":\"https:\\\/\\\/royalestate.bg\\\/cs\\\/o-bulharsku\\\/#primaryimage\"},\"thumbnailUrl\":\"https:\\\/\\\/royalestate.bg\\\/wp-content\\\/uploads\\\/properties\\\/\\\/sell-property-in-bulgaria-fast-easy-with-royal-estate-bulgaria.png\",\"datePublished\":\"2022-05-16T14:32:39+00:00\",\"dateModified\":\"2022-05-16T14:59:28+00:00\",\"breadcrumb\":{\"@id\":\"https:\\\/\\\/royalestate.bg\\\/cs\\\/o-bulharsku\\\/#breadcrumb\"},\"inLanguage\":\"cs\",\"potentialAction\":[{\"@type\":\"ReadAction\",\"target\":[\"https:\\\/\\\/royalestate.bg\\\/cs\\\/o-bulharsku\\\/\"]}]},{\"@type\":\"ImageObject\",\"inLanguage\":\"cs\",\"@id\":\"https:\\\/\\\/royalestate.bg\\\/cs\\\/o-bulharsku\\\/#primaryimage\",\"url\":\"https:\\\/\\\/royalestate.bg\\\/wp-content\\\/uploads\\\/properties\\\/\\\/sell-property-in-bulgaria-fast-easy-with-royal-estate-bulgaria.png\",\"contentUrl\":\"https:\\\/\\\/royalestate.bg\\\/wp-content\\\/uploads\\\/properties\\\/\\\/sell-property-in-bulgaria-fast-easy-with-royal-estate-bulgaria.png\",\"width\":1536,\"height\":1024},{\"@type\":\"BreadcrumbList\",\"@id\":\"https:\\\/\\\/royalestate.bg\\\/cs\\\/o-bulharsku\\\/#breadcrumb\",\"itemListElement\":[{\"@type\":\"ListItem\",\"position\":1,\"name\":\"Home\",\"item\":\"https:\\\/\\\/royalestate.bg\\\/cs\\\/\"},{\"@type\":\"ListItem\",\"position\":2,\"name\":\"O Bulharsku\"}]},{\"@type\":\"WebSite\",\"@id\":\"https:\\\/\\\/royalestate.bg\\\/cs\\\/#website\",\"url\":\"https:\\\/\\\/royalestate.bg\\\/cs\\\/\",\"name\":\"Real Estate Agency in Sunny Beach\",\"description\":\"Apartments and Houses For Sale\",\"publisher\":{\"@id\":\"https:\\\/\\\/royalestate.bg\\\/cs\\\/#organization\"},\"potentialAction\":[{\"@type\":\"SearchAction\",\"target\":{\"@type\":\"EntryPoint\",\"urlTemplate\":\"https:\\\/\\\/royalestate.bg\\\/cs\\\/?s={search_term_string}\"},\"query-input\":{\"@type\":\"PropertyValueSpecification\",\"valueRequired\":true,\"valueName\":\"search_term_string\"}}],\"inLanguage\":\"cs\"},{\"@type\":\"Organization\",\"@id\":\"https:\\\/\\\/royalestate.bg\\\/cs\\\/#organization\",\"name\":\"Real Estate Agency in Sunny Beach\",\"url\":\"https:\\\/\\\/royalestate.bg\\\/cs\\\/\",\"logo\":{\"@type\":\"ImageObject\",\"inLanguage\":\"cs\",\"@id\":\"https:\\\/\\\/royalestate.bg\\\/cs\\\/#\\\/schema\\\/logo\\\/image\\\/\",\"url\":\"https:\\\/\\\/royalestate.bg\\\/wp-content\\\/uploads\\\/properties\\\/logo\\\/logo_royal_estate_bg.png\",\"contentUrl\":\"https:\\\/\\\/royalestate.bg\\\/wp-content\\\/uploads\\\/properties\\\/logo\\\/logo_royal_estate_bg.png\",\"width\":177,\"height\":115,\"caption\":\"Real Estate Agency in Sunny Beach\"},\"image\":{\"@id\":\"https:\\\/\\\/royalestate.bg\\\/cs\\\/#\\\/schema\\\/logo\\\/image\\\/\"}}]}<\/script>\n<!-- \/ Yoast SEO plugin. -->","yoast_head_json":{"title":"O Bulharsku - Real Estate Agency in Sunny Beach","robots":{"index":"index","follow":"follow","max-snippet":"max-snippet:-1","max-image-preview":"max-image-preview:large","max-video-preview":"max-video-preview:-1"},"canonical":"https:\/\/royalestate.bg\/cs\/o-bulharsku\/","og_locale":"cs_CZ","og_type":"article","og_title":"O Bulharsku - Real Estate Agency in Sunny Beach","og_description":"Rozloha: 110 993,6 km 2 (102. na sv\u011bt\u011b), z toho 0,3 % vod. \u010casov\u00e9 p\u00e1smo: UTC +2 Populace: 7 262 675 (88. m\u00edsto na sv\u011bt\u011b, 2008) Hustota zalidn\u011bn\u00ed: 65,43 obyvatel. \/ km 2 (123. m\u00edsto na sv\u011bt\u011b) Jazyk: bulhar\u0161tina N\u00e1bo\u017eenstv\u00ed: bulhar\u0161t\u00ed ortodoxn\u00ed 85 %, muslimov\u00e9 13 % Nejvy\u0161\u0161\u00ed bod: vrchol Musala (2 925 m nad...","og_url":"https:\/\/royalestate.bg\/cs\/o-bulharsku\/","og_site_name":"Real Estate Agency in Sunny Beach","article_modified_time":"2022-05-16T14:59:28+00:00","og_image":[{"width":1200,"height":800,"url":"https:\/\/royalestate.bg\/wp-content\/uploads\/properties\/bulgaria\/bulgaria_blue_mountains.jpg?v=1652712078","type":"image\/jpeg"}],"twitter_card":"summary_large_image","twitter_misc":{"Odhadovan\u00e1 doba \u010dten\u00ed":"3 minuty"},"schema":{"@context":"https:\/\/schema.org","@graph":[{"@type":"WebPage","@id":"https:\/\/royalestate.bg\/cs\/o-bulharsku\/","url":"https:\/\/royalestate.bg\/cs\/o-bulharsku\/","name":"O Bulharsku - Real Estate Agency in Sunny Beach","isPartOf":{"@id":"https:\/\/royalestate.bg\/cs\/#website"},"primaryImageOfPage":{"@id":"https:\/\/royalestate.bg\/cs\/o-bulharsku\/#primaryimage"},"image":{"@id":"https:\/\/royalestate.bg\/cs\/o-bulharsku\/#primaryimage"},"thumbnailUrl":"https:\/\/royalestate.bg\/wp-content\/uploads\/properties\/\/sell-property-in-bulgaria-fast-easy-with-royal-estate-bulgaria.png","datePublished":"2022-05-16T14:32:39+00:00","dateModified":"2022-05-16T14:59:28+00:00","breadcrumb":{"@id":"https:\/\/royalestate.bg\/cs\/o-bulharsku\/#breadcrumb"},"inLanguage":"cs","potentialAction":[{"@type":"ReadAction","target":["https:\/\/royalestate.bg\/cs\/o-bulharsku\/"]}]},{"@type":"ImageObject","inLanguage":"cs","@id":"https:\/\/royalestate.bg\/cs\/o-bulharsku\/#primaryimage","url":"https:\/\/royalestate.bg\/wp-content\/uploads\/properties\/\/sell-property-in-bulgaria-fast-easy-with-royal-estate-bulgaria.png","contentUrl":"https:\/\/royalestate.bg\/wp-content\/uploads\/properties\/\/sell-property-in-bulgaria-fast-easy-with-royal-estate-bulgaria.png","width":1536,"height":1024},{"@type":"BreadcrumbList","@id":"https:\/\/royalestate.bg\/cs\/o-bulharsku\/#breadcrumb","itemListElement":[{"@type":"ListItem","position":1,"name":"Home","item":"https:\/\/royalestate.bg\/cs\/"},{"@type":"ListItem","position":2,"name":"O Bulharsku"}]},{"@type":"WebSite","@id":"https:\/\/royalestate.bg\/cs\/#website","url":"https:\/\/royalestate.bg\/cs\/","name":"Real Estate Agency in Sunny Beach","description":"Apartments and Houses For Sale","publisher":{"@id":"https:\/\/royalestate.bg\/cs\/#organization"},"potentialAction":[{"@type":"SearchAction","target":{"@type":"EntryPoint","urlTemplate":"https:\/\/royalestate.bg\/cs\/?s={search_term_string}"},"query-input":{"@type":"PropertyValueSpecification","valueRequired":true,"valueName":"search_term_string"}}],"inLanguage":"cs"},{"@type":"Organization","@id":"https:\/\/royalestate.bg\/cs\/#organization","name":"Real Estate Agency in Sunny Beach","url":"https:\/\/royalestate.bg\/cs\/","logo":{"@type":"ImageObject","inLanguage":"cs","@id":"https:\/\/royalestate.bg\/cs\/#\/schema\/logo\/image\/","url":"https:\/\/royalestate.bg\/wp-content\/uploads\/properties\/logo\/logo_royal_estate_bg.png","contentUrl":"https:\/\/royalestate.bg\/wp-content\/uploads\/properties\/logo\/logo_royal_estate_bg.png","width":177,"height":115,"caption":"Real Estate Agency in Sunny Beach"},"image":{"@id":"https:\/\/royalestate.bg\/cs\/#\/schema\/logo\/image\/"}}]}},"_links":{"self":[{"href":"https:\/\/royalestate.bg\/cs\/wp-json\/wp\/v2\/pages\/134951","targetHints":{"allow":["GET"]}}],"collection":[{"href":"https:\/\/royalestate.bg\/cs\/wp-json\/wp\/v2\/pages"}],"about":[{"href":"https:\/\/royalestate.bg\/cs\/wp-json\/wp\/v2\/types\/page"}],"author":[{"embeddable":true,"href":"https:\/\/royalestate.bg\/cs\/wp-json\/wp\/v2\/users\/1"}],"replies":[{"embeddable":true,"href":"https:\/\/royalestate.bg\/cs\/wp-json\/wp\/v2\/comments?post=134951"}],"version-history":[{"count":0,"href":"https:\/\/royalestate.bg\/cs\/wp-json\/wp\/v2\/pages\/134951\/revisions"}],"wp:featuredmedia":[{"embeddable":true,"href":"https:\/\/royalestate.bg\/cs\/wp-json\/wp\/v2\/media\/200251"}],"wp:attachment":[{"href":"https:\/\/royalestate.bg\/cs\/wp-json\/wp\/v2\/media?parent=134951"}],"curies":[{"name":"wp","href":"https:\/\/api.w.org\/{rel}","templated":true}]}}